{"id":160,"date":"2019-11-22T17:05:36","date_gmt":"2019-11-22T16:05:36","guid":{"rendered":"https:\/\/bazus.com\/?page_id=160"},"modified":"2020-11-18T00:08:45","modified_gmt":"2020-11-17T23:08:45","slug":"kinematik-cnc","status":"publish","type":"page","link":"https:\/\/bazus.com\/es\/mesas-de-coordenadas-cnc\/kinematik-cnc\/","title":{"rendered":"Kinematik (CNC)"},"content":{"rendered":"<p>Kinematik CNC\u201a es un sistema autom\u00e1tico de posicionamiento. Una herramienta sencilla y al mismo tiempo, una potente soluci\u00f3n al ofrecer la posibilidad de realizar un gran n\u00famero de tareas mediante programaci\u00f3n ISO.<\/p>\n<p>Kinematik CNC se controla mediante un panel t\u00e1ctil llamado \u201cQuick Panel\u201d, para selecci\u00f3n modo de trabajo, botonera marcha\/paro ciclo, seta emergencia, donde el usuario tiene la informaci\u00f3n que necesita para operar con el sistema en cualquier de sus modos de trabajo (Manual\/Autom\u00e1tico\/Comunicaci\u00f3n con PC).<\/p>\n","protected":false},"excerpt":{"rendered":"<p>Kinematik CNC\u201a es un sistema autom\u00e1tico de posicionamiento. Una herramienta sencilla y al mismo tiempo, una potente soluci\u00f3n al ofrecer la posibilidad de realizar un gran n\u00famero de tareas mediante programaci\u00f3n ISO. Kinematik CNC se controla mediante un panel t\u00e1ctil llamado \u201cQuick Panel\u201d, para selecci\u00f3n modo de trabajo, botonera marcha\/paro ciclo, seta emergencia, donde el [&hellip;]<\/p>\n","protected":false},"author":1,"featured_media":1339,"parent":159,"menu_order":18,"comment_status":"closed","ping_status":"closed","template":"producto-kinematik.php","meta":{"footnotes":""},"class_list":["post-160","page","type-page","status-publish","has-post-thumbnail","hentry"],"yoast_head":"<!-- This site is optimized with the Yoast SEO plugin v27.5 - https:\/\/yoast.com\/product\/yoast-seo-wordpress\/ -->\n<title>Kinematik (CNC) - Sistema autom\u00e1tico de posicionamiento.- Bazus<\/title>\n<meta name=\"description\" content=\"Kinematik CNC\u201a sistema autom\u00e1tico de posicionamiento. Potente soluci\u00f3n con posibilidad de realizar un gran n\u00famero de tareas mediante programaci\u00f3n ISO.\" \/>\n<meta name=\"robots\" content=\"index, follow, max-snippet:-1, max-image-preview:large, max-video-preview:-1\" \/>\n<link rel=\"canonical\" href=\"https:\/\/bazus.com\/cnc-coordinate-tables\/kinematik-cnc\/\" \/>\n<meta property=\"og:locale\" content=\"es_ES\" \/>\n<meta property=\"og:type\" content=\"article\" \/>\n<meta property=\"og:title\" content=\"Kinematik (CNC) - Sistema autom\u00e1tico de posicionamiento.- Bazus\" \/>\n<meta property=\"og:description\" content=\"Kinematik CNC\u201a sistema autom\u00e1tico de posicionamiento. Potente soluci\u00f3n con posibilidad de realizar un gran n\u00famero de tareas mediante programaci\u00f3n ISO.\" \/>\n<meta property=\"og:url\" content=\"https:\/\/bazus.com\/cnc-coordinate-tables\/kinematik-cnc\/\" \/>\n<meta property=\"og:site_name\" content=\"Bazus\" \/>\n<meta property=\"article:modified_time\" content=\"2020-11-17T23:08:45+00:00\" \/>\n<meta property=\"og:image\" content=\"https:\/\/bazus.com\/wp-content\/uploads\/2020\/08\/Kinematik_A.jpg\" \/>\n\t<meta property=\"og:image:width\" content=\"1920\" \/>\n\t<meta property=\"og:image:height\" content=\"1080\" \/>\n\t<meta property=\"og:image:type\" content=\"image\/jpeg\" \/>\n<meta name=\"twitter:card\" content=\"summary_large_image\" \/>\n<script type=\"application\/ld+json\" class=\"yoast-schema-graph\">{\"@context\":\"https:\\\/\\\/schema.org\",\"@graph\":[{\"@type\":\"WebPage\",\"@id\":\"https:\\\/\\\/bazus.com\\\/cnc-coordinate-tables\\\/kinematik-cnc\\\/\",\"url\":\"https:\\\/\\\/bazus.com\\\/cnc-coordinate-tables\\\/kinematik-cnc\\\/\",\"name\":\"Kinematik (CNC) - Sistema autom\u00e1tico de posicionamiento.- Bazus\",\"isPartOf\":{\"@id\":\"https:\\\/\\\/bazus.com\\\/#website\"},\"primaryImageOfPage\":{\"@id\":\"https:\\\/\\\/bazus.com\\\/cnc-coordinate-tables\\\/kinematik-cnc\\\/#primaryimage\"},\"image\":{\"@id\":\"https:\\\/\\\/bazus.com\\\/cnc-coordinate-tables\\\/kinematik-cnc\\\/#primaryimage\"},\"thumbnailUrl\":\"https:\\\/\\\/bazus.com\\\/wp-content\\\/uploads\\\/2020\\\/08\\\/Kinematik_A.jpg\",\"datePublished\":\"2019-11-22T16:05:36+00:00\",\"dateModified\":\"2020-11-17T23:08:45+00:00\",\"description\":\"Kinematik CNC\u201a sistema autom\u00e1tico de posicionamiento. Potente soluci\u00f3n con posibilidad de realizar un gran n\u00famero de tareas mediante programaci\u00f3n ISO.\",\"breadcrumb\":{\"@id\":\"https:\\\/\\\/bazus.com\\\/cnc-coordinate-tables\\\/kinematik-cnc\\\/#breadcrumb\"},\"inLanguage\":\"es\",\"potentialAction\":[{\"@type\":\"ReadAction\",\"target\":[\"https:\\\/\\\/bazus.com\\\/cnc-coordinate-tables\\\/kinematik-cnc\\\/\"]}]},{\"@type\":\"ImageObject\",\"inLanguage\":\"es\",\"@id\":\"https:\\\/\\\/bazus.com\\\/cnc-coordinate-tables\\\/kinematik-cnc\\\/#primaryimage\",\"url\":\"https:\\\/\\\/bazus.com\\\/wp-content\\\/uploads\\\/2020\\\/08\\\/Kinematik_A.jpg\",\"contentUrl\":\"https:\\\/\\\/bazus.com\\\/wp-content\\\/uploads\\\/2020\\\/08\\\/Kinematik_A.jpg\",\"width\":1920,\"height\":1080},{\"@type\":\"BreadcrumbList\",\"@id\":\"https:\\\/\\\/bazus.com\\\/cnc-coordinate-tables\\\/kinematik-cnc\\\/#breadcrumb\",\"itemListElement\":[{\"@type\":\"ListItem\",\"position\":1,\"name\":\"Inicio\",\"item\":\"https:\\\/\\\/bazus.com\\\/es\\\/\"},{\"@type\":\"ListItem\",\"position\":2,\"name\":\"Mesas de Coordenadas CNC\",\"item\":\"https:\\\/\\\/bazus.com\\\/cnc-coordinate-tables\\\/\"},{\"@type\":\"ListItem\",\"position\":3,\"name\":\"Kinematik (CNC)\"}]},{\"@type\":\"WebSite\",\"@id\":\"https:\\\/\\\/bazus.com\\\/#website\",\"url\":\"https:\\\/\\\/bazus.com\\\/\",\"name\":\"Bazus\",\"description\":\"Mesas de coordenadas confiables\",\"potentialAction\":[{\"@type\":\"SearchAction\",\"target\":{\"@type\":\"EntryPoint\",\"urlTemplate\":\"https:\\\/\\\/bazus.com\\\/?s={search_term_string}\"},\"query-input\":{\"@type\":\"PropertyValueSpecification\",\"valueRequired\":true,\"valueName\":\"search_term_string\"}}],\"inLanguage\":\"es\"}]}<\/script>\n<!-- \/ Yoast SEO plugin. -->","yoast_head_json":{"title":"Kinematik (CNC) - Sistema autom\u00e1tico de posicionamiento.- Bazus","description":"Kinematik CNC\u201a sistema autom\u00e1tico de posicionamiento. Potente soluci\u00f3n con posibilidad de realizar un gran n\u00famero de tareas mediante programaci\u00f3n ISO.","robots":{"index":"index","follow":"follow","max-snippet":"max-snippet:-1","max-image-preview":"max-image-preview:large","max-video-preview":"max-video-preview:-1"},"canonical":"https:\/\/bazus.com\/cnc-coordinate-tables\/kinematik-cnc\/","og_locale":"es_ES","og_type":"article","og_title":"Kinematik (CNC) - Sistema autom\u00e1tico de posicionamiento.- Bazus","og_description":"Kinematik CNC\u201a sistema autom\u00e1tico de posicionamiento. Potente soluci\u00f3n con posibilidad de realizar un gran n\u00famero de tareas mediante programaci\u00f3n ISO.","og_url":"https:\/\/bazus.com\/cnc-coordinate-tables\/kinematik-cnc\/","og_site_name":"Bazus","article_modified_time":"2020-11-17T23:08:45+00:00","og_image":[{"width":1920,"height":1080,"url":"https:\/\/bazus.com\/wp-content\/uploads\/2020\/08\/Kinematik_A.jpg","type":"image\/jpeg"}],"twitter_card":"summary_large_image","schema":{"@context":"https:\/\/schema.org","@graph":[{"@type":"WebPage","@id":"https:\/\/bazus.com\/cnc-coordinate-tables\/kinematik-cnc\/","url":"https:\/\/bazus.com\/cnc-coordinate-tables\/kinematik-cnc\/","name":"Kinematik (CNC) - Sistema autom\u00e1tico de posicionamiento.- Bazus","isPartOf":{"@id":"https:\/\/bazus.com\/#website"},"primaryImageOfPage":{"@id":"https:\/\/bazus.com\/cnc-coordinate-tables\/kinematik-cnc\/#primaryimage"},"image":{"@id":"https:\/\/bazus.com\/cnc-coordinate-tables\/kinematik-cnc\/#primaryimage"},"thumbnailUrl":"https:\/\/bazus.com\/wp-content\/uploads\/2020\/08\/Kinematik_A.jpg","datePublished":"2019-11-22T16:05:36+00:00","dateModified":"2020-11-17T23:08:45+00:00","description":"Kinematik CNC\u201a sistema autom\u00e1tico de posicionamiento. Potente soluci\u00f3n con posibilidad de realizar un gran n\u00famero de tareas mediante programaci\u00f3n ISO.","breadcrumb":{"@id":"https:\/\/bazus.com\/cnc-coordinate-tables\/kinematik-cnc\/#breadcrumb"},"inLanguage":"es","potentialAction":[{"@type":"ReadAction","target":["https:\/\/bazus.com\/cnc-coordinate-tables\/kinematik-cnc\/"]}]},{"@type":"ImageObject","inLanguage":"es","@id":"https:\/\/bazus.com\/cnc-coordinate-tables\/kinematik-cnc\/#primaryimage","url":"https:\/\/bazus.com\/wp-content\/uploads\/2020\/08\/Kinematik_A.jpg","contentUrl":"https:\/\/bazus.com\/wp-content\/uploads\/2020\/08\/Kinematik_A.jpg","width":1920,"height":1080},{"@type":"BreadcrumbList","@id":"https:\/\/bazus.com\/cnc-coordinate-tables\/kinematik-cnc\/#breadcrumb","itemListElement":[{"@type":"ListItem","position":1,"name":"Inicio","item":"https:\/\/bazus.com\/es\/"},{"@type":"ListItem","position":2,"name":"Mesas de Coordenadas CNC","item":"https:\/\/bazus.com\/cnc-coordinate-tables\/"},{"@type":"ListItem","position":3,"name":"Kinematik (CNC)"}]},{"@type":"WebSite","@id":"https:\/\/bazus.com\/#website","url":"https:\/\/bazus.com\/","name":"Bazus","description":"Mesas de coordenadas confiables","potentialAction":[{"@type":"SearchAction","target":{"@type":"EntryPoint","urlTemplate":"https:\/\/bazus.com\/?s={search_term_string}"},"query-input":{"@type":"PropertyValueSpecification","valueRequired":true,"valueName":"search_term_string"}}],"inLanguage":"es"}]}},"acf":[],"_links":{"self":[{"href":"https:\/\/bazus.com\/es\/wp-json\/wp\/v2\/pages\/160","targetHints":{"allow":["GET"]}}],"collection":[{"href":"https:\/\/bazus.com\/es\/wp-json\/wp\/v2\/pages"}],"about":[{"href":"https:\/\/bazus.com\/es\/wp-json\/wp\/v2\/types\/page"}],"author":[{"embeddable":true,"href":"https:\/\/bazus.com\/es\/wp-json\/wp\/v2\/users\/1"}],"replies":[{"embeddable":true,"href":"https:\/\/bazus.com\/es\/wp-json\/wp\/v2\/comments?post=160"}],"version-history":[{"count":12,"href":"https:\/\/bazus.com\/es\/wp-json\/wp\/v2\/pages\/160\/revisions"}],"predecessor-version":[{"id":2655,"href":"https:\/\/bazus.com\/es\/wp-json\/wp\/v2\/pages\/160\/revisions\/2655"}],"up":[{"embeddable":true,"href":"https:\/\/bazus.com\/es\/wp-json\/wp\/v2\/pages\/159"}],"wp:featuredmedia":[{"embeddable":true,"href":"https:\/\/bazus.com\/es\/wp-json\/wp\/v2\/media\/1339"}],"wp:attachment":[{"href":"https:\/\/bazus.com\/es\/wp-json\/wp\/v2\/media?parent=160"}],"curies":[{"name":"wp","href":"https:\/\/api.w.org\/{rel}","templated":true}]}}