{"id":158,"date":"2019-11-22T17:05:36","date_gmt":"2019-11-22T16:05:36","guid":{"rendered":"https:\/\/bazus.com\/?page_id=158"},"modified":"2021-04-30T09:49:43","modified_gmt":"2021-04-30T07:49:43","slug":"mg-mini-mesa-xy-mini-laboratorios-metrologia-con-base-giratoria","status":"publish","type":"page","link":"https:\/\/bazus.com\/es\/mesas-coordenadas-mini\/mg-mini-mesa-xy-mini-laboratorios-metrologia-con-base-giratoria\/","title":{"rendered":"MG MINI Mesa XY mini (laboratorios &#038; metrolog\u00eda) con base giratoria"},"content":{"rendered":"<p>Mesa de coordenadas multifuncional de dos ejes XY con base giratoria (G) para uso profesional en micromec\u00e1nica o peque\u00f1a mec\u00e1nica de precisi\u00f3n.<\/p>\n<p>Una mesa de coordenadas dise\u00f1ada e id\u00f3nea para trabajos de precisi\u00f3n por el control exacto de la posici\u00f3n XY y posicionamiento angular. Especial para m\u00e1quinas de tampograf\u00eda, maquinas especiales, metrolog\u00eda, dur\u00f3metros, posicionamiento de sensores y otras aplicaciones mec\u00e1nicas donde sea necesario un control de la posici\u00f3n XY y del \u00e1ngulo G.<\/p>\n<p>Destacar que la base inferior permite realizar un posicionado angular de 360\u00ba mediante la rotaci\u00f3n manual de la mesa XY sobre un eje central. Asimismo, incluye grabado de un sector graduado de 180\u00ba para poder medir la cota de posicionamiento angular.<\/p>\n<p>Todos los elementos de la serie MG MINI de mesas de coordenadas manuales, est\u00e1n fabricados en aleaci\u00f3n de hierro (fundici\u00f3n gris estabilizada GG25 de alta calidad), lo que le confiere una extraordinaria rigidez mec\u00e1nica.<\/p>\n","protected":false},"excerpt":{"rendered":"<p>Mesa de coordenadas multifuncional de dos ejes XY con base giratoria (G) para uso profesional en micromec\u00e1nica o peque\u00f1a mec\u00e1nica de precisi\u00f3n. Una mesa de coordenadas dise\u00f1ada e id\u00f3nea para trabajos de precisi\u00f3n por el control exacto de la posici\u00f3n XY y posicionamiento angular. Especial para m\u00e1quinas de tampograf\u00eda, maquinas especiales, metrolog\u00eda, dur\u00f3metros, posicionamiento de [&hellip;]<\/p>\n","protected":false},"author":1,"featured_media":1585,"parent":154,"menu_order":16,"comment_status":"closed","ping_status":"closed","template":"producto.php","meta":[],"yoast_head":"<!-- This site is optimized with the Yoast SEO plugin v14.6.1 - https:\/\/yoast.com\/wordpress\/plugins\/seo\/ -->\n<title>MG MINI Mesa XY mini (laboratorios &amp; metrolog\u00eda) con base giratoria<\/title>\n<meta name=\"description\" content=\"Mesa de coordenadas multifuncional de dos ejes XY con base giratoria (G) para uso profesional en micromec\u00e1nica o peque\u00f1a mec\u00e1nica de precisi\u00f3n.\" \/>\n<meta name=\"robots\" content=\"index, follow\" \/>\n<meta name=\"googlebot\" content=\"index, follow, max-snippet:-1, max-image-preview:large, max-video-preview:-1\" \/>\n<meta name=\"bingbot\" content=\"index, follow, max-snippet:-1, max-image-preview:large, max-video-preview:-1\" \/>\n<link rel=\"canonical\" href=\"https:\/\/bazus.com\/es\/mesas-coordenadas-mini\/mg-mini-mesa-xy-mini-laboratorios-metrologia-con-base-giratoria\/\" \/>\n<meta property=\"og:locale\" content=\"es_ES\" \/>\n<meta property=\"og:type\" content=\"article\" \/>\n<meta property=\"og:title\" content=\"MG MINI Mesa XY mini (laboratorios &amp; metrolog\u00eda) con base giratoria\" \/>\n<meta property=\"og:description\" content=\"Mesa de coordenadas multifuncional de dos ejes XY con base giratoria (G) para uso profesional en micromec\u00e1nica o peque\u00f1a mec\u00e1nica de precisi\u00f3n.\" \/>\n<meta property=\"og:url\" content=\"https:\/\/bazus.com\/es\/mesas-coordenadas-mini\/mg-mini-mesa-xy-mini-laboratorios-metrologia-con-base-giratoria\/\" \/>\n<meta property=\"og:site_name\" content=\"Bazus\" \/>\n<meta property=\"article:author\" content=\"https:\/\/www.facebook.com\/kmdevs\/\" \/>\n<meta property=\"article:modified_time\" content=\"2021-04-30T07:49:43+00:00\" \/>\n<meta property=\"og:image\" content=\"https:\/\/bazus.com\/wp-content\/uploads\/2020\/08\/MG-100_A.jpg\" \/>\n\t<meta property=\"og:image:width\" content=\"1920\" \/>\n\t<meta property=\"og:image:height\" content=\"1080\" \/>\n<meta name=\"twitter:card\" content=\"summary_large_image\" \/>\n<meta name=\"twitter:creator\" content=\"@km_devs\" \/>\n<script type=\"application\/ld+json\" class=\"yoast-schema-graph\">{\"@context\":\"https:\/\/schema.org\",\"@graph\":[{\"@type\":\"WebSite\",\"@id\":\"https:\/\/bazus.com\/es\/#website\",\"url\":\"https:\/\/bazus.com\/es\/\",\"name\":\"Bazus\",\"description\":\"Mesas de coordenadas confiables\",\"potentialAction\":[{\"@type\":\"SearchAction\",\"target\":\"https:\/\/bazus.com\/es\/?s={search_term_string}\",\"query-input\":\"required name=search_term_string\"}],\"inLanguage\":\"es\"},{\"@type\":\"ImageObject\",\"@id\":\"https:\/\/bazus.com\/es\/mesas-coordenadas-mini\/mg-mini-mesa-xy-mini-laboratorios-metrologia-con-base-giratoria\/#primaryimage\",\"inLanguage\":\"es\",\"url\":\"https:\/\/bazus.com\/wp-content\/uploads\/2020\/08\/MG-100_A.jpg\",\"width\":1920,\"height\":1080},{\"@type\":\"WebPage\",\"@id\":\"https:\/\/bazus.com\/es\/mesas-coordenadas-mini\/mg-mini-mesa-xy-mini-laboratorios-metrologia-con-base-giratoria\/#webpage\",\"url\":\"https:\/\/bazus.com\/es\/mesas-coordenadas-mini\/mg-mini-mesa-xy-mini-laboratorios-metrologia-con-base-giratoria\/\",\"name\":\"MG MINI Mesa XY mini (laboratorios & metrolog\\u00eda) con base giratoria\",\"isPartOf\":{\"@id\":\"https:\/\/bazus.com\/es\/#website\"},\"primaryImageOfPage\":{\"@id\":\"https:\/\/bazus.com\/es\/mesas-coordenadas-mini\/mg-mini-mesa-xy-mini-laboratorios-metrologia-con-base-giratoria\/#primaryimage\"},\"datePublished\":\"2019-11-22T16:05:36+00:00\",\"dateModified\":\"2021-04-30T07:49:43+00:00\",\"description\":\"Mesa de coordenadas multifuncional de dos ejes XY con base giratoria (G) para uso profesional en micromec\\u00e1nica o peque\\u00f1a mec\\u00e1nica de precisi\\u00f3n.\",\"breadcrumb\":{\"@id\":\"https:\/\/bazus.com\/es\/mesas-coordenadas-mini\/mg-mini-mesa-xy-mini-laboratorios-metrologia-con-base-giratoria\/#breadcrumb\"},\"inLanguage\":\"es\",\"potentialAction\":[{\"@type\":\"ReadAction\",\"target\":[\"https:\/\/bazus.com\/es\/mesas-coordenadas-mini\/mg-mini-mesa-xy-mini-laboratorios-metrologia-con-base-giratoria\/\"]}]},{\"@type\":\"BreadcrumbList\",\"@id\":\"https:\/\/bazus.com\/es\/mesas-coordenadas-mini\/mg-mini-mesa-xy-mini-laboratorios-metrologia-con-base-giratoria\/#breadcrumb\",\"itemListElement\":[{\"@type\":\"ListItem\",\"position\":1,\"item\":{\"@type\":\"WebPage\",\"@id\":\"https:\/\/bazus.com\/es\/\",\"url\":\"https:\/\/bazus.com\/es\/\",\"name\":\"Inicio\"}},{\"@type\":\"ListItem\",\"position\":2,\"item\":{\"@type\":\"WebPage\",\"@id\":\"https:\/\/bazus.com\/es\/mesas-coordenadas-mini\/\",\"url\":\"https:\/\/bazus.com\/es\/mesas-coordenadas-mini\/\",\"name\":\"Mesas de Coordenadas Mini\"}},{\"@type\":\"ListItem\",\"position\":3,\"item\":{\"@type\":\"WebPage\",\"@id\":\"https:\/\/bazus.com\/es\/mesas-coordenadas-mini\/mg-mini-mesa-xy-mini-laboratorios-metrologia-con-base-giratoria\/\",\"url\":\"https:\/\/bazus.com\/es\/mesas-coordenadas-mini\/mg-mini-mesa-xy-mini-laboratorios-metrologia-con-base-giratoria\/\",\"name\":\"MG MINI Mesa XY mini (laboratorios &#038; metrolog\\u00eda) con base giratoria\"}}]}]}<\/script>\n<!-- \/ Yoast SEO plugin. -->","acf":[],"_links":{"self":[{"href":"https:\/\/bazus.com\/es\/wp-json\/wp\/v2\/pages\/158"}],"collection":[{"href":"https:\/\/bazus.com\/es\/wp-json\/wp\/v2\/pages"}],"about":[{"href":"https:\/\/bazus.com\/es\/wp-json\/wp\/v2\/types\/page"}],"author":[{"embeddable":true,"href":"https:\/\/bazus.com\/es\/wp-json\/wp\/v2\/users\/1"}],"replies":[{"embeddable":true,"href":"https:\/\/bazus.com\/es\/wp-json\/wp\/v2\/comments?post=158"}],"version-history":[{"count":10,"href":"https:\/\/bazus.com\/es\/wp-json\/wp\/v2\/pages\/158\/revisions"}],"predecessor-version":[{"id":5088,"href":"https:\/\/bazus.com\/es\/wp-json\/wp\/v2\/pages\/158\/revisions\/5088"}],"up":[{"embeddable":true,"href":"https:\/\/bazus.com\/es\/wp-json\/wp\/v2\/pages\/154"}],"wp:featuredmedia":[{"embeddable":true,"href":"https:\/\/bazus.com\/es\/wp-json\/wp\/v2\/media\/1585"}],"wp:attachment":[{"href":"https:\/\/bazus.com\/es\/wp-json\/wp\/v2\/media?parent=158"}],"curies":[{"name":"wp","href":"https:\/\/api.w.org\/{rel}","templated":true}]}}