{"id":157,"date":"2019-11-22T17:05:36","date_gmt":"2019-11-22T16:05:36","guid":{"rendered":"https:\/\/bazus.com\/?page_id=157"},"modified":"2021-04-30T09:49:15","modified_gmt":"2021-04-30T07:49:15","slug":"mf-mini-mesa-xy-mini-laboratorios-metrologia","status":"publish","type":"page","link":"https:\/\/bazus.com\/es\/mesas-coordenadas-mini\/mf-mini-mesa-xy-mini-laboratorios-metrologia\/","title":{"rendered":"MF MINI Mesa XY mini (laboratorios &#038; metrolog\u00eda)"},"content":{"rendered":"<p>Mesa de coordenadas MINI de dos ejes X con base fija: para aplicaciones de peque\u00f1a mec\u00e1nica de precisi\u00f3n.<\/p>\n<p>Con un dise\u00f1o compacto y gran sensibilidad en el movimiento, ideal para tareas de precisi\u00f3n, puede trabajar tanto en posici\u00f3n vertical como horizontal. La serie MF MINI de unidades lineales es \u00f3ptima para aplicaciones de posicionado, ensayos, metrolog\u00eda, rugos\u00edmetros, movimiento de sensores, y en cualquier otra aplicaci\u00f3n de peque\u00f1a mec\u00e1nica de precisi\u00f3n donde sea necesario un control preciso de las coordenadas.<\/p>\n<p>El dise\u00f1o s\u00f3lido y compacto de la mesa lineal permite realizar gran cantidad de trabajos manteniendo la precisi\u00f3n de posicionamiento y la repetitividad en cualquier tipo de posicionamiento lineal. Un cl\u00e1sico de la metrolog\u00eda que garantiza una larga vida \u00fatil.<\/p>\n<p>Todos los elementos de la serie MF MINI de mesas de coordenadas manuales est\u00e1n fabricados en aleaci\u00f3n de hierro (fundici\u00f3n gris estabilizada GG25 de alta calidad), lo que le confiere una extraordinaria rigidez mec\u00e1nica.<\/p>\n","protected":false},"excerpt":{"rendered":"<p>Mesa de coordenadas MINI de dos ejes X con base fija: para aplicaciones de peque\u00f1a mec\u00e1nica de precisi\u00f3n. Con un dise\u00f1o compacto y gran sensibilidad en el movimiento, ideal para tareas de precisi\u00f3n, puede trabajar tanto en posici\u00f3n vertical como horizontal. La serie MF MINI de unidades lineales es \u00f3ptima para aplicaciones de posicionado, ensayos, [&hellip;]<\/p>\n","protected":false},"author":1,"featured_media":1541,"parent":154,"menu_order":15,"comment_status":"closed","ping_status":"closed","template":"producto.php","meta":[],"yoast_head":"<!-- This site is optimized with the Yoast SEO plugin v14.6.1 - https:\/\/yoast.com\/wordpress\/plugins\/seo\/ -->\n<title>MF MINI Mesa XY mini (laboratorios &amp; metrolog\u00eda) - Bazus<\/title>\n<meta name=\"description\" content=\"Mesa de coordenadas MINI de dos ejes con base fija: para aplicaciones de peque\u00f1a mec\u00e1nica de precisi\u00f3n. Dise\u00f1o compacto y gran sensibilidad de movimiento\" \/>\n<meta name=\"robots\" content=\"index, follow\" \/>\n<meta name=\"googlebot\" content=\"index, follow, max-snippet:-1, max-image-preview:large, max-video-preview:-1\" \/>\n<meta name=\"bingbot\" content=\"index, follow, max-snippet:-1, max-image-preview:large, max-video-preview:-1\" \/>\n<link rel=\"canonical\" href=\"https:\/\/bazus.com\/es\/mesas-coordenadas-mini\/mf-mini-mesa-xy-mini-laboratorios-metrologia\/\" \/>\n<meta property=\"og:locale\" content=\"es_ES\" \/>\n<meta property=\"og:type\" content=\"article\" \/>\n<meta property=\"og:title\" content=\"MF MINI Mesa XY mini (laboratorios &amp; metrolog\u00eda) - Bazus\" \/>\n<meta property=\"og:description\" content=\"Mesa de coordenadas MINI de dos ejes con base fija: para aplicaciones de peque\u00f1a mec\u00e1nica de precisi\u00f3n. Dise\u00f1o compacto y gran sensibilidad de movimiento\" \/>\n<meta property=\"og:url\" content=\"https:\/\/bazus.com\/es\/mesas-coordenadas-mini\/mf-mini-mesa-xy-mini-laboratorios-metrologia\/\" \/>\n<meta property=\"og:site_name\" content=\"Bazus\" \/>\n<meta property=\"article:author\" content=\"https:\/\/www.facebook.com\/kmdevs\/\" \/>\n<meta property=\"article:modified_time\" content=\"2021-04-30T07:49:15+00:00\" \/>\n<meta property=\"og:image\" content=\"https:\/\/bazus.com\/wp-content\/uploads\/2020\/08\/MF-100_A.jpg\" \/>\n\t<meta property=\"og:image:width\" content=\"1920\" \/>\n\t<meta property=\"og:image:height\" content=\"1080\" \/>\n<meta name=\"twitter:card\" content=\"summary_large_image\" \/>\n<meta name=\"twitter:creator\" content=\"@km_devs\" \/>\n<script type=\"application\/ld+json\" class=\"yoast-schema-graph\">{\"@context\":\"https:\/\/schema.org\",\"@graph\":[{\"@type\":\"WebSite\",\"@id\":\"https:\/\/bazus.com\/es\/#website\",\"url\":\"https:\/\/bazus.com\/es\/\",\"name\":\"Bazus\",\"description\":\"Mesas de coordenadas confiables\",\"potentialAction\":[{\"@type\":\"SearchAction\",\"target\":\"https:\/\/bazus.com\/es\/?s={search_term_string}\",\"query-input\":\"required name=search_term_string\"}],\"inLanguage\":\"es\"},{\"@type\":\"ImageObject\",\"@id\":\"https:\/\/bazus.com\/es\/mesas-coordenadas-mini\/mf-mini-mesa-xy-mini-laboratorios-metrologia\/#primaryimage\",\"inLanguage\":\"es\",\"url\":\"https:\/\/bazus.com\/wp-content\/uploads\/2020\/08\/MF-100_A.jpg\",\"width\":1920,\"height\":1080},{\"@type\":\"WebPage\",\"@id\":\"https:\/\/bazus.com\/es\/mesas-coordenadas-mini\/mf-mini-mesa-xy-mini-laboratorios-metrologia\/#webpage\",\"url\":\"https:\/\/bazus.com\/es\/mesas-coordenadas-mini\/mf-mini-mesa-xy-mini-laboratorios-metrologia\/\",\"name\":\"MF MINI Mesa XY mini (laboratorios & metrolog\\u00eda) - Bazus\",\"isPartOf\":{\"@id\":\"https:\/\/bazus.com\/es\/#website\"},\"primaryImageOfPage\":{\"@id\":\"https:\/\/bazus.com\/es\/mesas-coordenadas-mini\/mf-mini-mesa-xy-mini-laboratorios-metrologia\/#primaryimage\"},\"datePublished\":\"2019-11-22T16:05:36+00:00\",\"dateModified\":\"2021-04-30T07:49:15+00:00\",\"description\":\"Mesa de coordenadas MINI de dos ejes con base fija: para aplicaciones de peque\\u00f1a mec\\u00e1nica de precisi\\u00f3n. Dise\\u00f1o compacto y gran sensibilidad de movimiento\",\"breadcrumb\":{\"@id\":\"https:\/\/bazus.com\/es\/mesas-coordenadas-mini\/mf-mini-mesa-xy-mini-laboratorios-metrologia\/#breadcrumb\"},\"inLanguage\":\"es\",\"potentialAction\":[{\"@type\":\"ReadAction\",\"target\":[\"https:\/\/bazus.com\/es\/mesas-coordenadas-mini\/mf-mini-mesa-xy-mini-laboratorios-metrologia\/\"]}]},{\"@type\":\"BreadcrumbList\",\"@id\":\"https:\/\/bazus.com\/es\/mesas-coordenadas-mini\/mf-mini-mesa-xy-mini-laboratorios-metrologia\/#breadcrumb\",\"itemListElement\":[{\"@type\":\"ListItem\",\"position\":1,\"item\":{\"@type\":\"WebPage\",\"@id\":\"https:\/\/bazus.com\/es\/\",\"url\":\"https:\/\/bazus.com\/es\/\",\"name\":\"Inicio\"}},{\"@type\":\"ListItem\",\"position\":2,\"item\":{\"@type\":\"WebPage\",\"@id\":\"https:\/\/bazus.com\/es\/mesas-coordenadas-mini\/\",\"url\":\"https:\/\/bazus.com\/es\/mesas-coordenadas-mini\/\",\"name\":\"Mesas de Coordenadas Mini\"}},{\"@type\":\"ListItem\",\"position\":3,\"item\":{\"@type\":\"WebPage\",\"@id\":\"https:\/\/bazus.com\/es\/mesas-coordenadas-mini\/mf-mini-mesa-xy-mini-laboratorios-metrologia\/\",\"url\":\"https:\/\/bazus.com\/es\/mesas-coordenadas-mini\/mf-mini-mesa-xy-mini-laboratorios-metrologia\/\",\"name\":\"MF MINI Mesa XY mini (laboratorios &#038; metrolog\\u00eda)\"}}]}]}<\/script>\n<!-- \/ Yoast SEO plugin. -->","acf":[],"_links":{"self":[{"href":"https:\/\/bazus.com\/es\/wp-json\/wp\/v2\/pages\/157"}],"collection":[{"href":"https:\/\/bazus.com\/es\/wp-json\/wp\/v2\/pages"}],"about":[{"href":"https:\/\/bazus.com\/es\/wp-json\/wp\/v2\/types\/page"}],"author":[{"embeddable":true,"href":"https:\/\/bazus.com\/es\/wp-json\/wp\/v2\/users\/1"}],"replies":[{"embeddable":true,"href":"https:\/\/bazus.com\/es\/wp-json\/wp\/v2\/comments?post=157"}],"version-history":[{"count":9,"href":"https:\/\/bazus.com\/es\/wp-json\/wp\/v2\/pages\/157\/revisions"}],"predecessor-version":[{"id":5086,"href":"https:\/\/bazus.com\/es\/wp-json\/wp\/v2\/pages\/157\/revisions\/5086"}],"up":[{"embeddable":true,"href":"https:\/\/bazus.com\/es\/wp-json\/wp\/v2\/pages\/154"}],"wp:featuredmedia":[{"embeddable":true,"href":"https:\/\/bazus.com\/es\/wp-json\/wp\/v2\/media\/1541"}],"wp:attachment":[{"href":"https:\/\/bazus.com\/es\/wp-json\/wp\/v2\/media?parent=157"}],"curies":[{"name":"wp","href":"https:\/\/api.w.org\/{rel}","templated":true}]}}