{"id":155,"date":"2019-11-22T17:05:36","date_gmt":"2019-11-22T16:05:36","guid":{"rendered":"https:\/\/bazus.com\/?page_id=155"},"modified":"2021-04-30T09:48:17","modified_gmt":"2021-04-30T07:48:17","slug":"cp-mini-mesa-x-mini","status":"publish","type":"page","link":"https:\/\/bazus.com\/es\/mesas-coordenadas-mini\/cp-mini-mesa-x-mini\/","title":{"rendered":"CP MINI Mesa X mini"},"content":{"rendered":"<p>Mesa de coordenadas MINI de un \u00fanico eje X con base fija para aplicaciones de peque\u00f1a mec\u00e1nica de precisi\u00f3n.<\/p>\n<p>Con un dise\u00f1o compacto y gran sensibilidad en el movimiento, ideal para tareas de precisi\u00f3n, puede trabajar tanto en posici\u00f3n vertical como horizontal. La serie CP MINI de mesas de coordenadas es \u00f3ptima para aplicaciones de posicionado, ensayos, metrolog\u00eda, rugos\u00edmetros, movimiento de sensores, y en cualquier otra aplicaci\u00f3n de peque\u00f1a mec\u00e1nica de precisi\u00f3n donde sea necesario un control preciso de las coordenadas.<\/p>\n<p>El dise\u00f1o s\u00f3lido y compacto de la mesa lineal permite realizar gran cantidad de trabajos manteniendo la precisi\u00f3n de posicionamiento y la repetitividad en cualquier tipo de posicionamiento lineal. Una mesa de coordenadas com\u00fan y perfecta de la metrolog\u00eda que garantiza una larga vida \u00fatil.<\/p>\n<p>Todos los elementos de la serie CP MINI de mesas de coordenadas manuales est\u00e1n fabricados en aleaci\u00f3n de hierro (fundici\u00f3n gris estabilizada GG25 de alta calidad), lo que le confiere una extraordinaria rigidez mec\u00e1nica.<\/p>\n","protected":false},"excerpt":{"rendered":"<p>Mesa de coordenadas MINI de un \u00fanico eje X con base fija para aplicaciones de peque\u00f1a mec\u00e1nica de precisi\u00f3n. Con un dise\u00f1o compacto y gran sensibilidad en el movimiento, ideal para tareas de precisi\u00f3n, puede trabajar tanto en posici\u00f3n vertical como horizontal. La serie CP MINI de mesas de coordenadas es \u00f3ptima para aplicaciones de [&hellip;]<\/p>\n","protected":false},"author":1,"featured_media":1455,"parent":154,"menu_order":13,"comment_status":"closed","ping_status":"closed","template":"producto.php","meta":{"footnotes":""},"class_list":["post-155","page","type-page","status-publish","has-post-thumbnail","hentry"],"yoast_head":"<!-- This site is optimized with the Yoast SEO plugin v27.5 - https:\/\/yoast.com\/product\/yoast-seo-wordpress\/ -->\n<title>Mesa de coordenadas MINI de un \u00fanico eje X - Bazus<\/title>\n<meta name=\"description\" content=\"Mesa de Cooredandas de dise\u00f1o compacto y gran sensibilidad en el movimiento, ideal para tareas de precisi\u00f3n, tanto en posici\u00f3n vertical como horizontal.\" \/>\n<meta name=\"robots\" content=\"index, follow, max-snippet:-1, max-image-preview:large, max-video-preview:-1\" \/>\n<link rel=\"canonical\" href=\"https:\/\/bazus.com\/mini-coordinate-tables\/cp-mini-x-mini-table-unit-horizontal-or-vertical\/\" \/>\n<meta property=\"og:locale\" content=\"es_ES\" \/>\n<meta property=\"og:type\" content=\"article\" \/>\n<meta property=\"og:title\" content=\"Mesa de coordenadas MINI de un \u00fanico eje X - Bazus\" \/>\n<meta property=\"og:description\" content=\"Mesa de Cooredandas de dise\u00f1o compacto y gran sensibilidad en el movimiento, ideal para tareas de precisi\u00f3n, tanto en posici\u00f3n vertical como horizontal.\" \/>\n<meta property=\"og:url\" content=\"https:\/\/bazus.com\/mini-coordinate-tables\/cp-mini-x-mini-table-unit-horizontal-or-vertical\/\" \/>\n<meta property=\"og:site_name\" content=\"Bazus\" \/>\n<meta property=\"article:modified_time\" content=\"2021-04-30T07:48:17+00:00\" \/>\n<meta property=\"og:image\" content=\"https:\/\/bazus.com\/wp-content\/uploads\/2020\/08\/CP-100_A.jpg\" \/>\n\t<meta property=\"og:image:width\" content=\"1920\" \/>\n\t<meta property=\"og:image:height\" content=\"1080\" \/>\n\t<meta property=\"og:image:type\" content=\"image\/jpeg\" \/>\n<meta name=\"twitter:card\" content=\"summary_large_image\" \/>\n<meta name=\"twitter:label1\" content=\"Tiempo de lectura\" \/>\n\t<meta name=\"twitter:data1\" content=\"1 minuto\" \/>\n<script type=\"application\/ld+json\" class=\"yoast-schema-graph\">{\"@context\":\"https:\\\/\\\/schema.org\",\"@graph\":[{\"@type\":\"WebPage\",\"@id\":\"https:\\\/\\\/bazus.com\\\/mini-coordinate-tables\\\/cp-mini-x-mini-table-unit-horizontal-or-vertical\\\/\",\"url\":\"https:\\\/\\\/bazus.com\\\/mini-coordinate-tables\\\/cp-mini-x-mini-table-unit-horizontal-or-vertical\\\/\",\"name\":\"Mesa de coordenadas MINI de un \u00fanico eje X - Bazus\",\"isPartOf\":{\"@id\":\"https:\\\/\\\/bazus.com\\\/#website\"},\"primaryImageOfPage\":{\"@id\":\"https:\\\/\\\/bazus.com\\\/mini-coordinate-tables\\\/cp-mini-x-mini-table-unit-horizontal-or-vertical\\\/#primaryimage\"},\"image\":{\"@id\":\"https:\\\/\\\/bazus.com\\\/mini-coordinate-tables\\\/cp-mini-x-mini-table-unit-horizontal-or-vertical\\\/#primaryimage\"},\"thumbnailUrl\":\"https:\\\/\\\/bazus.com\\\/wp-content\\\/uploads\\\/2020\\\/08\\\/CP-100_A.jpg\",\"datePublished\":\"2019-11-22T16:05:36+00:00\",\"dateModified\":\"2021-04-30T07:48:17+00:00\",\"description\":\"Mesa de Cooredandas de dise\u00f1o compacto y gran sensibilidad en el movimiento, ideal para tareas de precisi\u00f3n, tanto en posici\u00f3n vertical como horizontal.\",\"breadcrumb\":{\"@id\":\"https:\\\/\\\/bazus.com\\\/mini-coordinate-tables\\\/cp-mini-x-mini-table-unit-horizontal-or-vertical\\\/#breadcrumb\"},\"inLanguage\":\"es\",\"potentialAction\":[{\"@type\":\"ReadAction\",\"target\":[\"https:\\\/\\\/bazus.com\\\/mini-coordinate-tables\\\/cp-mini-x-mini-table-unit-horizontal-or-vertical\\\/\"]}]},{\"@type\":\"ImageObject\",\"inLanguage\":\"es\",\"@id\":\"https:\\\/\\\/bazus.com\\\/mini-coordinate-tables\\\/cp-mini-x-mini-table-unit-horizontal-or-vertical\\\/#primaryimage\",\"url\":\"https:\\\/\\\/bazus.com\\\/wp-content\\\/uploads\\\/2020\\\/08\\\/CP-100_A.jpg\",\"contentUrl\":\"https:\\\/\\\/bazus.com\\\/wp-content\\\/uploads\\\/2020\\\/08\\\/CP-100_A.jpg\",\"width\":1920,\"height\":1080},{\"@type\":\"BreadcrumbList\",\"@id\":\"https:\\\/\\\/bazus.com\\\/mini-coordinate-tables\\\/cp-mini-x-mini-table-unit-horizontal-or-vertical\\\/#breadcrumb\",\"itemListElement\":[{\"@type\":\"ListItem\",\"position\":1,\"name\":\"Inicio\",\"item\":\"https:\\\/\\\/bazus.com\\\/es\\\/\"},{\"@type\":\"ListItem\",\"position\":2,\"name\":\"Mesas de Coordenadas Mini\",\"item\":\"https:\\\/\\\/bazus.com\\\/mini-coordinate-tables\\\/\"},{\"@type\":\"ListItem\",\"position\":3,\"name\":\"CP MINI Mesa X mini\"}]},{\"@type\":\"WebSite\",\"@id\":\"https:\\\/\\\/bazus.com\\\/#website\",\"url\":\"https:\\\/\\\/bazus.com\\\/\",\"name\":\"Bazus\",\"description\":\"Mesas de coordenadas confiables\",\"potentialAction\":[{\"@type\":\"SearchAction\",\"target\":{\"@type\":\"EntryPoint\",\"urlTemplate\":\"https:\\\/\\\/bazus.com\\\/?s={search_term_string}\"},\"query-input\":{\"@type\":\"PropertyValueSpecification\",\"valueRequired\":true,\"valueName\":\"search_term_string\"}}],\"inLanguage\":\"es\"}]}<\/script>\n<!-- \/ Yoast SEO plugin. -->","yoast_head_json":{"title":"Mesa de coordenadas MINI de un \u00fanico eje X - Bazus","description":"Mesa de Cooredandas de dise\u00f1o compacto y gran sensibilidad en el movimiento, ideal para tareas de precisi\u00f3n, tanto en posici\u00f3n vertical como horizontal.","robots":{"index":"index","follow":"follow","max-snippet":"max-snippet:-1","max-image-preview":"max-image-preview:large","max-video-preview":"max-video-preview:-1"},"canonical":"https:\/\/bazus.com\/mini-coordinate-tables\/cp-mini-x-mini-table-unit-horizontal-or-vertical\/","og_locale":"es_ES","og_type":"article","og_title":"Mesa de coordenadas MINI de un \u00fanico eje X - Bazus","og_description":"Mesa de Cooredandas de dise\u00f1o compacto y gran sensibilidad en el movimiento, ideal para tareas de precisi\u00f3n, tanto en posici\u00f3n vertical como horizontal.","og_url":"https:\/\/bazus.com\/mini-coordinate-tables\/cp-mini-x-mini-table-unit-horizontal-or-vertical\/","og_site_name":"Bazus","article_modified_time":"2021-04-30T07:48:17+00:00","og_image":[{"width":1920,"height":1080,"url":"https:\/\/bazus.com\/wp-content\/uploads\/2020\/08\/CP-100_A.jpg","type":"image\/jpeg"}],"twitter_card":"summary_large_image","twitter_misc":{"Tiempo de lectura":"1 minuto"},"schema":{"@context":"https:\/\/schema.org","@graph":[{"@type":"WebPage","@id":"https:\/\/bazus.com\/mini-coordinate-tables\/cp-mini-x-mini-table-unit-horizontal-or-vertical\/","url":"https:\/\/bazus.com\/mini-coordinate-tables\/cp-mini-x-mini-table-unit-horizontal-or-vertical\/","name":"Mesa de coordenadas MINI de un \u00fanico eje X - Bazus","isPartOf":{"@id":"https:\/\/bazus.com\/#website"},"primaryImageOfPage":{"@id":"https:\/\/bazus.com\/mini-coordinate-tables\/cp-mini-x-mini-table-unit-horizontal-or-vertical\/#primaryimage"},"image":{"@id":"https:\/\/bazus.com\/mini-coordinate-tables\/cp-mini-x-mini-table-unit-horizontal-or-vertical\/#primaryimage"},"thumbnailUrl":"https:\/\/bazus.com\/wp-content\/uploads\/2020\/08\/CP-100_A.jpg","datePublished":"2019-11-22T16:05:36+00:00","dateModified":"2021-04-30T07:48:17+00:00","description":"Mesa de Cooredandas de dise\u00f1o compacto y gran sensibilidad en el movimiento, ideal para tareas de precisi\u00f3n, tanto en posici\u00f3n vertical como horizontal.","breadcrumb":{"@id":"https:\/\/bazus.com\/mini-coordinate-tables\/cp-mini-x-mini-table-unit-horizontal-or-vertical\/#breadcrumb"},"inLanguage":"es","potentialAction":[{"@type":"ReadAction","target":["https:\/\/bazus.com\/mini-coordinate-tables\/cp-mini-x-mini-table-unit-horizontal-or-vertical\/"]}]},{"@type":"ImageObject","inLanguage":"es","@id":"https:\/\/bazus.com\/mini-coordinate-tables\/cp-mini-x-mini-table-unit-horizontal-or-vertical\/#primaryimage","url":"https:\/\/bazus.com\/wp-content\/uploads\/2020\/08\/CP-100_A.jpg","contentUrl":"https:\/\/bazus.com\/wp-content\/uploads\/2020\/08\/CP-100_A.jpg","width":1920,"height":1080},{"@type":"BreadcrumbList","@id":"https:\/\/bazus.com\/mini-coordinate-tables\/cp-mini-x-mini-table-unit-horizontal-or-vertical\/#breadcrumb","itemListElement":[{"@type":"ListItem","position":1,"name":"Inicio","item":"https:\/\/bazus.com\/es\/"},{"@type":"ListItem","position":2,"name":"Mesas de Coordenadas Mini","item":"https:\/\/bazus.com\/mini-coordinate-tables\/"},{"@type":"ListItem","position":3,"name":"CP MINI Mesa X mini"}]},{"@type":"WebSite","@id":"https:\/\/bazus.com\/#website","url":"https:\/\/bazus.com\/","name":"Bazus","description":"Mesas de coordenadas confiables","potentialAction":[{"@type":"SearchAction","target":{"@type":"EntryPoint","urlTemplate":"https:\/\/bazus.com\/?s={search_term_string}"},"query-input":{"@type":"PropertyValueSpecification","valueRequired":true,"valueName":"search_term_string"}}],"inLanguage":"es"}]}},"acf":[],"_links":{"self":[{"href":"https:\/\/bazus.com\/es\/wp-json\/wp\/v2\/pages\/155","targetHints":{"allow":["GET"]}}],"collection":[{"href":"https:\/\/bazus.com\/es\/wp-json\/wp\/v2\/pages"}],"about":[{"href":"https:\/\/bazus.com\/es\/wp-json\/wp\/v2\/types\/page"}],"author":[{"embeddable":true,"href":"https:\/\/bazus.com\/es\/wp-json\/wp\/v2\/users\/1"}],"replies":[{"embeddable":true,"href":"https:\/\/bazus.com\/es\/wp-json\/wp\/v2\/comments?post=155"}],"version-history":[{"count":9,"href":"https:\/\/bazus.com\/es\/wp-json\/wp\/v2\/pages\/155\/revisions"}],"predecessor-version":[{"id":5084,"href":"https:\/\/bazus.com\/es\/wp-json\/wp\/v2\/pages\/155\/revisions\/5084"}],"up":[{"embeddable":true,"href":"https:\/\/bazus.com\/es\/wp-json\/wp\/v2\/pages\/154"}],"wp:featuredmedia":[{"embeddable":true,"href":"https:\/\/bazus.com\/es\/wp-json\/wp\/v2\/media\/1455"}],"wp:attachment":[{"href":"https:\/\/bazus.com\/es\/wp-json\/wp\/v2\/media?parent=155"}],"curies":[{"name":"wp","href":"https:\/\/api.w.org\/{rel}","templated":true}]}}