{"id":153,"date":"2019-11-22T17:05:35","date_gmt":"2019-11-22T16:05:35","guid":{"rendered":"https:\/\/bazus.com\/?page_id=153"},"modified":"2020-11-17T23:54:23","modified_gmt":"2020-11-17T22:54:23","slug":"gl-serie-ligera-con-base-giratoria","status":"publish","type":"page","link":"https:\/\/bazus.com\/es\/mesas-coordenadas-xy\/gl-serie-ligera-con-base-giratoria\/","title":{"rendered":"GL Serie ligera con base giratoria"},"content":{"rendered":"<p>Mesa de coordenadas ligera de dos ejes XY de alta precisi\u00f3n.<\/p>\n<p>Dise\u00f1ada para trabajos de ajuste completo y exactitud en donde adem\u00e1s de un control exacto de la posici\u00f3n XY sea necesario tambi\u00e9n un posicionamiento angular. De aplicaci\u00f3n en m\u00e1quinas de tampograf\u00eda, maquinas especiales, fresadoras, posicionamiento de cabezales y en cualquier otra aplicaci\u00f3n mec\u00e1nica donde sea necesario un control de la posici\u00f3n XY y del \u00e1ngulo G<\/p>\n<p>La base inferior permite realizar un posicionado angular de 360\u00ba mediante la rotaci\u00f3n manual de la mesa XY sobre un eje central. Incluye grabado de un sector graduado de 180\u00ba para poder medir la cota de posicionamiento angular.<\/p>\n<p>Todos los elementos de las mesas de coordenadas manuales serie GL, est\u00e1n fabricados en aleaci\u00f3n de hierro (fundici\u00f3n gris estabilizada GG25 de alta calidad), lo que le confiere una extraordinaria rigidez mec\u00e1nica.<\/p>\n","protected":false},"excerpt":{"rendered":"<p>Mesa de coordenadas ligera de dos ejes XY de alta precisi\u00f3n. Dise\u00f1ada para trabajos de ajuste completo y exactitud en donde adem\u00e1s de un control exacto de la posici\u00f3n XY sea necesario tambi\u00e9n un posicionamiento angular. De aplicaci\u00f3n en m\u00e1quinas de tampograf\u00eda, maquinas especiales, fresadoras, posicionamiento de cabezales y en cualquier otra aplicaci\u00f3n mec\u00e1nica donde [&hellip;]<\/p>\n","protected":false},"author":1,"featured_media":1312,"parent":148,"menu_order":11,"comment_status":"closed","ping_status":"closed","template":"producto.php","meta":{"footnotes":""},"class_list":["post-153","page","type-page","status-publish","has-post-thumbnail","hentry"],"yoast_head":"<!-- This site is optimized with the Yoast SEO plugin v27.5 - https:\/\/yoast.com\/product\/yoast-seo-wordpress\/ -->\n<title>GL Mesa de Coordenadas GL ligera con base giratoria - Bazus<\/title>\n<meta name=\"description\" content=\"Mesa de Cooredanadas dise\u00f1ada para trabajos de ajuste completo y exactitud en donde adem\u00e1s de un control exacto de la posici\u00f3n XY.\" \/>\n<meta name=\"robots\" content=\"index, follow, max-snippet:-1, max-image-preview:large, max-video-preview:-1\" \/>\n<link rel=\"canonical\" href=\"https:\/\/bazus.com\/xy-coordinate-tables\/gl-light-xy-coordinate-table-with-rotary-basis\/\" \/>\n<meta property=\"og:locale\" content=\"es_ES\" \/>\n<meta property=\"og:type\" content=\"article\" \/>\n<meta property=\"og:title\" content=\"GL Mesa de Coordenadas GL ligera con base giratoria - Bazus\" \/>\n<meta property=\"og:description\" content=\"Mesa de Cooredanadas dise\u00f1ada para trabajos de ajuste completo y exactitud en donde adem\u00e1s de un control exacto de la posici\u00f3n XY.\" \/>\n<meta property=\"og:url\" content=\"https:\/\/bazus.com\/xy-coordinate-tables\/gl-light-xy-coordinate-table-with-rotary-basis\/\" \/>\n<meta property=\"og:site_name\" content=\"Bazus\" \/>\n<meta property=\"article:modified_time\" content=\"2020-11-17T22:54:23+00:00\" \/>\n<meta property=\"og:image\" content=\"https:\/\/bazus.com\/wp-content\/uploads\/2020\/08\/GL-8_A.jpg\" \/>\n\t<meta property=\"og:image:width\" content=\"1920\" \/>\n\t<meta property=\"og:image:height\" content=\"1080\" \/>\n\t<meta property=\"og:image:type\" content=\"image\/jpeg\" \/>\n<meta name=\"twitter:card\" content=\"summary_large_image\" \/>\n<meta name=\"twitter:label1\" content=\"Tiempo de lectura\" \/>\n\t<meta name=\"twitter:data1\" content=\"1 minuto\" \/>\n<script type=\"application\/ld+json\" class=\"yoast-schema-graph\">{\"@context\":\"https:\\\/\\\/schema.org\",\"@graph\":[{\"@type\":\"WebPage\",\"@id\":\"https:\\\/\\\/bazus.com\\\/xy-coordinate-tables\\\/gl-light-xy-coordinate-table-with-rotary-basis\\\/\",\"url\":\"https:\\\/\\\/bazus.com\\\/xy-coordinate-tables\\\/gl-light-xy-coordinate-table-with-rotary-basis\\\/\",\"name\":\"GL Mesa de Coordenadas GL ligera con base giratoria - Bazus\",\"isPartOf\":{\"@id\":\"https:\\\/\\\/bazus.com\\\/#website\"},\"primaryImageOfPage\":{\"@id\":\"https:\\\/\\\/bazus.com\\\/xy-coordinate-tables\\\/gl-light-xy-coordinate-table-with-rotary-basis\\\/#primaryimage\"},\"image\":{\"@id\":\"https:\\\/\\\/bazus.com\\\/xy-coordinate-tables\\\/gl-light-xy-coordinate-table-with-rotary-basis\\\/#primaryimage\"},\"thumbnailUrl\":\"https:\\\/\\\/bazus.com\\\/wp-content\\\/uploads\\\/2020\\\/08\\\/GL-8_A.jpg\",\"datePublished\":\"2019-11-22T16:05:35+00:00\",\"dateModified\":\"2020-11-17T22:54:23+00:00\",\"description\":\"Mesa de Cooredanadas dise\u00f1ada para trabajos de ajuste completo y exactitud en donde adem\u00e1s de un control exacto de la posici\u00f3n XY.\",\"breadcrumb\":{\"@id\":\"https:\\\/\\\/bazus.com\\\/xy-coordinate-tables\\\/gl-light-xy-coordinate-table-with-rotary-basis\\\/#breadcrumb\"},\"inLanguage\":\"es\",\"potentialAction\":[{\"@type\":\"ReadAction\",\"target\":[\"https:\\\/\\\/bazus.com\\\/xy-coordinate-tables\\\/gl-light-xy-coordinate-table-with-rotary-basis\\\/\"]}]},{\"@type\":\"ImageObject\",\"inLanguage\":\"es\",\"@id\":\"https:\\\/\\\/bazus.com\\\/xy-coordinate-tables\\\/gl-light-xy-coordinate-table-with-rotary-basis\\\/#primaryimage\",\"url\":\"https:\\\/\\\/bazus.com\\\/wp-content\\\/uploads\\\/2020\\\/08\\\/GL-8_A.jpg\",\"contentUrl\":\"https:\\\/\\\/bazus.com\\\/wp-content\\\/uploads\\\/2020\\\/08\\\/GL-8_A.jpg\",\"width\":1920,\"height\":1080},{\"@type\":\"BreadcrumbList\",\"@id\":\"https:\\\/\\\/bazus.com\\\/xy-coordinate-tables\\\/gl-light-xy-coordinate-table-with-rotary-basis\\\/#breadcrumb\",\"itemListElement\":[{\"@type\":\"ListItem\",\"position\":1,\"name\":\"Inicio\",\"item\":\"https:\\\/\\\/bazus.com\\\/es\\\/\"},{\"@type\":\"ListItem\",\"position\":2,\"name\":\"Mesas de Coordenadas XY\",\"item\":\"https:\\\/\\\/bazus.com\\\/xy-coordinate-tables\\\/\"},{\"@type\":\"ListItem\",\"position\":3,\"name\":\"GL Serie ligera con base giratoria\"}]},{\"@type\":\"WebSite\",\"@id\":\"https:\\\/\\\/bazus.com\\\/#website\",\"url\":\"https:\\\/\\\/bazus.com\\\/\",\"name\":\"Bazus\",\"description\":\"Mesas de coordenadas confiables\",\"potentialAction\":[{\"@type\":\"SearchAction\",\"target\":{\"@type\":\"EntryPoint\",\"urlTemplate\":\"https:\\\/\\\/bazus.com\\\/?s={search_term_string}\"},\"query-input\":{\"@type\":\"PropertyValueSpecification\",\"valueRequired\":true,\"valueName\":\"search_term_string\"}}],\"inLanguage\":\"es\"}]}<\/script>\n<!-- \/ Yoast SEO plugin. -->","yoast_head_json":{"title":"GL Mesa de Coordenadas GL ligera con base giratoria - Bazus","description":"Mesa de Cooredanadas dise\u00f1ada para trabajos de ajuste completo y exactitud en donde adem\u00e1s de un control exacto de la posici\u00f3n XY.","robots":{"index":"index","follow":"follow","max-snippet":"max-snippet:-1","max-image-preview":"max-image-preview:large","max-video-preview":"max-video-preview:-1"},"canonical":"https:\/\/bazus.com\/xy-coordinate-tables\/gl-light-xy-coordinate-table-with-rotary-basis\/","og_locale":"es_ES","og_type":"article","og_title":"GL Mesa de Coordenadas GL ligera con base giratoria - Bazus","og_description":"Mesa de Cooredanadas dise\u00f1ada para trabajos de ajuste completo y exactitud en donde adem\u00e1s de un control exacto de la posici\u00f3n XY.","og_url":"https:\/\/bazus.com\/xy-coordinate-tables\/gl-light-xy-coordinate-table-with-rotary-basis\/","og_site_name":"Bazus","article_modified_time":"2020-11-17T22:54:23+00:00","og_image":[{"width":1920,"height":1080,"url":"https:\/\/bazus.com\/wp-content\/uploads\/2020\/08\/GL-8_A.jpg","type":"image\/jpeg"}],"twitter_card":"summary_large_image","twitter_misc":{"Tiempo de lectura":"1 minuto"},"schema":{"@context":"https:\/\/schema.org","@graph":[{"@type":"WebPage","@id":"https:\/\/bazus.com\/xy-coordinate-tables\/gl-light-xy-coordinate-table-with-rotary-basis\/","url":"https:\/\/bazus.com\/xy-coordinate-tables\/gl-light-xy-coordinate-table-with-rotary-basis\/","name":"GL Mesa de Coordenadas GL ligera con base giratoria - Bazus","isPartOf":{"@id":"https:\/\/bazus.com\/#website"},"primaryImageOfPage":{"@id":"https:\/\/bazus.com\/xy-coordinate-tables\/gl-light-xy-coordinate-table-with-rotary-basis\/#primaryimage"},"image":{"@id":"https:\/\/bazus.com\/xy-coordinate-tables\/gl-light-xy-coordinate-table-with-rotary-basis\/#primaryimage"},"thumbnailUrl":"https:\/\/bazus.com\/wp-content\/uploads\/2020\/08\/GL-8_A.jpg","datePublished":"2019-11-22T16:05:35+00:00","dateModified":"2020-11-17T22:54:23+00:00","description":"Mesa de Cooredanadas dise\u00f1ada para trabajos de ajuste completo y exactitud en donde adem\u00e1s de un control exacto de la posici\u00f3n XY.","breadcrumb":{"@id":"https:\/\/bazus.com\/xy-coordinate-tables\/gl-light-xy-coordinate-table-with-rotary-basis\/#breadcrumb"},"inLanguage":"es","potentialAction":[{"@type":"ReadAction","target":["https:\/\/bazus.com\/xy-coordinate-tables\/gl-light-xy-coordinate-table-with-rotary-basis\/"]}]},{"@type":"ImageObject","inLanguage":"es","@id":"https:\/\/bazus.com\/xy-coordinate-tables\/gl-light-xy-coordinate-table-with-rotary-basis\/#primaryimage","url":"https:\/\/bazus.com\/wp-content\/uploads\/2020\/08\/GL-8_A.jpg","contentUrl":"https:\/\/bazus.com\/wp-content\/uploads\/2020\/08\/GL-8_A.jpg","width":1920,"height":1080},{"@type":"BreadcrumbList","@id":"https:\/\/bazus.com\/xy-coordinate-tables\/gl-light-xy-coordinate-table-with-rotary-basis\/#breadcrumb","itemListElement":[{"@type":"ListItem","position":1,"name":"Inicio","item":"https:\/\/bazus.com\/es\/"},{"@type":"ListItem","position":2,"name":"Mesas de Coordenadas XY","item":"https:\/\/bazus.com\/xy-coordinate-tables\/"},{"@type":"ListItem","position":3,"name":"GL Serie ligera con base giratoria"}]},{"@type":"WebSite","@id":"https:\/\/bazus.com\/#website","url":"https:\/\/bazus.com\/","name":"Bazus","description":"Mesas de coordenadas confiables","potentialAction":[{"@type":"SearchAction","target":{"@type":"EntryPoint","urlTemplate":"https:\/\/bazus.com\/?s={search_term_string}"},"query-input":{"@type":"PropertyValueSpecification","valueRequired":true,"valueName":"search_term_string"}}],"inLanguage":"es"}]}},"acf":[],"_links":{"self":[{"href":"https:\/\/bazus.com\/es\/wp-json\/wp\/v2\/pages\/153","targetHints":{"allow":["GET"]}}],"collection":[{"href":"https:\/\/bazus.com\/es\/wp-json\/wp\/v2\/pages"}],"about":[{"href":"https:\/\/bazus.com\/es\/wp-json\/wp\/v2\/types\/page"}],"author":[{"embeddable":true,"href":"https:\/\/bazus.com\/es\/wp-json\/wp\/v2\/users\/1"}],"replies":[{"embeddable":true,"href":"https:\/\/bazus.com\/es\/wp-json\/wp\/v2\/comments?post=153"}],"version-history":[{"count":8,"href":"https:\/\/bazus.com\/es\/wp-json\/wp\/v2\/pages\/153\/revisions"}],"predecessor-version":[{"id":4509,"href":"https:\/\/bazus.com\/es\/wp-json\/wp\/v2\/pages\/153\/revisions\/4509"}],"up":[{"embeddable":true,"href":"https:\/\/bazus.com\/es\/wp-json\/wp\/v2\/pages\/148"}],"wp:featuredmedia":[{"embeddable":true,"href":"https:\/\/bazus.com\/es\/wp-json\/wp\/v2\/media\/1312"}],"wp:attachment":[{"href":"https:\/\/bazus.com\/es\/wp-json\/wp\/v2\/media?parent=153"}],"curies":[{"name":"wp","href":"https:\/\/api.w.org\/{rel}","templated":true}]}}