{"id":1376,"date":"2020-08-21T12:21:46","date_gmt":"2020-08-21T10:21:46","guid":{"rendered":"https:\/\/bazus.com\/?page_id=1376"},"modified":"2020-09-10T12:50:17","modified_gmt":"2020-09-10T10:50:17","slug":"fresado","status":"publish","type":"page","link":"https:\/\/bazus.com\/es\/procesos\/fresado\/","title":{"rendered":"Fresado"},"content":{"rendered":"<p>El fresado es un proceso de fabricaci\u00f3n por arranque de viruta: el corte del material que se mecaniza se realiza con una herramienta rotativa de varios filos que ejecuta movimientos en cualquier direcci\u00f3n de los tres ejes XYZ en los que se puede desplazar la mesa donde va fijada la pieza que se mecaniza.<\/p>\n<p>Las unidades lineales y mesas de coordenadas BAZUS pueden utilizarse para cualquier proceso de fresado, bien sea en m\u00e1quinas convencionales o m\u00e1quinas de control num\u00e9rico.<\/p>\n<p>La gran rigidez mec\u00e1nica de las unidades BAZUS evitan la vibraci\u00f3n durante el fresado, permitiendo resultados \u00f3ptimos.<\/p>\n","protected":false},"excerpt":{"rendered":"<p>El fresado es un proceso de fabricaci\u00f3n por arranque de viruta: el corte del material que se mecaniza se realiza con una herramienta rotativa de varios filos que ejecuta movimientos en cualquier direcci\u00f3n de los tres ejes XYZ en los que se puede desplazar la mesa donde va fijada la pieza que se mecaniza. Las [&hellip;]<\/p>\n","protected":false},"author":7,"featured_media":0,"parent":190,"menu_order":41,"comment_status":"closed","ping_status":"closed","template":"sector.php","meta":{"footnotes":""},"class_list":["post-1376","page","type-page","status-publish","hentry"],"yoast_head":"<!-- This site is optimized with the Yoast SEO plugin v27.5 - https:\/\/yoast.com\/product\/yoast-seo-wordpress\/ -->\n<title>Fresado con Unidades L\u00edneales y Mesas de Coordenadas - Bazus<\/title>\n<meta name=\"description\" content=\"Las unidades lineales y mesas de coordenadas BAZUS pueden utilizarse para cualquier proceso de fresado, en m\u00e1quinas convencionales o de control num\u00e9rico.\" \/>\n<meta name=\"robots\" content=\"index, follow, max-snippet:-1, max-image-preview:large, max-video-preview:-1\" \/>\n<link rel=\"canonical\" href=\"https:\/\/bazus.com\/processes\/milling\/\" \/>\n<meta property=\"og:locale\" content=\"es_ES\" \/>\n<meta property=\"og:type\" content=\"article\" \/>\n<meta property=\"og:title\" content=\"Fresado con Unidades L\u00edneales y Mesas de Coordenadas - Bazus\" \/>\n<meta property=\"og:description\" content=\"Las unidades lineales y mesas de coordenadas BAZUS pueden utilizarse para cualquier proceso de fresado, en m\u00e1quinas convencionales o de control num\u00e9rico.\" \/>\n<meta property=\"og:url\" content=\"https:\/\/bazus.com\/processes\/milling\/\" \/>\n<meta property=\"og:site_name\" content=\"Bazus\" \/>\n<meta property=\"article:modified_time\" content=\"2020-09-10T10:50:17+00:00\" \/>\n<meta name=\"twitter:card\" content=\"summary_large_image\" \/>\n<meta name=\"twitter:label1\" content=\"Tiempo de lectura\" \/>\n\t<meta name=\"twitter:data1\" content=\"1 minuto\" \/>\n<script type=\"application\/ld+json\" class=\"yoast-schema-graph\">{\"@context\":\"https:\\\/\\\/schema.org\",\"@graph\":[{\"@type\":\"WebPage\",\"@id\":\"https:\\\/\\\/bazus.com\\\/processes\\\/milling\\\/\",\"url\":\"https:\\\/\\\/bazus.com\\\/processes\\\/milling\\\/\",\"name\":\"Fresado con Unidades L\u00edneales y Mesas de Coordenadas - Bazus\",\"isPartOf\":{\"@id\":\"https:\\\/\\\/bazus.com\\\/#website\"},\"datePublished\":\"2020-08-21T10:21:46+00:00\",\"dateModified\":\"2020-09-10T10:50:17+00:00\",\"description\":\"Las unidades lineales y mesas de coordenadas BAZUS pueden utilizarse para cualquier proceso de fresado, en m\u00e1quinas convencionales o de control num\u00e9rico.\",\"breadcrumb\":{\"@id\":\"https:\\\/\\\/bazus.com\\\/processes\\\/milling\\\/#breadcrumb\"},\"inLanguage\":\"es\",\"potentialAction\":[{\"@type\":\"ReadAction\",\"target\":[\"https:\\\/\\\/bazus.com\\\/processes\\\/milling\\\/\"]}]},{\"@type\":\"BreadcrumbList\",\"@id\":\"https:\\\/\\\/bazus.com\\\/processes\\\/milling\\\/#breadcrumb\",\"itemListElement\":[{\"@type\":\"ListItem\",\"position\":1,\"name\":\"Inicio\",\"item\":\"https:\\\/\\\/bazus.com\\\/es\\\/\"},{\"@type\":\"ListItem\",\"position\":2,\"name\":\"Procesos\",\"item\":\"https:\\\/\\\/bazus.com\\\/processes\\\/\"},{\"@type\":\"ListItem\",\"position\":3,\"name\":\"Fresado\"}]},{\"@type\":\"WebSite\",\"@id\":\"https:\\\/\\\/bazus.com\\\/#website\",\"url\":\"https:\\\/\\\/bazus.com\\\/\",\"name\":\"Bazus\",\"description\":\"Mesas de coordenadas confiables\",\"potentialAction\":[{\"@type\":\"SearchAction\",\"target\":{\"@type\":\"EntryPoint\",\"urlTemplate\":\"https:\\\/\\\/bazus.com\\\/?s={search_term_string}\"},\"query-input\":{\"@type\":\"PropertyValueSpecification\",\"valueRequired\":true,\"valueName\":\"search_term_string\"}}],\"inLanguage\":\"es\"}]}<\/script>\n<!-- \/ Yoast SEO plugin. -->","yoast_head_json":{"title":"Fresado con Unidades L\u00edneales y Mesas de Coordenadas - Bazus","description":"Las unidades lineales y mesas de coordenadas BAZUS pueden utilizarse para cualquier proceso de fresado, en m\u00e1quinas convencionales o de control num\u00e9rico.","robots":{"index":"index","follow":"follow","max-snippet":"max-snippet:-1","max-image-preview":"max-image-preview:large","max-video-preview":"max-video-preview:-1"},"canonical":"https:\/\/bazus.com\/processes\/milling\/","og_locale":"es_ES","og_type":"article","og_title":"Fresado con Unidades L\u00edneales y Mesas de Coordenadas - Bazus","og_description":"Las unidades lineales y mesas de coordenadas BAZUS pueden utilizarse para cualquier proceso de fresado, en m\u00e1quinas convencionales o de control num\u00e9rico.","og_url":"https:\/\/bazus.com\/processes\/milling\/","og_site_name":"Bazus","article_modified_time":"2020-09-10T10:50:17+00:00","twitter_card":"summary_large_image","twitter_misc":{"Tiempo de lectura":"1 minuto"},"schema":{"@context":"https:\/\/schema.org","@graph":[{"@type":"WebPage","@id":"https:\/\/bazus.com\/processes\/milling\/","url":"https:\/\/bazus.com\/processes\/milling\/","name":"Fresado con Unidades L\u00edneales y Mesas de Coordenadas - Bazus","isPartOf":{"@id":"https:\/\/bazus.com\/#website"},"datePublished":"2020-08-21T10:21:46+00:00","dateModified":"2020-09-10T10:50:17+00:00","description":"Las unidades lineales y mesas de coordenadas BAZUS pueden utilizarse para cualquier proceso de fresado, en m\u00e1quinas convencionales o de control num\u00e9rico.","breadcrumb":{"@id":"https:\/\/bazus.com\/processes\/milling\/#breadcrumb"},"inLanguage":"es","potentialAction":[{"@type":"ReadAction","target":["https:\/\/bazus.com\/processes\/milling\/"]}]},{"@type":"BreadcrumbList","@id":"https:\/\/bazus.com\/processes\/milling\/#breadcrumb","itemListElement":[{"@type":"ListItem","position":1,"name":"Inicio","item":"https:\/\/bazus.com\/es\/"},{"@type":"ListItem","position":2,"name":"Procesos","item":"https:\/\/bazus.com\/processes\/"},{"@type":"ListItem","position":3,"name":"Fresado"}]},{"@type":"WebSite","@id":"https:\/\/bazus.com\/#website","url":"https:\/\/bazus.com\/","name":"Bazus","description":"Mesas de coordenadas confiables","potentialAction":[{"@type":"SearchAction","target":{"@type":"EntryPoint","urlTemplate":"https:\/\/bazus.com\/?s={search_term_string}"},"query-input":{"@type":"PropertyValueSpecification","valueRequired":true,"valueName":"search_term_string"}}],"inLanguage":"es"}]}},"acf":[],"_links":{"self":[{"href":"https:\/\/bazus.com\/es\/wp-json\/wp\/v2\/pages\/1376","targetHints":{"allow":["GET"]}}],"collection":[{"href":"https:\/\/bazus.com\/es\/wp-json\/wp\/v2\/pages"}],"about":[{"href":"https:\/\/bazus.com\/es\/wp-json\/wp\/v2\/types\/page"}],"author":[{"embeddable":true,"href":"https:\/\/bazus.com\/es\/wp-json\/wp\/v2\/users\/7"}],"replies":[{"embeddable":true,"href":"https:\/\/bazus.com\/es\/wp-json\/wp\/v2\/comments?post=1376"}],"version-history":[{"count":6,"href":"https:\/\/bazus.com\/es\/wp-json\/wp\/v2\/pages\/1376\/revisions"}],"predecessor-version":[{"id":2712,"href":"https:\/\/bazus.com\/es\/wp-json\/wp\/v2\/pages\/1376\/revisions\/2712"}],"up":[{"embeddable":true,"href":"https:\/\/bazus.com\/es\/wp-json\/wp\/v2\/pages\/190"}],"wp:attachment":[{"href":"https:\/\/bazus.com\/es\/wp-json\/wp\/v2\/media?parent=1376"}],"curies":[{"name":"wp","href":"https:\/\/api.w.org\/{rel}","templated":true}]}}