{"id":1263,"date":"2020-08-21T10:50:30","date_gmt":"2020-08-21T08:50:30","guid":{"rendered":"https:\/\/bazus.com\/?page_id=1263"},"modified":"2020-09-17T09:55:24","modified_gmt":"2020-09-17T07:55:24","slug":"fl-serie-ligera","status":"publish","type":"page","link":"https:\/\/bazus.com\/es\/mesas-coordenadas-xy\/fl-serie-ligera\/","title":{"rendered":"FL Serie ligera"},"content":{"rendered":"<p>Mesa de coordenadas ligera de dos ejes XY para uso profesional.<\/p>\n<p>Dise\u00f1ada para trabajos de alta precisi\u00f3n en donde sea necesario un control exacto de la posici\u00f3n XY. De aplicaci\u00f3n en m\u00e1quinas de tampograf\u00eda, maquinas especiales, fresadoras, posicionamiento de cabezales y en cualquier otra aplicaci\u00f3n mec\u00e1nica donde sea necesario un control de la posici\u00f3n XY.<\/p>\n<p>Todos los elementos de las mesas de coordenadas manuales serie FL, est\u00e1n fabricados en aleaci\u00f3n de hierro (fundici\u00f3n gris estabilizada GG25 de alta calidad), lo que le confiere una extraordinaria capacidad de resistencia mec\u00e1nica.<\/p>\n","protected":false},"excerpt":{"rendered":"<p>Mesa de coordenadas ligera de dos ejes XY para uso profesional. Dise\u00f1ada para trabajos de alta precisi\u00f3n en donde sea necesario un control exacto de la posici\u00f3n XY. De aplicaci\u00f3n en m\u00e1quinas de tampograf\u00eda, maquinas especiales, fresadoras, posicionamiento de cabezales y en cualquier otra aplicaci\u00f3n mec\u00e1nica donde sea necesario un control de la posici\u00f3n XY. [&hellip;]<\/p>\n","protected":false},"author":7,"featured_media":1269,"parent":148,"menu_order":1,"comment_status":"closed","ping_status":"closed","template":"producto.php","meta":[],"yoast_head":"<!-- This site is optimized with the Yoast SEO plugin v14.6.1 - https:\/\/yoast.com\/wordpress\/plugins\/seo\/ -->\n<title>Mesa de coordenadas FL ligera de 2 ejes XY para uso profesional - Bazus<\/title>\n<meta name=\"description\" content=\"Mesa de alta precisi\u00f3n para un control exacto de la posici\u00f3n XY. Aplicaci\u00f3n en tampograf\u00eda, maquinas especiales, fresadoras y posicionamiento de cabezales\" \/>\n<meta name=\"robots\" content=\"index, follow\" \/>\n<meta name=\"googlebot\" content=\"index, follow, max-snippet:-1, max-image-preview:large, max-video-preview:-1\" \/>\n<meta name=\"bingbot\" content=\"index, follow, max-snippet:-1, max-image-preview:large, max-video-preview:-1\" \/>\n<link rel=\"canonical\" href=\"https:\/\/bazus.com\/es\/mesas-coordenadas-xy\/fl-serie-ligera\/\" \/>\n<meta property=\"og:locale\" content=\"es_ES\" \/>\n<meta property=\"og:type\" content=\"article\" \/>\n<meta property=\"og:title\" content=\"Mesa de coordenadas FL ligera de 2 ejes XY para uso profesional - Bazus\" \/>\n<meta property=\"og:description\" content=\"Mesa de alta precisi\u00f3n para un control exacto de la posici\u00f3n XY. Aplicaci\u00f3n en tampograf\u00eda, maquinas especiales, fresadoras y posicionamiento de cabezales\" \/>\n<meta property=\"og:url\" content=\"https:\/\/bazus.com\/es\/mesas-coordenadas-xy\/fl-serie-ligera\/\" \/>\n<meta property=\"og:site_name\" content=\"Bazus\" \/>\n<meta property=\"article:modified_time\" content=\"2020-09-17T07:55:24+00:00\" \/>\n<meta property=\"og:image\" content=\"https:\/\/bazus.com\/wp-content\/uploads\/2020\/08\/FL-8_A.jpg\" \/>\n\t<meta property=\"og:image:width\" content=\"1920\" \/>\n\t<meta property=\"og:image:height\" content=\"1080\" \/>\n<meta name=\"twitter:card\" content=\"summary_large_image\" \/>\n<script type=\"application\/ld+json\" class=\"yoast-schema-graph\">{\"@context\":\"https:\/\/schema.org\",\"@graph\":[{\"@type\":\"WebSite\",\"@id\":\"https:\/\/bazus.com\/es\/#website\",\"url\":\"https:\/\/bazus.com\/es\/\",\"name\":\"Bazus\",\"description\":\"Mesas de coordenadas confiables\",\"potentialAction\":[{\"@type\":\"SearchAction\",\"target\":\"https:\/\/bazus.com\/es\/?s={search_term_string}\",\"query-input\":\"required name=search_term_string\"}],\"inLanguage\":\"es\"},{\"@type\":\"ImageObject\",\"@id\":\"https:\/\/bazus.com\/es\/mesas-coordenadas-xy\/fl-serie-ligera\/#primaryimage\",\"inLanguage\":\"es\",\"url\":\"https:\/\/bazus.com\/wp-content\/uploads\/2020\/08\/FL-8_A.jpg\",\"width\":1920,\"height\":1080},{\"@type\":\"WebPage\",\"@id\":\"https:\/\/bazus.com\/es\/mesas-coordenadas-xy\/fl-serie-ligera\/#webpage\",\"url\":\"https:\/\/bazus.com\/es\/mesas-coordenadas-xy\/fl-serie-ligera\/\",\"name\":\"Mesa de coordenadas FL ligera de 2 ejes XY para uso profesional - Bazus\",\"isPartOf\":{\"@id\":\"https:\/\/bazus.com\/es\/#website\"},\"primaryImageOfPage\":{\"@id\":\"https:\/\/bazus.com\/es\/mesas-coordenadas-xy\/fl-serie-ligera\/#primaryimage\"},\"datePublished\":\"2020-08-21T08:50:30+00:00\",\"dateModified\":\"2020-09-17T07:55:24+00:00\",\"description\":\"Mesa de alta precisi\\u00f3n para un control exacto de la posici\\u00f3n XY. Aplicaci\\u00f3n en tampograf\\u00eda, maquinas especiales, fresadoras y posicionamiento de cabezales\",\"breadcrumb\":{\"@id\":\"https:\/\/bazus.com\/es\/mesas-coordenadas-xy\/fl-serie-ligera\/#breadcrumb\"},\"inLanguage\":\"es\",\"potentialAction\":[{\"@type\":\"ReadAction\",\"target\":[\"https:\/\/bazus.com\/es\/mesas-coordenadas-xy\/fl-serie-ligera\/\"]}]},{\"@type\":\"BreadcrumbList\",\"@id\":\"https:\/\/bazus.com\/es\/mesas-coordenadas-xy\/fl-serie-ligera\/#breadcrumb\",\"itemListElement\":[{\"@type\":\"ListItem\",\"position\":1,\"item\":{\"@type\":\"WebPage\",\"@id\":\"https:\/\/bazus.com\/es\/\",\"url\":\"https:\/\/bazus.com\/es\/\",\"name\":\"Inicio\"}},{\"@type\":\"ListItem\",\"position\":2,\"item\":{\"@type\":\"WebPage\",\"@id\":\"https:\/\/bazus.com\/es\/mesas-coordenadas-xy\/\",\"url\":\"https:\/\/bazus.com\/es\/mesas-coordenadas-xy\/\",\"name\":\"Mesas de Coordenadas XY\"}},{\"@type\":\"ListItem\",\"position\":3,\"item\":{\"@type\":\"WebPage\",\"@id\":\"https:\/\/bazus.com\/es\/mesas-coordenadas-xy\/fl-serie-ligera\/\",\"url\":\"https:\/\/bazus.com\/es\/mesas-coordenadas-xy\/fl-serie-ligera\/\",\"name\":\"FL Serie ligera\"}}]}]}<\/script>\n<!-- \/ Yoast SEO plugin. -->","acf":[],"_links":{"self":[{"href":"https:\/\/bazus.com\/es\/wp-json\/wp\/v2\/pages\/1263"}],"collection":[{"href":"https:\/\/bazus.com\/es\/wp-json\/wp\/v2\/pages"}],"about":[{"href":"https:\/\/bazus.com\/es\/wp-json\/wp\/v2\/types\/page"}],"author":[{"embeddable":true,"href":"https:\/\/bazus.com\/es\/wp-json\/wp\/v2\/users\/7"}],"replies":[{"embeddable":true,"href":"https:\/\/bazus.com\/es\/wp-json\/wp\/v2\/comments?post=1263"}],"version-history":[{"count":7,"href":"https:\/\/bazus.com\/es\/wp-json\/wp\/v2\/pages\/1263\/revisions"}],"predecessor-version":[{"id":2768,"href":"https:\/\/bazus.com\/es\/wp-json\/wp\/v2\/pages\/1263\/revisions\/2768"}],"up":[{"embeddable":true,"href":"https:\/\/bazus.com\/es\/wp-json\/wp\/v2\/pages\/148"}],"wp:featuredmedia":[{"embeddable":true,"href":"https:\/\/bazus.com\/es\/wp-json\/wp\/v2\/media\/1269"}],"wp:attachment":[{"href":"https:\/\/bazus.com\/es\/wp-json\/wp\/v2\/media?parent=1263"}],"curies":[{"name":"wp","href":"https:\/\/api.w.org\/{rel}","templated":true}]}}