{"id":1060,"date":"2020-08-21T10:08:49","date_gmt":"2020-08-21T08:08:49","guid":{"rendered":"https:\/\/bazus.com\/?page_id=1060"},"modified":"2021-04-30T09:44:31","modified_gmt":"2021-04-30T07:44:31","slug":"mf-drill-mesa-xy-para-taladros","status":"publish","type":"page","link":"https:\/\/bazus.com\/es\/mesas-coordenadas-xy\/mf-drill-mesa-xy-para-taladros\/","title":{"rendered":"MF DRILL Mesa XY para taladros"},"content":{"rendered":"<p>Mesa de coordenadas multifuncional de dos ejes XY con base fija para uso profesional en m\u00e1quinas con l\u00edquido refrigerante.<\/p>\n<p>Dise\u00f1ada para trabajos de precisi\u00f3n la serie MF DRILL de mesas de coordenadas es an\u00e1loga a la serie MF, pero para trabajos con uso de l\u00edquidos refrigerantes, taladrinas, etc. El equipamiento DRILL incluye: ranuras para recogida refrigerante, volante maniobra gran di\u00e1metro, protecciones telesc\u00f3picas en eje longitudinal para mecanismo de tuerca y husillo y, tope ajustable para recorrido X.<\/p>\n<p>La mesa de coordenadas MF DRILL, es \u00f3ptima para aplicaciones de taladro, taladro vertical, taladro horizontal, fresadora, soldadura, sistemas transfer, portaherramientas y en cualquier otra aplicaci\u00f3n mec\u00e1nica donde sea necesario un control preciso de la posici\u00f3n XY.<\/p>\n<p>El dise\u00f1o s\u00f3lido y robusto de la mesa lineal permite realizar gran cantidad de trabajos manteniendo la precisi\u00f3n de posicionamiento y la repetitividad en cualquier tipo de posicionamiento lineal. Una mesa de coordenadas habitual y resistente de la industria que garantiza una larga vida \u00fatil.<\/p>\n<p>Todos los elementos de la serie MF DRILL de mesas de coordenadas manuales est\u00e1n fabricados en aleaci\u00f3n de hierro (fundici\u00f3n gris estabilizada GG25 de alta calidad), lo que le confiere una extraordinaria rigidez mec\u00e1nica.<\/p>\n","protected":false},"excerpt":{"rendered":"<p>Mesa de coordenadas multifuncional de dos ejes XY con base fija para uso profesional en m\u00e1quinas con l\u00edquido refrigerante. Dise\u00f1ada para trabajos de precisi\u00f3n la serie MF DRILL de mesas de coordenadas es an\u00e1loga a la serie MF, pero para trabajos con uso de l\u00edquidos refrigerantes, taladrinas, etc. El equipamiento DRILL incluye: ranuras para recogida [&hellip;]<\/p>\n","protected":false},"author":7,"featured_media":953,"parent":148,"menu_order":1,"comment_status":"closed","ping_status":"closed","template":"producto.php","meta":{"footnotes":""},"class_list":["post-1060","page","type-page","status-publish","has-post-thumbnail","hentry"],"yoast_head":"<!-- This site is optimized with the Yoast SEO plugin v27.5 - https:\/\/yoast.com\/product\/yoast-seo-wordpress\/ -->\n<title>MF DRILL Mesa de Coordenadas XY para taladros - Bazus<\/title>\n<meta name=\"description\" content=\"Mesa de coordenadas multifuncional de dos ejes XY con base fija para uso profesional en m\u00e1quinas con l\u00edquido refrigerante.\" \/>\n<meta name=\"robots\" content=\"index, follow, max-snippet:-1, max-image-preview:large, max-video-preview:-1\" \/>\n<link rel=\"canonical\" href=\"https:\/\/bazus.com\/xy-coordinate-tables\/mf-drill-standard-xy-coordinate-table-for-drilling\/\" \/>\n<meta property=\"og:locale\" content=\"es_ES\" \/>\n<meta property=\"og:type\" content=\"article\" \/>\n<meta property=\"og:title\" content=\"MF DRILL Mesa de Coordenadas XY para taladros - Bazus\" \/>\n<meta property=\"og:description\" content=\"Mesa de coordenadas multifuncional de dos ejes XY con base fija para uso profesional en m\u00e1quinas con l\u00edquido refrigerante.\" \/>\n<meta property=\"og:url\" content=\"https:\/\/bazus.com\/xy-coordinate-tables\/mf-drill-standard-xy-coordinate-table-for-drilling\/\" \/>\n<meta property=\"og:site_name\" content=\"Bazus\" \/>\n<meta property=\"article:modified_time\" content=\"2021-04-30T07:44:31+00:00\" \/>\n<meta property=\"og:image\" content=\"https:\/\/bazus.com\/wp-content\/uploads\/2020\/08\/MF-1_A.jpg\" \/>\n\t<meta property=\"og:image:width\" content=\"1920\" \/>\n\t<meta property=\"og:image:height\" content=\"1080\" \/>\n\t<meta property=\"og:image:type\" content=\"image\/jpeg\" \/>\n<meta name=\"twitter:card\" content=\"summary_large_image\" \/>\n<meta name=\"twitter:label1\" content=\"Tiempo de lectura\" \/>\n\t<meta name=\"twitter:data1\" content=\"1 minuto\" \/>\n<script type=\"application\/ld+json\" class=\"yoast-schema-graph\">{\"@context\":\"https:\\\/\\\/schema.org\",\"@graph\":[{\"@type\":\"WebPage\",\"@id\":\"https:\\\/\\\/bazus.com\\\/xy-coordinate-tables\\\/mf-drill-standard-xy-coordinate-table-for-drilling\\\/\",\"url\":\"https:\\\/\\\/bazus.com\\\/xy-coordinate-tables\\\/mf-drill-standard-xy-coordinate-table-for-drilling\\\/\",\"name\":\"MF DRILL Mesa de Coordenadas XY para taladros - Bazus\",\"isPartOf\":{\"@id\":\"https:\\\/\\\/bazus.com\\\/#website\"},\"primaryImageOfPage\":{\"@id\":\"https:\\\/\\\/bazus.com\\\/xy-coordinate-tables\\\/mf-drill-standard-xy-coordinate-table-for-drilling\\\/#primaryimage\"},\"image\":{\"@id\":\"https:\\\/\\\/bazus.com\\\/xy-coordinate-tables\\\/mf-drill-standard-xy-coordinate-table-for-drilling\\\/#primaryimage\"},\"thumbnailUrl\":\"https:\\\/\\\/bazus.com\\\/wp-content\\\/uploads\\\/2020\\\/08\\\/MF-1_A.jpg\",\"datePublished\":\"2020-08-21T08:08:49+00:00\",\"dateModified\":\"2021-04-30T07:44:31+00:00\",\"description\":\"Mesa de coordenadas multifuncional de dos ejes XY con base fija para uso profesional en m\u00e1quinas con l\u00edquido refrigerante.\",\"breadcrumb\":{\"@id\":\"https:\\\/\\\/bazus.com\\\/xy-coordinate-tables\\\/mf-drill-standard-xy-coordinate-table-for-drilling\\\/#breadcrumb\"},\"inLanguage\":\"es\",\"potentialAction\":[{\"@type\":\"ReadAction\",\"target\":[\"https:\\\/\\\/bazus.com\\\/xy-coordinate-tables\\\/mf-drill-standard-xy-coordinate-table-for-drilling\\\/\"]}]},{\"@type\":\"ImageObject\",\"inLanguage\":\"es\",\"@id\":\"https:\\\/\\\/bazus.com\\\/xy-coordinate-tables\\\/mf-drill-standard-xy-coordinate-table-for-drilling\\\/#primaryimage\",\"url\":\"https:\\\/\\\/bazus.com\\\/wp-content\\\/uploads\\\/2020\\\/08\\\/MF-1_A.jpg\",\"contentUrl\":\"https:\\\/\\\/bazus.com\\\/wp-content\\\/uploads\\\/2020\\\/08\\\/MF-1_A.jpg\",\"width\":1920,\"height\":1080},{\"@type\":\"BreadcrumbList\",\"@id\":\"https:\\\/\\\/bazus.com\\\/xy-coordinate-tables\\\/mf-drill-standard-xy-coordinate-table-for-drilling\\\/#breadcrumb\",\"itemListElement\":[{\"@type\":\"ListItem\",\"position\":1,\"name\":\"Inicio\",\"item\":\"https:\\\/\\\/bazus.com\\\/es\\\/\"},{\"@type\":\"ListItem\",\"position\":2,\"name\":\"Mesas de Coordenadas XY\",\"item\":\"https:\\\/\\\/bazus.com\\\/xy-coordinate-tables\\\/\"},{\"@type\":\"ListItem\",\"position\":3,\"name\":\"MF DRILL Mesa XY para taladros\"}]},{\"@type\":\"WebSite\",\"@id\":\"https:\\\/\\\/bazus.com\\\/#website\",\"url\":\"https:\\\/\\\/bazus.com\\\/\",\"name\":\"Bazus\",\"description\":\"Mesas de coordenadas confiables\",\"potentialAction\":[{\"@type\":\"SearchAction\",\"target\":{\"@type\":\"EntryPoint\",\"urlTemplate\":\"https:\\\/\\\/bazus.com\\\/?s={search_term_string}\"},\"query-input\":{\"@type\":\"PropertyValueSpecification\",\"valueRequired\":true,\"valueName\":\"search_term_string\"}}],\"inLanguage\":\"es\"}]}<\/script>\n<!-- \/ Yoast SEO plugin. -->","yoast_head_json":{"title":"MF DRILL Mesa de Coordenadas XY para taladros - Bazus","description":"Mesa de coordenadas multifuncional de dos ejes XY con base fija para uso profesional en m\u00e1quinas con l\u00edquido refrigerante.","robots":{"index":"index","follow":"follow","max-snippet":"max-snippet:-1","max-image-preview":"max-image-preview:large","max-video-preview":"max-video-preview:-1"},"canonical":"https:\/\/bazus.com\/xy-coordinate-tables\/mf-drill-standard-xy-coordinate-table-for-drilling\/","og_locale":"es_ES","og_type":"article","og_title":"MF DRILL Mesa de Coordenadas XY para taladros - Bazus","og_description":"Mesa de coordenadas multifuncional de dos ejes XY con base fija para uso profesional en m\u00e1quinas con l\u00edquido refrigerante.","og_url":"https:\/\/bazus.com\/xy-coordinate-tables\/mf-drill-standard-xy-coordinate-table-for-drilling\/","og_site_name":"Bazus","article_modified_time":"2021-04-30T07:44:31+00:00","og_image":[{"width":1920,"height":1080,"url":"https:\/\/bazus.com\/wp-content\/uploads\/2020\/08\/MF-1_A.jpg","type":"image\/jpeg"}],"twitter_card":"summary_large_image","twitter_misc":{"Tiempo de lectura":"1 minuto"},"schema":{"@context":"https:\/\/schema.org","@graph":[{"@type":"WebPage","@id":"https:\/\/bazus.com\/xy-coordinate-tables\/mf-drill-standard-xy-coordinate-table-for-drilling\/","url":"https:\/\/bazus.com\/xy-coordinate-tables\/mf-drill-standard-xy-coordinate-table-for-drilling\/","name":"MF DRILL Mesa de Coordenadas XY para taladros - Bazus","isPartOf":{"@id":"https:\/\/bazus.com\/#website"},"primaryImageOfPage":{"@id":"https:\/\/bazus.com\/xy-coordinate-tables\/mf-drill-standard-xy-coordinate-table-for-drilling\/#primaryimage"},"image":{"@id":"https:\/\/bazus.com\/xy-coordinate-tables\/mf-drill-standard-xy-coordinate-table-for-drilling\/#primaryimage"},"thumbnailUrl":"https:\/\/bazus.com\/wp-content\/uploads\/2020\/08\/MF-1_A.jpg","datePublished":"2020-08-21T08:08:49+00:00","dateModified":"2021-04-30T07:44:31+00:00","description":"Mesa de coordenadas multifuncional de dos ejes XY con base fija para uso profesional en m\u00e1quinas con l\u00edquido refrigerante.","breadcrumb":{"@id":"https:\/\/bazus.com\/xy-coordinate-tables\/mf-drill-standard-xy-coordinate-table-for-drilling\/#breadcrumb"},"inLanguage":"es","potentialAction":[{"@type":"ReadAction","target":["https:\/\/bazus.com\/xy-coordinate-tables\/mf-drill-standard-xy-coordinate-table-for-drilling\/"]}]},{"@type":"ImageObject","inLanguage":"es","@id":"https:\/\/bazus.com\/xy-coordinate-tables\/mf-drill-standard-xy-coordinate-table-for-drilling\/#primaryimage","url":"https:\/\/bazus.com\/wp-content\/uploads\/2020\/08\/MF-1_A.jpg","contentUrl":"https:\/\/bazus.com\/wp-content\/uploads\/2020\/08\/MF-1_A.jpg","width":1920,"height":1080},{"@type":"BreadcrumbList","@id":"https:\/\/bazus.com\/xy-coordinate-tables\/mf-drill-standard-xy-coordinate-table-for-drilling\/#breadcrumb","itemListElement":[{"@type":"ListItem","position":1,"name":"Inicio","item":"https:\/\/bazus.com\/es\/"},{"@type":"ListItem","position":2,"name":"Mesas de Coordenadas XY","item":"https:\/\/bazus.com\/xy-coordinate-tables\/"},{"@type":"ListItem","position":3,"name":"MF DRILL Mesa XY para taladros"}]},{"@type":"WebSite","@id":"https:\/\/bazus.com\/#website","url":"https:\/\/bazus.com\/","name":"Bazus","description":"Mesas de coordenadas confiables","potentialAction":[{"@type":"SearchAction","target":{"@type":"EntryPoint","urlTemplate":"https:\/\/bazus.com\/?s={search_term_string}"},"query-input":{"@type":"PropertyValueSpecification","valueRequired":true,"valueName":"search_term_string"}}],"inLanguage":"es"}]}},"acf":[],"_links":{"self":[{"href":"https:\/\/bazus.com\/es\/wp-json\/wp\/v2\/pages\/1060","targetHints":{"allow":["GET"]}}],"collection":[{"href":"https:\/\/bazus.com\/es\/wp-json\/wp\/v2\/pages"}],"about":[{"href":"https:\/\/bazus.com\/es\/wp-json\/wp\/v2\/types\/page"}],"author":[{"embeddable":true,"href":"https:\/\/bazus.com\/es\/wp-json\/wp\/v2\/users\/7"}],"replies":[{"embeddable":true,"href":"https:\/\/bazus.com\/es\/wp-json\/wp\/v2\/comments?post=1060"}],"version-history":[{"count":13,"href":"https:\/\/bazus.com\/es\/wp-json\/wp\/v2\/pages\/1060\/revisions"}],"predecessor-version":[{"id":5081,"href":"https:\/\/bazus.com\/es\/wp-json\/wp\/v2\/pages\/1060\/revisions\/5081"}],"up":[{"embeddable":true,"href":"https:\/\/bazus.com\/es\/wp-json\/wp\/v2\/pages\/148"}],"wp:featuredmedia":[{"embeddable":true,"href":"https:\/\/bazus.com\/es\/wp-json\/wp\/v2\/media\/953"}],"wp:attachment":[{"href":"https:\/\/bazus.com\/es\/wp-json\/wp\/v2\/media?parent=1060"}],"curies":[{"name":"wp","href":"https:\/\/api.w.org\/{rel}","templated":true}]}}