{"id":4498,"date":"2019-11-22T17:05:35","date_gmt":"2019-11-22T16:05:35","guid":{"rendered":"https:\/\/bazus.com\/koordinatentische-xy\/gl-serie-ligera-con-base-giratoria\/"},"modified":"2020-10-29T10:43:16","modified_gmt":"2020-10-29T09:43:16","slug":"gl-serie-leichte-mit-drehbarer-base","status":"publish","type":"page","link":"https:\/\/bazus.com\/de\/koordinatentische-xy\/gl-serie-leichte-mit-drehbarer-base\/","title":{"rendered":"GL Serie leichte mit drehbarer Base"},"content":{"rendered":"<p>Hochpr\u00e4ziser XY-Zweiachser-Leichter Koordinatentisch.<\/p>\n<p>Entwickelt f\u00fcr vollst\u00e4ndige Anpassungs- und Genauigkeitsarbeiten, bei denen neben der exakten Steuerung der XY-Position auch eine Winkelpositionierung erforderlich ist. Anwendbar f\u00fcr Tampondruckmaschinen, Spezialmaschinen, Fr\u00e4smaschinen, Kopfpositionierung und jede andere mechanische Anwendung, bei der eine XY-Position und eine G-Winkelsteuerung erforderlich sind.<\/p>\n<p>Die untere Basis erm\u00f6glicht eine 360 \u00b0 -Winkelpositionierung durch manuelles Drehen des XY-Tisches um eine Mittelachse. Es umfasst die Gravur eines abgestuften Sektors von 180 \u00b0, um das Winkelpositionierungsma\u00df messen zu k\u00f6nnen.<\/p>\n<p>Alle Elemente der manuellen Koordinatentische der GL-Serie bestehen aus einer Eisenlegierung (hochwertiges GG25-stabilisiertes Grauguss), was ein au\u00dfergew\u00f6hnlicher mechanischer Widerstandt verleiht.<\/p>\n","protected":false},"excerpt":{"rendered":"<p>Hochpr\u00e4ziser XY-Zweiachser-Leichter Koordinatentisch. Entwickelt f\u00fcr vollst\u00e4ndige Anpassungs- und Genauigkeitsarbeiten, bei denen neben der exakten Steuerung der XY-Position auch eine Winkelpositionierung erforderlich ist. Anwendbar f\u00fcr Tampondruckmaschinen, Spezialmaschinen, Fr\u00e4smaschinen, Kopfpositionierung und jede andere mechanische Anwendung, bei der eine XY-Position und eine G-Winkelsteuerung erforderlich sind. Die untere Basis erm\u00f6glicht eine 360 \u00b0 -Winkelpositionierung durch manuelles Drehen des XY-Tisches [&hellip;]<\/p>\n","protected":false},"author":1,"featured_media":1315,"parent":4132,"menu_order":11,"comment_status":"closed","ping_status":"closed","template":"producto.php","meta":{"footnotes":""},"class_list":["post-4498","page","type-page","status-publish","has-post-thumbnail","hentry"],"yoast_head":"<!-- This site is optimized with the Yoast SEO plugin v27.5 - https:\/\/yoast.com\/product\/yoast-seo-wordpress\/ -->\n<title>GL Serie leichte mit drehbarer Base - Bazus<\/title>\n<meta name=\"robots\" content=\"index, follow, max-snippet:-1, max-image-preview:large, max-video-preview:-1\" \/>\n<link rel=\"canonical\" href=\"https:\/\/bazus.com\/xy-coordinate-tables\/gl-light-xy-coordinate-table-with-rotary-basis\/\" \/>\n<meta property=\"og:locale\" content=\"de_DE\" \/>\n<meta property=\"og:type\" content=\"article\" \/>\n<meta property=\"og:title\" content=\"GL Serie leichte mit drehbarer Base - Bazus\" \/>\n<meta property=\"og:description\" content=\"Hochpr\u00e4ziser XY-Zweiachser-Leichter Koordinatentisch. Entwickelt f\u00fcr vollst\u00e4ndige Anpassungs- und Genauigkeitsarbeiten, bei denen neben der exakten Steuerung der XY-Position auch eine Winkelpositionierung erforderlich ist. Anwendbar f\u00fcr Tampondruckmaschinen, Spezialmaschinen, Fr\u00e4smaschinen, Kopfpositionierung und jede andere mechanische Anwendung, bei der eine XY-Position und eine G-Winkelsteuerung erforderlich sind. Die untere Basis erm\u00f6glicht eine 360 \u00b0 -Winkelpositionierung durch manuelles Drehen des XY-Tisches [&hellip;]\" \/>\n<meta property=\"og:url\" content=\"https:\/\/bazus.com\/xy-coordinate-tables\/gl-light-xy-coordinate-table-with-rotary-basis\/\" \/>\n<meta property=\"og:site_name\" content=\"Bazus\" \/>\n<meta property=\"article:modified_time\" content=\"2020-10-29T09:43:16+00:00\" \/>\n<meta property=\"og:image\" content=\"https:\/\/bazus.com\/wp-content\/uploads\/2020\/08\/GL-8_A.jpg\" \/>\n\t<meta property=\"og:image:width\" content=\"1920\" \/>\n\t<meta property=\"og:image:height\" content=\"1080\" \/>\n\t<meta property=\"og:image:type\" content=\"image\/jpeg\" \/>\n<meta name=\"twitter:card\" content=\"summary_large_image\" \/>\n<meta name=\"twitter:label1\" content=\"Gesch\u00e4tzte Lesezeit\" \/>\n\t<meta name=\"twitter:data1\" content=\"1\u00a0Minute\" \/>\n<script type=\"application\/ld+json\" class=\"yoast-schema-graph\">{\"@context\":\"https:\\\/\\\/schema.org\",\"@graph\":[{\"@type\":\"WebPage\",\"@id\":\"https:\\\/\\\/bazus.com\\\/xy-coordinate-tables\\\/gl-light-xy-coordinate-table-with-rotary-basis\\\/\",\"url\":\"https:\\\/\\\/bazus.com\\\/xy-coordinate-tables\\\/gl-light-xy-coordinate-table-with-rotary-basis\\\/\",\"name\":\"GL Serie leichte mit drehbarer Base - Bazus\",\"isPartOf\":{\"@id\":\"https:\\\/\\\/bazus.com\\\/#website\"},\"primaryImageOfPage\":{\"@id\":\"https:\\\/\\\/bazus.com\\\/xy-coordinate-tables\\\/gl-light-xy-coordinate-table-with-rotary-basis\\\/#primaryimage\"},\"image\":{\"@id\":\"https:\\\/\\\/bazus.com\\\/xy-coordinate-tables\\\/gl-light-xy-coordinate-table-with-rotary-basis\\\/#primaryimage\"},\"thumbnailUrl\":\"https:\\\/\\\/bazus.com\\\/wp-content\\\/uploads\\\/2020\\\/08\\\/GL-8_A.jpg\",\"datePublished\":\"2019-11-22T16:05:35+00:00\",\"dateModified\":\"2020-10-29T09:43:16+00:00\",\"breadcrumb\":{\"@id\":\"https:\\\/\\\/bazus.com\\\/xy-coordinate-tables\\\/gl-light-xy-coordinate-table-with-rotary-basis\\\/#breadcrumb\"},\"inLanguage\":\"de\",\"potentialAction\":[{\"@type\":\"ReadAction\",\"target\":[\"https:\\\/\\\/bazus.com\\\/xy-coordinate-tables\\\/gl-light-xy-coordinate-table-with-rotary-basis\\\/\"]}]},{\"@type\":\"ImageObject\",\"inLanguage\":\"de\",\"@id\":\"https:\\\/\\\/bazus.com\\\/xy-coordinate-tables\\\/gl-light-xy-coordinate-table-with-rotary-basis\\\/#primaryimage\",\"url\":\"https:\\\/\\\/bazus.com\\\/wp-content\\\/uploads\\\/2020\\\/08\\\/GL-8_A.jpg\",\"contentUrl\":\"https:\\\/\\\/bazus.com\\\/wp-content\\\/uploads\\\/2020\\\/08\\\/GL-8_A.jpg\",\"width\":1920,\"height\":1080},{\"@type\":\"BreadcrumbList\",\"@id\":\"https:\\\/\\\/bazus.com\\\/xy-coordinate-tables\\\/gl-light-xy-coordinate-table-with-rotary-basis\\\/#breadcrumb\",\"itemListElement\":[{\"@type\":\"ListItem\",\"position\":1,\"name\":\"Inicio\",\"item\":\"https:\\\/\\\/bazus.com\\\/de\\\/\"},{\"@type\":\"ListItem\",\"position\":2,\"name\":\"Koordinatentische XY\",\"item\":\"https:\\\/\\\/bazus.com\\\/de\\\/koordinatentische-xy\\\/\"},{\"@type\":\"ListItem\",\"position\":3,\"name\":\"GL Serie leichte mit drehbarer Base\"}]},{\"@type\":\"WebSite\",\"@id\":\"https:\\\/\\\/bazus.com\\\/#website\",\"url\":\"https:\\\/\\\/bazus.com\\\/\",\"name\":\"Bazus\",\"description\":\"Mesas de coordenadas confiables\",\"potentialAction\":[{\"@type\":\"SearchAction\",\"target\":{\"@type\":\"EntryPoint\",\"urlTemplate\":\"https:\\\/\\\/bazus.com\\\/?s={search_term_string}\"},\"query-input\":{\"@type\":\"PropertyValueSpecification\",\"valueRequired\":true,\"valueName\":\"search_term_string\"}}],\"inLanguage\":\"de\"}]}<\/script>\n<!-- \/ Yoast SEO plugin. -->","yoast_head_json":{"title":"GL Serie leichte mit drehbarer Base - Bazus","robots":{"index":"index","follow":"follow","max-snippet":"max-snippet:-1","max-image-preview":"max-image-preview:large","max-video-preview":"max-video-preview:-1"},"canonical":"https:\/\/bazus.com\/xy-coordinate-tables\/gl-light-xy-coordinate-table-with-rotary-basis\/","og_locale":"de_DE","og_type":"article","og_title":"GL Serie leichte mit drehbarer Base - Bazus","og_description":"Hochpr\u00e4ziser XY-Zweiachser-Leichter Koordinatentisch. Entwickelt f\u00fcr vollst\u00e4ndige Anpassungs- und Genauigkeitsarbeiten, bei denen neben der exakten Steuerung der XY-Position auch eine Winkelpositionierung erforderlich ist. Anwendbar f\u00fcr Tampondruckmaschinen, Spezialmaschinen, Fr\u00e4smaschinen, Kopfpositionierung und jede andere mechanische Anwendung, bei der eine XY-Position und eine G-Winkelsteuerung erforderlich sind. Die untere Basis erm\u00f6glicht eine 360 \u00b0 -Winkelpositionierung durch manuelles Drehen des XY-Tisches [&hellip;]","og_url":"https:\/\/bazus.com\/xy-coordinate-tables\/gl-light-xy-coordinate-table-with-rotary-basis\/","og_site_name":"Bazus","article_modified_time":"2020-10-29T09:43:16+00:00","og_image":[{"width":1920,"height":1080,"url":"https:\/\/bazus.com\/wp-content\/uploads\/2020\/08\/GL-8_A.jpg","type":"image\/jpeg"}],"twitter_card":"summary_large_image","twitter_misc":{"Gesch\u00e4tzte Lesezeit":"1\u00a0Minute"},"schema":{"@context":"https:\/\/schema.org","@graph":[{"@type":"WebPage","@id":"https:\/\/bazus.com\/xy-coordinate-tables\/gl-light-xy-coordinate-table-with-rotary-basis\/","url":"https:\/\/bazus.com\/xy-coordinate-tables\/gl-light-xy-coordinate-table-with-rotary-basis\/","name":"GL Serie leichte mit drehbarer Base - Bazus","isPartOf":{"@id":"https:\/\/bazus.com\/#website"},"primaryImageOfPage":{"@id":"https:\/\/bazus.com\/xy-coordinate-tables\/gl-light-xy-coordinate-table-with-rotary-basis\/#primaryimage"},"image":{"@id":"https:\/\/bazus.com\/xy-coordinate-tables\/gl-light-xy-coordinate-table-with-rotary-basis\/#primaryimage"},"thumbnailUrl":"https:\/\/bazus.com\/wp-content\/uploads\/2020\/08\/GL-8_A.jpg","datePublished":"2019-11-22T16:05:35+00:00","dateModified":"2020-10-29T09:43:16+00:00","breadcrumb":{"@id":"https:\/\/bazus.com\/xy-coordinate-tables\/gl-light-xy-coordinate-table-with-rotary-basis\/#breadcrumb"},"inLanguage":"de","potentialAction":[{"@type":"ReadAction","target":["https:\/\/bazus.com\/xy-coordinate-tables\/gl-light-xy-coordinate-table-with-rotary-basis\/"]}]},{"@type":"ImageObject","inLanguage":"de","@id":"https:\/\/bazus.com\/xy-coordinate-tables\/gl-light-xy-coordinate-table-with-rotary-basis\/#primaryimage","url":"https:\/\/bazus.com\/wp-content\/uploads\/2020\/08\/GL-8_A.jpg","contentUrl":"https:\/\/bazus.com\/wp-content\/uploads\/2020\/08\/GL-8_A.jpg","width":1920,"height":1080},{"@type":"BreadcrumbList","@id":"https:\/\/bazus.com\/xy-coordinate-tables\/gl-light-xy-coordinate-table-with-rotary-basis\/#breadcrumb","itemListElement":[{"@type":"ListItem","position":1,"name":"Inicio","item":"https:\/\/bazus.com\/de\/"},{"@type":"ListItem","position":2,"name":"Koordinatentische XY","item":"https:\/\/bazus.com\/de\/koordinatentische-xy\/"},{"@type":"ListItem","position":3,"name":"GL Serie leichte mit drehbarer Base"}]},{"@type":"WebSite","@id":"https:\/\/bazus.com\/#website","url":"https:\/\/bazus.com\/","name":"Bazus","description":"Mesas de coordenadas confiables","potentialAction":[{"@type":"SearchAction","target":{"@type":"EntryPoint","urlTemplate":"https:\/\/bazus.com\/?s={search_term_string}"},"query-input":{"@type":"PropertyValueSpecification","valueRequired":true,"valueName":"search_term_string"}}],"inLanguage":"de"}]}},"acf":[],"_links":{"self":[{"href":"https:\/\/bazus.com\/de\/wp-json\/wp\/v2\/pages\/4498","targetHints":{"allow":["GET"]}}],"collection":[{"href":"https:\/\/bazus.com\/de\/wp-json\/wp\/v2\/pages"}],"about":[{"href":"https:\/\/bazus.com\/de\/wp-json\/wp\/v2\/types\/page"}],"author":[{"embeddable":true,"href":"https:\/\/bazus.com\/de\/wp-json\/wp\/v2\/users\/1"}],"replies":[{"embeddable":true,"href":"https:\/\/bazus.com\/de\/wp-json\/wp\/v2\/comments?post=4498"}],"version-history":[{"count":2,"href":"https:\/\/bazus.com\/de\/wp-json\/wp\/v2\/pages\/4498\/revisions"}],"predecessor-version":[{"id":4571,"href":"https:\/\/bazus.com\/de\/wp-json\/wp\/v2\/pages\/4498\/revisions\/4571"}],"up":[{"embeddable":true,"href":"https:\/\/bazus.com\/de\/wp-json\/wp\/v2\/pages\/4132"}],"wp:featuredmedia":[{"embeddable":true,"href":"https:\/\/bazus.com\/de\/wp-json\/wp\/v2\/media\/1315"}],"wp:attachment":[{"href":"https:\/\/bazus.com\/de\/wp-json\/wp\/v2\/media?parent=4498"}],"curies":[{"name":"wp","href":"https:\/\/api.w.org\/{rel}","templated":true}]}}