{"id":4490,"date":"2020-08-21T10:50:30","date_gmt":"2020-08-21T08:50:30","guid":{"rendered":"https:\/\/bazus.com\/koordinatentische-xy\/fl-serie-ligera\/"},"modified":"2020-11-27T21:16:34","modified_gmt":"2020-11-27T20:16:34","slug":"fl-serie-leicht","status":"publish","type":"page","link":"https:\/\/bazus.com\/de\/koordinatentische-xy\/fl-serie-leicht\/","title":{"rendered":"FL Serie leicht"},"content":{"rendered":"<p>XY zweiachsige leichte Koordinatentische f\u00fcr den professionellen Einsatz.<\/p>\n<p>Entwickelt f\u00fcr hochpr\u00e4zise Arbeiten, bei denen eine genaue XY-Positionssteuerung erforderlich ist. Anwendbar f\u00fcr Tampondruckmaschinen, Spezialmaschinen, Fr\u00e4smaschinen, Kopfpositionierung und jede andere mechanische Anwendung, bei der eine XY-Positionssteuerung erforderlich ist.<\/p>\n<p>Alle Elemente der manuellen Koordinatentische der FL-Serie bestehen aus einer Eisenlegierung (hochwertiges stabilisiertes graues GG25-Gusseisen was ein au\u00dfergew\u00f6hnlicher mechanischer Widerstandt verleiht.<\/p>\n","protected":false},"excerpt":{"rendered":"<p>XY zweiachsige leichte Koordinatentische f\u00fcr den professionellen Einsatz. Entwickelt f\u00fcr hochpr\u00e4zise Arbeiten, bei denen eine genaue XY-Positionssteuerung erforderlich ist. Anwendbar f\u00fcr Tampondruckmaschinen, Spezialmaschinen, Fr\u00e4smaschinen, Kopfpositionierung und jede andere mechanische Anwendung, bei der eine XY-Positionssteuerung erforderlich ist. Alle Elemente der manuellen Koordinatentische der FL-Serie bestehen aus einer Eisenlegierung (hochwertiges stabilisiertes graues GG25-Gusseisen was ein au\u00dfergew\u00f6hnlicher mechanischer [&hellip;]<\/p>\n","protected":false},"author":7,"featured_media":1272,"parent":4132,"menu_order":1,"comment_status":"closed","ping_status":"closed","template":"producto.php","meta":{"footnotes":""},"class_list":["post-4490","page","type-page","status-publish","has-post-thumbnail","hentry"],"yoast_head":"<!-- This site is optimized with the Yoast SEO plugin v27.5 - https:\/\/yoast.com\/product\/yoast-seo-wordpress\/ -->\n<title>FL Serie leicht - Bazus<\/title>\n<meta name=\"description\" content=\"Hochpr\u00e4zise Tabelle f\u00fcr exakte XY-Positionskontrolle. Anwendung im Tampondruck, Spezialmaschinen, Fr\u00e4smaschinen und Kopfpositionierung\" \/>\n<meta name=\"robots\" content=\"index, follow, max-snippet:-1, max-image-preview:large, max-video-preview:-1\" \/>\n<link rel=\"canonical\" href=\"https:\/\/bazus.com\/xy-coordinate-tables\/fl-light-xy-coordinate-table\/\" \/>\n<meta property=\"og:locale\" content=\"de_DE\" \/>\n<meta property=\"og:type\" content=\"article\" \/>\n<meta property=\"og:title\" content=\"FL Serie leicht - Bazus\" \/>\n<meta property=\"og:description\" content=\"Hochpr\u00e4zise Tabelle f\u00fcr exakte XY-Positionskontrolle. Anwendung im Tampondruck, Spezialmaschinen, Fr\u00e4smaschinen und Kopfpositionierung\" \/>\n<meta property=\"og:url\" content=\"https:\/\/bazus.com\/xy-coordinate-tables\/fl-light-xy-coordinate-table\/\" \/>\n<meta property=\"og:site_name\" content=\"Bazus\" \/>\n<meta property=\"article:modified_time\" content=\"2020-11-27T20:16:34+00:00\" \/>\n<meta property=\"og:image\" content=\"https:\/\/bazus.com\/wp-content\/uploads\/2020\/08\/FL-8_A.jpg\" \/>\n\t<meta property=\"og:image:width\" content=\"1920\" \/>\n\t<meta property=\"og:image:height\" content=\"1080\" \/>\n\t<meta property=\"og:image:type\" content=\"image\/jpeg\" \/>\n<meta name=\"twitter:card\" content=\"summary_large_image\" \/>\n<script type=\"application\/ld+json\" class=\"yoast-schema-graph\">{\"@context\":\"https:\\\/\\\/schema.org\",\"@graph\":[{\"@type\":\"WebPage\",\"@id\":\"https:\\\/\\\/bazus.com\\\/xy-coordinate-tables\\\/fl-light-xy-coordinate-table\\\/\",\"url\":\"https:\\\/\\\/bazus.com\\\/xy-coordinate-tables\\\/fl-light-xy-coordinate-table\\\/\",\"name\":\"FL Serie leicht - Bazus\",\"isPartOf\":{\"@id\":\"https:\\\/\\\/bazus.com\\\/#website\"},\"primaryImageOfPage\":{\"@id\":\"https:\\\/\\\/bazus.com\\\/xy-coordinate-tables\\\/fl-light-xy-coordinate-table\\\/#primaryimage\"},\"image\":{\"@id\":\"https:\\\/\\\/bazus.com\\\/xy-coordinate-tables\\\/fl-light-xy-coordinate-table\\\/#primaryimage\"},\"thumbnailUrl\":\"https:\\\/\\\/bazus.com\\\/wp-content\\\/uploads\\\/2020\\\/08\\\/FL-8_A.jpg\",\"datePublished\":\"2020-08-21T08:50:30+00:00\",\"dateModified\":\"2020-11-27T20:16:34+00:00\",\"description\":\"Hochpr\u00e4zise Tabelle f\u00fcr exakte XY-Positionskontrolle. Anwendung im Tampondruck, Spezialmaschinen, Fr\u00e4smaschinen und Kopfpositionierung\",\"breadcrumb\":{\"@id\":\"https:\\\/\\\/bazus.com\\\/xy-coordinate-tables\\\/fl-light-xy-coordinate-table\\\/#breadcrumb\"},\"inLanguage\":\"de\",\"potentialAction\":[{\"@type\":\"ReadAction\",\"target\":[\"https:\\\/\\\/bazus.com\\\/xy-coordinate-tables\\\/fl-light-xy-coordinate-table\\\/\"]}]},{\"@type\":\"ImageObject\",\"inLanguage\":\"de\",\"@id\":\"https:\\\/\\\/bazus.com\\\/xy-coordinate-tables\\\/fl-light-xy-coordinate-table\\\/#primaryimage\",\"url\":\"https:\\\/\\\/bazus.com\\\/wp-content\\\/uploads\\\/2020\\\/08\\\/FL-8_A.jpg\",\"contentUrl\":\"https:\\\/\\\/bazus.com\\\/wp-content\\\/uploads\\\/2020\\\/08\\\/FL-8_A.jpg\",\"width\":1920,\"height\":1080},{\"@type\":\"BreadcrumbList\",\"@id\":\"https:\\\/\\\/bazus.com\\\/xy-coordinate-tables\\\/fl-light-xy-coordinate-table\\\/#breadcrumb\",\"itemListElement\":[{\"@type\":\"ListItem\",\"position\":1,\"name\":\"Inicio\",\"item\":\"https:\\\/\\\/bazus.com\\\/de\\\/\"},{\"@type\":\"ListItem\",\"position\":2,\"name\":\"Koordinatentische XY\",\"item\":\"https:\\\/\\\/bazus.com\\\/de\\\/koordinatentische-xy\\\/\"},{\"@type\":\"ListItem\",\"position\":3,\"name\":\"FL Serie leicht\"}]},{\"@type\":\"WebSite\",\"@id\":\"https:\\\/\\\/bazus.com\\\/#website\",\"url\":\"https:\\\/\\\/bazus.com\\\/\",\"name\":\"Bazus\",\"description\":\"Mesas de coordenadas confiables\",\"potentialAction\":[{\"@type\":\"SearchAction\",\"target\":{\"@type\":\"EntryPoint\",\"urlTemplate\":\"https:\\\/\\\/bazus.com\\\/?s={search_term_string}\"},\"query-input\":{\"@type\":\"PropertyValueSpecification\",\"valueRequired\":true,\"valueName\":\"search_term_string\"}}],\"inLanguage\":\"de\"}]}<\/script>\n<!-- \/ Yoast SEO plugin. -->","yoast_head_json":{"title":"FL Serie leicht - Bazus","description":"Hochpr\u00e4zise Tabelle f\u00fcr exakte XY-Positionskontrolle. Anwendung im Tampondruck, Spezialmaschinen, Fr\u00e4smaschinen und Kopfpositionierung","robots":{"index":"index","follow":"follow","max-snippet":"max-snippet:-1","max-image-preview":"max-image-preview:large","max-video-preview":"max-video-preview:-1"},"canonical":"https:\/\/bazus.com\/xy-coordinate-tables\/fl-light-xy-coordinate-table\/","og_locale":"de_DE","og_type":"article","og_title":"FL Serie leicht - Bazus","og_description":"Hochpr\u00e4zise Tabelle f\u00fcr exakte XY-Positionskontrolle. Anwendung im Tampondruck, Spezialmaschinen, Fr\u00e4smaschinen und Kopfpositionierung","og_url":"https:\/\/bazus.com\/xy-coordinate-tables\/fl-light-xy-coordinate-table\/","og_site_name":"Bazus","article_modified_time":"2020-11-27T20:16:34+00:00","og_image":[{"width":1920,"height":1080,"url":"https:\/\/bazus.com\/wp-content\/uploads\/2020\/08\/FL-8_A.jpg","type":"image\/jpeg"}],"twitter_card":"summary_large_image","schema":{"@context":"https:\/\/schema.org","@graph":[{"@type":"WebPage","@id":"https:\/\/bazus.com\/xy-coordinate-tables\/fl-light-xy-coordinate-table\/","url":"https:\/\/bazus.com\/xy-coordinate-tables\/fl-light-xy-coordinate-table\/","name":"FL Serie leicht - Bazus","isPartOf":{"@id":"https:\/\/bazus.com\/#website"},"primaryImageOfPage":{"@id":"https:\/\/bazus.com\/xy-coordinate-tables\/fl-light-xy-coordinate-table\/#primaryimage"},"image":{"@id":"https:\/\/bazus.com\/xy-coordinate-tables\/fl-light-xy-coordinate-table\/#primaryimage"},"thumbnailUrl":"https:\/\/bazus.com\/wp-content\/uploads\/2020\/08\/FL-8_A.jpg","datePublished":"2020-08-21T08:50:30+00:00","dateModified":"2020-11-27T20:16:34+00:00","description":"Hochpr\u00e4zise Tabelle f\u00fcr exakte XY-Positionskontrolle. Anwendung im Tampondruck, Spezialmaschinen, Fr\u00e4smaschinen und Kopfpositionierung","breadcrumb":{"@id":"https:\/\/bazus.com\/xy-coordinate-tables\/fl-light-xy-coordinate-table\/#breadcrumb"},"inLanguage":"de","potentialAction":[{"@type":"ReadAction","target":["https:\/\/bazus.com\/xy-coordinate-tables\/fl-light-xy-coordinate-table\/"]}]},{"@type":"ImageObject","inLanguage":"de","@id":"https:\/\/bazus.com\/xy-coordinate-tables\/fl-light-xy-coordinate-table\/#primaryimage","url":"https:\/\/bazus.com\/wp-content\/uploads\/2020\/08\/FL-8_A.jpg","contentUrl":"https:\/\/bazus.com\/wp-content\/uploads\/2020\/08\/FL-8_A.jpg","width":1920,"height":1080},{"@type":"BreadcrumbList","@id":"https:\/\/bazus.com\/xy-coordinate-tables\/fl-light-xy-coordinate-table\/#breadcrumb","itemListElement":[{"@type":"ListItem","position":1,"name":"Inicio","item":"https:\/\/bazus.com\/de\/"},{"@type":"ListItem","position":2,"name":"Koordinatentische XY","item":"https:\/\/bazus.com\/de\/koordinatentische-xy\/"},{"@type":"ListItem","position":3,"name":"FL Serie leicht"}]},{"@type":"WebSite","@id":"https:\/\/bazus.com\/#website","url":"https:\/\/bazus.com\/","name":"Bazus","description":"Mesas de coordenadas confiables","potentialAction":[{"@type":"SearchAction","target":{"@type":"EntryPoint","urlTemplate":"https:\/\/bazus.com\/?s={search_term_string}"},"query-input":{"@type":"PropertyValueSpecification","valueRequired":true,"valueName":"search_term_string"}}],"inLanguage":"de"}]}},"acf":[],"_links":{"self":[{"href":"https:\/\/bazus.com\/de\/wp-json\/wp\/v2\/pages\/4490","targetHints":{"allow":["GET"]}}],"collection":[{"href":"https:\/\/bazus.com\/de\/wp-json\/wp\/v2\/pages"}],"about":[{"href":"https:\/\/bazus.com\/de\/wp-json\/wp\/v2\/types\/page"}],"author":[{"embeddable":true,"href":"https:\/\/bazus.com\/de\/wp-json\/wp\/v2\/users\/7"}],"replies":[{"embeddable":true,"href":"https:\/\/bazus.com\/de\/wp-json\/wp\/v2\/comments?post=4490"}],"version-history":[{"count":2,"href":"https:\/\/bazus.com\/de\/wp-json\/wp\/v2\/pages\/4490\/revisions"}],"predecessor-version":[{"id":4567,"href":"https:\/\/bazus.com\/de\/wp-json\/wp\/v2\/pages\/4490\/revisions\/4567"}],"up":[{"embeddable":true,"href":"https:\/\/bazus.com\/de\/wp-json\/wp\/v2\/pages\/4132"}],"wp:featuredmedia":[{"embeddable":true,"href":"https:\/\/bazus.com\/de\/wp-json\/wp\/v2\/media\/1272"}],"wp:attachment":[{"href":"https:\/\/bazus.com\/de\/wp-json\/wp\/v2\/media?parent=4490"}],"curies":[{"name":"wp","href":"https:\/\/api.w.org\/{rel}","templated":true}]}}