{"id":4482,"date":"2020-08-21T10:28:18","date_gmt":"2020-08-21T08:28:18","guid":{"rendered":"https:\/\/bazus.com\/koordinatentische-xy\/mg-mesa-xy-estandar-con-base-giratoria\/"},"modified":"2021-04-30T10:37:38","modified_gmt":"2021-04-30T08:37:38","slug":"mg-standard-koordinatentisch-xy-mit-drehbarer-basis-mg-serie","status":"publish","type":"page","link":"https:\/\/bazus.com\/de\/koordinatentische-xy\/mg-standard-koordinatentisch-xy-mit-drehbarer-basis-mg-serie\/","title":{"rendered":"MG Standard Koordinatentisch XY mit drehbarer Basis MG Serie"},"content":{"rendered":"<p>Zweiachsige multifunktionale XY-Koordinatentische f\u00fcr den professionellen Einsatz.<\/p>\n<p>Entwickelt f\u00fcr hochpr\u00e4zise Arbeiten, bei denen neben der exakten Steuerung der XY-Position auch eine Winkelpositionierung erforderlich ist. Anwendung in Tampondruckmaschinen, Spezialmaschinen, Fr\u00e4smaschinen, Kopfpositionierung und jeder anderen mechanischen Anwendung, bei der eine XY-Position und eine G-Winkelsteuerung erforderlich sind.<\/p>\n<p>Die untere Basis erm\u00f6glicht eine 360 \u00b0 -Winkelpositionierung durch manuelles Drehen des XY-Tisches um eine Mittelachse. Es beinhaltet die Gravur eines abgestuften Sektors von 180, um das Winkelpositionierungsma\u00df messen zu k\u00f6nnen.<\/p>\n<p>Alle Elemente der manuellen Koordinatische der MG-Serie bestehen aus einer Eisenlegierung (hochwertiges stabilisiertes graues GG25-Gusseisen), was ein au\u00dfergew\u00f6hnlicher mechanischer Widerstandt verleiht.<\/p>\n","protected":false},"excerpt":{"rendered":"<p>Zweiachsige multifunktionale XY-Koordinatentische f\u00fcr den professionellen Einsatz. Entwickelt f\u00fcr hochpr\u00e4zise Arbeiten, bei denen neben der exakten Steuerung der XY-Position auch eine Winkelpositionierung erforderlich ist. Anwendung in Tampondruckmaschinen, Spezialmaschinen, Fr\u00e4smaschinen, Kopfpositionierung und jeder anderen mechanischen Anwendung, bei der eine XY-Position und eine G-Winkelsteuerung erforderlich sind. Die untere Basis erm\u00f6glicht eine 360 \u00b0 -Winkelpositionierung durch manuelles Drehen [&hellip;]<\/p>\n","protected":false},"author":7,"featured_media":1178,"parent":4132,"menu_order":1,"comment_status":"closed","ping_status":"closed","template":"producto.php","meta":{"footnotes":""},"class_list":["post-4482","page","type-page","status-publish","has-post-thumbnail","hentry"],"yoast_head":"<!-- This site is optimized with the Yoast SEO plugin v27.5 - https:\/\/yoast.com\/product\/yoast-seo-wordpress\/ -->\n<title>MG Standard Koordinatentisch XY mit drehbarer Basis MG Serie - Bazus<\/title>\n<meta name=\"robots\" content=\"index, follow, max-snippet:-1, max-image-preview:large, max-video-preview:-1\" \/>\n<link rel=\"canonical\" href=\"https:\/\/bazus.com\/xy-coordinate-tables\/mg-standard-xy-coordinate-table-with-rotary-basis\/\" \/>\n<meta property=\"og:locale\" content=\"de_DE\" \/>\n<meta property=\"og:type\" content=\"article\" \/>\n<meta property=\"og:title\" content=\"MG Standard Koordinatentisch XY mit drehbarer Basis MG Serie - Bazus\" \/>\n<meta property=\"og:description\" content=\"Zweiachsige multifunktionale XY-Koordinatentische f\u00fcr den professionellen Einsatz. Entwickelt f\u00fcr hochpr\u00e4zise Arbeiten, bei denen neben der exakten Steuerung der XY-Position auch eine Winkelpositionierung erforderlich ist. Anwendung in Tampondruckmaschinen, Spezialmaschinen, Fr\u00e4smaschinen, Kopfpositionierung und jeder anderen mechanischen Anwendung, bei der eine XY-Position und eine G-Winkelsteuerung erforderlich sind. Die untere Basis erm\u00f6glicht eine 360 \u00b0 -Winkelpositionierung durch manuelles Drehen [&hellip;]\" \/>\n<meta property=\"og:url\" content=\"https:\/\/bazus.com\/xy-coordinate-tables\/mg-standard-xy-coordinate-table-with-rotary-basis\/\" \/>\n<meta property=\"og:site_name\" content=\"Bazus\" \/>\n<meta property=\"article:modified_time\" content=\"2021-04-30T08:37:38+00:00\" \/>\n<meta property=\"og:image\" content=\"https:\/\/bazus.com\/wp-content\/uploads\/2020\/08\/MG-1_A.jpg\" \/>\n\t<meta property=\"og:image:width\" content=\"1920\" \/>\n\t<meta property=\"og:image:height\" content=\"1080\" \/>\n\t<meta property=\"og:image:type\" content=\"image\/jpeg\" \/>\n<meta name=\"twitter:card\" content=\"summary_large_image\" \/>\n<meta name=\"twitter:label1\" content=\"Gesch\u00e4tzte Lesezeit\" \/>\n\t<meta name=\"twitter:data1\" content=\"1\u00a0Minute\" \/>\n<script type=\"application\/ld+json\" class=\"yoast-schema-graph\">{\"@context\":\"https:\\\/\\\/schema.org\",\"@graph\":[{\"@type\":\"WebPage\",\"@id\":\"https:\\\/\\\/bazus.com\\\/xy-coordinate-tables\\\/mg-standard-xy-coordinate-table-with-rotary-basis\\\/\",\"url\":\"https:\\\/\\\/bazus.com\\\/xy-coordinate-tables\\\/mg-standard-xy-coordinate-table-with-rotary-basis\\\/\",\"name\":\"MG Standard Koordinatentisch XY mit drehbarer Basis MG Serie - Bazus\",\"isPartOf\":{\"@id\":\"https:\\\/\\\/bazus.com\\\/#website\"},\"primaryImageOfPage\":{\"@id\":\"https:\\\/\\\/bazus.com\\\/xy-coordinate-tables\\\/mg-standard-xy-coordinate-table-with-rotary-basis\\\/#primaryimage\"},\"image\":{\"@id\":\"https:\\\/\\\/bazus.com\\\/xy-coordinate-tables\\\/mg-standard-xy-coordinate-table-with-rotary-basis\\\/#primaryimage\"},\"thumbnailUrl\":\"https:\\\/\\\/bazus.com\\\/wp-content\\\/uploads\\\/2020\\\/08\\\/MG-1_A.jpg\",\"datePublished\":\"2020-08-21T08:28:18+00:00\",\"dateModified\":\"2021-04-30T08:37:38+00:00\",\"breadcrumb\":{\"@id\":\"https:\\\/\\\/bazus.com\\\/xy-coordinate-tables\\\/mg-standard-xy-coordinate-table-with-rotary-basis\\\/#breadcrumb\"},\"inLanguage\":\"de\",\"potentialAction\":[{\"@type\":\"ReadAction\",\"target\":[\"https:\\\/\\\/bazus.com\\\/xy-coordinate-tables\\\/mg-standard-xy-coordinate-table-with-rotary-basis\\\/\"]}]},{\"@type\":\"ImageObject\",\"inLanguage\":\"de\",\"@id\":\"https:\\\/\\\/bazus.com\\\/xy-coordinate-tables\\\/mg-standard-xy-coordinate-table-with-rotary-basis\\\/#primaryimage\",\"url\":\"https:\\\/\\\/bazus.com\\\/wp-content\\\/uploads\\\/2020\\\/08\\\/MG-1_A.jpg\",\"contentUrl\":\"https:\\\/\\\/bazus.com\\\/wp-content\\\/uploads\\\/2020\\\/08\\\/MG-1_A.jpg\",\"width\":1920,\"height\":1080},{\"@type\":\"BreadcrumbList\",\"@id\":\"https:\\\/\\\/bazus.com\\\/xy-coordinate-tables\\\/mg-standard-xy-coordinate-table-with-rotary-basis\\\/#breadcrumb\",\"itemListElement\":[{\"@type\":\"ListItem\",\"position\":1,\"name\":\"Inicio\",\"item\":\"https:\\\/\\\/bazus.com\\\/de\\\/\"},{\"@type\":\"ListItem\",\"position\":2,\"name\":\"Koordinatentische XY\",\"item\":\"https:\\\/\\\/bazus.com\\\/de\\\/koordinatentische-xy\\\/\"},{\"@type\":\"ListItem\",\"position\":3,\"name\":\"MG Standard Koordinatentisch XY mit drehbarer Basis MG Serie\"}]},{\"@type\":\"WebSite\",\"@id\":\"https:\\\/\\\/bazus.com\\\/#website\",\"url\":\"https:\\\/\\\/bazus.com\\\/\",\"name\":\"Bazus\",\"description\":\"Mesas de coordenadas confiables\",\"potentialAction\":[{\"@type\":\"SearchAction\",\"target\":{\"@type\":\"EntryPoint\",\"urlTemplate\":\"https:\\\/\\\/bazus.com\\\/?s={search_term_string}\"},\"query-input\":{\"@type\":\"PropertyValueSpecification\",\"valueRequired\":true,\"valueName\":\"search_term_string\"}}],\"inLanguage\":\"de\"}]}<\/script>\n<!-- \/ Yoast SEO plugin. -->","yoast_head_json":{"title":"MG Standard Koordinatentisch XY mit drehbarer Basis MG Serie - Bazus","robots":{"index":"index","follow":"follow","max-snippet":"max-snippet:-1","max-image-preview":"max-image-preview:large","max-video-preview":"max-video-preview:-1"},"canonical":"https:\/\/bazus.com\/xy-coordinate-tables\/mg-standard-xy-coordinate-table-with-rotary-basis\/","og_locale":"de_DE","og_type":"article","og_title":"MG Standard Koordinatentisch XY mit drehbarer Basis MG Serie - Bazus","og_description":"Zweiachsige multifunktionale XY-Koordinatentische f\u00fcr den professionellen Einsatz. Entwickelt f\u00fcr hochpr\u00e4zise Arbeiten, bei denen neben der exakten Steuerung der XY-Position auch eine Winkelpositionierung erforderlich ist. Anwendung in Tampondruckmaschinen, Spezialmaschinen, Fr\u00e4smaschinen, Kopfpositionierung und jeder anderen mechanischen Anwendung, bei der eine XY-Position und eine G-Winkelsteuerung erforderlich sind. Die untere Basis erm\u00f6glicht eine 360 \u00b0 -Winkelpositionierung durch manuelles Drehen [&hellip;]","og_url":"https:\/\/bazus.com\/xy-coordinate-tables\/mg-standard-xy-coordinate-table-with-rotary-basis\/","og_site_name":"Bazus","article_modified_time":"2021-04-30T08:37:38+00:00","og_image":[{"width":1920,"height":1080,"url":"https:\/\/bazus.com\/wp-content\/uploads\/2020\/08\/MG-1_A.jpg","type":"image\/jpeg"}],"twitter_card":"summary_large_image","twitter_misc":{"Gesch\u00e4tzte Lesezeit":"1\u00a0Minute"},"schema":{"@context":"https:\/\/schema.org","@graph":[{"@type":"WebPage","@id":"https:\/\/bazus.com\/xy-coordinate-tables\/mg-standard-xy-coordinate-table-with-rotary-basis\/","url":"https:\/\/bazus.com\/xy-coordinate-tables\/mg-standard-xy-coordinate-table-with-rotary-basis\/","name":"MG Standard Koordinatentisch XY mit drehbarer Basis MG Serie - Bazus","isPartOf":{"@id":"https:\/\/bazus.com\/#website"},"primaryImageOfPage":{"@id":"https:\/\/bazus.com\/xy-coordinate-tables\/mg-standard-xy-coordinate-table-with-rotary-basis\/#primaryimage"},"image":{"@id":"https:\/\/bazus.com\/xy-coordinate-tables\/mg-standard-xy-coordinate-table-with-rotary-basis\/#primaryimage"},"thumbnailUrl":"https:\/\/bazus.com\/wp-content\/uploads\/2020\/08\/MG-1_A.jpg","datePublished":"2020-08-21T08:28:18+00:00","dateModified":"2021-04-30T08:37:38+00:00","breadcrumb":{"@id":"https:\/\/bazus.com\/xy-coordinate-tables\/mg-standard-xy-coordinate-table-with-rotary-basis\/#breadcrumb"},"inLanguage":"de","potentialAction":[{"@type":"ReadAction","target":["https:\/\/bazus.com\/xy-coordinate-tables\/mg-standard-xy-coordinate-table-with-rotary-basis\/"]}]},{"@type":"ImageObject","inLanguage":"de","@id":"https:\/\/bazus.com\/xy-coordinate-tables\/mg-standard-xy-coordinate-table-with-rotary-basis\/#primaryimage","url":"https:\/\/bazus.com\/wp-content\/uploads\/2020\/08\/MG-1_A.jpg","contentUrl":"https:\/\/bazus.com\/wp-content\/uploads\/2020\/08\/MG-1_A.jpg","width":1920,"height":1080},{"@type":"BreadcrumbList","@id":"https:\/\/bazus.com\/xy-coordinate-tables\/mg-standard-xy-coordinate-table-with-rotary-basis\/#breadcrumb","itemListElement":[{"@type":"ListItem","position":1,"name":"Inicio","item":"https:\/\/bazus.com\/de\/"},{"@type":"ListItem","position":2,"name":"Koordinatentische XY","item":"https:\/\/bazus.com\/de\/koordinatentische-xy\/"},{"@type":"ListItem","position":3,"name":"MG Standard Koordinatentisch XY mit drehbarer Basis MG Serie"}]},{"@type":"WebSite","@id":"https:\/\/bazus.com\/#website","url":"https:\/\/bazus.com\/","name":"Bazus","description":"Mesas de coordenadas confiables","potentialAction":[{"@type":"SearchAction","target":{"@type":"EntryPoint","urlTemplate":"https:\/\/bazus.com\/?s={search_term_string}"},"query-input":{"@type":"PropertyValueSpecification","valueRequired":true,"valueName":"search_term_string"}}],"inLanguage":"de"}]}},"acf":[],"_links":{"self":[{"href":"https:\/\/bazus.com\/de\/wp-json\/wp\/v2\/pages\/4482","targetHints":{"allow":["GET"]}}],"collection":[{"href":"https:\/\/bazus.com\/de\/wp-json\/wp\/v2\/pages"}],"about":[{"href":"https:\/\/bazus.com\/de\/wp-json\/wp\/v2\/types\/page"}],"author":[{"embeddable":true,"href":"https:\/\/bazus.com\/de\/wp-json\/wp\/v2\/users\/7"}],"replies":[{"embeddable":true,"href":"https:\/\/bazus.com\/de\/wp-json\/wp\/v2\/comments?post=4482"}],"version-history":[{"count":5,"href":"https:\/\/bazus.com\/de\/wp-json\/wp\/v2\/pages\/4482\/revisions"}],"predecessor-version":[{"id":5121,"href":"https:\/\/bazus.com\/de\/wp-json\/wp\/v2\/pages\/4482\/revisions\/5121"}],"up":[{"embeddable":true,"href":"https:\/\/bazus.com\/de\/wp-json\/wp\/v2\/pages\/4132"}],"wp:featuredmedia":[{"embeddable":true,"href":"https:\/\/bazus.com\/de\/wp-json\/wp\/v2\/media\/1178"}],"wp:attachment":[{"href":"https:\/\/bazus.com\/de\/wp-json\/wp\/v2\/media?parent=4482"}],"curies":[{"name":"wp","href":"https:\/\/api.w.org\/{rel}","templated":true}]}}