{"id":4459,"date":"2019-11-22T17:05:36","date_gmt":"2019-11-22T16:05:36","guid":{"rendered":"https:\/\/bazus.com\/koordintatentische-cnc\/mn-mesa-xy-para-cargas-pesadas\/"},"modified":"2021-04-30T10:44:21","modified_gmt":"2021-04-30T08:44:21","slug":"mn-koordinatentisch-xy-fuer-schwere-lasten","status":"publish","type":"page","link":"https:\/\/bazus.com\/de\/koordintatentische-cnc\/mn-koordinatentisch-xy-fuer-schwere-lasten\/","title":{"rendered":"MN Koordinatentisch XY fuer schwere Lasten"},"content":{"rendered":"<p>Koordinatentisch f\u00fcr schwere Lasten mit zwei automatischen XY-Achsen f\u00fcr den professionellen Einsatz.<\/p>\n<p>Die MN-Serie wurde f\u00fcr das automatische Arbeiten mit schweren Lasten entwickelt und ist ein optimaler Koordinatentisch f\u00fcr alle Arten von automatischen Bewegungen in einer industriellen Umgebung: Bohren, Fr\u00e4sen, Schleifen, Schwei\u00dfen, Transfersysteme, industrielle Gravur, automatische Positionierung von Laser- und optischen Systemen, Bewegung von autonomen Werkzeughaltern und \/ oder K\u00f6pfen sowie bei jeder anderen mechanischen Anwendung, bei der eine automatische Steuerung der XY-Position erforderlich ist.<\/p>\n<p>Das solide und robuste Design erm\u00f6glicht die Ausf\u00fchrung einer gro\u00dfen Anzahl von Arbeiten unter Beibehaltung der vollst\u00e4ndigen Einstell- und Positionierungsgenauigkeit sowie der hohen Wiederholungen aus jeder linearen Positionierung. Eine Koordinatentisch, der sich in der Branche durch hervorragende Leistungen auszeichnet.<\/p>\n<p>Alle Elemente der automatischen Koordinatentische der KN-Serie bestehen aus einer Eisenlegierung (hochwertiges stabilisiertes graues GG25-Gusseisen), was ein au\u00dfergew\u00f6hnlicher mechanischer Widerstandt verleiht.<\/p>\n","protected":false},"excerpt":{"rendered":"<p>Koordinatentisch f\u00fcr schwere Lasten mit zwei automatischen XY-Achsen f\u00fcr den professionellen Einsatz. Die MN-Serie wurde f\u00fcr das automatische Arbeiten mit schweren Lasten entwickelt und ist ein optimaler Koordinatentisch f\u00fcr alle Arten von automatischen Bewegungen in einer industriellen Umgebung: Bohren, Fr\u00e4sen, Schleifen, Schwei\u00dfen, Transfersysteme, industrielle Gravur, automatische Positionierung von Laser- und optischen Systemen, Bewegung von autonomen [&hellip;]<\/p>\n","protected":false},"author":1,"featured_media":2084,"parent":4390,"menu_order":22,"comment_status":"closed","ping_status":"closed","template":"producto.php","meta":{"footnotes":""},"class_list":["post-4459","page","type-page","status-publish","has-post-thumbnail","hentry"],"yoast_head":"<!-- This site is optimized with the Yoast SEO plugin v27.5 - https:\/\/yoast.com\/product\/yoast-seo-wordpress\/ -->\n<title>MN Koordinatentisch XY fuer schwere Lasten - Bazus<\/title>\n<meta name=\"robots\" content=\"index, follow, max-snippet:-1, max-image-preview:large, max-video-preview:-1\" \/>\n<link rel=\"canonical\" href=\"https:\/\/bazus.com\/cnc-coordinate-tables\/mn-automatic-xy-crosstables-for-heavy-loads\/\" \/>\n<meta property=\"og:locale\" content=\"de_DE\" \/>\n<meta property=\"og:type\" content=\"article\" \/>\n<meta property=\"og:title\" content=\"MN Koordinatentisch XY fuer schwere Lasten - Bazus\" \/>\n<meta property=\"og:description\" content=\"Koordinatentisch f\u00fcr schwere Lasten mit zwei automatischen XY-Achsen f\u00fcr den professionellen Einsatz. Die MN-Serie wurde f\u00fcr das automatische Arbeiten mit schweren Lasten entwickelt und ist ein optimaler Koordinatentisch f\u00fcr alle Arten von automatischen Bewegungen in einer industriellen Umgebung: Bohren, Fr\u00e4sen, Schleifen, Schwei\u00dfen, Transfersysteme, industrielle Gravur, automatische Positionierung von Laser- und optischen Systemen, Bewegung von autonomen [&hellip;]\" \/>\n<meta property=\"og:url\" content=\"https:\/\/bazus.com\/cnc-coordinate-tables\/mn-automatic-xy-crosstables-for-heavy-loads\/\" \/>\n<meta property=\"og:site_name\" content=\"Bazus\" \/>\n<meta property=\"article:modified_time\" content=\"2021-04-30T08:44:21+00:00\" \/>\n<meta property=\"og:image\" content=\"https:\/\/bazus.com\/wp-content\/uploads\/2020\/08\/MN-1_A.jpg\" \/>\n\t<meta property=\"og:image:width\" content=\"1920\" \/>\n\t<meta property=\"og:image:height\" content=\"1080\" \/>\n\t<meta property=\"og:image:type\" content=\"image\/jpeg\" \/>\n<meta name=\"twitter:card\" content=\"summary_large_image\" \/>\n<meta name=\"twitter:label1\" content=\"Gesch\u00e4tzte Lesezeit\" \/>\n\t<meta name=\"twitter:data1\" content=\"1\u00a0Minute\" \/>\n<script type=\"application\/ld+json\" class=\"yoast-schema-graph\">{\"@context\":\"https:\\\/\\\/schema.org\",\"@graph\":[{\"@type\":\"WebPage\",\"@id\":\"https:\\\/\\\/bazus.com\\\/cnc-coordinate-tables\\\/mn-automatic-xy-crosstables-for-heavy-loads\\\/\",\"url\":\"https:\\\/\\\/bazus.com\\\/cnc-coordinate-tables\\\/mn-automatic-xy-crosstables-for-heavy-loads\\\/\",\"name\":\"MN Koordinatentisch XY fuer schwere Lasten - Bazus\",\"isPartOf\":{\"@id\":\"https:\\\/\\\/bazus.com\\\/#website\"},\"primaryImageOfPage\":{\"@id\":\"https:\\\/\\\/bazus.com\\\/cnc-coordinate-tables\\\/mn-automatic-xy-crosstables-for-heavy-loads\\\/#primaryimage\"},\"image\":{\"@id\":\"https:\\\/\\\/bazus.com\\\/cnc-coordinate-tables\\\/mn-automatic-xy-crosstables-for-heavy-loads\\\/#primaryimage\"},\"thumbnailUrl\":\"https:\\\/\\\/bazus.com\\\/wp-content\\\/uploads\\\/2020\\\/08\\\/MN-1_A.jpg\",\"datePublished\":\"2019-11-22T16:05:36+00:00\",\"dateModified\":\"2021-04-30T08:44:21+00:00\",\"breadcrumb\":{\"@id\":\"https:\\\/\\\/bazus.com\\\/cnc-coordinate-tables\\\/mn-automatic-xy-crosstables-for-heavy-loads\\\/#breadcrumb\"},\"inLanguage\":\"de\",\"potentialAction\":[{\"@type\":\"ReadAction\",\"target\":[\"https:\\\/\\\/bazus.com\\\/cnc-coordinate-tables\\\/mn-automatic-xy-crosstables-for-heavy-loads\\\/\"]}]},{\"@type\":\"ImageObject\",\"inLanguage\":\"de\",\"@id\":\"https:\\\/\\\/bazus.com\\\/cnc-coordinate-tables\\\/mn-automatic-xy-crosstables-for-heavy-loads\\\/#primaryimage\",\"url\":\"https:\\\/\\\/bazus.com\\\/wp-content\\\/uploads\\\/2020\\\/08\\\/MN-1_A.jpg\",\"contentUrl\":\"https:\\\/\\\/bazus.com\\\/wp-content\\\/uploads\\\/2020\\\/08\\\/MN-1_A.jpg\",\"width\":1920,\"height\":1080},{\"@type\":\"BreadcrumbList\",\"@id\":\"https:\\\/\\\/bazus.com\\\/cnc-coordinate-tables\\\/mn-automatic-xy-crosstables-for-heavy-loads\\\/#breadcrumb\",\"itemListElement\":[{\"@type\":\"ListItem\",\"position\":1,\"name\":\"Inicio\",\"item\":\"https:\\\/\\\/bazus.com\\\/de\\\/\"},{\"@type\":\"ListItem\",\"position\":2,\"name\":\"Koordintatentische CNC\",\"item\":\"https:\\\/\\\/bazus.com\\\/cnc-coordinate-tables\\\/\"},{\"@type\":\"ListItem\",\"position\":3,\"name\":\"MN Koordinatentisch XY fuer schwere Lasten\"}]},{\"@type\":\"WebSite\",\"@id\":\"https:\\\/\\\/bazus.com\\\/#website\",\"url\":\"https:\\\/\\\/bazus.com\\\/\",\"name\":\"Bazus\",\"description\":\"Mesas de coordenadas confiables\",\"potentialAction\":[{\"@type\":\"SearchAction\",\"target\":{\"@type\":\"EntryPoint\",\"urlTemplate\":\"https:\\\/\\\/bazus.com\\\/?s={search_term_string}\"},\"query-input\":{\"@type\":\"PropertyValueSpecification\",\"valueRequired\":true,\"valueName\":\"search_term_string\"}}],\"inLanguage\":\"de\"}]}<\/script>\n<!-- \/ Yoast SEO plugin. -->","yoast_head_json":{"title":"MN Koordinatentisch XY fuer schwere Lasten - Bazus","robots":{"index":"index","follow":"follow","max-snippet":"max-snippet:-1","max-image-preview":"max-image-preview:large","max-video-preview":"max-video-preview:-1"},"canonical":"https:\/\/bazus.com\/cnc-coordinate-tables\/mn-automatic-xy-crosstables-for-heavy-loads\/","og_locale":"de_DE","og_type":"article","og_title":"MN Koordinatentisch XY fuer schwere Lasten - Bazus","og_description":"Koordinatentisch f\u00fcr schwere Lasten mit zwei automatischen XY-Achsen f\u00fcr den professionellen Einsatz. Die MN-Serie wurde f\u00fcr das automatische Arbeiten mit schweren Lasten entwickelt und ist ein optimaler Koordinatentisch f\u00fcr alle Arten von automatischen Bewegungen in einer industriellen Umgebung: Bohren, Fr\u00e4sen, Schleifen, Schwei\u00dfen, Transfersysteme, industrielle Gravur, automatische Positionierung von Laser- und optischen Systemen, Bewegung von autonomen [&hellip;]","og_url":"https:\/\/bazus.com\/cnc-coordinate-tables\/mn-automatic-xy-crosstables-for-heavy-loads\/","og_site_name":"Bazus","article_modified_time":"2021-04-30T08:44:21+00:00","og_image":[{"width":1920,"height":1080,"url":"https:\/\/bazus.com\/wp-content\/uploads\/2020\/08\/MN-1_A.jpg","type":"image\/jpeg"}],"twitter_card":"summary_large_image","twitter_misc":{"Gesch\u00e4tzte Lesezeit":"1\u00a0Minute"},"schema":{"@context":"https:\/\/schema.org","@graph":[{"@type":"WebPage","@id":"https:\/\/bazus.com\/cnc-coordinate-tables\/mn-automatic-xy-crosstables-for-heavy-loads\/","url":"https:\/\/bazus.com\/cnc-coordinate-tables\/mn-automatic-xy-crosstables-for-heavy-loads\/","name":"MN Koordinatentisch XY fuer schwere Lasten - Bazus","isPartOf":{"@id":"https:\/\/bazus.com\/#website"},"primaryImageOfPage":{"@id":"https:\/\/bazus.com\/cnc-coordinate-tables\/mn-automatic-xy-crosstables-for-heavy-loads\/#primaryimage"},"image":{"@id":"https:\/\/bazus.com\/cnc-coordinate-tables\/mn-automatic-xy-crosstables-for-heavy-loads\/#primaryimage"},"thumbnailUrl":"https:\/\/bazus.com\/wp-content\/uploads\/2020\/08\/MN-1_A.jpg","datePublished":"2019-11-22T16:05:36+00:00","dateModified":"2021-04-30T08:44:21+00:00","breadcrumb":{"@id":"https:\/\/bazus.com\/cnc-coordinate-tables\/mn-automatic-xy-crosstables-for-heavy-loads\/#breadcrumb"},"inLanguage":"de","potentialAction":[{"@type":"ReadAction","target":["https:\/\/bazus.com\/cnc-coordinate-tables\/mn-automatic-xy-crosstables-for-heavy-loads\/"]}]},{"@type":"ImageObject","inLanguage":"de","@id":"https:\/\/bazus.com\/cnc-coordinate-tables\/mn-automatic-xy-crosstables-for-heavy-loads\/#primaryimage","url":"https:\/\/bazus.com\/wp-content\/uploads\/2020\/08\/MN-1_A.jpg","contentUrl":"https:\/\/bazus.com\/wp-content\/uploads\/2020\/08\/MN-1_A.jpg","width":1920,"height":1080},{"@type":"BreadcrumbList","@id":"https:\/\/bazus.com\/cnc-coordinate-tables\/mn-automatic-xy-crosstables-for-heavy-loads\/#breadcrumb","itemListElement":[{"@type":"ListItem","position":1,"name":"Inicio","item":"https:\/\/bazus.com\/de\/"},{"@type":"ListItem","position":2,"name":"Koordintatentische CNC","item":"https:\/\/bazus.com\/cnc-coordinate-tables\/"},{"@type":"ListItem","position":3,"name":"MN Koordinatentisch XY fuer schwere Lasten"}]},{"@type":"WebSite","@id":"https:\/\/bazus.com\/#website","url":"https:\/\/bazus.com\/","name":"Bazus","description":"Mesas de coordenadas confiables","potentialAction":[{"@type":"SearchAction","target":{"@type":"EntryPoint","urlTemplate":"https:\/\/bazus.com\/?s={search_term_string}"},"query-input":{"@type":"PropertyValueSpecification","valueRequired":true,"valueName":"search_term_string"}}],"inLanguage":"de"}]}},"acf":[],"_links":{"self":[{"href":"https:\/\/bazus.com\/de\/wp-json\/wp\/v2\/pages\/4459","targetHints":{"allow":["GET"]}}],"collection":[{"href":"https:\/\/bazus.com\/de\/wp-json\/wp\/v2\/pages"}],"about":[{"href":"https:\/\/bazus.com\/de\/wp-json\/wp\/v2\/types\/page"}],"author":[{"embeddable":true,"href":"https:\/\/bazus.com\/de\/wp-json\/wp\/v2\/users\/1"}],"replies":[{"embeddable":true,"href":"https:\/\/bazus.com\/de\/wp-json\/wp\/v2\/comments?post=4459"}],"version-history":[{"count":5,"href":"https:\/\/bazus.com\/de\/wp-json\/wp\/v2\/pages\/4459\/revisions"}],"predecessor-version":[{"id":5129,"href":"https:\/\/bazus.com\/de\/wp-json\/wp\/v2\/pages\/4459\/revisions\/5129"}],"up":[{"embeddable":true,"href":"https:\/\/bazus.com\/de\/wp-json\/wp\/v2\/pages\/4390"}],"wp:featuredmedia":[{"embeddable":true,"href":"https:\/\/bazus.com\/de\/wp-json\/wp\/v2\/media\/2084"}],"wp:attachment":[{"href":"https:\/\/bazus.com\/de\/wp-json\/wp\/v2\/media?parent=4459"}],"curies":[{"name":"wp","href":"https:\/\/api.w.org\/{rel}","templated":true}]}}