{"id":4447,"date":"2020-08-21T10:08:49","date_gmt":"2020-08-21T08:08:49","guid":{"rendered":"https:\/\/bazus.com\/koordinatentische-xy\/mf-drill-mesa-xy-para-taladros\/"},"modified":"2021-04-30T10:35:19","modified_gmt":"2021-04-30T08:35:19","slug":"mf-drill-koordinatentisch-xy-fuer-bohrer","status":"publish","type":"page","link":"https:\/\/bazus.com\/de\/koordinatentische-xy\/mf-drill-koordinatentisch-xy-fuer-bohrer\/","title":{"rendered":"MF DRILL. Koordinatentisch XY fuer Bohrer"},"content":{"rendered":"<p>Fixe XY-Zweiachsen-Multifunktions-Koordinatentisch f\u00fcr den professionellen Einsatz an Maschinen mit K\u00fchlmittel.<\/p>\n<p>Die Koordinatische der MF DRILL-Serie wurden f\u00fcr Pr\u00e4zisionsarbeiten entwickelt und ist analog zur MF-Serie, jedoch f\u00fcr Arbeiten mit K\u00fchlmitteln, Bohrern usw. Die DRILL-Ausr\u00fcstung umfasst: Nuten f\u00fcr die K\u00e4ltemittelsammlung, ein Lenkrad mit gro\u00dfem Durchmesser, Teleskopschutz auf der L\u00e4ngsachse f\u00fcr den Mutter- und Spindelmechanismus und einen einstellbaren Anschlag f\u00fcr den X-Hub.<\/p>\n<p>Der MF DRILL-Koordinatentisch ist optimal f\u00fcr Bohranwendungen, vertikales und horizontales Bohren, Fr\u00e4sen, Schwei\u00dfen, Transfersysteme, Werkzeughalter und f\u00fcr alle mechanische Anwendung, bei der eine genaue Steuerung der XY-Position erforderlich ist.<\/p>\n<p>Das robuste Design des linearen Tisches erm\u00f6glicht die Ausf\u00fchrung einer gro\u00dfen Anzahl von Arbeiten unter Beibehaltung der Positioniergenauigkeit und Wiederholungen aus jeder linearen Positionierung. Ein Industriestandard und eine robuste Koordinatentabelle, die eine lange Lebensdauer gew\u00e4hrleistet.<\/p>\n<p>Alle Elemente der manuellen Koordinatentabellen der MF DRILL-Serie bestehen aus einer Eisenlegierung (hochwertiges GG25-stabilisiertes Grauguss was ein au\u00dfergew\u00f6hnlicher mechanischer Widerstandt verleiht<\/p>\n","protected":false},"excerpt":{"rendered":"<p>Fixe XY-Zweiachsen-Multifunktions-Koordinatentisch f\u00fcr den professionellen Einsatz an Maschinen mit K\u00fchlmittel. Die Koordinatische der MF DRILL-Serie wurden f\u00fcr Pr\u00e4zisionsarbeiten entwickelt und ist analog zur MF-Serie, jedoch f\u00fcr Arbeiten mit K\u00fchlmitteln, Bohrern usw. Die DRILL-Ausr\u00fcstung umfasst: Nuten f\u00fcr die K\u00e4ltemittelsammlung, ein Lenkrad mit gro\u00dfem Durchmesser, Teleskopschutz auf der L\u00e4ngsachse f\u00fcr den Mutter- und Spindelmechanismus und einen einstellbaren [&hellip;]<\/p>\n","protected":false},"author":7,"featured_media":956,"parent":4132,"menu_order":1,"comment_status":"closed","ping_status":"closed","template":"producto.php","meta":{"footnotes":""},"class_list":["post-4447","page","type-page","status-publish","has-post-thumbnail","hentry"],"yoast_head":"<!-- This site is optimized with the Yoast SEO plugin v27.5 - https:\/\/yoast.com\/product\/yoast-seo-wordpress\/ -->\n<title>MF DRILL. Koordinatentisch XY fuer Bohrer - Bazus<\/title>\n<meta name=\"robots\" content=\"index, follow, max-snippet:-1, max-image-preview:large, max-video-preview:-1\" \/>\n<link rel=\"canonical\" href=\"https:\/\/bazus.com\/de\/koordinatentische-xy\/mf-drill-koordinatentisch-xy-fuer-bohrer\/\" \/>\n<meta property=\"og:locale\" content=\"de_DE\" \/>\n<meta property=\"og:type\" content=\"article\" \/>\n<meta property=\"og:title\" content=\"MF DRILL. Koordinatentisch XY fuer Bohrer - Bazus\" \/>\n<meta property=\"og:description\" content=\"Fixe XY-Zweiachsen-Multifunktions-Koordinatentisch f\u00fcr den professionellen Einsatz an Maschinen mit K\u00fchlmittel. Die Koordinatische der MF DRILL-Serie wurden f\u00fcr Pr\u00e4zisionsarbeiten entwickelt und ist analog zur MF-Serie, jedoch f\u00fcr Arbeiten mit K\u00fchlmitteln, Bohrern usw. Die DRILL-Ausr\u00fcstung umfasst: Nuten f\u00fcr die K\u00e4ltemittelsammlung, ein Lenkrad mit gro\u00dfem Durchmesser, Teleskopschutz auf der L\u00e4ngsachse f\u00fcr den Mutter- und Spindelmechanismus und einen einstellbaren [&hellip;]\" \/>\n<meta property=\"og:url\" content=\"https:\/\/bazus.com\/de\/koordinatentische-xy\/mf-drill-koordinatentisch-xy-fuer-bohrer\/\" \/>\n<meta property=\"og:site_name\" content=\"Bazus\" \/>\n<meta property=\"article:modified_time\" content=\"2021-04-30T08:35:19+00:00\" \/>\n<meta property=\"og:image\" content=\"https:\/\/bazus.com\/wp-content\/uploads\/2020\/08\/MF-1_A.jpg\" \/>\n\t<meta property=\"og:image:width\" content=\"1920\" \/>\n\t<meta property=\"og:image:height\" content=\"1080\" \/>\n\t<meta property=\"og:image:type\" content=\"image\/jpeg\" \/>\n<meta name=\"twitter:card\" content=\"summary_large_image\" \/>\n<meta name=\"twitter:label1\" content=\"Gesch\u00e4tzte Lesezeit\" \/>\n\t<meta name=\"twitter:data1\" content=\"1\u00a0Minute\" \/>\n<script type=\"application\/ld+json\" class=\"yoast-schema-graph\">{\"@context\":\"https:\\\/\\\/schema.org\",\"@graph\":[{\"@type\":\"WebPage\",\"@id\":\"https:\\\/\\\/bazus.com\\\/de\\\/koordinatentische-xy\\\/mf-drill-koordinatentisch-xy-fuer-bohrer\\\/\",\"url\":\"https:\\\/\\\/bazus.com\\\/de\\\/koordinatentische-xy\\\/mf-drill-koordinatentisch-xy-fuer-bohrer\\\/\",\"name\":\"MF DRILL. Koordinatentisch XY fuer Bohrer - Bazus\",\"isPartOf\":{\"@id\":\"https:\\\/\\\/bazus.com\\\/#website\"},\"primaryImageOfPage\":{\"@id\":\"https:\\\/\\\/bazus.com\\\/de\\\/koordinatentische-xy\\\/mf-drill-koordinatentisch-xy-fuer-bohrer\\\/#primaryimage\"},\"image\":{\"@id\":\"https:\\\/\\\/bazus.com\\\/de\\\/koordinatentische-xy\\\/mf-drill-koordinatentisch-xy-fuer-bohrer\\\/#primaryimage\"},\"thumbnailUrl\":\"https:\\\/\\\/bazus.com\\\/wp-content\\\/uploads\\\/2020\\\/08\\\/MF-1_A.jpg\",\"datePublished\":\"2020-08-21T08:08:49+00:00\",\"dateModified\":\"2021-04-30T08:35:19+00:00\",\"breadcrumb\":{\"@id\":\"https:\\\/\\\/bazus.com\\\/de\\\/koordinatentische-xy\\\/mf-drill-koordinatentisch-xy-fuer-bohrer\\\/#breadcrumb\"},\"inLanguage\":\"de\",\"potentialAction\":[{\"@type\":\"ReadAction\",\"target\":[\"https:\\\/\\\/bazus.com\\\/de\\\/koordinatentische-xy\\\/mf-drill-koordinatentisch-xy-fuer-bohrer\\\/\"]}]},{\"@type\":\"ImageObject\",\"inLanguage\":\"de\",\"@id\":\"https:\\\/\\\/bazus.com\\\/de\\\/koordinatentische-xy\\\/mf-drill-koordinatentisch-xy-fuer-bohrer\\\/#primaryimage\",\"url\":\"https:\\\/\\\/bazus.com\\\/wp-content\\\/uploads\\\/2020\\\/08\\\/MF-1_A.jpg\",\"contentUrl\":\"https:\\\/\\\/bazus.com\\\/wp-content\\\/uploads\\\/2020\\\/08\\\/MF-1_A.jpg\",\"width\":1920,\"height\":1080},{\"@type\":\"BreadcrumbList\",\"@id\":\"https:\\\/\\\/bazus.com\\\/de\\\/koordinatentische-xy\\\/mf-drill-koordinatentisch-xy-fuer-bohrer\\\/#breadcrumb\",\"itemListElement\":[{\"@type\":\"ListItem\",\"position\":1,\"name\":\"Inicio\",\"item\":\"https:\\\/\\\/bazus.com\\\/de\\\/\"},{\"@type\":\"ListItem\",\"position\":2,\"name\":\"Koordinatentische XY\",\"item\":\"https:\\\/\\\/bazus.com\\\/de\\\/koordinatentische-xy\\\/\"},{\"@type\":\"ListItem\",\"position\":3,\"name\":\"MF DRILL. Koordinatentisch XY fuer Bohrer\"}]},{\"@type\":\"WebSite\",\"@id\":\"https:\\\/\\\/bazus.com\\\/#website\",\"url\":\"https:\\\/\\\/bazus.com\\\/\",\"name\":\"Bazus\",\"description\":\"Mesas de coordenadas confiables\",\"potentialAction\":[{\"@type\":\"SearchAction\",\"target\":{\"@type\":\"EntryPoint\",\"urlTemplate\":\"https:\\\/\\\/bazus.com\\\/?s={search_term_string}\"},\"query-input\":{\"@type\":\"PropertyValueSpecification\",\"valueRequired\":true,\"valueName\":\"search_term_string\"}}],\"inLanguage\":\"de\"}]}<\/script>\n<!-- \/ Yoast SEO plugin. -->","yoast_head_json":{"title":"MF DRILL. Koordinatentisch XY fuer Bohrer - Bazus","robots":{"index":"index","follow":"follow","max-snippet":"max-snippet:-1","max-image-preview":"max-image-preview:large","max-video-preview":"max-video-preview:-1"},"canonical":"https:\/\/bazus.com\/de\/koordinatentische-xy\/mf-drill-koordinatentisch-xy-fuer-bohrer\/","og_locale":"de_DE","og_type":"article","og_title":"MF DRILL. Koordinatentisch XY fuer Bohrer - Bazus","og_description":"Fixe XY-Zweiachsen-Multifunktions-Koordinatentisch f\u00fcr den professionellen Einsatz an Maschinen mit K\u00fchlmittel. Die Koordinatische der MF DRILL-Serie wurden f\u00fcr Pr\u00e4zisionsarbeiten entwickelt und ist analog zur MF-Serie, jedoch f\u00fcr Arbeiten mit K\u00fchlmitteln, Bohrern usw. Die DRILL-Ausr\u00fcstung umfasst: Nuten f\u00fcr die K\u00e4ltemittelsammlung, ein Lenkrad mit gro\u00dfem Durchmesser, Teleskopschutz auf der L\u00e4ngsachse f\u00fcr den Mutter- und Spindelmechanismus und einen einstellbaren [&hellip;]","og_url":"https:\/\/bazus.com\/de\/koordinatentische-xy\/mf-drill-koordinatentisch-xy-fuer-bohrer\/","og_site_name":"Bazus","article_modified_time":"2021-04-30T08:35:19+00:00","og_image":[{"width":1920,"height":1080,"url":"https:\/\/bazus.com\/wp-content\/uploads\/2020\/08\/MF-1_A.jpg","type":"image\/jpeg"}],"twitter_card":"summary_large_image","twitter_misc":{"Gesch\u00e4tzte Lesezeit":"1\u00a0Minute"},"schema":{"@context":"https:\/\/schema.org","@graph":[{"@type":"WebPage","@id":"https:\/\/bazus.com\/de\/koordinatentische-xy\/mf-drill-koordinatentisch-xy-fuer-bohrer\/","url":"https:\/\/bazus.com\/de\/koordinatentische-xy\/mf-drill-koordinatentisch-xy-fuer-bohrer\/","name":"MF DRILL. Koordinatentisch XY fuer Bohrer - Bazus","isPartOf":{"@id":"https:\/\/bazus.com\/#website"},"primaryImageOfPage":{"@id":"https:\/\/bazus.com\/de\/koordinatentische-xy\/mf-drill-koordinatentisch-xy-fuer-bohrer\/#primaryimage"},"image":{"@id":"https:\/\/bazus.com\/de\/koordinatentische-xy\/mf-drill-koordinatentisch-xy-fuer-bohrer\/#primaryimage"},"thumbnailUrl":"https:\/\/bazus.com\/wp-content\/uploads\/2020\/08\/MF-1_A.jpg","datePublished":"2020-08-21T08:08:49+00:00","dateModified":"2021-04-30T08:35:19+00:00","breadcrumb":{"@id":"https:\/\/bazus.com\/de\/koordinatentische-xy\/mf-drill-koordinatentisch-xy-fuer-bohrer\/#breadcrumb"},"inLanguage":"de","potentialAction":[{"@type":"ReadAction","target":["https:\/\/bazus.com\/de\/koordinatentische-xy\/mf-drill-koordinatentisch-xy-fuer-bohrer\/"]}]},{"@type":"ImageObject","inLanguage":"de","@id":"https:\/\/bazus.com\/de\/koordinatentische-xy\/mf-drill-koordinatentisch-xy-fuer-bohrer\/#primaryimage","url":"https:\/\/bazus.com\/wp-content\/uploads\/2020\/08\/MF-1_A.jpg","contentUrl":"https:\/\/bazus.com\/wp-content\/uploads\/2020\/08\/MF-1_A.jpg","width":1920,"height":1080},{"@type":"BreadcrumbList","@id":"https:\/\/bazus.com\/de\/koordinatentische-xy\/mf-drill-koordinatentisch-xy-fuer-bohrer\/#breadcrumb","itemListElement":[{"@type":"ListItem","position":1,"name":"Inicio","item":"https:\/\/bazus.com\/de\/"},{"@type":"ListItem","position":2,"name":"Koordinatentische XY","item":"https:\/\/bazus.com\/de\/koordinatentische-xy\/"},{"@type":"ListItem","position":3,"name":"MF DRILL. Koordinatentisch XY fuer Bohrer"}]},{"@type":"WebSite","@id":"https:\/\/bazus.com\/#website","url":"https:\/\/bazus.com\/","name":"Bazus","description":"Mesas de coordenadas confiables","potentialAction":[{"@type":"SearchAction","target":{"@type":"EntryPoint","urlTemplate":"https:\/\/bazus.com\/?s={search_term_string}"},"query-input":{"@type":"PropertyValueSpecification","valueRequired":true,"valueName":"search_term_string"}}],"inLanguage":"de"}]}},"acf":[],"_links":{"self":[{"href":"https:\/\/bazus.com\/de\/wp-json\/wp\/v2\/pages\/4447","targetHints":{"allow":["GET"]}}],"collection":[{"href":"https:\/\/bazus.com\/de\/wp-json\/wp\/v2\/pages"}],"about":[{"href":"https:\/\/bazus.com\/de\/wp-json\/wp\/v2\/types\/page"}],"author":[{"embeddable":true,"href":"https:\/\/bazus.com\/de\/wp-json\/wp\/v2\/users\/7"}],"replies":[{"embeddable":true,"href":"https:\/\/bazus.com\/de\/wp-json\/wp\/v2\/comments?post=4447"}],"version-history":[{"count":4,"href":"https:\/\/bazus.com\/de\/wp-json\/wp\/v2\/pages\/4447\/revisions"}],"predecessor-version":[{"id":5119,"href":"https:\/\/bazus.com\/de\/wp-json\/wp\/v2\/pages\/4447\/revisions\/5119"}],"up":[{"embeddable":true,"href":"https:\/\/bazus.com\/de\/wp-json\/wp\/v2\/pages\/4132"}],"wp:featuredmedia":[{"embeddable":true,"href":"https:\/\/bazus.com\/de\/wp-json\/wp\/v2\/media\/956"}],"wp:attachment":[{"href":"https:\/\/bazus.com\/de\/wp-json\/wp\/v2\/media?parent=4447"}],"curies":[{"name":"wp","href":"https:\/\/api.w.org\/{rel}","templated":true}]}}