{"id":4434,"date":"2019-11-22T17:05:36","date_gmt":"2019-11-22T16:05:36","guid":{"rendered":"https:\/\/bazus.com\/koordintatentische-cnc\/kn-mesa-xy-estandar\/"},"modified":"2022-01-18T10:19:48","modified_gmt":"2022-01-18T09:19:48","slug":"kn-automatischer-koordinatentisch-xy-standard","status":"publish","type":"page","link":"https:\/\/bazus.com\/de\/koordintatentische-cnc\/kn-automatischer-koordinatentisch-xy-standard\/","title":{"rendered":"KN automatischer Koordinatentisch XY Standard"},"content":{"rendered":"<p>XY automatische zweiachsige multifunktionale Koordinatentische f\u00fcr den professionellen Einsatz.<\/p>\n<p>Die KN-Serie wurde f\u00fcr hochpr\u00e4zises automatisches Arbeiten entwickelt und ist ein optimaler Koordinatentisch f\u00fcr alle Arten von automatischen Bewegungen in einer industriellen Umgebung: Bohren, Fr\u00e4sen, Schleifen, Schwei\u00dfen, Transfersysteme, industrielle Gravur, automatische Positionierung von Laser- und optischen Systemen, Bewegung von autonomen Werkzeughaltern und \/ oder K\u00f6pfen sowie bei jeder anderen mechanischen Anwendung, bei der eine automatische Steuerung der XY-Position erforderlich ist.<\/p>\n<p>Das solide und robuste Design erm\u00f6glicht die Ausf\u00fchrung einer gro\u00dfen Anzahl von Arbeiten unter Beibehaltung der vollst\u00e4ndigen Einstell- und Positionierungsgenauigkeit sowie der hohen Wiederholungen aus jeder linearen Positionierung. Eine Koordinatentisch, der sich in der Branche durch hervorragende Leistungen auszeichnet.<\/p>\n<p>Alle Elemente der automatischen Koordinatentische der KN-Serie bestehen aus einer Eisenlegierung (hochwertiges stabilisiertes graues GG25-Gusseisen), was ein au\u00dfergew\u00f6hnlicher mechanischer Widerstandt verleiht.<\/p>\n","protected":false},"excerpt":{"rendered":"<p>XY automatische zweiachsige multifunktionale Koordinatentische f\u00fcr den professionellen Einsatz. Die KN-Serie wurde f\u00fcr hochpr\u00e4zises automatisches Arbeiten entwickelt und ist ein optimaler Koordinatentisch f\u00fcr alle Arten von automatischen Bewegungen in einer industriellen Umgebung: Bohren, Fr\u00e4sen, Schleifen, Schwei\u00dfen, Transfersysteme, industrielle Gravur, automatische Positionierung von Laser- und optischen Systemen, Bewegung von autonomen Werkzeughaltern und \/ oder K\u00f6pfen sowie [&hellip;]<\/p>\n","protected":false},"author":1,"featured_media":1961,"parent":4390,"menu_order":21,"comment_status":"closed","ping_status":"closed","template":"producto.php","meta":[],"yoast_head":"<!-- This site is optimized with the Yoast SEO plugin v14.6.1 - https:\/\/yoast.com\/wordpress\/plugins\/seo\/ -->\n<title>KN automatischer Koordinatentisch XY Standard - Bazus<\/title>\n<meta name=\"robots\" content=\"index, follow\" \/>\n<meta name=\"googlebot\" content=\"index, follow, max-snippet:-1, max-image-preview:large, max-video-preview:-1\" \/>\n<meta name=\"bingbot\" content=\"index, follow, max-snippet:-1, max-image-preview:large, max-video-preview:-1\" \/>\n<link rel=\"canonical\" href=\"https:\/\/bazus.com\/de\/koordintatentische-cnc\/kn-automatischer-koordinatentisch-xy-standard\/\" \/>\n<meta property=\"og:locale\" content=\"de_DE\" \/>\n<meta property=\"og:type\" content=\"article\" \/>\n<meta property=\"og:title\" content=\"KN automatischer Koordinatentisch XY Standard - Bazus\" \/>\n<meta property=\"og:description\" content=\"XY automatische zweiachsige multifunktionale Koordinatentische f\u00fcr den professionellen Einsatz. Die KN-Serie wurde f\u00fcr hochpr\u00e4zises automatisches Arbeiten entwickelt und ist ein optimaler Koordinatentisch f\u00fcr alle Arten von automatischen Bewegungen in einer industriellen Umgebung: Bohren, Fr\u00e4sen, Schleifen, Schwei\u00dfen, Transfersysteme, industrielle Gravur, automatische Positionierung von Laser- und optischen Systemen, Bewegung von autonomen Werkzeughaltern und \/ oder K\u00f6pfen sowie [&hellip;]\" \/>\n<meta property=\"og:url\" content=\"https:\/\/bazus.com\/de\/koordintatentische-cnc\/kn-automatischer-koordinatentisch-xy-standard\/\" \/>\n<meta property=\"og:site_name\" content=\"Bazus\" \/>\n<meta property=\"article:author\" content=\"https:\/\/www.facebook.com\/kmdevs\/\" \/>\n<meta property=\"article:modified_time\" content=\"2022-01-18T09:19:48+00:00\" \/>\n<meta property=\"og:image\" content=\"https:\/\/bazus.com\/wp-content\/uploads\/2020\/08\/KN-1_A.jpg\" \/>\n\t<meta property=\"og:image:width\" content=\"1920\" \/>\n\t<meta property=\"og:image:height\" content=\"1080\" \/>\n<meta name=\"twitter:card\" content=\"summary_large_image\" \/>\n<meta name=\"twitter:creator\" content=\"@km_devs\" \/>\n<script type=\"application\/ld+json\" class=\"yoast-schema-graph\">{\"@context\":\"https:\/\/schema.org\",\"@graph\":[{\"@type\":\"WebSite\",\"@id\":\"https:\/\/bazus.com\/de\/#website\",\"url\":\"https:\/\/bazus.com\/de\/\",\"name\":\"Bazus\",\"description\":\"Mesas de coordenadas confiables\",\"potentialAction\":[{\"@type\":\"SearchAction\",\"target\":\"https:\/\/bazus.com\/de\/?s={search_term_string}\",\"query-input\":\"required name=search_term_string\"}],\"inLanguage\":\"de\"},{\"@type\":\"ImageObject\",\"@id\":\"https:\/\/bazus.com\/de\/koordintatentische-cnc\/kn-automatischer-koordinatentisch-xy-standard\/#primaryimage\",\"inLanguage\":\"de\",\"url\":\"https:\/\/bazus.com\/wp-content\/uploads\/2020\/08\/KN-1_A.jpg\",\"width\":1920,\"height\":1080},{\"@type\":\"WebPage\",\"@id\":\"https:\/\/bazus.com\/de\/koordintatentische-cnc\/kn-automatischer-koordinatentisch-xy-standard\/#webpage\",\"url\":\"https:\/\/bazus.com\/de\/koordintatentische-cnc\/kn-automatischer-koordinatentisch-xy-standard\/\",\"name\":\"KN automatischer Koordinatentisch XY Standard - Bazus\",\"isPartOf\":{\"@id\":\"https:\/\/bazus.com\/de\/#website\"},\"primaryImageOfPage\":{\"@id\":\"https:\/\/bazus.com\/de\/koordintatentische-cnc\/kn-automatischer-koordinatentisch-xy-standard\/#primaryimage\"},\"datePublished\":\"2019-11-22T16:05:36+00:00\",\"dateModified\":\"2022-01-18T09:19:48+00:00\",\"breadcrumb\":{\"@id\":\"https:\/\/bazus.com\/de\/koordintatentische-cnc\/kn-automatischer-koordinatentisch-xy-standard\/#breadcrumb\"},\"inLanguage\":\"de\",\"potentialAction\":[{\"@type\":\"ReadAction\",\"target\":[\"https:\/\/bazus.com\/de\/koordintatentische-cnc\/kn-automatischer-koordinatentisch-xy-standard\/\"]}]},{\"@type\":\"BreadcrumbList\",\"@id\":\"https:\/\/bazus.com\/de\/koordintatentische-cnc\/kn-automatischer-koordinatentisch-xy-standard\/#breadcrumb\",\"itemListElement\":[{\"@type\":\"ListItem\",\"position\":1,\"item\":{\"@type\":\"WebPage\",\"@id\":\"https:\/\/bazus.com\/de\/\",\"url\":\"https:\/\/bazus.com\/de\/\",\"name\":\"Inicio\"}},{\"@type\":\"ListItem\",\"position\":2,\"item\":{\"@type\":\"WebPage\",\"@id\":\"https:\/\/bazus.com\/de\/koordintatentische-cnc\/\",\"url\":\"https:\/\/bazus.com\/de\/koordintatentische-cnc\/\",\"name\":\"Koordintatentische CNC\"}},{\"@type\":\"ListItem\",\"position\":3,\"item\":{\"@type\":\"WebPage\",\"@id\":\"https:\/\/bazus.com\/de\/koordintatentische-cnc\/kn-automatischer-koordinatentisch-xy-standard\/\",\"url\":\"https:\/\/bazus.com\/de\/koordintatentische-cnc\/kn-automatischer-koordinatentisch-xy-standard\/\",\"name\":\"KN automatischer Koordinatentisch XY Standard\"}}]}]}<\/script>\n<!-- \/ Yoast SEO plugin. -->","acf":[],"_links":{"self":[{"href":"https:\/\/bazus.com\/de\/wp-json\/wp\/v2\/pages\/4434"}],"collection":[{"href":"https:\/\/bazus.com\/de\/wp-json\/wp\/v2\/pages"}],"about":[{"href":"https:\/\/bazus.com\/de\/wp-json\/wp\/v2\/types\/page"}],"author":[{"embeddable":true,"href":"https:\/\/bazus.com\/de\/wp-json\/wp\/v2\/users\/1"}],"replies":[{"embeddable":true,"href":"https:\/\/bazus.com\/de\/wp-json\/wp\/v2\/comments?post=4434"}],"version-history":[{"count":5,"href":"https:\/\/bazus.com\/de\/wp-json\/wp\/v2\/pages\/4434\/revisions"}],"predecessor-version":[{"id":5195,"href":"https:\/\/bazus.com\/de\/wp-json\/wp\/v2\/pages\/4434\/revisions\/5195"}],"up":[{"embeddable":true,"href":"https:\/\/bazus.com\/de\/wp-json\/wp\/v2\/pages\/4390"}],"wp:featuredmedia":[{"embeddable":true,"href":"https:\/\/bazus.com\/de\/wp-json\/wp\/v2\/media\/1961"}],"wp:attachment":[{"href":"https:\/\/bazus.com\/de\/wp-json\/wp\/v2\/media?parent=4434"}],"curies":[{"name":"wp","href":"https:\/\/api.w.org\/{rel}","templated":true}]}}