{"id":4425,"date":"2019-11-22T09:31:42","date_gmt":"2019-11-22T08:31:42","guid":{"rendered":"https:\/\/bazus.com\/koordinatentische-xy\/mf-mesa-xy-estandar\/"},"modified":"2021-04-30T10:36:44","modified_gmt":"2021-04-30T08:36:44","slug":"mf-serie-fixe-standard-xy-koordinatentische","status":"publish","type":"page","link":"https:\/\/bazus.com\/de\/koordinatentische-xy\/mf-serie-fixe-standard-xy-koordinatentische\/","title":{"rendered":"MF Serie. Fixe Standard XY Koordinatentische"},"content":{"rendered":"<p>Zweiachsige multifunktionale XY-Koordinatentabelle mit fester Basis f\u00fcr den professionellen Einsatz.<\/p>\n<p>Die Koordinatentabelle der MF-Serie wurde f\u00fcr Pr\u00e4zisionsarbeiten entwickelt und eignet sich optimal f\u00fcr Bohrungen, Vertikal,-Horizontalbohrungen, Fr\u00e4sen, Schwei\u00dfen, Transfersysteme, Werkzeughalter und andere mechanische Anwendungen, bei denen eine pr\u00e4zise XY-Positionssteuerung erforderlich ist.<\/p>\n<p>Das robuste Design des linearen Tisches erm\u00f6glicht die Ausf\u00fchrung einer gro\u00dfen Anzahl von Arbeiten unter Beibehaltung der Positioniergenauigkeit und Wiederholungen aus jeder linearen Positionierung. Ein Branchenklassiker, der eine lange Lebensdauer garantiert.<\/p>\n<p>Alle Elemente der manuellen Koordinatentabellen der MF-Serie bestehen aus einer Eisenlegierung (hochwertiges GG25-stabilisiertes Grauguss), was ein au\u00dfergew\u00f6hnlicher mechanischer Widerstandt verleiht<\/p>\n","protected":false},"excerpt":{"rendered":"<p>Zweiachsige multifunktionale XY-Koordinatentabelle mit fester Basis f\u00fcr den professionellen Einsatz. Die Koordinatentabelle der MF-Serie wurde f\u00fcr Pr\u00e4zisionsarbeiten entwickelt und eignet sich optimal f\u00fcr Bohrungen, Vertikal,-Horizontalbohrungen, Fr\u00e4sen, Schwei\u00dfen, Transfersysteme, Werkzeughalter und andere mechanische Anwendungen, bei denen eine pr\u00e4zise XY-Positionssteuerung erforderlich ist. Das robuste Design des linearen Tisches erm\u00f6glicht die Ausf\u00fchrung einer gro\u00dfen Anzahl von Arbeiten unter [&hellip;]<\/p>\n","protected":false},"author":7,"featured_media":956,"parent":4132,"menu_order":1,"comment_status":"closed","ping_status":"closed","template":"producto.php","meta":{"footnotes":""},"class_list":["post-4425","page","type-page","status-publish","has-post-thumbnail","hentry"],"yoast_head":"<!-- This site is optimized with the Yoast SEO plugin v27.5 - https:\/\/yoast.com\/product\/yoast-seo-wordpress\/ -->\n<title>MF Serie. Fixe Standard XY Koordinatentische - Bazus<\/title>\n<meta name=\"description\" content=\"Multifunktionale zweiachsige XY-Koordinatentabelle mit fester Basis f\u00fcr den professionellen Einsatz. H\u00f6chste Qualit\u00e4t und robuste Tische.\" \/>\n<meta name=\"robots\" content=\"index, follow, max-snippet:-1, max-image-preview:large, max-video-preview:-1\" \/>\n<link rel=\"canonical\" href=\"https:\/\/bazus.com\/xy-coordinate-tables\/mf-standard-xy-coordinate-table\/\" \/>\n<meta property=\"og:locale\" content=\"de_DE\" \/>\n<meta property=\"og:type\" content=\"article\" \/>\n<meta property=\"og:title\" content=\"MF Serie. Fixe Standard XY Koordinatentische - Bazus\" \/>\n<meta property=\"og:description\" content=\"Multifunktionale zweiachsige XY-Koordinatentabelle mit fester Basis f\u00fcr den professionellen Einsatz. H\u00f6chste Qualit\u00e4t und robuste Tische.\" \/>\n<meta property=\"og:url\" content=\"https:\/\/bazus.com\/xy-coordinate-tables\/mf-standard-xy-coordinate-table\/\" \/>\n<meta property=\"og:site_name\" content=\"Bazus\" \/>\n<meta property=\"article:modified_time\" content=\"2021-04-30T08:36:44+00:00\" \/>\n<meta property=\"og:image\" content=\"https:\/\/bazus.com\/wp-content\/uploads\/2020\/08\/MF-1_A.jpg\" \/>\n\t<meta property=\"og:image:width\" content=\"1920\" \/>\n\t<meta property=\"og:image:height\" content=\"1080\" \/>\n\t<meta property=\"og:image:type\" content=\"image\/jpeg\" \/>\n<meta name=\"twitter:card\" content=\"summary_large_image\" \/>\n<meta name=\"twitter:label1\" content=\"Gesch\u00e4tzte Lesezeit\" \/>\n\t<meta name=\"twitter:data1\" content=\"1\u00a0Minute\" \/>\n<script type=\"application\/ld+json\" class=\"yoast-schema-graph\">{\"@context\":\"https:\\\/\\\/schema.org\",\"@graph\":[{\"@type\":\"WebPage\",\"@id\":\"https:\\\/\\\/bazus.com\\\/xy-coordinate-tables\\\/mf-standard-xy-coordinate-table\\\/\",\"url\":\"https:\\\/\\\/bazus.com\\\/xy-coordinate-tables\\\/mf-standard-xy-coordinate-table\\\/\",\"name\":\"MF Serie. Fixe Standard XY Koordinatentische - Bazus\",\"isPartOf\":{\"@id\":\"https:\\\/\\\/bazus.com\\\/#website\"},\"primaryImageOfPage\":{\"@id\":\"https:\\\/\\\/bazus.com\\\/xy-coordinate-tables\\\/mf-standard-xy-coordinate-table\\\/#primaryimage\"},\"image\":{\"@id\":\"https:\\\/\\\/bazus.com\\\/xy-coordinate-tables\\\/mf-standard-xy-coordinate-table\\\/#primaryimage\"},\"thumbnailUrl\":\"https:\\\/\\\/bazus.com\\\/wp-content\\\/uploads\\\/2020\\\/08\\\/MF-1_A.jpg\",\"datePublished\":\"2019-11-22T08:31:42+00:00\",\"dateModified\":\"2021-04-30T08:36:44+00:00\",\"description\":\"Multifunktionale zweiachsige XY-Koordinatentabelle mit fester Basis f\u00fcr den professionellen Einsatz. H\u00f6chste Qualit\u00e4t und robuste Tische.\",\"breadcrumb\":{\"@id\":\"https:\\\/\\\/bazus.com\\\/xy-coordinate-tables\\\/mf-standard-xy-coordinate-table\\\/#breadcrumb\"},\"inLanguage\":\"de\",\"potentialAction\":[{\"@type\":\"ReadAction\",\"target\":[\"https:\\\/\\\/bazus.com\\\/xy-coordinate-tables\\\/mf-standard-xy-coordinate-table\\\/\"]}]},{\"@type\":\"ImageObject\",\"inLanguage\":\"de\",\"@id\":\"https:\\\/\\\/bazus.com\\\/xy-coordinate-tables\\\/mf-standard-xy-coordinate-table\\\/#primaryimage\",\"url\":\"https:\\\/\\\/bazus.com\\\/wp-content\\\/uploads\\\/2020\\\/08\\\/MF-1_A.jpg\",\"contentUrl\":\"https:\\\/\\\/bazus.com\\\/wp-content\\\/uploads\\\/2020\\\/08\\\/MF-1_A.jpg\",\"width\":1920,\"height\":1080},{\"@type\":\"BreadcrumbList\",\"@id\":\"https:\\\/\\\/bazus.com\\\/xy-coordinate-tables\\\/mf-standard-xy-coordinate-table\\\/#breadcrumb\",\"itemListElement\":[{\"@type\":\"ListItem\",\"position\":1,\"name\":\"Inicio\",\"item\":\"https:\\\/\\\/bazus.com\\\/de\\\/\"},{\"@type\":\"ListItem\",\"position\":2,\"name\":\"Koordinatentische XY\",\"item\":\"https:\\\/\\\/bazus.com\\\/de\\\/koordinatentische-xy\\\/\"},{\"@type\":\"ListItem\",\"position\":3,\"name\":\"MF Serie. Fixe Standard XY Koordinatentische\"}]},{\"@type\":\"WebSite\",\"@id\":\"https:\\\/\\\/bazus.com\\\/#website\",\"url\":\"https:\\\/\\\/bazus.com\\\/\",\"name\":\"Bazus\",\"description\":\"Mesas de coordenadas confiables\",\"potentialAction\":[{\"@type\":\"SearchAction\",\"target\":{\"@type\":\"EntryPoint\",\"urlTemplate\":\"https:\\\/\\\/bazus.com\\\/?s={search_term_string}\"},\"query-input\":{\"@type\":\"PropertyValueSpecification\",\"valueRequired\":true,\"valueName\":\"search_term_string\"}}],\"inLanguage\":\"de\"}]}<\/script>\n<!-- \/ Yoast SEO plugin. -->","yoast_head_json":{"title":"MF Serie. Fixe Standard XY Koordinatentische - Bazus","description":"Multifunktionale zweiachsige XY-Koordinatentabelle mit fester Basis f\u00fcr den professionellen Einsatz. H\u00f6chste Qualit\u00e4t und robuste Tische.","robots":{"index":"index","follow":"follow","max-snippet":"max-snippet:-1","max-image-preview":"max-image-preview:large","max-video-preview":"max-video-preview:-1"},"canonical":"https:\/\/bazus.com\/xy-coordinate-tables\/mf-standard-xy-coordinate-table\/","og_locale":"de_DE","og_type":"article","og_title":"MF Serie. Fixe Standard XY Koordinatentische - Bazus","og_description":"Multifunktionale zweiachsige XY-Koordinatentabelle mit fester Basis f\u00fcr den professionellen Einsatz. H\u00f6chste Qualit\u00e4t und robuste Tische.","og_url":"https:\/\/bazus.com\/xy-coordinate-tables\/mf-standard-xy-coordinate-table\/","og_site_name":"Bazus","article_modified_time":"2021-04-30T08:36:44+00:00","og_image":[{"width":1920,"height":1080,"url":"https:\/\/bazus.com\/wp-content\/uploads\/2020\/08\/MF-1_A.jpg","type":"image\/jpeg"}],"twitter_card":"summary_large_image","twitter_misc":{"Gesch\u00e4tzte Lesezeit":"1\u00a0Minute"},"schema":{"@context":"https:\/\/schema.org","@graph":[{"@type":"WebPage","@id":"https:\/\/bazus.com\/xy-coordinate-tables\/mf-standard-xy-coordinate-table\/","url":"https:\/\/bazus.com\/xy-coordinate-tables\/mf-standard-xy-coordinate-table\/","name":"MF Serie. Fixe Standard XY Koordinatentische - Bazus","isPartOf":{"@id":"https:\/\/bazus.com\/#website"},"primaryImageOfPage":{"@id":"https:\/\/bazus.com\/xy-coordinate-tables\/mf-standard-xy-coordinate-table\/#primaryimage"},"image":{"@id":"https:\/\/bazus.com\/xy-coordinate-tables\/mf-standard-xy-coordinate-table\/#primaryimage"},"thumbnailUrl":"https:\/\/bazus.com\/wp-content\/uploads\/2020\/08\/MF-1_A.jpg","datePublished":"2019-11-22T08:31:42+00:00","dateModified":"2021-04-30T08:36:44+00:00","description":"Multifunktionale zweiachsige XY-Koordinatentabelle mit fester Basis f\u00fcr den professionellen Einsatz. H\u00f6chste Qualit\u00e4t und robuste Tische.","breadcrumb":{"@id":"https:\/\/bazus.com\/xy-coordinate-tables\/mf-standard-xy-coordinate-table\/#breadcrumb"},"inLanguage":"de","potentialAction":[{"@type":"ReadAction","target":["https:\/\/bazus.com\/xy-coordinate-tables\/mf-standard-xy-coordinate-table\/"]}]},{"@type":"ImageObject","inLanguage":"de","@id":"https:\/\/bazus.com\/xy-coordinate-tables\/mf-standard-xy-coordinate-table\/#primaryimage","url":"https:\/\/bazus.com\/wp-content\/uploads\/2020\/08\/MF-1_A.jpg","contentUrl":"https:\/\/bazus.com\/wp-content\/uploads\/2020\/08\/MF-1_A.jpg","width":1920,"height":1080},{"@type":"BreadcrumbList","@id":"https:\/\/bazus.com\/xy-coordinate-tables\/mf-standard-xy-coordinate-table\/#breadcrumb","itemListElement":[{"@type":"ListItem","position":1,"name":"Inicio","item":"https:\/\/bazus.com\/de\/"},{"@type":"ListItem","position":2,"name":"Koordinatentische XY","item":"https:\/\/bazus.com\/de\/koordinatentische-xy\/"},{"@type":"ListItem","position":3,"name":"MF Serie. Fixe Standard XY Koordinatentische"}]},{"@type":"WebSite","@id":"https:\/\/bazus.com\/#website","url":"https:\/\/bazus.com\/","name":"Bazus","description":"Mesas de coordenadas confiables","potentialAction":[{"@type":"SearchAction","target":{"@type":"EntryPoint","urlTemplate":"https:\/\/bazus.com\/?s={search_term_string}"},"query-input":{"@type":"PropertyValueSpecification","valueRequired":true,"valueName":"search_term_string"}}],"inLanguage":"de"}]}},"acf":[],"_links":{"self":[{"href":"https:\/\/bazus.com\/de\/wp-json\/wp\/v2\/pages\/4425","targetHints":{"allow":["GET"]}}],"collection":[{"href":"https:\/\/bazus.com\/de\/wp-json\/wp\/v2\/pages"}],"about":[{"href":"https:\/\/bazus.com\/de\/wp-json\/wp\/v2\/types\/page"}],"author":[{"embeddable":true,"href":"https:\/\/bazus.com\/de\/wp-json\/wp\/v2\/users\/7"}],"replies":[{"embeddable":true,"href":"https:\/\/bazus.com\/de\/wp-json\/wp\/v2\/comments?post=4425"}],"version-history":[{"count":5,"href":"https:\/\/bazus.com\/de\/wp-json\/wp\/v2\/pages\/4425\/revisions"}],"predecessor-version":[{"id":5120,"href":"https:\/\/bazus.com\/de\/wp-json\/wp\/v2\/pages\/4425\/revisions\/5120"}],"up":[{"embeddable":true,"href":"https:\/\/bazus.com\/de\/wp-json\/wp\/v2\/pages\/4132"}],"wp:featuredmedia":[{"embeddable":true,"href":"https:\/\/bazus.com\/de\/wp-json\/wp\/v2\/media\/956"}],"wp:attachment":[{"href":"https:\/\/bazus.com\/de\/wp-json\/wp\/v2\/media?parent=4425"}],"curies":[{"name":"wp","href":"https:\/\/api.w.org\/{rel}","templated":true}]}}