{"id":4422,"date":"2019-11-22T17:05:36","date_gmt":"2019-11-22T16:05:36","guid":{"rendered":"https:\/\/bazus.com\/koordintatentische-cnc\/nk-carro-paralelo-x-serie-pesada\/"},"modified":"2021-04-30T10:42:55","modified_gmt":"2021-04-30T08:42:55","slug":"nk-schiebetisch-parallel-x","status":"publish","type":"page","link":"https:\/\/bazus.com\/de\/koordintatentische-cnc\/nk-schiebetisch-parallel-x\/","title":{"rendered":"NK Schiebetisch parallel X"},"content":{"rendered":"<p>Robuste multifunktionale Lineareinheit mit einer einzigen X-Achse f\u00fcr den professionellen Einsatz.<\/p>\n<p>Die NK-Serie wurde f\u00fcr hochpr\u00e4zise automatische Arbeiten entwickelt und ist eine optimale Lineareinheit f\u00fcr alle Arten von automatischen Bewegungen in einer industriellen Umgebung: Bohren, Fr\u00e4sen, Schleifen, Schwei\u00dfen, Transfersysteme, industrielle Gravur, automatische Positionierung von Laser- und optischen Systemen, Bewegung von Werkzeughalter und \/ oder autonome K\u00f6pfe sowie bei jeder anderen mechanischen Anwendung, bei der eine automatische Steuerung der X-Position erforderlich ist.<\/p>\n<p>Das solide und robuste Design erm\u00f6glicht die Ausf\u00fchrung einer gro\u00dfen Anzahl von Arbeiten unter Beibehaltung der vollst\u00e4ndigen Einstell- und Positionierungsgenauigkeit sowie Wiederholungen aus jeder linearen Positionierung. Ein Koordinatentisch, das sich in der Branche durch hervorragende Leistungen auszeichnet.<\/p>\n<p>Alle Elemente der automatischen Koordinatentabellen der PK-Serie bestehen aus einer Eisenlegierung (hochwertiges stabilisiertes graues GG25-Gusseisen), was ein au\u00dfergew\u00f6hnlicher mechanischer Widerstandt verleiht.<\/p>\n","protected":false},"excerpt":{"rendered":"<p>Robuste multifunktionale Lineareinheit mit einer einzigen X-Achse f\u00fcr den professionellen Einsatz. Die NK-Serie wurde f\u00fcr hochpr\u00e4zise automatische Arbeiten entwickelt und ist eine optimale Lineareinheit f\u00fcr alle Arten von automatischen Bewegungen in einer industriellen Umgebung: Bohren, Fr\u00e4sen, Schleifen, Schwei\u00dfen, Transfersysteme, industrielle Gravur, automatische Positionierung von Laser- und optischen Systemen, Bewegung von Werkzeughalter und \/ oder autonome [&hellip;]<\/p>\n","protected":false},"author":1,"featured_media":1797,"parent":4390,"menu_order":20,"comment_status":"closed","ping_status":"closed","template":"producto.php","meta":[],"yoast_head":"<!-- This site is optimized with the Yoast SEO plugin v14.6.1 - https:\/\/yoast.com\/wordpress\/plugins\/seo\/ -->\n<title>NK Schiebetisch parallel X - Bazus<\/title>\n<meta name=\"robots\" content=\"index, follow\" \/>\n<meta name=\"googlebot\" content=\"index, follow, max-snippet:-1, max-image-preview:large, max-video-preview:-1\" \/>\n<meta name=\"bingbot\" content=\"index, follow, max-snippet:-1, max-image-preview:large, max-video-preview:-1\" \/>\n<link rel=\"canonical\" href=\"https:\/\/bazus.com\/de\/koordintatentische-cnc\/nk-schiebetisch-parallel-x\/\" \/>\n<meta property=\"og:locale\" content=\"de_DE\" \/>\n<meta property=\"og:type\" content=\"article\" \/>\n<meta property=\"og:title\" content=\"NK Schiebetisch parallel X - Bazus\" \/>\n<meta property=\"og:description\" content=\"Robuste multifunktionale Lineareinheit mit einer einzigen X-Achse f\u00fcr den professionellen Einsatz. Die NK-Serie wurde f\u00fcr hochpr\u00e4zise automatische Arbeiten entwickelt und ist eine optimale Lineareinheit f\u00fcr alle Arten von automatischen Bewegungen in einer industriellen Umgebung: Bohren, Fr\u00e4sen, Schleifen, Schwei\u00dfen, Transfersysteme, industrielle Gravur, automatische Positionierung von Laser- und optischen Systemen, Bewegung von Werkzeughalter und \/ oder autonome [&hellip;]\" \/>\n<meta property=\"og:url\" content=\"https:\/\/bazus.com\/de\/koordintatentische-cnc\/nk-schiebetisch-parallel-x\/\" \/>\n<meta property=\"og:site_name\" content=\"Bazus\" \/>\n<meta property=\"article:author\" content=\"https:\/\/www.facebook.com\/kmdevs\/\" \/>\n<meta property=\"article:modified_time\" content=\"2021-04-30T08:42:55+00:00\" \/>\n<meta property=\"og:image\" content=\"https:\/\/bazus.com\/wp-content\/uploads\/2020\/08\/NK-1_A.jpg\" \/>\n\t<meta property=\"og:image:width\" content=\"1920\" \/>\n\t<meta property=\"og:image:height\" content=\"1080\" \/>\n<meta name=\"twitter:card\" content=\"summary_large_image\" \/>\n<meta name=\"twitter:creator\" content=\"@km_devs\" \/>\n<script type=\"application\/ld+json\" class=\"yoast-schema-graph\">{\"@context\":\"https:\/\/schema.org\",\"@graph\":[{\"@type\":\"WebSite\",\"@id\":\"https:\/\/bazus.com\/de\/#website\",\"url\":\"https:\/\/bazus.com\/de\/\",\"name\":\"Bazus\",\"description\":\"Mesas de coordenadas confiables\",\"potentialAction\":[{\"@type\":\"SearchAction\",\"target\":\"https:\/\/bazus.com\/de\/?s={search_term_string}\",\"query-input\":\"required name=search_term_string\"}],\"inLanguage\":\"de\"},{\"@type\":\"ImageObject\",\"@id\":\"https:\/\/bazus.com\/de\/koordintatentische-cnc\/nk-schiebetisch-parallel-x\/#primaryimage\",\"inLanguage\":\"de\",\"url\":\"https:\/\/bazus.com\/wp-content\/uploads\/2020\/08\/NK-1_A.jpg\",\"width\":1920,\"height\":1080},{\"@type\":\"WebPage\",\"@id\":\"https:\/\/bazus.com\/de\/koordintatentische-cnc\/nk-schiebetisch-parallel-x\/#webpage\",\"url\":\"https:\/\/bazus.com\/de\/koordintatentische-cnc\/nk-schiebetisch-parallel-x\/\",\"name\":\"NK Schiebetisch parallel X - Bazus\",\"isPartOf\":{\"@id\":\"https:\/\/bazus.com\/de\/#website\"},\"primaryImageOfPage\":{\"@id\":\"https:\/\/bazus.com\/de\/koordintatentische-cnc\/nk-schiebetisch-parallel-x\/#primaryimage\"},\"datePublished\":\"2019-11-22T16:05:36+00:00\",\"dateModified\":\"2021-04-30T08:42:55+00:00\",\"breadcrumb\":{\"@id\":\"https:\/\/bazus.com\/de\/koordintatentische-cnc\/nk-schiebetisch-parallel-x\/#breadcrumb\"},\"inLanguage\":\"de\",\"potentialAction\":[{\"@type\":\"ReadAction\",\"target\":[\"https:\/\/bazus.com\/de\/koordintatentische-cnc\/nk-schiebetisch-parallel-x\/\"]}]},{\"@type\":\"BreadcrumbList\",\"@id\":\"https:\/\/bazus.com\/de\/koordintatentische-cnc\/nk-schiebetisch-parallel-x\/#breadcrumb\",\"itemListElement\":[{\"@type\":\"ListItem\",\"position\":1,\"item\":{\"@type\":\"WebPage\",\"@id\":\"https:\/\/bazus.com\/de\/\",\"url\":\"https:\/\/bazus.com\/de\/\",\"name\":\"Inicio\"}},{\"@type\":\"ListItem\",\"position\":2,\"item\":{\"@type\":\"WebPage\",\"@id\":\"https:\/\/bazus.com\/de\/koordintatentische-cnc\/\",\"url\":\"https:\/\/bazus.com\/de\/koordintatentische-cnc\/\",\"name\":\"Koordintatentische CNC\"}},{\"@type\":\"ListItem\",\"position\":3,\"item\":{\"@type\":\"WebPage\",\"@id\":\"https:\/\/bazus.com\/de\/koordintatentische-cnc\/nk-schiebetisch-parallel-x\/\",\"url\":\"https:\/\/bazus.com\/de\/koordintatentische-cnc\/nk-schiebetisch-parallel-x\/\",\"name\":\"NK Schiebetisch parallel X\"}}]}]}<\/script>\n<!-- \/ Yoast SEO plugin. -->","acf":[],"_links":{"self":[{"href":"https:\/\/bazus.com\/de\/wp-json\/wp\/v2\/pages\/4422"}],"collection":[{"href":"https:\/\/bazus.com\/de\/wp-json\/wp\/v2\/pages"}],"about":[{"href":"https:\/\/bazus.com\/de\/wp-json\/wp\/v2\/types\/page"}],"author":[{"embeddable":true,"href":"https:\/\/bazus.com\/de\/wp-json\/wp\/v2\/users\/1"}],"replies":[{"embeddable":true,"href":"https:\/\/bazus.com\/de\/wp-json\/wp\/v2\/comments?post=4422"}],"version-history":[{"count":4,"href":"https:\/\/bazus.com\/de\/wp-json\/wp\/v2\/pages\/4422\/revisions"}],"predecessor-version":[{"id":5127,"href":"https:\/\/bazus.com\/de\/wp-json\/wp\/v2\/pages\/4422\/revisions\/5127"}],"up":[{"embeddable":true,"href":"https:\/\/bazus.com\/de\/wp-json\/wp\/v2\/pages\/4390"}],"wp:featuredmedia":[{"embeddable":true,"href":"https:\/\/bazus.com\/de\/wp-json\/wp\/v2\/media\/1797"}],"wp:attachment":[{"href":"https:\/\/bazus.com\/de\/wp-json\/wp\/v2\/media?parent=4422"}],"curies":[{"name":"wp","href":"https:\/\/api.w.org\/{rel}","templated":true}]}}