{"id":4418,"date":"2019-11-22T18:43:16","date_gmt":"2019-11-22T17:43:16","guid":{"rendered":"https:\/\/bazus.com\/prozess\/grabado-matriceria\/"},"modified":"2020-10-30T11:04:47","modified_gmt":"2020-10-30T10:04:47","slug":"gravur-werkzeug","status":"publish","type":"page","link":"https:\/\/bazus.com\/de\/prozess\/gravur-werkzeug\/","title":{"rendered":"Gravur &#038; Werkzeug"},"content":{"rendered":"<p>Durch die industrielle Gravur k\u00f6nnen komplexe Geometrien (Formen, Figuren, Buchstaben) mit einer angemessenen Tiefe erstellt werden. Das Konzept der Gravur umfasst eine Vielzahl von Prozessen, die der Mensch im Laufe der Zeit durch verschiedene Verfahren praktiziert hat. Die Metallgravur ist sehr komplex und es gibt verschiedene Techniken, um sie zu entwickeln.<\/p>\n<p>Die Metalle wurden f\u00fcr dekorative, funktionale oder industrielle Zwecke graviert. Die Spezialit\u00e4t der industriellen Gravur beinhaltet die Aufzeichnung von Buchstaben, Symbolen und Referenzen direkt auf das industrielle Produkt. Diese Aktivit\u00e4t war schon immer eng mit der metallurgischen Industrie verbunden, da diese Technik zum Markieren von Produkten, Klassifizieren von Teilen und anderen Hilfszwecken sowie zum Herstellen von manuellen Stempeln zum Gravieren von Zahlen und Buchstaben verwendet wird. Die wiederum als Werkzeuge f\u00fcr andere Gravurarbeiten dienen. Diese letzte Spezialit\u00e4t wurde sowohl in kleinen Werkst\u00e4tten als auch in gr\u00f6\u00dferen Unternehmen manuell durchgef\u00fchrt.<\/p>\n<p>Ebenso kann das Gravurverfahren auch zur Herstellung von Formen und Matrizen und im Allgemeinen f\u00fcr alle Verfahren verwendet werden, bei denen die Herstellung komplexer Geometrien erforderlich ist.<\/p>\n<p>Die automatischen Tische von BAZUS k\u00f6nnen an allen Arten von Graviermaschinen angebracht werden, entweder durch Lasertechnologie oder durch mechanische Gravur. Viele Hersteller und Anwender dieses Maschinentyps statten ihre Werkst\u00e4tten dank ihrer hohen mechanischen Widerstandes und der Antivibrationsbewegungsf\u00fchrungen mit BAZUS-Koordinatentabellen aus.<\/p>\n","protected":false},"excerpt":{"rendered":"<p>Durch die industrielle Gravur k\u00f6nnen komplexe Geometrien (Formen, Figuren, Buchstaben) mit einer angemessenen Tiefe erstellt werden. Das Konzept der Gravur umfasst eine Vielzahl von Prozessen, die der Mensch im Laufe der Zeit durch verschiedene Verfahren praktiziert hat. Die Metallgravur ist sehr komplex und es gibt verschiedene Techniken, um sie zu entwickeln. Die Metalle wurden f\u00fcr [&hellip;]<\/p>\n","protected":false},"author":1,"featured_media":0,"parent":4138,"menu_order":29,"comment_status":"closed","ping_status":"closed","template":"sector.php","meta":{"footnotes":""},"class_list":["post-4418","page","type-page","status-publish","hentry"],"yoast_head":"<!-- This site is optimized with the Yoast SEO plugin v27.5 - https:\/\/yoast.com\/product\/yoast-seo-wordpress\/ -->\n<title>Gravur &amp; Werkzeug - Bazus<\/title>\n<meta name=\"robots\" content=\"index, follow, max-snippet:-1, max-image-preview:large, max-video-preview:-1\" \/>\n<link rel=\"canonical\" href=\"https:\/\/bazus.com\/processes\/engraving\/\" \/>\n<meta property=\"og:locale\" content=\"de_DE\" \/>\n<meta property=\"og:type\" content=\"article\" \/>\n<meta property=\"og:title\" content=\"Gravur &amp; Werkzeug - Bazus\" \/>\n<meta property=\"og:description\" content=\"Durch die industrielle Gravur k\u00f6nnen komplexe Geometrien (Formen, Figuren, Buchstaben) mit einer angemessenen Tiefe erstellt werden. Das Konzept der Gravur umfasst eine Vielzahl von Prozessen, die der Mensch im Laufe der Zeit durch verschiedene Verfahren praktiziert hat. Die Metallgravur ist sehr komplex und es gibt verschiedene Techniken, um sie zu entwickeln. Die Metalle wurden f\u00fcr [&hellip;]\" \/>\n<meta property=\"og:url\" content=\"https:\/\/bazus.com\/processes\/engraving\/\" \/>\n<meta property=\"og:site_name\" content=\"Bazus\" \/>\n<meta property=\"article:modified_time\" content=\"2020-10-30T10:04:47+00:00\" \/>\n<meta name=\"twitter:card\" content=\"summary_large_image\" \/>\n<meta name=\"twitter:label1\" content=\"Gesch\u00e4tzte Lesezeit\" \/>\n\t<meta name=\"twitter:data1\" content=\"1\u00a0Minute\" \/>\n<script type=\"application\/ld+json\" class=\"yoast-schema-graph\">{\"@context\":\"https:\\\/\\\/schema.org\",\"@graph\":[{\"@type\":\"WebPage\",\"@id\":\"https:\\\/\\\/bazus.com\\\/processes\\\/engraving\\\/\",\"url\":\"https:\\\/\\\/bazus.com\\\/processes\\\/engraving\\\/\",\"name\":\"Gravur & Werkzeug - Bazus\",\"isPartOf\":{\"@id\":\"https:\\\/\\\/bazus.com\\\/#website\"},\"datePublished\":\"2019-11-22T17:43:16+00:00\",\"dateModified\":\"2020-10-30T10:04:47+00:00\",\"breadcrumb\":{\"@id\":\"https:\\\/\\\/bazus.com\\\/processes\\\/engraving\\\/#breadcrumb\"},\"inLanguage\":\"de\",\"potentialAction\":[{\"@type\":\"ReadAction\",\"target\":[\"https:\\\/\\\/bazus.com\\\/processes\\\/engraving\\\/\"]}]},{\"@type\":\"BreadcrumbList\",\"@id\":\"https:\\\/\\\/bazus.com\\\/processes\\\/engraving\\\/#breadcrumb\",\"itemListElement\":[{\"@type\":\"ListItem\",\"position\":1,\"name\":\"Inicio\",\"item\":\"https:\\\/\\\/bazus.com\\\/de\\\/\"},{\"@type\":\"ListItem\",\"position\":2,\"name\":\"Prozess\",\"item\":\"https:\\\/\\\/bazus.com\\\/processes\\\/\"},{\"@type\":\"ListItem\",\"position\":3,\"name\":\"Gravur &#038; Werkzeug\"}]},{\"@type\":\"WebSite\",\"@id\":\"https:\\\/\\\/bazus.com\\\/#website\",\"url\":\"https:\\\/\\\/bazus.com\\\/\",\"name\":\"Bazus\",\"description\":\"Mesas de coordenadas confiables\",\"potentialAction\":[{\"@type\":\"SearchAction\",\"target\":{\"@type\":\"EntryPoint\",\"urlTemplate\":\"https:\\\/\\\/bazus.com\\\/?s={search_term_string}\"},\"query-input\":{\"@type\":\"PropertyValueSpecification\",\"valueRequired\":true,\"valueName\":\"search_term_string\"}}],\"inLanguage\":\"de\"}]}<\/script>\n<!-- \/ Yoast SEO plugin. -->","yoast_head_json":{"title":"Gravur & Werkzeug - Bazus","robots":{"index":"index","follow":"follow","max-snippet":"max-snippet:-1","max-image-preview":"max-image-preview:large","max-video-preview":"max-video-preview:-1"},"canonical":"https:\/\/bazus.com\/processes\/engraving\/","og_locale":"de_DE","og_type":"article","og_title":"Gravur & Werkzeug - Bazus","og_description":"Durch die industrielle Gravur k\u00f6nnen komplexe Geometrien (Formen, Figuren, Buchstaben) mit einer angemessenen Tiefe erstellt werden. Das Konzept der Gravur umfasst eine Vielzahl von Prozessen, die der Mensch im Laufe der Zeit durch verschiedene Verfahren praktiziert hat. Die Metallgravur ist sehr komplex und es gibt verschiedene Techniken, um sie zu entwickeln. Die Metalle wurden f\u00fcr [&hellip;]","og_url":"https:\/\/bazus.com\/processes\/engraving\/","og_site_name":"Bazus","article_modified_time":"2020-10-30T10:04:47+00:00","twitter_card":"summary_large_image","twitter_misc":{"Gesch\u00e4tzte Lesezeit":"1\u00a0Minute"},"schema":{"@context":"https:\/\/schema.org","@graph":[{"@type":"WebPage","@id":"https:\/\/bazus.com\/processes\/engraving\/","url":"https:\/\/bazus.com\/processes\/engraving\/","name":"Gravur & Werkzeug - Bazus","isPartOf":{"@id":"https:\/\/bazus.com\/#website"},"datePublished":"2019-11-22T17:43:16+00:00","dateModified":"2020-10-30T10:04:47+00:00","breadcrumb":{"@id":"https:\/\/bazus.com\/processes\/engraving\/#breadcrumb"},"inLanguage":"de","potentialAction":[{"@type":"ReadAction","target":["https:\/\/bazus.com\/processes\/engraving\/"]}]},{"@type":"BreadcrumbList","@id":"https:\/\/bazus.com\/processes\/engraving\/#breadcrumb","itemListElement":[{"@type":"ListItem","position":1,"name":"Inicio","item":"https:\/\/bazus.com\/de\/"},{"@type":"ListItem","position":2,"name":"Prozess","item":"https:\/\/bazus.com\/processes\/"},{"@type":"ListItem","position":3,"name":"Gravur &#038; Werkzeug"}]},{"@type":"WebSite","@id":"https:\/\/bazus.com\/#website","url":"https:\/\/bazus.com\/","name":"Bazus","description":"Mesas de coordenadas confiables","potentialAction":[{"@type":"SearchAction","target":{"@type":"EntryPoint","urlTemplate":"https:\/\/bazus.com\/?s={search_term_string}"},"query-input":{"@type":"PropertyValueSpecification","valueRequired":true,"valueName":"search_term_string"}}],"inLanguage":"de"}]}},"acf":[],"_links":{"self":[{"href":"https:\/\/bazus.com\/de\/wp-json\/wp\/v2\/pages\/4418","targetHints":{"allow":["GET"]}}],"collection":[{"href":"https:\/\/bazus.com\/de\/wp-json\/wp\/v2\/pages"}],"about":[{"href":"https:\/\/bazus.com\/de\/wp-json\/wp\/v2\/types\/page"}],"author":[{"embeddable":true,"href":"https:\/\/bazus.com\/de\/wp-json\/wp\/v2\/users\/1"}],"replies":[{"embeddable":true,"href":"https:\/\/bazus.com\/de\/wp-json\/wp\/v2\/comments?post=4418"}],"version-history":[{"count":2,"href":"https:\/\/bazus.com\/de\/wp-json\/wp\/v2\/pages\/4418\/revisions"}],"predecessor-version":[{"id":4587,"href":"https:\/\/bazus.com\/de\/wp-json\/wp\/v2\/pages\/4418\/revisions\/4587"}],"up":[{"embeddable":true,"href":"https:\/\/bazus.com\/de\/wp-json\/wp\/v2\/pages\/4138"}],"wp:attachment":[{"href":"https:\/\/bazus.com\/de\/wp-json\/wp\/v2\/media?parent=4418"}],"curies":[{"name":"wp","href":"https:\/\/api.w.org\/{rel}","templated":true}]}}