{"id":4407,"date":"2019-11-22T18:43:16","date_gmt":"2019-11-22T17:43:16","guid":{"rendered":"https:\/\/bazus.com\/prozess\/torneado-in-situ-repulsado\/"},"modified":"2020-10-30T11:05:09","modified_gmt":"2020-10-30T10:05:09","slug":"bearbeitung-vor-ort","status":"publish","type":"page","link":"https:\/\/bazus.com\/de\/prozess\/bearbeitung-vor-ort\/","title":{"rendered":"Bearbeitung vor Ort"},"content":{"rendered":"<p>Die Bearbeitung \u201evor Ort\u201c ist unerl\u00e4sslich, wenn das zu bearbeitende Teil aufgrund seiner Abmessungen oder aufgrund des komplexen oder teuren Demontagevorgangs nicht in eine Werkstatt \u00fcberf\u00fchrt werden kann. In diesen Situationen ist eine Bearbeitung vor Ort unerl\u00e4sslich, und ihre Anwendung bedeutet erhebliche Kosteneinsparungen und Ausfallzeiten.<\/p>\n<p>Dank des modularen Aufbaus der BAZUS-Koordinatentische k\u00f6nnen wir jede Kombination von Linearachsen, Pfaden und fixer Meckanik anbieten, die f\u00fcr die Bearbeitung vor Ort erforderlich ist.<\/p>\n","protected":false},"excerpt":{"rendered":"<p>Die Bearbeitung \u201evor Ort\u201c ist unerl\u00e4sslich, wenn das zu bearbeitende Teil aufgrund seiner Abmessungen oder aufgrund des komplexen oder teuren Demontagevorgangs nicht in eine Werkstatt \u00fcberf\u00fchrt werden kann. In diesen Situationen ist eine Bearbeitung vor Ort unerl\u00e4sslich, und ihre Anwendung bedeutet erhebliche Kosteneinsparungen und Ausfallzeiten. Dank des modularen Aufbaus der BAZUS-Koordinatentische k\u00f6nnen wir jede Kombination [&hellip;]<\/p>\n","protected":false},"author":1,"featured_media":0,"parent":4138,"menu_order":33,"comment_status":"closed","ping_status":"closed","template":"sector.php","meta":{"footnotes":""},"class_list":["post-4407","page","type-page","status-publish","hentry"],"yoast_head":"<!-- This site is optimized with the Yoast SEO plugin v27.5 - https:\/\/yoast.com\/product\/yoast-seo-wordpress\/ -->\n<title>Bearbeitung vor Ort - Bazus<\/title>\n<meta name=\"robots\" content=\"index, follow, max-snippet:-1, max-image-preview:large, max-video-preview:-1\" \/>\n<link rel=\"canonical\" href=\"https:\/\/bazus.com\/processes\/in-site-machining\/\" \/>\n<meta property=\"og:locale\" content=\"de_DE\" \/>\n<meta property=\"og:type\" content=\"article\" \/>\n<meta property=\"og:title\" content=\"Bearbeitung vor Ort - Bazus\" \/>\n<meta property=\"og:description\" content=\"Die Bearbeitung \u201evor Ort\u201c ist unerl\u00e4sslich, wenn das zu bearbeitende Teil aufgrund seiner Abmessungen oder aufgrund des komplexen oder teuren Demontagevorgangs nicht in eine Werkstatt \u00fcberf\u00fchrt werden kann. In diesen Situationen ist eine Bearbeitung vor Ort unerl\u00e4sslich, und ihre Anwendung bedeutet erhebliche Kosteneinsparungen und Ausfallzeiten. Dank des modularen Aufbaus der BAZUS-Koordinatentische k\u00f6nnen wir jede Kombination [&hellip;]\" \/>\n<meta property=\"og:url\" content=\"https:\/\/bazus.com\/processes\/in-site-machining\/\" \/>\n<meta property=\"og:site_name\" content=\"Bazus\" \/>\n<meta property=\"article:modified_time\" content=\"2020-10-30T10:05:09+00:00\" \/>\n<meta name=\"twitter:card\" content=\"summary_large_image\" \/>\n<script type=\"application\/ld+json\" class=\"yoast-schema-graph\">{\"@context\":\"https:\\\/\\\/schema.org\",\"@graph\":[{\"@type\":\"WebPage\",\"@id\":\"https:\\\/\\\/bazus.com\\\/processes\\\/in-site-machining\\\/\",\"url\":\"https:\\\/\\\/bazus.com\\\/processes\\\/in-site-machining\\\/\",\"name\":\"Bearbeitung vor Ort - Bazus\",\"isPartOf\":{\"@id\":\"https:\\\/\\\/bazus.com\\\/#website\"},\"datePublished\":\"2019-11-22T17:43:16+00:00\",\"dateModified\":\"2020-10-30T10:05:09+00:00\",\"breadcrumb\":{\"@id\":\"https:\\\/\\\/bazus.com\\\/processes\\\/in-site-machining\\\/#breadcrumb\"},\"inLanguage\":\"de\",\"potentialAction\":[{\"@type\":\"ReadAction\",\"target\":[\"https:\\\/\\\/bazus.com\\\/processes\\\/in-site-machining\\\/\"]}]},{\"@type\":\"BreadcrumbList\",\"@id\":\"https:\\\/\\\/bazus.com\\\/processes\\\/in-site-machining\\\/#breadcrumb\",\"itemListElement\":[{\"@type\":\"ListItem\",\"position\":1,\"name\":\"Inicio\",\"item\":\"https:\\\/\\\/bazus.com\\\/de\\\/\"},{\"@type\":\"ListItem\",\"position\":2,\"name\":\"Prozess\",\"item\":\"https:\\\/\\\/bazus.com\\\/processes\\\/\"},{\"@type\":\"ListItem\",\"position\":3,\"name\":\"Bearbeitung vor Ort\"}]},{\"@type\":\"WebSite\",\"@id\":\"https:\\\/\\\/bazus.com\\\/#website\",\"url\":\"https:\\\/\\\/bazus.com\\\/\",\"name\":\"Bazus\",\"description\":\"Mesas de coordenadas confiables\",\"potentialAction\":[{\"@type\":\"SearchAction\",\"target\":{\"@type\":\"EntryPoint\",\"urlTemplate\":\"https:\\\/\\\/bazus.com\\\/?s={search_term_string}\"},\"query-input\":{\"@type\":\"PropertyValueSpecification\",\"valueRequired\":true,\"valueName\":\"search_term_string\"}}],\"inLanguage\":\"de\"}]}<\/script>\n<!-- \/ Yoast SEO plugin. -->","yoast_head_json":{"title":"Bearbeitung vor Ort - Bazus","robots":{"index":"index","follow":"follow","max-snippet":"max-snippet:-1","max-image-preview":"max-image-preview:large","max-video-preview":"max-video-preview:-1"},"canonical":"https:\/\/bazus.com\/processes\/in-site-machining\/","og_locale":"de_DE","og_type":"article","og_title":"Bearbeitung vor Ort - Bazus","og_description":"Die Bearbeitung \u201evor Ort\u201c ist unerl\u00e4sslich, wenn das zu bearbeitende Teil aufgrund seiner Abmessungen oder aufgrund des komplexen oder teuren Demontagevorgangs nicht in eine Werkstatt \u00fcberf\u00fchrt werden kann. In diesen Situationen ist eine Bearbeitung vor Ort unerl\u00e4sslich, und ihre Anwendung bedeutet erhebliche Kosteneinsparungen und Ausfallzeiten. Dank des modularen Aufbaus der BAZUS-Koordinatentische k\u00f6nnen wir jede Kombination [&hellip;]","og_url":"https:\/\/bazus.com\/processes\/in-site-machining\/","og_site_name":"Bazus","article_modified_time":"2020-10-30T10:05:09+00:00","twitter_card":"summary_large_image","schema":{"@context":"https:\/\/schema.org","@graph":[{"@type":"WebPage","@id":"https:\/\/bazus.com\/processes\/in-site-machining\/","url":"https:\/\/bazus.com\/processes\/in-site-machining\/","name":"Bearbeitung vor Ort - Bazus","isPartOf":{"@id":"https:\/\/bazus.com\/#website"},"datePublished":"2019-11-22T17:43:16+00:00","dateModified":"2020-10-30T10:05:09+00:00","breadcrumb":{"@id":"https:\/\/bazus.com\/processes\/in-site-machining\/#breadcrumb"},"inLanguage":"de","potentialAction":[{"@type":"ReadAction","target":["https:\/\/bazus.com\/processes\/in-site-machining\/"]}]},{"@type":"BreadcrumbList","@id":"https:\/\/bazus.com\/processes\/in-site-machining\/#breadcrumb","itemListElement":[{"@type":"ListItem","position":1,"name":"Inicio","item":"https:\/\/bazus.com\/de\/"},{"@type":"ListItem","position":2,"name":"Prozess","item":"https:\/\/bazus.com\/processes\/"},{"@type":"ListItem","position":3,"name":"Bearbeitung vor Ort"}]},{"@type":"WebSite","@id":"https:\/\/bazus.com\/#website","url":"https:\/\/bazus.com\/","name":"Bazus","description":"Mesas de coordenadas confiables","potentialAction":[{"@type":"SearchAction","target":{"@type":"EntryPoint","urlTemplate":"https:\/\/bazus.com\/?s={search_term_string}"},"query-input":{"@type":"PropertyValueSpecification","valueRequired":true,"valueName":"search_term_string"}}],"inLanguage":"de"}]}},"acf":[],"_links":{"self":[{"href":"https:\/\/bazus.com\/de\/wp-json\/wp\/v2\/pages\/4407","targetHints":{"allow":["GET"]}}],"collection":[{"href":"https:\/\/bazus.com\/de\/wp-json\/wp\/v2\/pages"}],"about":[{"href":"https:\/\/bazus.com\/de\/wp-json\/wp\/v2\/types\/page"}],"author":[{"embeddable":true,"href":"https:\/\/bazus.com\/de\/wp-json\/wp\/v2\/users\/1"}],"replies":[{"embeddable":true,"href":"https:\/\/bazus.com\/de\/wp-json\/wp\/v2\/comments?post=4407"}],"version-history":[{"count":2,"href":"https:\/\/bazus.com\/de\/wp-json\/wp\/v2\/pages\/4407\/revisions"}],"predecessor-version":[{"id":4589,"href":"https:\/\/bazus.com\/de\/wp-json\/wp\/v2\/pages\/4407\/revisions\/4589"}],"up":[{"embeddable":true,"href":"https:\/\/bazus.com\/de\/wp-json\/wp\/v2\/pages\/4138"}],"wp:attachment":[{"href":"https:\/\/bazus.com\/de\/wp-json\/wp\/v2\/media?parent=4407"}],"curies":[{"name":"wp","href":"https:\/\/api.w.org\/{rel}","templated":true}]}}