{"id":4380,"date":"2019-11-22T17:05:36","date_gmt":"2019-11-22T16:05:36","guid":{"rendered":"https:\/\/bazus.com\/koordinatentisch-mini\/mg-mini-mesa-xy-mini-laboratorios-metrologia-con-base-giratoria\/"},"modified":"2021-04-30T10:40:46","modified_gmt":"2021-04-30T08:40:46","slug":"serie-mg-mini-koordinatentisch-mir-drehbarer-basis-xy-mini","status":"publish","type":"page","link":"https:\/\/bazus.com\/de\/koordinatentisch-mini\/serie-mg-mini-koordinatentisch-mir-drehbarer-basis-xy-mini\/","title":{"rendered":"Serie MG MINI Koordinatentisch mir drehbarer Basis XY MINI"},"content":{"rendered":"<p>XY zweiachsiger multifunktionaler Koordinatentisch mit drehbarer Basis (G) f\u00fcr den professionellen Einsatz in der Mikromechanik oder mit kleiner Pr\u00e4zisionmechanik.<\/p>\n<p>Koordinatentische, die aufgrund der genauen Steuerung der XY-Position und der Winkelpositionierung f\u00fcr Pr\u00e4zisionsarbeiten ausgelegt und geeignet ist. Speziell f\u00fcr Tampondruckmaschinen, Spezialmaschinen, Messtechnik, Durometer, Sensorpositionierung und andere mechanische Anwendungen, bei denen eine XY-Position und eine G-Winkelsteuerung erforderlich sind.<\/p>\n<p>Beachten Sie, dass die untere Basis eine 360 \u00b0 -Winkelpositionierung durch manuelles Drehen des XY-Tisches um eine Mittelachse erm\u00f6glicht. Es umfasst auch die Gravur eines um 180 \u00b0 abgestuften Sektors, um das Winkelpositionierungsma\u00df messen zu k\u00f6nnen.<\/p>\n<p>Alle Elemente der manuellen Koordinatentische der MG MINI-Serie bestehen aus einer Eisenlegierung (hochwertiges stabilisiertes graues GG25-Gusseisen), was ein au\u00dfergew\u00f6hnlicher mechanischer Widerstandt verleiht.<\/p>\n","protected":false},"excerpt":{"rendered":"<p>XY zweiachsiger multifunktionaler Koordinatentisch mit drehbarer Basis (G) f\u00fcr den professionellen Einsatz in der Mikromechanik oder mit kleiner Pr\u00e4zisionmechanik. Koordinatentische, die aufgrund der genauen Steuerung der XY-Position und der Winkelpositionierung f\u00fcr Pr\u00e4zisionsarbeiten ausgelegt und geeignet ist. Speziell f\u00fcr Tampondruckmaschinen, Spezialmaschinen, Messtechnik, Durometer, Sensorpositionierung und andere mechanische Anwendungen, bei denen eine XY-Position und eine G-Winkelsteuerung erforderlich [&hellip;]<\/p>\n","protected":false},"author":1,"featured_media":1588,"parent":4353,"menu_order":16,"comment_status":"closed","ping_status":"closed","template":"producto.php","meta":[],"yoast_head":"<!-- This site is optimized with the Yoast SEO plugin v14.6.1 - https:\/\/yoast.com\/wordpress\/plugins\/seo\/ -->\n<title>Serie MG MINI Koordinatentisch mir drehbarer Basis XY MINI - Bazus<\/title>\n<meta name=\"robots\" content=\"index, follow\" \/>\n<meta name=\"googlebot\" content=\"index, follow, max-snippet:-1, max-image-preview:large, max-video-preview:-1\" \/>\n<meta name=\"bingbot\" content=\"index, follow, max-snippet:-1, max-image-preview:large, max-video-preview:-1\" \/>\n<link rel=\"canonical\" href=\"https:\/\/bazus.com\/de\/koordinatentisch-mini\/serie-mg-mini-koordinatentisch-mir-drehbarer-basis-xy-mini\/\" \/>\n<meta property=\"og:locale\" content=\"de_DE\" \/>\n<meta property=\"og:type\" content=\"article\" \/>\n<meta property=\"og:title\" content=\"Serie MG MINI Koordinatentisch mir drehbarer Basis XY MINI - Bazus\" \/>\n<meta property=\"og:description\" content=\"XY zweiachsiger multifunktionaler Koordinatentisch mit drehbarer Basis (G) f\u00fcr den professionellen Einsatz in der Mikromechanik oder mit kleiner Pr\u00e4zisionmechanik. Koordinatentische, die aufgrund der genauen Steuerung der XY-Position und der Winkelpositionierung f\u00fcr Pr\u00e4zisionsarbeiten ausgelegt und geeignet ist. Speziell f\u00fcr Tampondruckmaschinen, Spezialmaschinen, Messtechnik, Durometer, Sensorpositionierung und andere mechanische Anwendungen, bei denen eine XY-Position und eine G-Winkelsteuerung erforderlich [&hellip;]\" \/>\n<meta property=\"og:url\" content=\"https:\/\/bazus.com\/de\/koordinatentisch-mini\/serie-mg-mini-koordinatentisch-mir-drehbarer-basis-xy-mini\/\" \/>\n<meta property=\"og:site_name\" content=\"Bazus\" \/>\n<meta property=\"article:author\" content=\"https:\/\/www.facebook.com\/kmdevs\/\" \/>\n<meta property=\"article:modified_time\" content=\"2021-04-30T08:40:46+00:00\" \/>\n<meta property=\"og:image\" content=\"https:\/\/bazus.com\/wp-content\/uploads\/2020\/08\/MG-100_A.jpg\" \/>\n\t<meta property=\"og:image:width\" content=\"1920\" \/>\n\t<meta property=\"og:image:height\" content=\"1080\" \/>\n<meta name=\"twitter:card\" content=\"summary_large_image\" \/>\n<meta name=\"twitter:creator\" content=\"@km_devs\" \/>\n<script type=\"application\/ld+json\" class=\"yoast-schema-graph\">{\"@context\":\"https:\/\/schema.org\",\"@graph\":[{\"@type\":\"WebSite\",\"@id\":\"https:\/\/bazus.com\/de\/#website\",\"url\":\"https:\/\/bazus.com\/de\/\",\"name\":\"Bazus\",\"description\":\"Mesas de coordenadas confiables\",\"potentialAction\":[{\"@type\":\"SearchAction\",\"target\":\"https:\/\/bazus.com\/de\/?s={search_term_string}\",\"query-input\":\"required name=search_term_string\"}],\"inLanguage\":\"de\"},{\"@type\":\"ImageObject\",\"@id\":\"https:\/\/bazus.com\/de\/koordinatentisch-mini\/serie-mg-mini-koordinatentisch-mir-drehbarer-basis-xy-mini\/#primaryimage\",\"inLanguage\":\"de\",\"url\":\"https:\/\/bazus.com\/wp-content\/uploads\/2020\/08\/MG-100_A.jpg\",\"width\":1920,\"height\":1080},{\"@type\":\"WebPage\",\"@id\":\"https:\/\/bazus.com\/de\/koordinatentisch-mini\/serie-mg-mini-koordinatentisch-mir-drehbarer-basis-xy-mini\/#webpage\",\"url\":\"https:\/\/bazus.com\/de\/koordinatentisch-mini\/serie-mg-mini-koordinatentisch-mir-drehbarer-basis-xy-mini\/\",\"name\":\"Serie MG MINI Koordinatentisch mir drehbarer Basis XY MINI - Bazus\",\"isPartOf\":{\"@id\":\"https:\/\/bazus.com\/de\/#website\"},\"primaryImageOfPage\":{\"@id\":\"https:\/\/bazus.com\/de\/koordinatentisch-mini\/serie-mg-mini-koordinatentisch-mir-drehbarer-basis-xy-mini\/#primaryimage\"},\"datePublished\":\"2019-11-22T16:05:36+00:00\",\"dateModified\":\"2021-04-30T08:40:46+00:00\",\"breadcrumb\":{\"@id\":\"https:\/\/bazus.com\/de\/koordinatentisch-mini\/serie-mg-mini-koordinatentisch-mir-drehbarer-basis-xy-mini\/#breadcrumb\"},\"inLanguage\":\"de\",\"potentialAction\":[{\"@type\":\"ReadAction\",\"target\":[\"https:\/\/bazus.com\/de\/koordinatentisch-mini\/serie-mg-mini-koordinatentisch-mir-drehbarer-basis-xy-mini\/\"]}]},{\"@type\":\"BreadcrumbList\",\"@id\":\"https:\/\/bazus.com\/de\/koordinatentisch-mini\/serie-mg-mini-koordinatentisch-mir-drehbarer-basis-xy-mini\/#breadcrumb\",\"itemListElement\":[{\"@type\":\"ListItem\",\"position\":1,\"item\":{\"@type\":\"WebPage\",\"@id\":\"https:\/\/bazus.com\/de\/\",\"url\":\"https:\/\/bazus.com\/de\/\",\"name\":\"Inicio\"}},{\"@type\":\"ListItem\",\"position\":2,\"item\":{\"@type\":\"WebPage\",\"@id\":\"https:\/\/bazus.com\/de\/koordinatentisch-mini\/\",\"url\":\"https:\/\/bazus.com\/de\/koordinatentisch-mini\/\",\"name\":\"Koordinatentisch Mini\"}},{\"@type\":\"ListItem\",\"position\":3,\"item\":{\"@type\":\"WebPage\",\"@id\":\"https:\/\/bazus.com\/de\/koordinatentisch-mini\/serie-mg-mini-koordinatentisch-mir-drehbarer-basis-xy-mini\/\",\"url\":\"https:\/\/bazus.com\/de\/koordinatentisch-mini\/serie-mg-mini-koordinatentisch-mir-drehbarer-basis-xy-mini\/\",\"name\":\"Serie MG MINI Koordinatentisch mir drehbarer Basis XY MINI\"}}]}]}<\/script>\n<!-- \/ Yoast SEO plugin. -->","acf":[],"_links":{"self":[{"href":"https:\/\/bazus.com\/de\/wp-json\/wp\/v2\/pages\/4380"}],"collection":[{"href":"https:\/\/bazus.com\/de\/wp-json\/wp\/v2\/pages"}],"about":[{"href":"https:\/\/bazus.com\/de\/wp-json\/wp\/v2\/types\/page"}],"author":[{"embeddable":true,"href":"https:\/\/bazus.com\/de\/wp-json\/wp\/v2\/users\/1"}],"replies":[{"embeddable":true,"href":"https:\/\/bazus.com\/de\/wp-json\/wp\/v2\/comments?post=4380"}],"version-history":[{"count":5,"href":"https:\/\/bazus.com\/de\/wp-json\/wp\/v2\/pages\/4380\/revisions"}],"predecessor-version":[{"id":5125,"href":"https:\/\/bazus.com\/de\/wp-json\/wp\/v2\/pages\/4380\/revisions\/5125"}],"up":[{"embeddable":true,"href":"https:\/\/bazus.com\/de\/wp-json\/wp\/v2\/pages\/4353"}],"wp:featuredmedia":[{"embeddable":true,"href":"https:\/\/bazus.com\/de\/wp-json\/wp\/v2\/media\/1588"}],"wp:attachment":[{"href":"https:\/\/bazus.com\/de\/wp-json\/wp\/v2\/media?parent=4380"}],"curies":[{"name":"wp","href":"https:\/\/api.w.org\/{rel}","templated":true}]}}