{"id":4372,"date":"2019-11-22T17:05:36","date_gmt":"2019-11-22T16:05:36","guid":{"rendered":"https:\/\/bazus.com\/koordinatentisch-mini\/mf-mini-mesa-xy-mini-laboratorios-metrologia\/"},"modified":"2021-04-30T10:40:19","modified_gmt":"2021-04-30T08:40:19","slug":"mf-mini-koordinatentisch-xy-mini","status":"publish","type":"page","link":"https:\/\/bazus.com\/de\/koordinatentisch-mini\/mf-mini-koordinatentisch-xy-mini\/","title":{"rendered":"MF MINI. Koordinatentisch XY mini"},"content":{"rendered":"<p>Zweiachsige MINI-Koordinatentisch mit fester Basis: f\u00fcr Anwendungen mit kleiner Pr\u00e4zisionsmechanik.<\/p>\n<p>Mit seinem kompakten Design und seiner hohen Bewegungsempfindlichkeit, ideal f\u00fcr Pr\u00e4zisionsaufgaben, kann es sowohl vertikal als auch horizontal arbeiten. Die Lineareinheiten der MF MINI-Serie eignen sich optimal f\u00fcr Positionierung, Pr\u00fcfung, Messtechnik, Rauheitsmessung, Sensorbewegung und jede andere Anwendung der kleinen Pr\u00e4zisionsmechanik, bei der eine pr\u00e4zise Koordinatensteuerung erforderlich ist.<\/p>\n<p>Das solide und kompakte Design des linearen Tisches erm\u00f6glicht die Ausf\u00fchrung einer gro\u00dfen Anzahl von Arbeiten unter Beibehaltung der Positioniergenauigkeit und Wiederholungen aus jeder linearen Positionierung. Ein Messklassiker, der eine lange Lebensdauer garantiert.<\/p>\n<p>Alle Elemente der manuellen Koordinatentabellen der MF MINI-Serie bestehen aus einer Eisenlegierung (hochwertiges GG25-stabilisiertes Grauguss), was ein au\u00dfergew\u00f6hnlicher mechanischer Widerstandt verleiht.<\/p>\n","protected":false},"excerpt":{"rendered":"<p>Zweiachsige MINI-Koordinatentisch mit fester Basis: f\u00fcr Anwendungen mit kleiner Pr\u00e4zisionsmechanik. Mit seinem kompakten Design und seiner hohen Bewegungsempfindlichkeit, ideal f\u00fcr Pr\u00e4zisionsaufgaben, kann es sowohl vertikal als auch horizontal arbeiten. Die Lineareinheiten der MF MINI-Serie eignen sich optimal f\u00fcr Positionierung, Pr\u00fcfung, Messtechnik, Rauheitsmessung, Sensorbewegung und jede andere Anwendung der kleinen Pr\u00e4zisionsmechanik, bei der eine pr\u00e4zise Koordinatensteuerung [&hellip;]<\/p>\n","protected":false},"author":1,"featured_media":1544,"parent":4353,"menu_order":15,"comment_status":"closed","ping_status":"closed","template":"producto.php","meta":{"footnotes":""},"class_list":["post-4372","page","type-page","status-publish","has-post-thumbnail","hentry"],"yoast_head":"<!-- This site is optimized with the Yoast SEO plugin v27.5 - https:\/\/yoast.com\/product\/yoast-seo-wordpress\/ -->\n<title>MF MINI. Koordinatentisch XY mini - Bazus<\/title>\n<meta name=\"robots\" content=\"index, follow, max-snippet:-1, max-image-preview:large, max-video-preview:-1\" \/>\n<link rel=\"canonical\" href=\"https:\/\/bazus.com\/mini-coordinate-tables\/mf-mini-xy-mini-coordinate-tables\/\" \/>\n<meta property=\"og:locale\" content=\"de_DE\" \/>\n<meta property=\"og:type\" content=\"article\" \/>\n<meta property=\"og:title\" content=\"MF MINI. Koordinatentisch XY mini - Bazus\" \/>\n<meta property=\"og:description\" content=\"Zweiachsige MINI-Koordinatentisch mit fester Basis: f\u00fcr Anwendungen mit kleiner Pr\u00e4zisionsmechanik. Mit seinem kompakten Design und seiner hohen Bewegungsempfindlichkeit, ideal f\u00fcr Pr\u00e4zisionsaufgaben, kann es sowohl vertikal als auch horizontal arbeiten. Die Lineareinheiten der MF MINI-Serie eignen sich optimal f\u00fcr Positionierung, Pr\u00fcfung, Messtechnik, Rauheitsmessung, Sensorbewegung und jede andere Anwendung der kleinen Pr\u00e4zisionsmechanik, bei der eine pr\u00e4zise Koordinatensteuerung [&hellip;]\" \/>\n<meta property=\"og:url\" content=\"https:\/\/bazus.com\/mini-coordinate-tables\/mf-mini-xy-mini-coordinate-tables\/\" \/>\n<meta property=\"og:site_name\" content=\"Bazus\" \/>\n<meta property=\"article:modified_time\" content=\"2021-04-30T08:40:19+00:00\" \/>\n<meta property=\"og:image\" content=\"https:\/\/bazus.com\/wp-content\/uploads\/2020\/08\/MF-100_A.jpg\" \/>\n\t<meta property=\"og:image:width\" content=\"1920\" \/>\n\t<meta property=\"og:image:height\" content=\"1080\" \/>\n\t<meta property=\"og:image:type\" content=\"image\/jpeg\" \/>\n<meta name=\"twitter:card\" content=\"summary_large_image\" \/>\n<meta name=\"twitter:label1\" content=\"Gesch\u00e4tzte Lesezeit\" \/>\n\t<meta name=\"twitter:data1\" content=\"1\u00a0Minute\" \/>\n<script type=\"application\/ld+json\" class=\"yoast-schema-graph\">{\"@context\":\"https:\\\/\\\/schema.org\",\"@graph\":[{\"@type\":\"WebPage\",\"@id\":\"https:\\\/\\\/bazus.com\\\/mini-coordinate-tables\\\/mf-mini-xy-mini-coordinate-tables\\\/\",\"url\":\"https:\\\/\\\/bazus.com\\\/mini-coordinate-tables\\\/mf-mini-xy-mini-coordinate-tables\\\/\",\"name\":\"MF MINI. Koordinatentisch XY mini - Bazus\",\"isPartOf\":{\"@id\":\"https:\\\/\\\/bazus.com\\\/#website\"},\"primaryImageOfPage\":{\"@id\":\"https:\\\/\\\/bazus.com\\\/mini-coordinate-tables\\\/mf-mini-xy-mini-coordinate-tables\\\/#primaryimage\"},\"image\":{\"@id\":\"https:\\\/\\\/bazus.com\\\/mini-coordinate-tables\\\/mf-mini-xy-mini-coordinate-tables\\\/#primaryimage\"},\"thumbnailUrl\":\"https:\\\/\\\/bazus.com\\\/wp-content\\\/uploads\\\/2020\\\/08\\\/MF-100_A.jpg\",\"datePublished\":\"2019-11-22T16:05:36+00:00\",\"dateModified\":\"2021-04-30T08:40:19+00:00\",\"breadcrumb\":{\"@id\":\"https:\\\/\\\/bazus.com\\\/mini-coordinate-tables\\\/mf-mini-xy-mini-coordinate-tables\\\/#breadcrumb\"},\"inLanguage\":\"de\",\"potentialAction\":[{\"@type\":\"ReadAction\",\"target\":[\"https:\\\/\\\/bazus.com\\\/mini-coordinate-tables\\\/mf-mini-xy-mini-coordinate-tables\\\/\"]}]},{\"@type\":\"ImageObject\",\"inLanguage\":\"de\",\"@id\":\"https:\\\/\\\/bazus.com\\\/mini-coordinate-tables\\\/mf-mini-xy-mini-coordinate-tables\\\/#primaryimage\",\"url\":\"https:\\\/\\\/bazus.com\\\/wp-content\\\/uploads\\\/2020\\\/08\\\/MF-100_A.jpg\",\"contentUrl\":\"https:\\\/\\\/bazus.com\\\/wp-content\\\/uploads\\\/2020\\\/08\\\/MF-100_A.jpg\",\"width\":1920,\"height\":1080},{\"@type\":\"BreadcrumbList\",\"@id\":\"https:\\\/\\\/bazus.com\\\/mini-coordinate-tables\\\/mf-mini-xy-mini-coordinate-tables\\\/#breadcrumb\",\"itemListElement\":[{\"@type\":\"ListItem\",\"position\":1,\"name\":\"Inicio\",\"item\":\"https:\\\/\\\/bazus.com\\\/de\\\/\"},{\"@type\":\"ListItem\",\"position\":2,\"name\":\"Koordinatentisch Mini\",\"item\":\"https:\\\/\\\/bazus.com\\\/mini-coordinate-tables\\\/\"},{\"@type\":\"ListItem\",\"position\":3,\"name\":\"MF MINI. Koordinatentisch XY mini\"}]},{\"@type\":\"WebSite\",\"@id\":\"https:\\\/\\\/bazus.com\\\/#website\",\"url\":\"https:\\\/\\\/bazus.com\\\/\",\"name\":\"Bazus\",\"description\":\"Mesas de coordenadas confiables\",\"potentialAction\":[{\"@type\":\"SearchAction\",\"target\":{\"@type\":\"EntryPoint\",\"urlTemplate\":\"https:\\\/\\\/bazus.com\\\/?s={search_term_string}\"},\"query-input\":{\"@type\":\"PropertyValueSpecification\",\"valueRequired\":true,\"valueName\":\"search_term_string\"}}],\"inLanguage\":\"de\"}]}<\/script>\n<!-- \/ Yoast SEO plugin. -->","yoast_head_json":{"title":"MF MINI. Koordinatentisch XY mini - Bazus","robots":{"index":"index","follow":"follow","max-snippet":"max-snippet:-1","max-image-preview":"max-image-preview:large","max-video-preview":"max-video-preview:-1"},"canonical":"https:\/\/bazus.com\/mini-coordinate-tables\/mf-mini-xy-mini-coordinate-tables\/","og_locale":"de_DE","og_type":"article","og_title":"MF MINI. Koordinatentisch XY mini - Bazus","og_description":"Zweiachsige MINI-Koordinatentisch mit fester Basis: f\u00fcr Anwendungen mit kleiner Pr\u00e4zisionsmechanik. Mit seinem kompakten Design und seiner hohen Bewegungsempfindlichkeit, ideal f\u00fcr Pr\u00e4zisionsaufgaben, kann es sowohl vertikal als auch horizontal arbeiten. Die Lineareinheiten der MF MINI-Serie eignen sich optimal f\u00fcr Positionierung, Pr\u00fcfung, Messtechnik, Rauheitsmessung, Sensorbewegung und jede andere Anwendung der kleinen Pr\u00e4zisionsmechanik, bei der eine pr\u00e4zise Koordinatensteuerung [&hellip;]","og_url":"https:\/\/bazus.com\/mini-coordinate-tables\/mf-mini-xy-mini-coordinate-tables\/","og_site_name":"Bazus","article_modified_time":"2021-04-30T08:40:19+00:00","og_image":[{"width":1920,"height":1080,"url":"https:\/\/bazus.com\/wp-content\/uploads\/2020\/08\/MF-100_A.jpg","type":"image\/jpeg"}],"twitter_card":"summary_large_image","twitter_misc":{"Gesch\u00e4tzte Lesezeit":"1\u00a0Minute"},"schema":{"@context":"https:\/\/schema.org","@graph":[{"@type":"WebPage","@id":"https:\/\/bazus.com\/mini-coordinate-tables\/mf-mini-xy-mini-coordinate-tables\/","url":"https:\/\/bazus.com\/mini-coordinate-tables\/mf-mini-xy-mini-coordinate-tables\/","name":"MF MINI. Koordinatentisch XY mini - Bazus","isPartOf":{"@id":"https:\/\/bazus.com\/#website"},"primaryImageOfPage":{"@id":"https:\/\/bazus.com\/mini-coordinate-tables\/mf-mini-xy-mini-coordinate-tables\/#primaryimage"},"image":{"@id":"https:\/\/bazus.com\/mini-coordinate-tables\/mf-mini-xy-mini-coordinate-tables\/#primaryimage"},"thumbnailUrl":"https:\/\/bazus.com\/wp-content\/uploads\/2020\/08\/MF-100_A.jpg","datePublished":"2019-11-22T16:05:36+00:00","dateModified":"2021-04-30T08:40:19+00:00","breadcrumb":{"@id":"https:\/\/bazus.com\/mini-coordinate-tables\/mf-mini-xy-mini-coordinate-tables\/#breadcrumb"},"inLanguage":"de","potentialAction":[{"@type":"ReadAction","target":["https:\/\/bazus.com\/mini-coordinate-tables\/mf-mini-xy-mini-coordinate-tables\/"]}]},{"@type":"ImageObject","inLanguage":"de","@id":"https:\/\/bazus.com\/mini-coordinate-tables\/mf-mini-xy-mini-coordinate-tables\/#primaryimage","url":"https:\/\/bazus.com\/wp-content\/uploads\/2020\/08\/MF-100_A.jpg","contentUrl":"https:\/\/bazus.com\/wp-content\/uploads\/2020\/08\/MF-100_A.jpg","width":1920,"height":1080},{"@type":"BreadcrumbList","@id":"https:\/\/bazus.com\/mini-coordinate-tables\/mf-mini-xy-mini-coordinate-tables\/#breadcrumb","itemListElement":[{"@type":"ListItem","position":1,"name":"Inicio","item":"https:\/\/bazus.com\/de\/"},{"@type":"ListItem","position":2,"name":"Koordinatentisch Mini","item":"https:\/\/bazus.com\/mini-coordinate-tables\/"},{"@type":"ListItem","position":3,"name":"MF MINI. Koordinatentisch XY mini"}]},{"@type":"WebSite","@id":"https:\/\/bazus.com\/#website","url":"https:\/\/bazus.com\/","name":"Bazus","description":"Mesas de coordenadas confiables","potentialAction":[{"@type":"SearchAction","target":{"@type":"EntryPoint","urlTemplate":"https:\/\/bazus.com\/?s={search_term_string}"},"query-input":{"@type":"PropertyValueSpecification","valueRequired":true,"valueName":"search_term_string"}}],"inLanguage":"de"}]}},"acf":[],"_links":{"self":[{"href":"https:\/\/bazus.com\/de\/wp-json\/wp\/v2\/pages\/4372","targetHints":{"allow":["GET"]}}],"collection":[{"href":"https:\/\/bazus.com\/de\/wp-json\/wp\/v2\/pages"}],"about":[{"href":"https:\/\/bazus.com\/de\/wp-json\/wp\/v2\/types\/page"}],"author":[{"embeddable":true,"href":"https:\/\/bazus.com\/de\/wp-json\/wp\/v2\/users\/1"}],"replies":[{"embeddable":true,"href":"https:\/\/bazus.com\/de\/wp-json\/wp\/v2\/comments?post=4372"}],"version-history":[{"count":4,"href":"https:\/\/bazus.com\/de\/wp-json\/wp\/v2\/pages\/4372\/revisions"}],"predecessor-version":[{"id":5124,"href":"https:\/\/bazus.com\/de\/wp-json\/wp\/v2\/pages\/4372\/revisions\/5124"}],"up":[{"embeddable":true,"href":"https:\/\/bazus.com\/de\/wp-json\/wp\/v2\/pages\/4353"}],"wp:featuredmedia":[{"embeddable":true,"href":"https:\/\/bazus.com\/de\/wp-json\/wp\/v2\/media\/1544"}],"wp:attachment":[{"href":"https:\/\/bazus.com\/de\/wp-json\/wp\/v2\/media?parent=4372"}],"curies":[{"name":"wp","href":"https:\/\/api.w.org\/{rel}","templated":true}]}}