{"id":4364,"date":"2019-11-22T17:05:36","date_gmt":"2019-11-22T16:05:36","guid":{"rendered":"https:\/\/bazus.com\/koordinatentisch-mini\/tp-mini-mesa-x-mini-con-base-giratoria\/"},"modified":"2021-04-30T10:39:25","modified_gmt":"2021-04-30T08:39:25","slug":"tp-mini-koordinatentisch-x-mini-mit-drehbarer-basis","status":"publish","type":"page","link":"https:\/\/bazus.com\/de\/koordinatentisch-mini\/tp-mini-koordinatentisch-x-mini-mit-drehbarer-basis\/","title":{"rendered":"TP MINI. Koordinatentisch X mini mit drehbarer Basis"},"content":{"rendered":"<p>MINI-Koordinatentische mit einer X-Achse und drehbarer Basis (60 \u00b0) f\u00fcr kleine Pr\u00e4zisionsmechanikanwendungen.<\/p>\n<p>Mit kompaktem Design und gro\u00dfer Bewegungsempfindlichkeit. Es kann sowohl vertikal als auch horizontal arbeiten. Die Koordinatentische der TP MINI-Serie wurden f\u00fcr Pr\u00e4zisionsarbeiten entwickelt und eignen sich optimal f\u00fcr Positionierung, Pr\u00fcfung, Messtechnik, Rauheitsmessung, Sensorbewegungsanwendungen und alle anderen Anwendungen der kleinen Pr\u00e4zisionsmechanik, bei denen eine pr\u00e4zise Koordinatensteuerung erforderlich ist.<\/p>\n<p>Das solide und kompakte Design des linearen Tisches erm\u00f6glicht die Ausf\u00fchrung einer gro\u00dfen Anzahl von Arbeiten unter Beibehaltung der Positioniergenauigkeit und Wiederholungen aus jeder linearen Positionierung. Ein Messklassiker, der eine lange Lebensdauer garantiert.<\/p>\n<p>Alle Elemente der manuellen Koordinatentische der TP MINI-Serie bestehen aus einer Eisenlegierung (hochwertiges stabilisiertes graues GG25-Gusseisen), was ein au\u00dfergew\u00f6hnlicher mechanischer Widerstandt verleiht.<\/p>\n","protected":false},"excerpt":{"rendered":"<p>MINI-Koordinatentische mit einer X-Achse und drehbarer Basis (60 \u00b0) f\u00fcr kleine Pr\u00e4zisionsmechanikanwendungen. Mit kompaktem Design und gro\u00dfer Bewegungsempfindlichkeit. Es kann sowohl vertikal als auch horizontal arbeiten. Die Koordinatentische der TP MINI-Serie wurden f\u00fcr Pr\u00e4zisionsarbeiten entwickelt und eignen sich optimal f\u00fcr Positionierung, Pr\u00fcfung, Messtechnik, Rauheitsmessung, Sensorbewegungsanwendungen und alle anderen Anwendungen der kleinen Pr\u00e4zisionsmechanik, bei denen eine [&hellip;]<\/p>\n","protected":false},"author":1,"featured_media":1506,"parent":4353,"menu_order":14,"comment_status":"closed","ping_status":"closed","template":"producto.php","meta":{"footnotes":""},"class_list":["post-4364","page","type-page","status-publish","has-post-thumbnail","hentry"],"yoast_head":"<!-- This site is optimized with the Yoast SEO plugin v27.5 - https:\/\/yoast.com\/product\/yoast-seo-wordpress\/ -->\n<title>TP MINI. Koordinatentisch X mini mit drehbarer Basis - Bazus<\/title>\n<meta name=\"robots\" content=\"index, follow, max-snippet:-1, max-image-preview:large, max-video-preview:-1\" \/>\n<link rel=\"canonical\" href=\"https:\/\/bazus.com\/mini-coordinate-tables\/tp-mini-x-mini-table-unit-with-rotary-basis\/\" \/>\n<meta property=\"og:locale\" content=\"de_DE\" \/>\n<meta property=\"og:type\" content=\"article\" \/>\n<meta property=\"og:title\" content=\"TP MINI. Koordinatentisch X mini mit drehbarer Basis - Bazus\" \/>\n<meta property=\"og:description\" content=\"MINI-Koordinatentische mit einer X-Achse und drehbarer Basis (60 \u00b0) f\u00fcr kleine Pr\u00e4zisionsmechanikanwendungen. Mit kompaktem Design und gro\u00dfer Bewegungsempfindlichkeit. Es kann sowohl vertikal als auch horizontal arbeiten. Die Koordinatentische der TP MINI-Serie wurden f\u00fcr Pr\u00e4zisionsarbeiten entwickelt und eignen sich optimal f\u00fcr Positionierung, Pr\u00fcfung, Messtechnik, Rauheitsmessung, Sensorbewegungsanwendungen und alle anderen Anwendungen der kleinen Pr\u00e4zisionsmechanik, bei denen eine [&hellip;]\" \/>\n<meta property=\"og:url\" content=\"https:\/\/bazus.com\/mini-coordinate-tables\/tp-mini-x-mini-table-unit-with-rotary-basis\/\" \/>\n<meta property=\"og:site_name\" content=\"Bazus\" \/>\n<meta property=\"article:modified_time\" content=\"2021-04-30T08:39:25+00:00\" \/>\n<meta property=\"og:image\" content=\"https:\/\/bazus.com\/wp-content\/uploads\/2020\/08\/TP-100_A.jpg\" \/>\n\t<meta property=\"og:image:width\" content=\"1920\" \/>\n\t<meta property=\"og:image:height\" content=\"1080\" \/>\n\t<meta property=\"og:image:type\" content=\"image\/jpeg\" \/>\n<meta name=\"twitter:card\" content=\"summary_large_image\" \/>\n<meta name=\"twitter:label1\" content=\"Gesch\u00e4tzte Lesezeit\" \/>\n\t<meta name=\"twitter:data1\" content=\"1\u00a0Minute\" \/>\n<script type=\"application\/ld+json\" class=\"yoast-schema-graph\">{\"@context\":\"https:\\\/\\\/schema.org\",\"@graph\":[{\"@type\":\"WebPage\",\"@id\":\"https:\\\/\\\/bazus.com\\\/mini-coordinate-tables\\\/tp-mini-x-mini-table-unit-with-rotary-basis\\\/\",\"url\":\"https:\\\/\\\/bazus.com\\\/mini-coordinate-tables\\\/tp-mini-x-mini-table-unit-with-rotary-basis\\\/\",\"name\":\"TP MINI. Koordinatentisch X mini mit drehbarer Basis - Bazus\",\"isPartOf\":{\"@id\":\"https:\\\/\\\/bazus.com\\\/#website\"},\"primaryImageOfPage\":{\"@id\":\"https:\\\/\\\/bazus.com\\\/mini-coordinate-tables\\\/tp-mini-x-mini-table-unit-with-rotary-basis\\\/#primaryimage\"},\"image\":{\"@id\":\"https:\\\/\\\/bazus.com\\\/mini-coordinate-tables\\\/tp-mini-x-mini-table-unit-with-rotary-basis\\\/#primaryimage\"},\"thumbnailUrl\":\"https:\\\/\\\/bazus.com\\\/wp-content\\\/uploads\\\/2020\\\/08\\\/TP-100_A.jpg\",\"datePublished\":\"2019-11-22T16:05:36+00:00\",\"dateModified\":\"2021-04-30T08:39:25+00:00\",\"breadcrumb\":{\"@id\":\"https:\\\/\\\/bazus.com\\\/mini-coordinate-tables\\\/tp-mini-x-mini-table-unit-with-rotary-basis\\\/#breadcrumb\"},\"inLanguage\":\"de\",\"potentialAction\":[{\"@type\":\"ReadAction\",\"target\":[\"https:\\\/\\\/bazus.com\\\/mini-coordinate-tables\\\/tp-mini-x-mini-table-unit-with-rotary-basis\\\/\"]}]},{\"@type\":\"ImageObject\",\"inLanguage\":\"de\",\"@id\":\"https:\\\/\\\/bazus.com\\\/mini-coordinate-tables\\\/tp-mini-x-mini-table-unit-with-rotary-basis\\\/#primaryimage\",\"url\":\"https:\\\/\\\/bazus.com\\\/wp-content\\\/uploads\\\/2020\\\/08\\\/TP-100_A.jpg\",\"contentUrl\":\"https:\\\/\\\/bazus.com\\\/wp-content\\\/uploads\\\/2020\\\/08\\\/TP-100_A.jpg\",\"width\":1920,\"height\":1080},{\"@type\":\"BreadcrumbList\",\"@id\":\"https:\\\/\\\/bazus.com\\\/mini-coordinate-tables\\\/tp-mini-x-mini-table-unit-with-rotary-basis\\\/#breadcrumb\",\"itemListElement\":[{\"@type\":\"ListItem\",\"position\":1,\"name\":\"Inicio\",\"item\":\"https:\\\/\\\/bazus.com\\\/de\\\/\"},{\"@type\":\"ListItem\",\"position\":2,\"name\":\"Koordinatentisch Mini\",\"item\":\"https:\\\/\\\/bazus.com\\\/mini-coordinate-tables\\\/\"},{\"@type\":\"ListItem\",\"position\":3,\"name\":\"TP MINI. Koordinatentisch X mini mit drehbarer Basis\"}]},{\"@type\":\"WebSite\",\"@id\":\"https:\\\/\\\/bazus.com\\\/#website\",\"url\":\"https:\\\/\\\/bazus.com\\\/\",\"name\":\"Bazus\",\"description\":\"Mesas de coordenadas confiables\",\"potentialAction\":[{\"@type\":\"SearchAction\",\"target\":{\"@type\":\"EntryPoint\",\"urlTemplate\":\"https:\\\/\\\/bazus.com\\\/?s={search_term_string}\"},\"query-input\":{\"@type\":\"PropertyValueSpecification\",\"valueRequired\":true,\"valueName\":\"search_term_string\"}}],\"inLanguage\":\"de\"}]}<\/script>\n<!-- \/ Yoast SEO plugin. -->","yoast_head_json":{"title":"TP MINI. Koordinatentisch X mini mit drehbarer Basis - Bazus","robots":{"index":"index","follow":"follow","max-snippet":"max-snippet:-1","max-image-preview":"max-image-preview:large","max-video-preview":"max-video-preview:-1"},"canonical":"https:\/\/bazus.com\/mini-coordinate-tables\/tp-mini-x-mini-table-unit-with-rotary-basis\/","og_locale":"de_DE","og_type":"article","og_title":"TP MINI. Koordinatentisch X mini mit drehbarer Basis - Bazus","og_description":"MINI-Koordinatentische mit einer X-Achse und drehbarer Basis (60 \u00b0) f\u00fcr kleine Pr\u00e4zisionsmechanikanwendungen. Mit kompaktem Design und gro\u00dfer Bewegungsempfindlichkeit. Es kann sowohl vertikal als auch horizontal arbeiten. Die Koordinatentische der TP MINI-Serie wurden f\u00fcr Pr\u00e4zisionsarbeiten entwickelt und eignen sich optimal f\u00fcr Positionierung, Pr\u00fcfung, Messtechnik, Rauheitsmessung, Sensorbewegungsanwendungen und alle anderen Anwendungen der kleinen Pr\u00e4zisionsmechanik, bei denen eine [&hellip;]","og_url":"https:\/\/bazus.com\/mini-coordinate-tables\/tp-mini-x-mini-table-unit-with-rotary-basis\/","og_site_name":"Bazus","article_modified_time":"2021-04-30T08:39:25+00:00","og_image":[{"width":1920,"height":1080,"url":"https:\/\/bazus.com\/wp-content\/uploads\/2020\/08\/TP-100_A.jpg","type":"image\/jpeg"}],"twitter_card":"summary_large_image","twitter_misc":{"Gesch\u00e4tzte Lesezeit":"1\u00a0Minute"},"schema":{"@context":"https:\/\/schema.org","@graph":[{"@type":"WebPage","@id":"https:\/\/bazus.com\/mini-coordinate-tables\/tp-mini-x-mini-table-unit-with-rotary-basis\/","url":"https:\/\/bazus.com\/mini-coordinate-tables\/tp-mini-x-mini-table-unit-with-rotary-basis\/","name":"TP MINI. Koordinatentisch X mini mit drehbarer Basis - Bazus","isPartOf":{"@id":"https:\/\/bazus.com\/#website"},"primaryImageOfPage":{"@id":"https:\/\/bazus.com\/mini-coordinate-tables\/tp-mini-x-mini-table-unit-with-rotary-basis\/#primaryimage"},"image":{"@id":"https:\/\/bazus.com\/mini-coordinate-tables\/tp-mini-x-mini-table-unit-with-rotary-basis\/#primaryimage"},"thumbnailUrl":"https:\/\/bazus.com\/wp-content\/uploads\/2020\/08\/TP-100_A.jpg","datePublished":"2019-11-22T16:05:36+00:00","dateModified":"2021-04-30T08:39:25+00:00","breadcrumb":{"@id":"https:\/\/bazus.com\/mini-coordinate-tables\/tp-mini-x-mini-table-unit-with-rotary-basis\/#breadcrumb"},"inLanguage":"de","potentialAction":[{"@type":"ReadAction","target":["https:\/\/bazus.com\/mini-coordinate-tables\/tp-mini-x-mini-table-unit-with-rotary-basis\/"]}]},{"@type":"ImageObject","inLanguage":"de","@id":"https:\/\/bazus.com\/mini-coordinate-tables\/tp-mini-x-mini-table-unit-with-rotary-basis\/#primaryimage","url":"https:\/\/bazus.com\/wp-content\/uploads\/2020\/08\/TP-100_A.jpg","contentUrl":"https:\/\/bazus.com\/wp-content\/uploads\/2020\/08\/TP-100_A.jpg","width":1920,"height":1080},{"@type":"BreadcrumbList","@id":"https:\/\/bazus.com\/mini-coordinate-tables\/tp-mini-x-mini-table-unit-with-rotary-basis\/#breadcrumb","itemListElement":[{"@type":"ListItem","position":1,"name":"Inicio","item":"https:\/\/bazus.com\/de\/"},{"@type":"ListItem","position":2,"name":"Koordinatentisch Mini","item":"https:\/\/bazus.com\/mini-coordinate-tables\/"},{"@type":"ListItem","position":3,"name":"TP MINI. Koordinatentisch X mini mit drehbarer Basis"}]},{"@type":"WebSite","@id":"https:\/\/bazus.com\/#website","url":"https:\/\/bazus.com\/","name":"Bazus","description":"Mesas de coordenadas confiables","potentialAction":[{"@type":"SearchAction","target":{"@type":"EntryPoint","urlTemplate":"https:\/\/bazus.com\/?s={search_term_string}"},"query-input":{"@type":"PropertyValueSpecification","valueRequired":true,"valueName":"search_term_string"}}],"inLanguage":"de"}]}},"acf":[],"_links":{"self":[{"href":"https:\/\/bazus.com\/de\/wp-json\/wp\/v2\/pages\/4364","targetHints":{"allow":["GET"]}}],"collection":[{"href":"https:\/\/bazus.com\/de\/wp-json\/wp\/v2\/pages"}],"about":[{"href":"https:\/\/bazus.com\/de\/wp-json\/wp\/v2\/types\/page"}],"author":[{"embeddable":true,"href":"https:\/\/bazus.com\/de\/wp-json\/wp\/v2\/users\/1"}],"replies":[{"embeddable":true,"href":"https:\/\/bazus.com\/de\/wp-json\/wp\/v2\/comments?post=4364"}],"version-history":[{"count":4,"href":"https:\/\/bazus.com\/de\/wp-json\/wp\/v2\/pages\/4364\/revisions"}],"predecessor-version":[{"id":5123,"href":"https:\/\/bazus.com\/de\/wp-json\/wp\/v2\/pages\/4364\/revisions\/5123"}],"up":[{"embeddable":true,"href":"https:\/\/bazus.com\/de\/wp-json\/wp\/v2\/pages\/4353"}],"wp:featuredmedia":[{"embeddable":true,"href":"https:\/\/bazus.com\/de\/wp-json\/wp\/v2\/media\/1506"}],"wp:attachment":[{"href":"https:\/\/bazus.com\/de\/wp-json\/wp\/v2\/media?parent=4364"}],"curies":[{"name":"wp","href":"https:\/\/api.w.org\/{rel}","templated":true}]}}