{"id":4344,"date":"2019-11-12T10:07:30","date_gmt":"2019-11-12T09:07:30","guid":{"rendered":"https:\/\/bazus.com\/koordinatentische-x\/es-escuadra-angular-de-posicionamiento\/"},"modified":"2021-04-30T10:33:57","modified_gmt":"2021-04-30T08:33:57","slug":"es-positionierungswinkelhalterung","status":"publish","type":"page","link":"https:\/\/bazus.com\/de\/koordinatentische-x\/es-positionierungswinkelhalterung\/","title":{"rendered":"ES Positionierungswinkelhalterung"},"content":{"rendered":"<p>Winkelhalterung f\u00fcr spezielle Anwendungen und kundenspezifische Vorrichtigungen.<\/p>\n<p>Die spitze Klammer wird als Erg\u00e4nzung zu unserer Reihe von Koordinatentische f\u00fcr verschiedene Vorrichtungen und Sonderkonstruktionen verwendet. Die Halterungen werden ohne L\u00f6cher geliefert, damit der Benutzer selbst die gew\u00fcnschten Anwendungen auswaehlen kann.<\/p>\n<p>Das robuste Design der ES-Halterungen erm\u00f6glicht eine gro\u00dfe Anzahl kombinierbaren Vorrichtungen von BAZUS-Einheiten.<\/p>\n<p>Alle Elemente der ES-Serie bestehen aus einer Eisenlegierung (hochwertiges stabilisiertes graues GG25-Gusseisen), was ein au\u00dfergew\u00f6hnlicher mechanischer Widerstandt verleiht.<\/p>\n","protected":false},"excerpt":{"rendered":"<p>Winkelhalterung f\u00fcr spezielle Anwendungen und kundenspezifische Vorrichtigungen. Die spitze Klammer wird als Erg\u00e4nzung zu unserer Reihe von Koordinatentische f\u00fcr verschiedene Vorrichtungen und Sonderkonstruktionen verwendet. Die Halterungen werden ohne L\u00f6cher geliefert, damit der Benutzer selbst die gew\u00fcnschten Anwendungen auswaehlen kann. Das robuste Design der ES-Halterungen erm\u00f6glicht eine gro\u00dfe Anzahl kombinierbaren Vorrichtungen von BAZUS-Einheiten. Alle Elemente der [&hellip;]<\/p>\n","protected":false},"author":1,"featured_media":874,"parent":4326,"menu_order":5,"comment_status":"closed","ping_status":"closed","template":"producto.php","meta":{"footnotes":""},"class_list":["post-4344","page","type-page","status-publish","has-post-thumbnail","hentry"],"yoast_head":"<!-- This site is optimized with the Yoast SEO plugin v27.5 - https:\/\/yoast.com\/product\/yoast-seo-wordpress\/ -->\n<title>ES Positionierungswinkelhalterung - Bazus<\/title>\n<meta name=\"robots\" content=\"index, follow, max-snippet:-1, max-image-preview:large, max-video-preview:-1\" \/>\n<link rel=\"canonical\" href=\"https:\/\/bazus.com\/x-coordinate-tables\/es-vertical-angle-plate\/\" \/>\n<meta property=\"og:locale\" content=\"de_DE\" \/>\n<meta property=\"og:type\" content=\"article\" \/>\n<meta property=\"og:title\" content=\"ES Positionierungswinkelhalterung - Bazus\" \/>\n<meta property=\"og:description\" content=\"Winkelhalterung f\u00fcr spezielle Anwendungen und kundenspezifische Vorrichtigungen. Die spitze Klammer wird als Erg\u00e4nzung zu unserer Reihe von Koordinatentische f\u00fcr verschiedene Vorrichtungen und Sonderkonstruktionen verwendet. Die Halterungen werden ohne L\u00f6cher geliefert, damit der Benutzer selbst die gew\u00fcnschten Anwendungen auswaehlen kann. Das robuste Design der ES-Halterungen erm\u00f6glicht eine gro\u00dfe Anzahl kombinierbaren Vorrichtungen von BAZUS-Einheiten. Alle Elemente der [&hellip;]\" \/>\n<meta property=\"og:url\" content=\"https:\/\/bazus.com\/x-coordinate-tables\/es-vertical-angle-plate\/\" \/>\n<meta property=\"og:site_name\" content=\"Bazus\" \/>\n<meta property=\"article:modified_time\" content=\"2021-04-30T08:33:57+00:00\" \/>\n<meta property=\"og:image\" content=\"https:\/\/bazus.com\/wp-content\/uploads\/2020\/08\/ES-0_C.jpg\" \/>\n\t<meta property=\"og:image:width\" content=\"1920\" \/>\n\t<meta property=\"og:image:height\" content=\"1080\" \/>\n\t<meta property=\"og:image:type\" content=\"image\/jpeg\" \/>\n<meta name=\"twitter:card\" content=\"summary_large_image\" \/>\n<script type=\"application\/ld+json\" class=\"yoast-schema-graph\">{\"@context\":\"https:\\\/\\\/schema.org\",\"@graph\":[{\"@type\":\"WebPage\",\"@id\":\"https:\\\/\\\/bazus.com\\\/x-coordinate-tables\\\/es-vertical-angle-plate\\\/\",\"url\":\"https:\\\/\\\/bazus.com\\\/x-coordinate-tables\\\/es-vertical-angle-plate\\\/\",\"name\":\"ES Positionierungswinkelhalterung - Bazus\",\"isPartOf\":{\"@id\":\"https:\\\/\\\/bazus.com\\\/#website\"},\"primaryImageOfPage\":{\"@id\":\"https:\\\/\\\/bazus.com\\\/x-coordinate-tables\\\/es-vertical-angle-plate\\\/#primaryimage\"},\"image\":{\"@id\":\"https:\\\/\\\/bazus.com\\\/x-coordinate-tables\\\/es-vertical-angle-plate\\\/#primaryimage\"},\"thumbnailUrl\":\"https:\\\/\\\/bazus.com\\\/wp-content\\\/uploads\\\/2020\\\/08\\\/ES-0_C.jpg\",\"datePublished\":\"2019-11-12T09:07:30+00:00\",\"dateModified\":\"2021-04-30T08:33:57+00:00\",\"breadcrumb\":{\"@id\":\"https:\\\/\\\/bazus.com\\\/x-coordinate-tables\\\/es-vertical-angle-plate\\\/#breadcrumb\"},\"inLanguage\":\"de\",\"potentialAction\":[{\"@type\":\"ReadAction\",\"target\":[\"https:\\\/\\\/bazus.com\\\/x-coordinate-tables\\\/es-vertical-angle-plate\\\/\"]}]},{\"@type\":\"ImageObject\",\"inLanguage\":\"de\",\"@id\":\"https:\\\/\\\/bazus.com\\\/x-coordinate-tables\\\/es-vertical-angle-plate\\\/#primaryimage\",\"url\":\"https:\\\/\\\/bazus.com\\\/wp-content\\\/uploads\\\/2020\\\/08\\\/ES-0_C.jpg\",\"contentUrl\":\"https:\\\/\\\/bazus.com\\\/wp-content\\\/uploads\\\/2020\\\/08\\\/ES-0_C.jpg\",\"width\":1920,\"height\":1080},{\"@type\":\"BreadcrumbList\",\"@id\":\"https:\\\/\\\/bazus.com\\\/x-coordinate-tables\\\/es-vertical-angle-plate\\\/#breadcrumb\",\"itemListElement\":[{\"@type\":\"ListItem\",\"position\":1,\"name\":\"Inicio\",\"item\":\"https:\\\/\\\/bazus.com\\\/de\\\/\"},{\"@type\":\"ListItem\",\"position\":2,\"name\":\"Koordinatentische X\",\"item\":\"https:\\\/\\\/bazus.com\\\/x-coordinate-tables\\\/\"},{\"@type\":\"ListItem\",\"position\":3,\"name\":\"ES Positionierungswinkelhalterung\"}]},{\"@type\":\"WebSite\",\"@id\":\"https:\\\/\\\/bazus.com\\\/#website\",\"url\":\"https:\\\/\\\/bazus.com\\\/\",\"name\":\"Bazus\",\"description\":\"Mesas de coordenadas confiables\",\"potentialAction\":[{\"@type\":\"SearchAction\",\"target\":{\"@type\":\"EntryPoint\",\"urlTemplate\":\"https:\\\/\\\/bazus.com\\\/?s={search_term_string}\"},\"query-input\":{\"@type\":\"PropertyValueSpecification\",\"valueRequired\":true,\"valueName\":\"search_term_string\"}}],\"inLanguage\":\"de\"}]}<\/script>\n<!-- \/ Yoast SEO plugin. -->","yoast_head_json":{"title":"ES Positionierungswinkelhalterung - Bazus","robots":{"index":"index","follow":"follow","max-snippet":"max-snippet:-1","max-image-preview":"max-image-preview:large","max-video-preview":"max-video-preview:-1"},"canonical":"https:\/\/bazus.com\/x-coordinate-tables\/es-vertical-angle-plate\/","og_locale":"de_DE","og_type":"article","og_title":"ES Positionierungswinkelhalterung - Bazus","og_description":"Winkelhalterung f\u00fcr spezielle Anwendungen und kundenspezifische Vorrichtigungen. Die spitze Klammer wird als Erg\u00e4nzung zu unserer Reihe von Koordinatentische f\u00fcr verschiedene Vorrichtungen und Sonderkonstruktionen verwendet. Die Halterungen werden ohne L\u00f6cher geliefert, damit der Benutzer selbst die gew\u00fcnschten Anwendungen auswaehlen kann. Das robuste Design der ES-Halterungen erm\u00f6glicht eine gro\u00dfe Anzahl kombinierbaren Vorrichtungen von BAZUS-Einheiten. Alle Elemente der [&hellip;]","og_url":"https:\/\/bazus.com\/x-coordinate-tables\/es-vertical-angle-plate\/","og_site_name":"Bazus","article_modified_time":"2021-04-30T08:33:57+00:00","og_image":[{"width":1920,"height":1080,"url":"https:\/\/bazus.com\/wp-content\/uploads\/2020\/08\/ES-0_C.jpg","type":"image\/jpeg"}],"twitter_card":"summary_large_image","schema":{"@context":"https:\/\/schema.org","@graph":[{"@type":"WebPage","@id":"https:\/\/bazus.com\/x-coordinate-tables\/es-vertical-angle-plate\/","url":"https:\/\/bazus.com\/x-coordinate-tables\/es-vertical-angle-plate\/","name":"ES Positionierungswinkelhalterung - Bazus","isPartOf":{"@id":"https:\/\/bazus.com\/#website"},"primaryImageOfPage":{"@id":"https:\/\/bazus.com\/x-coordinate-tables\/es-vertical-angle-plate\/#primaryimage"},"image":{"@id":"https:\/\/bazus.com\/x-coordinate-tables\/es-vertical-angle-plate\/#primaryimage"},"thumbnailUrl":"https:\/\/bazus.com\/wp-content\/uploads\/2020\/08\/ES-0_C.jpg","datePublished":"2019-11-12T09:07:30+00:00","dateModified":"2021-04-30T08:33:57+00:00","breadcrumb":{"@id":"https:\/\/bazus.com\/x-coordinate-tables\/es-vertical-angle-plate\/#breadcrumb"},"inLanguage":"de","potentialAction":[{"@type":"ReadAction","target":["https:\/\/bazus.com\/x-coordinate-tables\/es-vertical-angle-plate\/"]}]},{"@type":"ImageObject","inLanguage":"de","@id":"https:\/\/bazus.com\/x-coordinate-tables\/es-vertical-angle-plate\/#primaryimage","url":"https:\/\/bazus.com\/wp-content\/uploads\/2020\/08\/ES-0_C.jpg","contentUrl":"https:\/\/bazus.com\/wp-content\/uploads\/2020\/08\/ES-0_C.jpg","width":1920,"height":1080},{"@type":"BreadcrumbList","@id":"https:\/\/bazus.com\/x-coordinate-tables\/es-vertical-angle-plate\/#breadcrumb","itemListElement":[{"@type":"ListItem","position":1,"name":"Inicio","item":"https:\/\/bazus.com\/de\/"},{"@type":"ListItem","position":2,"name":"Koordinatentische X","item":"https:\/\/bazus.com\/x-coordinate-tables\/"},{"@type":"ListItem","position":3,"name":"ES Positionierungswinkelhalterung"}]},{"@type":"WebSite","@id":"https:\/\/bazus.com\/#website","url":"https:\/\/bazus.com\/","name":"Bazus","description":"Mesas de coordenadas confiables","potentialAction":[{"@type":"SearchAction","target":{"@type":"EntryPoint","urlTemplate":"https:\/\/bazus.com\/?s={search_term_string}"},"query-input":{"@type":"PropertyValueSpecification","valueRequired":true,"valueName":"search_term_string"}}],"inLanguage":"de"}]}},"acf":[],"_links":{"self":[{"href":"https:\/\/bazus.com\/de\/wp-json\/wp\/v2\/pages\/4344","targetHints":{"allow":["GET"]}}],"collection":[{"href":"https:\/\/bazus.com\/de\/wp-json\/wp\/v2\/pages"}],"about":[{"href":"https:\/\/bazus.com\/de\/wp-json\/wp\/v2\/types\/page"}],"author":[{"embeddable":true,"href":"https:\/\/bazus.com\/de\/wp-json\/wp\/v2\/users\/1"}],"replies":[{"embeddable":true,"href":"https:\/\/bazus.com\/de\/wp-json\/wp\/v2\/comments?post=4344"}],"version-history":[{"count":4,"href":"https:\/\/bazus.com\/de\/wp-json\/wp\/v2\/pages\/4344\/revisions"}],"predecessor-version":[{"id":5117,"href":"https:\/\/bazus.com\/de\/wp-json\/wp\/v2\/pages\/4344\/revisions\/5117"}],"up":[{"embeddable":true,"href":"https:\/\/bazus.com\/de\/wp-json\/wp\/v2\/pages\/4326"}],"wp:featuredmedia":[{"embeddable":true,"href":"https:\/\/bazus.com\/de\/wp-json\/wp\/v2\/media\/874"}],"wp:attachment":[{"href":"https:\/\/bazus.com\/de\/wp-json\/wp\/v2\/media?parent=4344"}],"curies":[{"name":"wp","href":"https:\/\/api.w.org\/{rel}","templated":true}]}}