{"id":4336,"date":"2020-08-20T11:32:21","date_gmt":"2020-08-20T09:32:21","guid":{"rendered":"https:\/\/bazus.com\/koordinatentische-x\/z-columna-vertical-z\/"},"modified":"2021-04-30T10:32:22","modified_gmt":"2021-04-30T08:32:22","slug":"z-vertikale-spalte-z","status":"publish","type":"page","link":"https:\/\/bazus.com\/de\/koordinatentische-x\/z-vertikale-spalte-z\/","title":{"rendered":"Z Vertikale Spalte Z"},"content":{"rendered":"<p>Vertikaler Koordinatentisch (Z) fuer vertikale Positionierung.<\/p>\n<p>Die vertikale S\u00e4ule der Z-Serie wurde f\u00fcr Pr\u00e4zisionsarbeiten entwickelt und eignet sich optimal zum Positionieren, vertikales Bohren, Schwei\u00dfen und f\u00fcr andere mechanische Anwendungen, bei denen eine pr\u00e4zise Positionskontrolle erforderlich ist.<\/p>\n<p>Das robuste Design des linearen Tisches erm\u00f6glicht die Ausf\u00fchrung einer gro\u00dfen Anzahl von Arbeiten unter Beibehaltung der Positioniergenauigkeit und Wiederholungen aus jeder linearen Positionierung. Ein Branchenklassiker, der eine lange Lebensdauer garantiert.<\/p>\n<p>Alle Elemente der Z-Serie bestehen aus einer Eisenlegierung (hochwertiges stabilisiertes graues GG25-Gusseisen), was ein au\u00dfergew\u00f6hnlicher mechanischer Widerstandt verleiht.<\/p>\n","protected":false},"excerpt":{"rendered":"<p>Vertikaler Koordinatentisch (Z) fuer vertikale Positionierung. Die vertikale S\u00e4ule der Z-Serie wurde f\u00fcr Pr\u00e4zisionsarbeiten entwickelt und eignet sich optimal zum Positionieren, vertikales Bohren, Schwei\u00dfen und f\u00fcr andere mechanische Anwendungen, bei denen eine pr\u00e4zise Positionskontrolle erforderlich ist. Das robuste Design des linearen Tisches erm\u00f6glicht die Ausf\u00fchrung einer gro\u00dfen Anzahl von Arbeiten unter Beibehaltung der Positioniergenauigkeit und [&hellip;]<\/p>\n","protected":false},"author":7,"featured_media":805,"parent":4326,"menu_order":1,"comment_status":"closed","ping_status":"closed","template":"producto.php","meta":[],"yoast_head":"<!-- This site is optimized with the Yoast SEO plugin v14.6.1 - https:\/\/yoast.com\/wordpress\/plugins\/seo\/ -->\n<title>Z Vertikale Spalte Z - Bazus<\/title>\n<meta name=\"robots\" content=\"index, follow\" \/>\n<meta name=\"googlebot\" content=\"index, follow, max-snippet:-1, max-image-preview:large, max-video-preview:-1\" \/>\n<meta name=\"bingbot\" content=\"index, follow, max-snippet:-1, max-image-preview:large, max-video-preview:-1\" \/>\n<link rel=\"canonical\" href=\"https:\/\/bazus.com\/de\/koordinatentische-x\/z-vertikale-spalte-z\/\" \/>\n<meta property=\"og:locale\" content=\"de_DE\" \/>\n<meta property=\"og:type\" content=\"article\" \/>\n<meta property=\"og:title\" content=\"Z Vertikale Spalte Z - Bazus\" \/>\n<meta property=\"og:description\" content=\"Vertikaler Koordinatentisch (Z) fuer vertikale Positionierung. Die vertikale S\u00e4ule der Z-Serie wurde f\u00fcr Pr\u00e4zisionsarbeiten entwickelt und eignet sich optimal zum Positionieren, vertikales Bohren, Schwei\u00dfen und f\u00fcr andere mechanische Anwendungen, bei denen eine pr\u00e4zise Positionskontrolle erforderlich ist. Das robuste Design des linearen Tisches erm\u00f6glicht die Ausf\u00fchrung einer gro\u00dfen Anzahl von Arbeiten unter Beibehaltung der Positioniergenauigkeit und [&hellip;]\" \/>\n<meta property=\"og:url\" content=\"https:\/\/bazus.com\/de\/koordinatentische-x\/z-vertikale-spalte-z\/\" \/>\n<meta property=\"og:site_name\" content=\"Bazus\" \/>\n<meta property=\"article:modified_time\" content=\"2021-04-30T08:32:22+00:00\" \/>\n<meta property=\"og:image\" content=\"https:\/\/bazus.com\/wp-content\/uploads\/2020\/08\/Z-300_A.jpg\" \/>\n\t<meta property=\"og:image:width\" content=\"1920\" \/>\n\t<meta property=\"og:image:height\" content=\"1080\" \/>\n<meta name=\"twitter:card\" content=\"summary_large_image\" \/>\n<script type=\"application\/ld+json\" class=\"yoast-schema-graph\">{\"@context\":\"https:\/\/schema.org\",\"@graph\":[{\"@type\":\"WebSite\",\"@id\":\"https:\/\/bazus.com\/de\/#website\",\"url\":\"https:\/\/bazus.com\/de\/\",\"name\":\"Bazus\",\"description\":\"Mesas de coordenadas confiables\",\"potentialAction\":[{\"@type\":\"SearchAction\",\"target\":\"https:\/\/bazus.com\/de\/?s={search_term_string}\",\"query-input\":\"required name=search_term_string\"}],\"inLanguage\":\"de\"},{\"@type\":\"ImageObject\",\"@id\":\"https:\/\/bazus.com\/de\/koordinatentische-x\/z-vertikale-spalte-z\/#primaryimage\",\"inLanguage\":\"de\",\"url\":\"https:\/\/bazus.com\/wp-content\/uploads\/2020\/08\/Z-300_A.jpg\",\"width\":1920,\"height\":1080},{\"@type\":\"WebPage\",\"@id\":\"https:\/\/bazus.com\/de\/koordinatentische-x\/z-vertikale-spalte-z\/#webpage\",\"url\":\"https:\/\/bazus.com\/de\/koordinatentische-x\/z-vertikale-spalte-z\/\",\"name\":\"Z Vertikale Spalte Z - Bazus\",\"isPartOf\":{\"@id\":\"https:\/\/bazus.com\/de\/#website\"},\"primaryImageOfPage\":{\"@id\":\"https:\/\/bazus.com\/de\/koordinatentische-x\/z-vertikale-spalte-z\/#primaryimage\"},\"datePublished\":\"2020-08-20T09:32:21+00:00\",\"dateModified\":\"2021-04-30T08:32:22+00:00\",\"breadcrumb\":{\"@id\":\"https:\/\/bazus.com\/de\/koordinatentische-x\/z-vertikale-spalte-z\/#breadcrumb\"},\"inLanguage\":\"de\",\"potentialAction\":[{\"@type\":\"ReadAction\",\"target\":[\"https:\/\/bazus.com\/de\/koordinatentische-x\/z-vertikale-spalte-z\/\"]}]},{\"@type\":\"BreadcrumbList\",\"@id\":\"https:\/\/bazus.com\/de\/koordinatentische-x\/z-vertikale-spalte-z\/#breadcrumb\",\"itemListElement\":[{\"@type\":\"ListItem\",\"position\":1,\"item\":{\"@type\":\"WebPage\",\"@id\":\"https:\/\/bazus.com\/de\/\",\"url\":\"https:\/\/bazus.com\/de\/\",\"name\":\"Inicio\"}},{\"@type\":\"ListItem\",\"position\":2,\"item\":{\"@type\":\"WebPage\",\"@id\":\"https:\/\/bazus.com\/es\/mesas-coordenadas-x\/\",\"url\":\"https:\/\/bazus.com\/es\/mesas-coordenadas-x\/\",\"name\":\"Koordinatentische X\"}},{\"@type\":\"ListItem\",\"position\":3,\"item\":{\"@type\":\"WebPage\",\"@id\":\"https:\/\/bazus.com\/de\/koordinatentische-x\/z-vertikale-spalte-z\/\",\"url\":\"https:\/\/bazus.com\/de\/koordinatentische-x\/z-vertikale-spalte-z\/\",\"name\":\"Z Vertikale Spalte Z\"}}]}]}<\/script>\n<!-- \/ Yoast SEO plugin. -->","acf":[],"_links":{"self":[{"href":"https:\/\/bazus.com\/de\/wp-json\/wp\/v2\/pages\/4336"}],"collection":[{"href":"https:\/\/bazus.com\/de\/wp-json\/wp\/v2\/pages"}],"about":[{"href":"https:\/\/bazus.com\/de\/wp-json\/wp\/v2\/types\/page"}],"author":[{"embeddable":true,"href":"https:\/\/bazus.com\/de\/wp-json\/wp\/v2\/users\/7"}],"replies":[{"embeddable":true,"href":"https:\/\/bazus.com\/de\/wp-json\/wp\/v2\/comments?post=4336"}],"version-history":[{"count":4,"href":"https:\/\/bazus.com\/de\/wp-json\/wp\/v2\/pages\/4336\/revisions"}],"predecessor-version":[{"id":5116,"href":"https:\/\/bazus.com\/de\/wp-json\/wp\/v2\/pages\/4336\/revisions\/5116"}],"up":[{"embeddable":true,"href":"https:\/\/bazus.com\/de\/wp-json\/wp\/v2\/pages\/4326"}],"wp:featuredmedia":[{"embeddable":true,"href":"https:\/\/bazus.com\/de\/wp-json\/wp\/v2\/media\/805"}],"wp:attachment":[{"href":"https:\/\/bazus.com\/de\/wp-json\/wp\/v2\/media?parent=4336"}],"curies":[{"name":"wp","href":"https:\/\/api.w.org\/{rel}","templated":true}]}}