{"id":4324,"date":"2020-08-20T10:00:02","date_gmt":"2020-08-20T08:00:02","guid":{"rendered":"https:\/\/bazus.com\/tp-mesa-x-estandar-con-base-giratoria\/"},"modified":"2021-04-30T10:31:58","modified_gmt":"2021-04-30T08:31:58","slug":"tp-tisch-x-standard-mit-drehbarer-basis","status":"publish","type":"page","link":"https:\/\/bazus.com\/de\/koordinatentische-x\/tp-tisch-x-standard-mit-drehbarer-basis\/","title":{"rendered":"TP Tisch X Standard mit Drehbarer Basis"},"content":{"rendered":"<p>Multifunktionale leichte einachsige X-Koordinatentische mit drehbarer Basis (180 \u00b0) zur Anwendung als lineare Einheit.<\/p>\n<p>Entwickelt f\u00fcr Pr\u00e4zisionsarbeiten, bei denen eine Winkelregelung erforderlich ist. Die Reihe von TP-Koordinatentische von Lineareinheiten mit drehbarer Basis ist optimal f\u00fcr Positionierung, vertikales und horizantes Bohren, Schwei\u00dfen und jede andere mechanische Anwendung, bei der eine pr\u00e4zise Positionssteuerung erforderlich ist.<\/p>\n<p>Das robuste Design erm\u00f6glicht die Ausf\u00fchrung einer gro\u00dfen Anzahl von Arbeiten unter Beibehaltung der Positioniergenauigkeit und Wiederholungen aus jeder linearen Positionierung. Ein au\u00dfergew\u00f6hnlicher Koordinatentisch, der eine lange Lebensdauer garantiert.<\/p>\n<p>Alle Elemente der manuellen Koordinatentische der TP-Serie bestehen aus einer Eisenlegierung (hochwertiges stabilisiertes graues GG25-Gusseisen), was ein au\u00dfergew\u00f6hnlicher mechanischer Widerstandt verleiht.<\/p>\n","protected":false},"excerpt":{"rendered":"<p>Multifunktionale leichte einachsige X-Koordinatentische mit drehbarer Basis (180 \u00b0) zur Anwendung als lineare Einheit. Entwickelt f\u00fcr Pr\u00e4zisionsarbeiten, bei denen eine Winkelregelung erforderlich ist. Die Reihe von TP-Koordinatentische von Lineareinheiten mit drehbarer Basis ist optimal f\u00fcr Positionierung, vertikales und horizantes Bohren, Schwei\u00dfen und jede andere mechanische Anwendung, bei der eine pr\u00e4zise Positionssteuerung erforderlich ist. Das robuste [&hellip;]<\/p>\n","protected":false},"author":7,"featured_media":613,"parent":4326,"menu_order":1,"comment_status":"closed","ping_status":"closed","template":"producto.php","meta":{"footnotes":""},"class_list":["post-4324","page","type-page","status-publish","has-post-thumbnail","hentry"],"yoast_head":"<!-- This site is optimized with the Yoast SEO plugin v27.5 - https:\/\/yoast.com\/product\/yoast-seo-wordpress\/ -->\n<title>TP Tisch X Standard mit Drehbarer Basis - Bazus<\/title>\n<meta name=\"robots\" content=\"index, follow, max-snippet:-1, max-image-preview:large, max-video-preview:-1\" \/>\n<link rel=\"canonical\" href=\"https:\/\/bazus.com\/x-coordinate-tables\/tp-standard-x-table-with-rotary-basis\/\" \/>\n<meta property=\"og:locale\" content=\"de_DE\" \/>\n<meta property=\"og:type\" content=\"article\" \/>\n<meta property=\"og:title\" content=\"TP Tisch X Standard mit Drehbarer Basis - Bazus\" \/>\n<meta property=\"og:description\" content=\"Multifunktionale leichte einachsige X-Koordinatentische mit drehbarer Basis (180 \u00b0) zur Anwendung als lineare Einheit. Entwickelt f\u00fcr Pr\u00e4zisionsarbeiten, bei denen eine Winkelregelung erforderlich ist. Die Reihe von TP-Koordinatentische von Lineareinheiten mit drehbarer Basis ist optimal f\u00fcr Positionierung, vertikales und horizantes Bohren, Schwei\u00dfen und jede andere mechanische Anwendung, bei der eine pr\u00e4zise Positionssteuerung erforderlich ist. Das robuste [&hellip;]\" \/>\n<meta property=\"og:url\" content=\"https:\/\/bazus.com\/x-coordinate-tables\/tp-standard-x-table-with-rotary-basis\/\" \/>\n<meta property=\"og:site_name\" content=\"Bazus\" \/>\n<meta property=\"article:modified_time\" content=\"2021-04-30T08:31:58+00:00\" \/>\n<meta property=\"og:image\" content=\"https:\/\/bazus.com\/wp-content\/uploads\/2020\/08\/TP-1_A.jpg\" \/>\n\t<meta property=\"og:image:width\" content=\"1920\" \/>\n\t<meta property=\"og:image:height\" content=\"1080\" \/>\n\t<meta property=\"og:image:type\" content=\"image\/jpeg\" \/>\n<meta name=\"twitter:card\" content=\"summary_large_image\" \/>\n<meta name=\"twitter:label1\" content=\"Gesch\u00e4tzte Lesezeit\" \/>\n\t<meta name=\"twitter:data1\" content=\"1\u00a0Minute\" \/>\n<script type=\"application\/ld+json\" class=\"yoast-schema-graph\">{\"@context\":\"https:\\\/\\\/schema.org\",\"@graph\":[{\"@type\":\"WebPage\",\"@id\":\"https:\\\/\\\/bazus.com\\\/x-coordinate-tables\\\/tp-standard-x-table-with-rotary-basis\\\/\",\"url\":\"https:\\\/\\\/bazus.com\\\/x-coordinate-tables\\\/tp-standard-x-table-with-rotary-basis\\\/\",\"name\":\"TP Tisch X Standard mit Drehbarer Basis - Bazus\",\"isPartOf\":{\"@id\":\"https:\\\/\\\/bazus.com\\\/#website\"},\"primaryImageOfPage\":{\"@id\":\"https:\\\/\\\/bazus.com\\\/x-coordinate-tables\\\/tp-standard-x-table-with-rotary-basis\\\/#primaryimage\"},\"image\":{\"@id\":\"https:\\\/\\\/bazus.com\\\/x-coordinate-tables\\\/tp-standard-x-table-with-rotary-basis\\\/#primaryimage\"},\"thumbnailUrl\":\"https:\\\/\\\/bazus.com\\\/wp-content\\\/uploads\\\/2020\\\/08\\\/TP-1_A.jpg\",\"datePublished\":\"2020-08-20T08:00:02+00:00\",\"dateModified\":\"2021-04-30T08:31:58+00:00\",\"breadcrumb\":{\"@id\":\"https:\\\/\\\/bazus.com\\\/x-coordinate-tables\\\/tp-standard-x-table-with-rotary-basis\\\/#breadcrumb\"},\"inLanguage\":\"de\",\"potentialAction\":[{\"@type\":\"ReadAction\",\"target\":[\"https:\\\/\\\/bazus.com\\\/x-coordinate-tables\\\/tp-standard-x-table-with-rotary-basis\\\/\"]}]},{\"@type\":\"ImageObject\",\"inLanguage\":\"de\",\"@id\":\"https:\\\/\\\/bazus.com\\\/x-coordinate-tables\\\/tp-standard-x-table-with-rotary-basis\\\/#primaryimage\",\"url\":\"https:\\\/\\\/bazus.com\\\/wp-content\\\/uploads\\\/2020\\\/08\\\/TP-1_A.jpg\",\"contentUrl\":\"https:\\\/\\\/bazus.com\\\/wp-content\\\/uploads\\\/2020\\\/08\\\/TP-1_A.jpg\",\"width\":1920,\"height\":1080},{\"@type\":\"BreadcrumbList\",\"@id\":\"https:\\\/\\\/bazus.com\\\/x-coordinate-tables\\\/tp-standard-x-table-with-rotary-basis\\\/#breadcrumb\",\"itemListElement\":[{\"@type\":\"ListItem\",\"position\":1,\"name\":\"Inicio\",\"item\":\"https:\\\/\\\/bazus.com\\\/de\\\/\"},{\"@type\":\"ListItem\",\"position\":2,\"name\":\"Koordinatentische X\",\"item\":\"https:\\\/\\\/bazus.com\\\/x-coordinate-tables\\\/\"},{\"@type\":\"ListItem\",\"position\":3,\"name\":\"TP Tisch X Standard mit Drehbarer Basis\"}]},{\"@type\":\"WebSite\",\"@id\":\"https:\\\/\\\/bazus.com\\\/#website\",\"url\":\"https:\\\/\\\/bazus.com\\\/\",\"name\":\"Bazus\",\"description\":\"Mesas de coordenadas confiables\",\"potentialAction\":[{\"@type\":\"SearchAction\",\"target\":{\"@type\":\"EntryPoint\",\"urlTemplate\":\"https:\\\/\\\/bazus.com\\\/?s={search_term_string}\"},\"query-input\":{\"@type\":\"PropertyValueSpecification\",\"valueRequired\":true,\"valueName\":\"search_term_string\"}}],\"inLanguage\":\"de\"}]}<\/script>\n<!-- \/ Yoast SEO plugin. -->","yoast_head_json":{"title":"TP Tisch X Standard mit Drehbarer Basis - Bazus","robots":{"index":"index","follow":"follow","max-snippet":"max-snippet:-1","max-image-preview":"max-image-preview:large","max-video-preview":"max-video-preview:-1"},"canonical":"https:\/\/bazus.com\/x-coordinate-tables\/tp-standard-x-table-with-rotary-basis\/","og_locale":"de_DE","og_type":"article","og_title":"TP Tisch X Standard mit Drehbarer Basis - Bazus","og_description":"Multifunktionale leichte einachsige X-Koordinatentische mit drehbarer Basis (180 \u00b0) zur Anwendung als lineare Einheit. Entwickelt f\u00fcr Pr\u00e4zisionsarbeiten, bei denen eine Winkelregelung erforderlich ist. Die Reihe von TP-Koordinatentische von Lineareinheiten mit drehbarer Basis ist optimal f\u00fcr Positionierung, vertikales und horizantes Bohren, Schwei\u00dfen und jede andere mechanische Anwendung, bei der eine pr\u00e4zise Positionssteuerung erforderlich ist. Das robuste [&hellip;]","og_url":"https:\/\/bazus.com\/x-coordinate-tables\/tp-standard-x-table-with-rotary-basis\/","og_site_name":"Bazus","article_modified_time":"2021-04-30T08:31:58+00:00","og_image":[{"width":1920,"height":1080,"url":"https:\/\/bazus.com\/wp-content\/uploads\/2020\/08\/TP-1_A.jpg","type":"image\/jpeg"}],"twitter_card":"summary_large_image","twitter_misc":{"Gesch\u00e4tzte Lesezeit":"1\u00a0Minute"},"schema":{"@context":"https:\/\/schema.org","@graph":[{"@type":"WebPage","@id":"https:\/\/bazus.com\/x-coordinate-tables\/tp-standard-x-table-with-rotary-basis\/","url":"https:\/\/bazus.com\/x-coordinate-tables\/tp-standard-x-table-with-rotary-basis\/","name":"TP Tisch X Standard mit Drehbarer Basis - Bazus","isPartOf":{"@id":"https:\/\/bazus.com\/#website"},"primaryImageOfPage":{"@id":"https:\/\/bazus.com\/x-coordinate-tables\/tp-standard-x-table-with-rotary-basis\/#primaryimage"},"image":{"@id":"https:\/\/bazus.com\/x-coordinate-tables\/tp-standard-x-table-with-rotary-basis\/#primaryimage"},"thumbnailUrl":"https:\/\/bazus.com\/wp-content\/uploads\/2020\/08\/TP-1_A.jpg","datePublished":"2020-08-20T08:00:02+00:00","dateModified":"2021-04-30T08:31:58+00:00","breadcrumb":{"@id":"https:\/\/bazus.com\/x-coordinate-tables\/tp-standard-x-table-with-rotary-basis\/#breadcrumb"},"inLanguage":"de","potentialAction":[{"@type":"ReadAction","target":["https:\/\/bazus.com\/x-coordinate-tables\/tp-standard-x-table-with-rotary-basis\/"]}]},{"@type":"ImageObject","inLanguage":"de","@id":"https:\/\/bazus.com\/x-coordinate-tables\/tp-standard-x-table-with-rotary-basis\/#primaryimage","url":"https:\/\/bazus.com\/wp-content\/uploads\/2020\/08\/TP-1_A.jpg","contentUrl":"https:\/\/bazus.com\/wp-content\/uploads\/2020\/08\/TP-1_A.jpg","width":1920,"height":1080},{"@type":"BreadcrumbList","@id":"https:\/\/bazus.com\/x-coordinate-tables\/tp-standard-x-table-with-rotary-basis\/#breadcrumb","itemListElement":[{"@type":"ListItem","position":1,"name":"Inicio","item":"https:\/\/bazus.com\/de\/"},{"@type":"ListItem","position":2,"name":"Koordinatentische X","item":"https:\/\/bazus.com\/x-coordinate-tables\/"},{"@type":"ListItem","position":3,"name":"TP Tisch X Standard mit Drehbarer Basis"}]},{"@type":"WebSite","@id":"https:\/\/bazus.com\/#website","url":"https:\/\/bazus.com\/","name":"Bazus","description":"Mesas de coordenadas confiables","potentialAction":[{"@type":"SearchAction","target":{"@type":"EntryPoint","urlTemplate":"https:\/\/bazus.com\/?s={search_term_string}"},"query-input":{"@type":"PropertyValueSpecification","valueRequired":true,"valueName":"search_term_string"}}],"inLanguage":"de"}]}},"acf":[],"_links":{"self":[{"href":"https:\/\/bazus.com\/de\/wp-json\/wp\/v2\/pages\/4324","targetHints":{"allow":["GET"]}}],"collection":[{"href":"https:\/\/bazus.com\/de\/wp-json\/wp\/v2\/pages"}],"about":[{"href":"https:\/\/bazus.com\/de\/wp-json\/wp\/v2\/types\/page"}],"author":[{"embeddable":true,"href":"https:\/\/bazus.com\/de\/wp-json\/wp\/v2\/users\/7"}],"replies":[{"embeddable":true,"href":"https:\/\/bazus.com\/de\/wp-json\/wp\/v2\/comments?post=4324"}],"version-history":[{"count":4,"href":"https:\/\/bazus.com\/de\/wp-json\/wp\/v2\/pages\/4324\/revisions"}],"predecessor-version":[{"id":5115,"href":"https:\/\/bazus.com\/de\/wp-json\/wp\/v2\/pages\/4324\/revisions\/5115"}],"up":[{"embeddable":true,"href":"https:\/\/bazus.com\/de\/wp-json\/wp\/v2\/pages\/4326"}],"wp:featuredmedia":[{"embeddable":true,"href":"https:\/\/bazus.com\/de\/wp-json\/wp\/v2\/media\/613"}],"wp:attachment":[{"href":"https:\/\/bazus.com\/de\/wp-json\/wp\/v2\/media?parent=4324"}],"curies":[{"name":"wp","href":"https:\/\/api.w.org\/{rel}","templated":true}]}}