{"id":4315,"date":"2019-11-12T10:07:30","date_gmt":"2019-11-12T09:07:30","guid":{"rendered":"https:\/\/bazus.com\/cp-mesa-estandar-x-horizontal-o-vertical\/"},"modified":"2021-04-30T10:31:15","modified_gmt":"2021-04-30T08:31:15","slug":"cp-standard-tisch-x-horizontal-oder-vertical","status":"publish","type":"page","link":"https:\/\/bazus.com\/de\/koordinatentische-x\/cp-standard-tisch-x-horizontal-oder-vertical\/","title":{"rendered":"CP STANDARD TISCH X (Horizontal oder Vertical)"},"content":{"rendered":"<p>Leichte, Multifunktionale und einachsige X-Koordinatentische f\u00fcr die Anwendung von linearen Einheiten.<\/p>\n<p>Die CP-Serie wurde f\u00fcr Pr\u00e4zisionsarbeiten von Lineareinheiten entwickelt und eignet sich optimal zum Positionieren, vertikale und horizontalen Bohrungen, Schwei\u00dfen und f\u00fcr alle anderen mechanischen Anwendungen, bei denen eine pr\u00e4zise Positionskontrolle erforderlich ist.<\/p>\n<p>Das robuste Design des linearen Tisches erm\u00f6glicht die Ausf\u00fchrung einer gro\u00dfen Anzahl von Arbeiten unter Beibehaltung der Positioniergenauigkeit und Wiederholungen aus jeder linearen Positionierung. Ein branchenklassischer Koordinatentisch, der eine lange Lebensdauer garantiert.<\/p>\n<p>Alle Elemente der manuellen Koordinatentische der CP-Serie bestehen aus einer Eisenlegierung (hochwertiges stabilisiertes graues GG25-Gusseisen), was ein au\u00dfergew\u00f6hnlicher mechanischer Widerstandt verleiht.<\/p>\n","protected":false},"excerpt":{"rendered":"<p>Leichte, Multifunktionale und einachsige X-Koordinatentische f\u00fcr die Anwendung von linearen Einheiten. Die CP-Serie wurde f\u00fcr Pr\u00e4zisionsarbeiten von Lineareinheiten entwickelt und eignet sich optimal zum Positionieren, vertikale und horizontalen Bohrungen, Schwei\u00dfen und f\u00fcr alle anderen mechanischen Anwendungen, bei denen eine pr\u00e4zise Positionskontrolle erforderlich ist. Das robuste Design des linearen Tisches erm\u00f6glicht die Ausf\u00fchrung einer gro\u00dfen Anzahl [&hellip;]<\/p>\n","protected":false},"author":1,"featured_media":347,"parent":4326,"menu_order":1,"comment_status":"closed","ping_status":"closed","template":"producto.php","meta":{"footnotes":""},"class_list":["post-4315","page","type-page","status-publish","has-post-thumbnail","hentry"],"yoast_head":"<!-- This site is optimized with the Yoast SEO plugin v27.5 - https:\/\/yoast.com\/product\/yoast-seo-wordpress\/ -->\n<title>CP STANDARD TISCH X (Horizontal oder Vertical) - Bazus<\/title>\n<meta name=\"robots\" content=\"index, follow, max-snippet:-1, max-image-preview:large, max-video-preview:-1\" \/>\n<link rel=\"canonical\" href=\"https:\/\/bazus.com\/x-coordinate-tables\/cp-standard-x-table-horizontal-or-vertical\/\" \/>\n<meta property=\"og:locale\" content=\"de_DE\" \/>\n<meta property=\"og:type\" content=\"article\" \/>\n<meta property=\"og:title\" content=\"CP STANDARD TISCH X (Horizontal oder Vertical) - Bazus\" \/>\n<meta property=\"og:description\" content=\"Leichte, Multifunktionale und einachsige X-Koordinatentische f\u00fcr die Anwendung von linearen Einheiten. Die CP-Serie wurde f\u00fcr Pr\u00e4zisionsarbeiten von Lineareinheiten entwickelt und eignet sich optimal zum Positionieren, vertikale und horizontalen Bohrungen, Schwei\u00dfen und f\u00fcr alle anderen mechanischen Anwendungen, bei denen eine pr\u00e4zise Positionskontrolle erforderlich ist. Das robuste Design des linearen Tisches erm\u00f6glicht die Ausf\u00fchrung einer gro\u00dfen Anzahl [&hellip;]\" \/>\n<meta property=\"og:url\" content=\"https:\/\/bazus.com\/x-coordinate-tables\/cp-standard-x-table-horizontal-or-vertical\/\" \/>\n<meta property=\"og:site_name\" content=\"Bazus\" \/>\n<meta property=\"article:modified_time\" content=\"2021-04-30T08:31:15+00:00\" \/>\n<meta property=\"og:image\" content=\"https:\/\/bazus.com\/wp-content\/uploads\/2020\/08\/CP-0_A.jpg\" \/>\n\t<meta property=\"og:image:width\" content=\"1920\" \/>\n\t<meta property=\"og:image:height\" content=\"1080\" \/>\n\t<meta property=\"og:image:type\" content=\"image\/jpeg\" \/>\n<meta name=\"twitter:card\" content=\"summary_large_image\" \/>\n<meta name=\"twitter:label1\" content=\"Gesch\u00e4tzte Lesezeit\" \/>\n\t<meta name=\"twitter:data1\" content=\"1\u00a0Minute\" \/>\n<script type=\"application\/ld+json\" class=\"yoast-schema-graph\">{\"@context\":\"https:\\\/\\\/schema.org\",\"@graph\":[{\"@type\":\"WebPage\",\"@id\":\"https:\\\/\\\/bazus.com\\\/x-coordinate-tables\\\/cp-standard-x-table-horizontal-or-vertical\\\/\",\"url\":\"https:\\\/\\\/bazus.com\\\/x-coordinate-tables\\\/cp-standard-x-table-horizontal-or-vertical\\\/\",\"name\":\"CP STANDARD TISCH X (Horizontal oder Vertical) - Bazus\",\"isPartOf\":{\"@id\":\"https:\\\/\\\/bazus.com\\\/#website\"},\"primaryImageOfPage\":{\"@id\":\"https:\\\/\\\/bazus.com\\\/x-coordinate-tables\\\/cp-standard-x-table-horizontal-or-vertical\\\/#primaryimage\"},\"image\":{\"@id\":\"https:\\\/\\\/bazus.com\\\/x-coordinate-tables\\\/cp-standard-x-table-horizontal-or-vertical\\\/#primaryimage\"},\"thumbnailUrl\":\"https:\\\/\\\/bazus.com\\\/wp-content\\\/uploads\\\/2020\\\/08\\\/CP-0_A.jpg\",\"datePublished\":\"2019-11-12T09:07:30+00:00\",\"dateModified\":\"2021-04-30T08:31:15+00:00\",\"breadcrumb\":{\"@id\":\"https:\\\/\\\/bazus.com\\\/x-coordinate-tables\\\/cp-standard-x-table-horizontal-or-vertical\\\/#breadcrumb\"},\"inLanguage\":\"de\",\"potentialAction\":[{\"@type\":\"ReadAction\",\"target\":[\"https:\\\/\\\/bazus.com\\\/x-coordinate-tables\\\/cp-standard-x-table-horizontal-or-vertical\\\/\"]}]},{\"@type\":\"ImageObject\",\"inLanguage\":\"de\",\"@id\":\"https:\\\/\\\/bazus.com\\\/x-coordinate-tables\\\/cp-standard-x-table-horizontal-or-vertical\\\/#primaryimage\",\"url\":\"https:\\\/\\\/bazus.com\\\/wp-content\\\/uploads\\\/2020\\\/08\\\/CP-0_A.jpg\",\"contentUrl\":\"https:\\\/\\\/bazus.com\\\/wp-content\\\/uploads\\\/2020\\\/08\\\/CP-0_A.jpg\",\"width\":1920,\"height\":1080},{\"@type\":\"BreadcrumbList\",\"@id\":\"https:\\\/\\\/bazus.com\\\/x-coordinate-tables\\\/cp-standard-x-table-horizontal-or-vertical\\\/#breadcrumb\",\"itemListElement\":[{\"@type\":\"ListItem\",\"position\":1,\"name\":\"Inicio\",\"item\":\"https:\\\/\\\/bazus.com\\\/de\\\/\"},{\"@type\":\"ListItem\",\"position\":2,\"name\":\"Koordinatentische X\",\"item\":\"https:\\\/\\\/bazus.com\\\/x-coordinate-tables\\\/\"},{\"@type\":\"ListItem\",\"position\":3,\"name\":\"CP STANDARD TISCH X (Horizontal oder Vertical)\"}]},{\"@type\":\"WebSite\",\"@id\":\"https:\\\/\\\/bazus.com\\\/#website\",\"url\":\"https:\\\/\\\/bazus.com\\\/\",\"name\":\"Bazus\",\"description\":\"Mesas de coordenadas confiables\",\"potentialAction\":[{\"@type\":\"SearchAction\",\"target\":{\"@type\":\"EntryPoint\",\"urlTemplate\":\"https:\\\/\\\/bazus.com\\\/?s={search_term_string}\"},\"query-input\":{\"@type\":\"PropertyValueSpecification\",\"valueRequired\":true,\"valueName\":\"search_term_string\"}}],\"inLanguage\":\"de\"}]}<\/script>\n<!-- \/ Yoast SEO plugin. -->","yoast_head_json":{"title":"CP STANDARD TISCH X (Horizontal oder Vertical) - Bazus","robots":{"index":"index","follow":"follow","max-snippet":"max-snippet:-1","max-image-preview":"max-image-preview:large","max-video-preview":"max-video-preview:-1"},"canonical":"https:\/\/bazus.com\/x-coordinate-tables\/cp-standard-x-table-horizontal-or-vertical\/","og_locale":"de_DE","og_type":"article","og_title":"CP STANDARD TISCH X (Horizontal oder Vertical) - Bazus","og_description":"Leichte, Multifunktionale und einachsige X-Koordinatentische f\u00fcr die Anwendung von linearen Einheiten. Die CP-Serie wurde f\u00fcr Pr\u00e4zisionsarbeiten von Lineareinheiten entwickelt und eignet sich optimal zum Positionieren, vertikale und horizontalen Bohrungen, Schwei\u00dfen und f\u00fcr alle anderen mechanischen Anwendungen, bei denen eine pr\u00e4zise Positionskontrolle erforderlich ist. Das robuste Design des linearen Tisches erm\u00f6glicht die Ausf\u00fchrung einer gro\u00dfen Anzahl [&hellip;]","og_url":"https:\/\/bazus.com\/x-coordinate-tables\/cp-standard-x-table-horizontal-or-vertical\/","og_site_name":"Bazus","article_modified_time":"2021-04-30T08:31:15+00:00","og_image":[{"width":1920,"height":1080,"url":"https:\/\/bazus.com\/wp-content\/uploads\/2020\/08\/CP-0_A.jpg","type":"image\/jpeg"}],"twitter_card":"summary_large_image","twitter_misc":{"Gesch\u00e4tzte Lesezeit":"1\u00a0Minute"},"schema":{"@context":"https:\/\/schema.org","@graph":[{"@type":"WebPage","@id":"https:\/\/bazus.com\/x-coordinate-tables\/cp-standard-x-table-horizontal-or-vertical\/","url":"https:\/\/bazus.com\/x-coordinate-tables\/cp-standard-x-table-horizontal-or-vertical\/","name":"CP STANDARD TISCH X (Horizontal oder Vertical) - Bazus","isPartOf":{"@id":"https:\/\/bazus.com\/#website"},"primaryImageOfPage":{"@id":"https:\/\/bazus.com\/x-coordinate-tables\/cp-standard-x-table-horizontal-or-vertical\/#primaryimage"},"image":{"@id":"https:\/\/bazus.com\/x-coordinate-tables\/cp-standard-x-table-horizontal-or-vertical\/#primaryimage"},"thumbnailUrl":"https:\/\/bazus.com\/wp-content\/uploads\/2020\/08\/CP-0_A.jpg","datePublished":"2019-11-12T09:07:30+00:00","dateModified":"2021-04-30T08:31:15+00:00","breadcrumb":{"@id":"https:\/\/bazus.com\/x-coordinate-tables\/cp-standard-x-table-horizontal-or-vertical\/#breadcrumb"},"inLanguage":"de","potentialAction":[{"@type":"ReadAction","target":["https:\/\/bazus.com\/x-coordinate-tables\/cp-standard-x-table-horizontal-or-vertical\/"]}]},{"@type":"ImageObject","inLanguage":"de","@id":"https:\/\/bazus.com\/x-coordinate-tables\/cp-standard-x-table-horizontal-or-vertical\/#primaryimage","url":"https:\/\/bazus.com\/wp-content\/uploads\/2020\/08\/CP-0_A.jpg","contentUrl":"https:\/\/bazus.com\/wp-content\/uploads\/2020\/08\/CP-0_A.jpg","width":1920,"height":1080},{"@type":"BreadcrumbList","@id":"https:\/\/bazus.com\/x-coordinate-tables\/cp-standard-x-table-horizontal-or-vertical\/#breadcrumb","itemListElement":[{"@type":"ListItem","position":1,"name":"Inicio","item":"https:\/\/bazus.com\/de\/"},{"@type":"ListItem","position":2,"name":"Koordinatentische X","item":"https:\/\/bazus.com\/x-coordinate-tables\/"},{"@type":"ListItem","position":3,"name":"CP STANDARD TISCH X (Horizontal oder Vertical)"}]},{"@type":"WebSite","@id":"https:\/\/bazus.com\/#website","url":"https:\/\/bazus.com\/","name":"Bazus","description":"Mesas de coordenadas confiables","potentialAction":[{"@type":"SearchAction","target":{"@type":"EntryPoint","urlTemplate":"https:\/\/bazus.com\/?s={search_term_string}"},"query-input":{"@type":"PropertyValueSpecification","valueRequired":true,"valueName":"search_term_string"}}],"inLanguage":"de"}]}},"acf":[],"_links":{"self":[{"href":"https:\/\/bazus.com\/de\/wp-json\/wp\/v2\/pages\/4315","targetHints":{"allow":["GET"]}}],"collection":[{"href":"https:\/\/bazus.com\/de\/wp-json\/wp\/v2\/pages"}],"about":[{"href":"https:\/\/bazus.com\/de\/wp-json\/wp\/v2\/types\/page"}],"author":[{"embeddable":true,"href":"https:\/\/bazus.com\/de\/wp-json\/wp\/v2\/users\/1"}],"replies":[{"embeddable":true,"href":"https:\/\/bazus.com\/de\/wp-json\/wp\/v2\/comments?post=4315"}],"version-history":[{"count":3,"href":"https:\/\/bazus.com\/de\/wp-json\/wp\/v2\/pages\/4315\/revisions"}],"predecessor-version":[{"id":5114,"href":"https:\/\/bazus.com\/de\/wp-json\/wp\/v2\/pages\/4315\/revisions\/5114"}],"up":[{"embeddable":true,"href":"https:\/\/bazus.com\/de\/wp-json\/wp\/v2\/pages\/4326"}],"wp:featuredmedia":[{"embeddable":true,"href":"https:\/\/bazus.com\/de\/wp-json\/wp\/v2\/media\/347"}],"wp:attachment":[{"href":"https:\/\/bazus.com\/de\/wp-json\/wp\/v2\/media?parent=4315"}],"curies":[{"name":"wp","href":"https:\/\/api.w.org\/{rel}","templated":true}]}}