{"id":4307,"date":"2019-11-22T18:43:16","date_gmt":"2019-11-22T17:43:16","guid":{"rendered":"https:\/\/bazus.com\/prozess\/rectificado\/"},"modified":"2020-10-30T11:04:35","modified_gmt":"2020-10-30T10:04:35","slug":"schleifen","status":"publish","type":"page","link":"https:\/\/bazus.com\/de\/prozess\/schleifen\/","title":{"rendered":"Schleifen"},"content":{"rendered":"<p>Das Schleifen ist ein Prozess der Bearbeitung durch Abrieb mit gr\u00f6\u00dferer Pr\u00e4zision und geringerer Rauheit als bei der Bearbeitung durch Spanabfuhr. Zum Schleifen werden robuste Schleifscheiben verwendet. Das Schleifen erfolgt, nachdem anderen Herstellungsprozessen unterzogen wurde (Fr\u00e4sen, Drehen \u2026). Manchmal folgt auf einen Schleifvorgang das Schleifen oder L\u00e4ppen, beispielsweise bei der Herstellung von Linsengl\u00e4sern.<\/p>\n<p>Die au\u00dfergew\u00f6hnliche mechanische Widerstand der BAZUS-Einheiten erm\u00f6glicht ihnen, die beim Schleifen erzeugten Vibrationen und Spannungen zu absorbieren und daher die Hin- und Herbewegung des Schleifens mit der Wiederholungen und Pr\u00e4zision auszuf\u00fchren, die erforderlich sind, um ein optimales Ergebnis zu gew\u00e4hrleisten.<\/p>\n","protected":false},"excerpt":{"rendered":"<p>Das Schleifen ist ein Prozess der Bearbeitung durch Abrieb mit gr\u00f6\u00dferer Pr\u00e4zision und geringerer Rauheit als bei der Bearbeitung durch Spanabfuhr. Zum Schleifen werden robuste Schleifscheiben verwendet. Das Schleifen erfolgt, nachdem anderen Herstellungsprozessen unterzogen wurde (Fr\u00e4sen, Drehen \u2026). Manchmal folgt auf einen Schleifvorgang das Schleifen oder L\u00e4ppen, beispielsweise bei der Herstellung von Linsengl\u00e4sern. Die au\u00dfergew\u00f6hnliche [&hellip;]<\/p>\n","protected":false},"author":1,"featured_media":0,"parent":4138,"menu_order":27,"comment_status":"closed","ping_status":"closed","template":"sector.php","meta":{"footnotes":""},"class_list":["post-4307","page","type-page","status-publish","hentry"],"yoast_head":"<!-- This site is optimized with the Yoast SEO plugin v27.5 - https:\/\/yoast.com\/product\/yoast-seo-wordpress\/ -->\n<title>Schleifen - Bazus<\/title>\n<meta name=\"robots\" content=\"index, follow, max-snippet:-1, max-image-preview:large, max-video-preview:-1\" \/>\n<link rel=\"canonical\" href=\"https:\/\/bazus.com\/processes\/grinding\/\" \/>\n<meta property=\"og:locale\" content=\"de_DE\" \/>\n<meta property=\"og:type\" content=\"article\" \/>\n<meta property=\"og:title\" content=\"Schleifen - Bazus\" \/>\n<meta property=\"og:description\" content=\"Das Schleifen ist ein Prozess der Bearbeitung durch Abrieb mit gr\u00f6\u00dferer Pr\u00e4zision und geringerer Rauheit als bei der Bearbeitung durch Spanabfuhr. Zum Schleifen werden robuste Schleifscheiben verwendet. Das Schleifen erfolgt, nachdem anderen Herstellungsprozessen unterzogen wurde (Fr\u00e4sen, Drehen \u2026). Manchmal folgt auf einen Schleifvorgang das Schleifen oder L\u00e4ppen, beispielsweise bei der Herstellung von Linsengl\u00e4sern. Die au\u00dfergew\u00f6hnliche [&hellip;]\" \/>\n<meta property=\"og:url\" content=\"https:\/\/bazus.com\/processes\/grinding\/\" \/>\n<meta property=\"og:site_name\" content=\"Bazus\" \/>\n<meta property=\"article:modified_time\" content=\"2020-10-30T10:04:35+00:00\" \/>\n<meta name=\"twitter:card\" content=\"summary_large_image\" \/>\n<meta name=\"twitter:label1\" content=\"Gesch\u00e4tzte Lesezeit\" \/>\n\t<meta name=\"twitter:data1\" content=\"1\u00a0Minute\" \/>\n<script type=\"application\/ld+json\" class=\"yoast-schema-graph\">{\"@context\":\"https:\\\/\\\/schema.org\",\"@graph\":[{\"@type\":\"WebPage\",\"@id\":\"https:\\\/\\\/bazus.com\\\/processes\\\/grinding\\\/\",\"url\":\"https:\\\/\\\/bazus.com\\\/processes\\\/grinding\\\/\",\"name\":\"Schleifen - Bazus\",\"isPartOf\":{\"@id\":\"https:\\\/\\\/bazus.com\\\/#website\"},\"datePublished\":\"2019-11-22T17:43:16+00:00\",\"dateModified\":\"2020-10-30T10:04:35+00:00\",\"breadcrumb\":{\"@id\":\"https:\\\/\\\/bazus.com\\\/processes\\\/grinding\\\/#breadcrumb\"},\"inLanguage\":\"de\",\"potentialAction\":[{\"@type\":\"ReadAction\",\"target\":[\"https:\\\/\\\/bazus.com\\\/processes\\\/grinding\\\/\"]}]},{\"@type\":\"BreadcrumbList\",\"@id\":\"https:\\\/\\\/bazus.com\\\/processes\\\/grinding\\\/#breadcrumb\",\"itemListElement\":[{\"@type\":\"ListItem\",\"position\":1,\"name\":\"Inicio\",\"item\":\"https:\\\/\\\/bazus.com\\\/de\\\/\"},{\"@type\":\"ListItem\",\"position\":2,\"name\":\"Prozess\",\"item\":\"https:\\\/\\\/bazus.com\\\/processes\\\/\"},{\"@type\":\"ListItem\",\"position\":3,\"name\":\"Schleifen\"}]},{\"@type\":\"WebSite\",\"@id\":\"https:\\\/\\\/bazus.com\\\/#website\",\"url\":\"https:\\\/\\\/bazus.com\\\/\",\"name\":\"Bazus\",\"description\":\"Mesas de coordenadas confiables\",\"potentialAction\":[{\"@type\":\"SearchAction\",\"target\":{\"@type\":\"EntryPoint\",\"urlTemplate\":\"https:\\\/\\\/bazus.com\\\/?s={search_term_string}\"},\"query-input\":{\"@type\":\"PropertyValueSpecification\",\"valueRequired\":true,\"valueName\":\"search_term_string\"}}],\"inLanguage\":\"de\"}]}<\/script>\n<!-- \/ Yoast SEO plugin. -->","yoast_head_json":{"title":"Schleifen - Bazus","robots":{"index":"index","follow":"follow","max-snippet":"max-snippet:-1","max-image-preview":"max-image-preview:large","max-video-preview":"max-video-preview:-1"},"canonical":"https:\/\/bazus.com\/processes\/grinding\/","og_locale":"de_DE","og_type":"article","og_title":"Schleifen - Bazus","og_description":"Das Schleifen ist ein Prozess der Bearbeitung durch Abrieb mit gr\u00f6\u00dferer Pr\u00e4zision und geringerer Rauheit als bei der Bearbeitung durch Spanabfuhr. Zum Schleifen werden robuste Schleifscheiben verwendet. Das Schleifen erfolgt, nachdem anderen Herstellungsprozessen unterzogen wurde (Fr\u00e4sen, Drehen \u2026). Manchmal folgt auf einen Schleifvorgang das Schleifen oder L\u00e4ppen, beispielsweise bei der Herstellung von Linsengl\u00e4sern. Die au\u00dfergew\u00f6hnliche [&hellip;]","og_url":"https:\/\/bazus.com\/processes\/grinding\/","og_site_name":"Bazus","article_modified_time":"2020-10-30T10:04:35+00:00","twitter_card":"summary_large_image","twitter_misc":{"Gesch\u00e4tzte Lesezeit":"1\u00a0Minute"},"schema":{"@context":"https:\/\/schema.org","@graph":[{"@type":"WebPage","@id":"https:\/\/bazus.com\/processes\/grinding\/","url":"https:\/\/bazus.com\/processes\/grinding\/","name":"Schleifen - Bazus","isPartOf":{"@id":"https:\/\/bazus.com\/#website"},"datePublished":"2019-11-22T17:43:16+00:00","dateModified":"2020-10-30T10:04:35+00:00","breadcrumb":{"@id":"https:\/\/bazus.com\/processes\/grinding\/#breadcrumb"},"inLanguage":"de","potentialAction":[{"@type":"ReadAction","target":["https:\/\/bazus.com\/processes\/grinding\/"]}]},{"@type":"BreadcrumbList","@id":"https:\/\/bazus.com\/processes\/grinding\/#breadcrumb","itemListElement":[{"@type":"ListItem","position":1,"name":"Inicio","item":"https:\/\/bazus.com\/de\/"},{"@type":"ListItem","position":2,"name":"Prozess","item":"https:\/\/bazus.com\/processes\/"},{"@type":"ListItem","position":3,"name":"Schleifen"}]},{"@type":"WebSite","@id":"https:\/\/bazus.com\/#website","url":"https:\/\/bazus.com\/","name":"Bazus","description":"Mesas de coordenadas confiables","potentialAction":[{"@type":"SearchAction","target":{"@type":"EntryPoint","urlTemplate":"https:\/\/bazus.com\/?s={search_term_string}"},"query-input":{"@type":"PropertyValueSpecification","valueRequired":true,"valueName":"search_term_string"}}],"inLanguage":"de"}]}},"acf":[],"_links":{"self":[{"href":"https:\/\/bazus.com\/de\/wp-json\/wp\/v2\/pages\/4307","targetHints":{"allow":["GET"]}}],"collection":[{"href":"https:\/\/bazus.com\/de\/wp-json\/wp\/v2\/pages"}],"about":[{"href":"https:\/\/bazus.com\/de\/wp-json\/wp\/v2\/types\/page"}],"author":[{"embeddable":true,"href":"https:\/\/bazus.com\/de\/wp-json\/wp\/v2\/users\/1"}],"replies":[{"embeddable":true,"href":"https:\/\/bazus.com\/de\/wp-json\/wp\/v2\/comments?post=4307"}],"version-history":[{"count":2,"href":"https:\/\/bazus.com\/de\/wp-json\/wp\/v2\/pages\/4307\/revisions"}],"predecessor-version":[{"id":4586,"href":"https:\/\/bazus.com\/de\/wp-json\/wp\/v2\/pages\/4307\/revisions\/4586"}],"up":[{"embeddable":true,"href":"https:\/\/bazus.com\/de\/wp-json\/wp\/v2\/pages\/4138"}],"wp:attachment":[{"href":"https:\/\/bazus.com\/de\/wp-json\/wp\/v2\/media?parent=4307"}],"curies":[{"name":"wp","href":"https:\/\/api.w.org\/{rel}","templated":true}]}}