{"id":4299,"date":"2019-11-22T18:43:16","date_gmt":"2019-11-22T17:43:16","guid":{"rendered":"https:\/\/bazus.com\/prozess\/soldadura\/"},"modified":"2020-10-30T11:04:16","modified_gmt":"2020-10-30T10:04:16","slug":"schweissen","status":"publish","type":"page","link":"https:\/\/bazus.com\/de\/prozess\/schweissen\/","title":{"rendered":"Schwei\u00dfen"},"content":{"rendered":"<p>Schwei\u00dfen ist ein Fixierprozess, bei dem zwei oder mehrere Teile eines Materials (im Allgemeinen Metalle) verbunden werden, was normalerweise durch Zusammenwachsen (Schmelzen) von F\u00fcllmaterial (Metall oder Kunststoff) erreicht wird. Das sich beim Schmelzen und abkuehlen, zwischen den zu schwei\u00dfenden Teilen (dem Schwei\u00dfbad) enstehende geschmolzenem Material (dem Schwei\u00dfbad), bildet und zur festen Verbindung wird, wird als Wulst bezeichnet wird.<\/p>\n<p>BAZUS-Tische und Lineareinheiten k\u00f6nnen in jeder Schwei\u00dfanwendung sowohl f\u00fcr die Bewegung des zu schwei\u00dfenden Teils als auch f\u00fcr die Bewegung der Schwei\u00dfeinheit installiert werden.<\/p>\n","protected":false},"excerpt":{"rendered":"<p>Schwei\u00dfen ist ein Fixierprozess, bei dem zwei oder mehrere Teile eines Materials (im Allgemeinen Metalle) verbunden werden, was normalerweise durch Zusammenwachsen (Schmelzen) von F\u00fcllmaterial (Metall oder Kunststoff) erreicht wird. Das sich beim Schmelzen und abkuehlen, zwischen den zu schwei\u00dfenden Teilen (dem Schwei\u00dfbad) enstehende geschmolzenem Material (dem Schwei\u00dfbad), bildet und zur festen Verbindung wird, wird als [&hellip;]<\/p>\n","protected":false},"author":1,"featured_media":0,"parent":4138,"menu_order":26,"comment_status":"closed","ping_status":"closed","template":"sector.php","meta":{"footnotes":""},"class_list":["post-4299","page","type-page","status-publish","hentry"],"yoast_head":"<!-- This site is optimized with the Yoast SEO plugin v27.5 - https:\/\/yoast.com\/product\/yoast-seo-wordpress\/ -->\n<title>Schwei\u00dfen - Bazus<\/title>\n<meta name=\"robots\" content=\"index, follow, max-snippet:-1, max-image-preview:large, max-video-preview:-1\" \/>\n<link rel=\"canonical\" href=\"https:\/\/bazus.com\/processes\/welding\/\" \/>\n<meta property=\"og:locale\" content=\"de_DE\" \/>\n<meta property=\"og:type\" content=\"article\" \/>\n<meta property=\"og:title\" content=\"Schwei\u00dfen - Bazus\" \/>\n<meta property=\"og:description\" content=\"Schwei\u00dfen ist ein Fixierprozess, bei dem zwei oder mehrere Teile eines Materials (im Allgemeinen Metalle) verbunden werden, was normalerweise durch Zusammenwachsen (Schmelzen) von F\u00fcllmaterial (Metall oder Kunststoff) erreicht wird. Das sich beim Schmelzen und abkuehlen, zwischen den zu schwei\u00dfenden Teilen (dem Schwei\u00dfbad) enstehende geschmolzenem Material (dem Schwei\u00dfbad), bildet und zur festen Verbindung wird, wird als [&hellip;]\" \/>\n<meta property=\"og:url\" content=\"https:\/\/bazus.com\/processes\/welding\/\" \/>\n<meta property=\"og:site_name\" content=\"Bazus\" \/>\n<meta property=\"article:modified_time\" content=\"2020-10-30T10:04:16+00:00\" \/>\n<meta name=\"twitter:card\" content=\"summary_large_image\" \/>\n<script type=\"application\/ld+json\" class=\"yoast-schema-graph\">{\"@context\":\"https:\\\/\\\/schema.org\",\"@graph\":[{\"@type\":\"WebPage\",\"@id\":\"https:\\\/\\\/bazus.com\\\/processes\\\/welding\\\/\",\"url\":\"https:\\\/\\\/bazus.com\\\/processes\\\/welding\\\/\",\"name\":\"Schwei\u00dfen - Bazus\",\"isPartOf\":{\"@id\":\"https:\\\/\\\/bazus.com\\\/#website\"},\"datePublished\":\"2019-11-22T17:43:16+00:00\",\"dateModified\":\"2020-10-30T10:04:16+00:00\",\"breadcrumb\":{\"@id\":\"https:\\\/\\\/bazus.com\\\/processes\\\/welding\\\/#breadcrumb\"},\"inLanguage\":\"de\",\"potentialAction\":[{\"@type\":\"ReadAction\",\"target\":[\"https:\\\/\\\/bazus.com\\\/processes\\\/welding\\\/\"]}]},{\"@type\":\"BreadcrumbList\",\"@id\":\"https:\\\/\\\/bazus.com\\\/processes\\\/welding\\\/#breadcrumb\",\"itemListElement\":[{\"@type\":\"ListItem\",\"position\":1,\"name\":\"Inicio\",\"item\":\"https:\\\/\\\/bazus.com\\\/de\\\/\"},{\"@type\":\"ListItem\",\"position\":2,\"name\":\"Prozess\",\"item\":\"https:\\\/\\\/bazus.com\\\/processes\\\/\"},{\"@type\":\"ListItem\",\"position\":3,\"name\":\"Schwei\u00dfen\"}]},{\"@type\":\"WebSite\",\"@id\":\"https:\\\/\\\/bazus.com\\\/#website\",\"url\":\"https:\\\/\\\/bazus.com\\\/\",\"name\":\"Bazus\",\"description\":\"Mesas de coordenadas confiables\",\"potentialAction\":[{\"@type\":\"SearchAction\",\"target\":{\"@type\":\"EntryPoint\",\"urlTemplate\":\"https:\\\/\\\/bazus.com\\\/?s={search_term_string}\"},\"query-input\":{\"@type\":\"PropertyValueSpecification\",\"valueRequired\":true,\"valueName\":\"search_term_string\"}}],\"inLanguage\":\"de\"}]}<\/script>\n<!-- \/ Yoast SEO plugin. -->","yoast_head_json":{"title":"Schwei\u00dfen - Bazus","robots":{"index":"index","follow":"follow","max-snippet":"max-snippet:-1","max-image-preview":"max-image-preview:large","max-video-preview":"max-video-preview:-1"},"canonical":"https:\/\/bazus.com\/processes\/welding\/","og_locale":"de_DE","og_type":"article","og_title":"Schwei\u00dfen - Bazus","og_description":"Schwei\u00dfen ist ein Fixierprozess, bei dem zwei oder mehrere Teile eines Materials (im Allgemeinen Metalle) verbunden werden, was normalerweise durch Zusammenwachsen (Schmelzen) von F\u00fcllmaterial (Metall oder Kunststoff) erreicht wird. Das sich beim Schmelzen und abkuehlen, zwischen den zu schwei\u00dfenden Teilen (dem Schwei\u00dfbad) enstehende geschmolzenem Material (dem Schwei\u00dfbad), bildet und zur festen Verbindung wird, wird als [&hellip;]","og_url":"https:\/\/bazus.com\/processes\/welding\/","og_site_name":"Bazus","article_modified_time":"2020-10-30T10:04:16+00:00","twitter_card":"summary_large_image","schema":{"@context":"https:\/\/schema.org","@graph":[{"@type":"WebPage","@id":"https:\/\/bazus.com\/processes\/welding\/","url":"https:\/\/bazus.com\/processes\/welding\/","name":"Schwei\u00dfen - Bazus","isPartOf":{"@id":"https:\/\/bazus.com\/#website"},"datePublished":"2019-11-22T17:43:16+00:00","dateModified":"2020-10-30T10:04:16+00:00","breadcrumb":{"@id":"https:\/\/bazus.com\/processes\/welding\/#breadcrumb"},"inLanguage":"de","potentialAction":[{"@type":"ReadAction","target":["https:\/\/bazus.com\/processes\/welding\/"]}]},{"@type":"BreadcrumbList","@id":"https:\/\/bazus.com\/processes\/welding\/#breadcrumb","itemListElement":[{"@type":"ListItem","position":1,"name":"Inicio","item":"https:\/\/bazus.com\/de\/"},{"@type":"ListItem","position":2,"name":"Prozess","item":"https:\/\/bazus.com\/processes\/"},{"@type":"ListItem","position":3,"name":"Schwei\u00dfen"}]},{"@type":"WebSite","@id":"https:\/\/bazus.com\/#website","url":"https:\/\/bazus.com\/","name":"Bazus","description":"Mesas de coordenadas confiables","potentialAction":[{"@type":"SearchAction","target":{"@type":"EntryPoint","urlTemplate":"https:\/\/bazus.com\/?s={search_term_string}"},"query-input":{"@type":"PropertyValueSpecification","valueRequired":true,"valueName":"search_term_string"}}],"inLanguage":"de"}]}},"acf":[],"_links":{"self":[{"href":"https:\/\/bazus.com\/de\/wp-json\/wp\/v2\/pages\/4299","targetHints":{"allow":["GET"]}}],"collection":[{"href":"https:\/\/bazus.com\/de\/wp-json\/wp\/v2\/pages"}],"about":[{"href":"https:\/\/bazus.com\/de\/wp-json\/wp\/v2\/types\/page"}],"author":[{"embeddable":true,"href":"https:\/\/bazus.com\/de\/wp-json\/wp\/v2\/users\/1"}],"replies":[{"embeddable":true,"href":"https:\/\/bazus.com\/de\/wp-json\/wp\/v2\/comments?post=4299"}],"version-history":[{"count":2,"href":"https:\/\/bazus.com\/de\/wp-json\/wp\/v2\/pages\/4299\/revisions"}],"predecessor-version":[{"id":4585,"href":"https:\/\/bazus.com\/de\/wp-json\/wp\/v2\/pages\/4299\/revisions\/4585"}],"up":[{"embeddable":true,"href":"https:\/\/bazus.com\/de\/wp-json\/wp\/v2\/pages\/4138"}],"wp:attachment":[{"href":"https:\/\/bazus.com\/de\/wp-json\/wp\/v2\/media?parent=4299"}],"curies":[{"name":"wp","href":"https:\/\/api.w.org\/{rel}","templated":true}]}}