{"id":4249,"date":"2019-11-22T18:43:16","date_gmt":"2019-11-22T17:43:16","guid":{"rendered":"https:\/\/bazus.com\/sektoren\/automocion\/"},"modified":"2020-10-29T11:14:26","modified_gmt":"2020-10-29T10:14:26","slug":"automobil","status":"publish","type":"page","link":"https:\/\/bazus.com\/de\/sektoren\/automobil\/","title":{"rendered":"Automobil"},"content":{"rendered":"<p>Die Automobilindustrie ist einer der wichtigsten Industriesektoren der Welt, der sich durch gro\u00dfe Wettbewerbsf\u00e4higkeit und ein festes Engagement f\u00fcr technologische Entwicklung und Innovation auszeichnet. Dazu geh\u00f6rt auch der Bereich der Vergabe von Unterauftr\u00e4gen f\u00fcr die Lieferung von Bauteilen sowie die Entwicklung von Pr\u00fcfst\u00e4nden, Werkzeugen und Pr\u00fcfst\u00e4nden.<\/p>\n","protected":false},"excerpt":{"rendered":"<p>Die Automobilindustrie ist einer der wichtigsten Industriesektoren der Welt, der sich durch gro\u00dfe Wettbewerbsf\u00e4higkeit und ein festes Engagement f\u00fcr technologische Entwicklung und Innovation auszeichnet. Dazu geh\u00f6rt auch der Bereich der Vergabe von Unterauftr\u00e4gen f\u00fcr die Lieferung von Bauteilen sowie die Entwicklung von Pr\u00fcfst\u00e4nden, Werkzeugen und Pr\u00fcfst\u00e4nden.<\/p>\n","protected":false},"author":1,"featured_media":0,"parent":4220,"menu_order":41,"comment_status":"closed","ping_status":"closed","template":"sector.php","meta":{"footnotes":""},"class_list":["post-4249","page","type-page","status-publish","hentry"],"yoast_head":"<!-- This site is optimized with the Yoast SEO plugin v27.5 - https:\/\/yoast.com\/product\/yoast-seo-wordpress\/ -->\n<title>Automobil - Bazus<\/title>\n<meta name=\"robots\" content=\"index, follow, max-snippet:-1, max-image-preview:large, max-video-preview:-1\" \/>\n<link rel=\"canonical\" href=\"https:\/\/bazus.com\/sectors\/automotive\/\" \/>\n<meta property=\"og:locale\" content=\"de_DE\" \/>\n<meta property=\"og:type\" content=\"article\" \/>\n<meta property=\"og:title\" content=\"Automobil - Bazus\" \/>\n<meta property=\"og:description\" content=\"Die Automobilindustrie ist einer der wichtigsten Industriesektoren der Welt, der sich durch gro\u00dfe Wettbewerbsf\u00e4higkeit und ein festes Engagement f\u00fcr technologische Entwicklung und Innovation auszeichnet. Dazu geh\u00f6rt auch der Bereich der Vergabe von Unterauftr\u00e4gen f\u00fcr die Lieferung von Bauteilen sowie die Entwicklung von Pr\u00fcfst\u00e4nden, Werkzeugen und Pr\u00fcfst\u00e4nden.\" \/>\n<meta property=\"og:url\" content=\"https:\/\/bazus.com\/sectors\/automotive\/\" \/>\n<meta property=\"og:site_name\" content=\"Bazus\" \/>\n<meta property=\"article:modified_time\" content=\"2020-10-29T10:14:26+00:00\" \/>\n<meta name=\"twitter:card\" content=\"summary_large_image\" \/>\n<script type=\"application\/ld+json\" class=\"yoast-schema-graph\">{\"@context\":\"https:\\\/\\\/schema.org\",\"@graph\":[{\"@type\":\"WebPage\",\"@id\":\"https:\\\/\\\/bazus.com\\\/sectors\\\/automotive\\\/\",\"url\":\"https:\\\/\\\/bazus.com\\\/sectors\\\/automotive\\\/\",\"name\":\"Automobil - Bazus\",\"isPartOf\":{\"@id\":\"https:\\\/\\\/bazus.com\\\/#website\"},\"datePublished\":\"2019-11-22T17:43:16+00:00\",\"dateModified\":\"2020-10-29T10:14:26+00:00\",\"breadcrumb\":{\"@id\":\"https:\\\/\\\/bazus.com\\\/sectors\\\/automotive\\\/#breadcrumb\"},\"inLanguage\":\"de\",\"potentialAction\":[{\"@type\":\"ReadAction\",\"target\":[\"https:\\\/\\\/bazus.com\\\/sectors\\\/automotive\\\/\"]}]},{\"@type\":\"BreadcrumbList\",\"@id\":\"https:\\\/\\\/bazus.com\\\/sectors\\\/automotive\\\/#breadcrumb\",\"itemListElement\":[{\"@type\":\"ListItem\",\"position\":1,\"name\":\"Inicio\",\"item\":\"https:\\\/\\\/bazus.com\\\/de\\\/\"},{\"@type\":\"ListItem\",\"position\":2,\"name\":\"Sektoren\",\"item\":\"https:\\\/\\\/bazus.com\\\/sectors\\\/\"},{\"@type\":\"ListItem\",\"position\":3,\"name\":\"Automobil\"}]},{\"@type\":\"WebSite\",\"@id\":\"https:\\\/\\\/bazus.com\\\/#website\",\"url\":\"https:\\\/\\\/bazus.com\\\/\",\"name\":\"Bazus\",\"description\":\"Mesas de coordenadas confiables\",\"potentialAction\":[{\"@type\":\"SearchAction\",\"target\":{\"@type\":\"EntryPoint\",\"urlTemplate\":\"https:\\\/\\\/bazus.com\\\/?s={search_term_string}\"},\"query-input\":{\"@type\":\"PropertyValueSpecification\",\"valueRequired\":true,\"valueName\":\"search_term_string\"}}],\"inLanguage\":\"de\"}]}<\/script>\n<!-- \/ Yoast SEO plugin. -->","yoast_head_json":{"title":"Automobil - Bazus","robots":{"index":"index","follow":"follow","max-snippet":"max-snippet:-1","max-image-preview":"max-image-preview:large","max-video-preview":"max-video-preview:-1"},"canonical":"https:\/\/bazus.com\/sectors\/automotive\/","og_locale":"de_DE","og_type":"article","og_title":"Automobil - Bazus","og_description":"Die Automobilindustrie ist einer der wichtigsten Industriesektoren der Welt, der sich durch gro\u00dfe Wettbewerbsf\u00e4higkeit und ein festes Engagement f\u00fcr technologische Entwicklung und Innovation auszeichnet. Dazu geh\u00f6rt auch der Bereich der Vergabe von Unterauftr\u00e4gen f\u00fcr die Lieferung von Bauteilen sowie die Entwicklung von Pr\u00fcfst\u00e4nden, Werkzeugen und Pr\u00fcfst\u00e4nden.","og_url":"https:\/\/bazus.com\/sectors\/automotive\/","og_site_name":"Bazus","article_modified_time":"2020-10-29T10:14:26+00:00","twitter_card":"summary_large_image","schema":{"@context":"https:\/\/schema.org","@graph":[{"@type":"WebPage","@id":"https:\/\/bazus.com\/sectors\/automotive\/","url":"https:\/\/bazus.com\/sectors\/automotive\/","name":"Automobil - Bazus","isPartOf":{"@id":"https:\/\/bazus.com\/#website"},"datePublished":"2019-11-22T17:43:16+00:00","dateModified":"2020-10-29T10:14:26+00:00","breadcrumb":{"@id":"https:\/\/bazus.com\/sectors\/automotive\/#breadcrumb"},"inLanguage":"de","potentialAction":[{"@type":"ReadAction","target":["https:\/\/bazus.com\/sectors\/automotive\/"]}]},{"@type":"BreadcrumbList","@id":"https:\/\/bazus.com\/sectors\/automotive\/#breadcrumb","itemListElement":[{"@type":"ListItem","position":1,"name":"Inicio","item":"https:\/\/bazus.com\/de\/"},{"@type":"ListItem","position":2,"name":"Sektoren","item":"https:\/\/bazus.com\/sectors\/"},{"@type":"ListItem","position":3,"name":"Automobil"}]},{"@type":"WebSite","@id":"https:\/\/bazus.com\/#website","url":"https:\/\/bazus.com\/","name":"Bazus","description":"Mesas de coordenadas confiables","potentialAction":[{"@type":"SearchAction","target":{"@type":"EntryPoint","urlTemplate":"https:\/\/bazus.com\/?s={search_term_string}"},"query-input":{"@type":"PropertyValueSpecification","valueRequired":true,"valueName":"search_term_string"}}],"inLanguage":"de"}]}},"acf":[],"_links":{"self":[{"href":"https:\/\/bazus.com\/de\/wp-json\/wp\/v2\/pages\/4249","targetHints":{"allow":["GET"]}}],"collection":[{"href":"https:\/\/bazus.com\/de\/wp-json\/wp\/v2\/pages"}],"about":[{"href":"https:\/\/bazus.com\/de\/wp-json\/wp\/v2\/types\/page"}],"author":[{"embeddable":true,"href":"https:\/\/bazus.com\/de\/wp-json\/wp\/v2\/users\/1"}],"replies":[{"embeddable":true,"href":"https:\/\/bazus.com\/de\/wp-json\/wp\/v2\/comments?post=4249"}],"version-history":[{"count":2,"href":"https:\/\/bazus.com\/de\/wp-json\/wp\/v2\/pages\/4249\/revisions"}],"predecessor-version":[{"id":4594,"href":"https:\/\/bazus.com\/de\/wp-json\/wp\/v2\/pages\/4249\/revisions\/4594"}],"up":[{"embeddable":true,"href":"https:\/\/bazus.com\/de\/wp-json\/wp\/v2\/pages\/4220"}],"wp:attachment":[{"href":"https:\/\/bazus.com\/de\/wp-json\/wp\/v2\/media?parent=4249"}],"curies":[{"name":"wp","href":"https:\/\/api.w.org\/{rel}","templated":true}]}}