{"id":4245,"date":"2019-11-22T18:43:16","date_gmt":"2019-11-22T17:43:16","guid":{"rendered":"https:\/\/bazus.com\/sektoren\/ingenieria-de-sistemas-y-automatica-universidades-y-centros-investigacion\/"},"modified":"2020-10-29T11:12:48","modified_gmt":"2020-10-29T10:12:48","slug":"system-und-automatikingenieurwesen-universitaeten-und-forschungszentren","status":"publish","type":"page","link":"https:\/\/bazus.com\/de\/sektoren\/system-und-automatikingenieurwesen-universitaeten-und-forschungszentren\/","title":{"rendered":"System- und Automatikingenieurwesen, Universit\u00e4ten und Forschungszentren"},"content":{"rendered":"<p>Angesichts des interaktiven Charakters des technologischen Innovationsprozesses ist es zunehmend \u00fcblich, dass Unternehmen mit anderen Organisationen zusammenarbeiten, um Forschungs- und technologische Entwicklungsaktivit\u00e4ten durchzuf\u00fchren.<\/p>\n<p>In diesem Sinne erm\u00f6glichen Netzwerke, technologische Zusammenarbeit und Innovation. Insbesondere in europ\u00e4ischen L\u00e4ndern, stimulieren Interaktionen und Transfers zwischen den verschiedenen assoziierten Akteuren, welche sbesonders n\u00fctzlich sind, um die Forschung und Internationalisierung der Branche voranzutreiben.<\/p>\n","protected":false},"excerpt":{"rendered":"<p>Angesichts des interaktiven Charakters des technologischen Innovationsprozesses ist es zunehmend \u00fcblich, dass Unternehmen mit anderen Organisationen zusammenarbeiten, um Forschungs- und technologische Entwicklungsaktivit\u00e4ten durchzuf\u00fchren. In diesem Sinne erm\u00f6glichen Netzwerke, technologische Zusammenarbeit und Innovation. Insbesondere in europ\u00e4ischen L\u00e4ndern, stimulieren Interaktionen und Transfers zwischen den verschiedenen assoziierten Akteuren, welche sbesonders n\u00fctzlich sind, um die Forschung und Internationalisierung der [&hellip;]<\/p>\n","protected":false},"author":1,"featured_media":0,"parent":4220,"menu_order":39,"comment_status":"closed","ping_status":"closed","template":"sector.php","meta":{"footnotes":""},"class_list":["post-4245","page","type-page","status-publish","hentry"],"yoast_head":"<!-- This site is optimized with the Yoast SEO plugin v27.5 - https:\/\/yoast.com\/product\/yoast-seo-wordpress\/ -->\n<title>System- und Automatikingenieurwesen, Universit\u00e4ten und Forschungszentren - Bazus<\/title>\n<meta name=\"robots\" content=\"index, follow, max-snippet:-1, max-image-preview:large, max-video-preview:-1\" \/>\n<link rel=\"canonical\" href=\"https:\/\/bazus.com\/sectors\/systems-automatic-engineering-universities-and-research-centers\/\" \/>\n<meta property=\"og:locale\" content=\"de_DE\" \/>\n<meta property=\"og:type\" content=\"article\" \/>\n<meta property=\"og:title\" content=\"System- und Automatikingenieurwesen, Universit\u00e4ten und Forschungszentren - Bazus\" \/>\n<meta property=\"og:description\" content=\"Angesichts des interaktiven Charakters des technologischen Innovationsprozesses ist es zunehmend \u00fcblich, dass Unternehmen mit anderen Organisationen zusammenarbeiten, um Forschungs- und technologische Entwicklungsaktivit\u00e4ten durchzuf\u00fchren. In diesem Sinne erm\u00f6glichen Netzwerke, technologische Zusammenarbeit und Innovation. Insbesondere in europ\u00e4ischen L\u00e4ndern, stimulieren Interaktionen und Transfers zwischen den verschiedenen assoziierten Akteuren, welche sbesonders n\u00fctzlich sind, um die Forschung und Internationalisierung der [&hellip;]\" \/>\n<meta property=\"og:url\" content=\"https:\/\/bazus.com\/sectors\/systems-automatic-engineering-universities-and-research-centers\/\" \/>\n<meta property=\"og:site_name\" content=\"Bazus\" \/>\n<meta property=\"article:modified_time\" content=\"2020-10-29T10:12:48+00:00\" \/>\n<meta name=\"twitter:card\" content=\"summary_large_image\" \/>\n<script type=\"application\/ld+json\" class=\"yoast-schema-graph\">{\"@context\":\"https:\\\/\\\/schema.org\",\"@graph\":[{\"@type\":\"WebPage\",\"@id\":\"https:\\\/\\\/bazus.com\\\/sectors\\\/systems-automatic-engineering-universities-and-research-centers\\\/\",\"url\":\"https:\\\/\\\/bazus.com\\\/sectors\\\/systems-automatic-engineering-universities-and-research-centers\\\/\",\"name\":\"System- und Automatikingenieurwesen, Universit\u00e4ten und Forschungszentren - Bazus\",\"isPartOf\":{\"@id\":\"https:\\\/\\\/bazus.com\\\/#website\"},\"datePublished\":\"2019-11-22T17:43:16+00:00\",\"dateModified\":\"2020-10-29T10:12:48+00:00\",\"breadcrumb\":{\"@id\":\"https:\\\/\\\/bazus.com\\\/sectors\\\/systems-automatic-engineering-universities-and-research-centers\\\/#breadcrumb\"},\"inLanguage\":\"de\",\"potentialAction\":[{\"@type\":\"ReadAction\",\"target\":[\"https:\\\/\\\/bazus.com\\\/sectors\\\/systems-automatic-engineering-universities-and-research-centers\\\/\"]}]},{\"@type\":\"BreadcrumbList\",\"@id\":\"https:\\\/\\\/bazus.com\\\/sectors\\\/systems-automatic-engineering-universities-and-research-centers\\\/#breadcrumb\",\"itemListElement\":[{\"@type\":\"ListItem\",\"position\":1,\"name\":\"Inicio\",\"item\":\"https:\\\/\\\/bazus.com\\\/de\\\/\"},{\"@type\":\"ListItem\",\"position\":2,\"name\":\"Sektoren\",\"item\":\"https:\\\/\\\/bazus.com\\\/sectors\\\/\"},{\"@type\":\"ListItem\",\"position\":3,\"name\":\"System- und Automatikingenieurwesen, Universit\u00e4ten und Forschungszentren\"}]},{\"@type\":\"WebSite\",\"@id\":\"https:\\\/\\\/bazus.com\\\/#website\",\"url\":\"https:\\\/\\\/bazus.com\\\/\",\"name\":\"Bazus\",\"description\":\"Mesas de coordenadas confiables\",\"potentialAction\":[{\"@type\":\"SearchAction\",\"target\":{\"@type\":\"EntryPoint\",\"urlTemplate\":\"https:\\\/\\\/bazus.com\\\/?s={search_term_string}\"},\"query-input\":{\"@type\":\"PropertyValueSpecification\",\"valueRequired\":true,\"valueName\":\"search_term_string\"}}],\"inLanguage\":\"de\"}]}<\/script>\n<!-- \/ Yoast SEO plugin. -->","yoast_head_json":{"title":"System- und Automatikingenieurwesen, Universit\u00e4ten und Forschungszentren - Bazus","robots":{"index":"index","follow":"follow","max-snippet":"max-snippet:-1","max-image-preview":"max-image-preview:large","max-video-preview":"max-video-preview:-1"},"canonical":"https:\/\/bazus.com\/sectors\/systems-automatic-engineering-universities-and-research-centers\/","og_locale":"de_DE","og_type":"article","og_title":"System- und Automatikingenieurwesen, Universit\u00e4ten und Forschungszentren - Bazus","og_description":"Angesichts des interaktiven Charakters des technologischen Innovationsprozesses ist es zunehmend \u00fcblich, dass Unternehmen mit anderen Organisationen zusammenarbeiten, um Forschungs- und technologische Entwicklungsaktivit\u00e4ten durchzuf\u00fchren. In diesem Sinne erm\u00f6glichen Netzwerke, technologische Zusammenarbeit und Innovation. Insbesondere in europ\u00e4ischen L\u00e4ndern, stimulieren Interaktionen und Transfers zwischen den verschiedenen assoziierten Akteuren, welche sbesonders n\u00fctzlich sind, um die Forschung und Internationalisierung der [&hellip;]","og_url":"https:\/\/bazus.com\/sectors\/systems-automatic-engineering-universities-and-research-centers\/","og_site_name":"Bazus","article_modified_time":"2020-10-29T10:12:48+00:00","twitter_card":"summary_large_image","schema":{"@context":"https:\/\/schema.org","@graph":[{"@type":"WebPage","@id":"https:\/\/bazus.com\/sectors\/systems-automatic-engineering-universities-and-research-centers\/","url":"https:\/\/bazus.com\/sectors\/systems-automatic-engineering-universities-and-research-centers\/","name":"System- und Automatikingenieurwesen, Universit\u00e4ten und Forschungszentren - Bazus","isPartOf":{"@id":"https:\/\/bazus.com\/#website"},"datePublished":"2019-11-22T17:43:16+00:00","dateModified":"2020-10-29T10:12:48+00:00","breadcrumb":{"@id":"https:\/\/bazus.com\/sectors\/systems-automatic-engineering-universities-and-research-centers\/#breadcrumb"},"inLanguage":"de","potentialAction":[{"@type":"ReadAction","target":["https:\/\/bazus.com\/sectors\/systems-automatic-engineering-universities-and-research-centers\/"]}]},{"@type":"BreadcrumbList","@id":"https:\/\/bazus.com\/sectors\/systems-automatic-engineering-universities-and-research-centers\/#breadcrumb","itemListElement":[{"@type":"ListItem","position":1,"name":"Inicio","item":"https:\/\/bazus.com\/de\/"},{"@type":"ListItem","position":2,"name":"Sektoren","item":"https:\/\/bazus.com\/sectors\/"},{"@type":"ListItem","position":3,"name":"System- und Automatikingenieurwesen, Universit\u00e4ten und Forschungszentren"}]},{"@type":"WebSite","@id":"https:\/\/bazus.com\/#website","url":"https:\/\/bazus.com\/","name":"Bazus","description":"Mesas de coordenadas confiables","potentialAction":[{"@type":"SearchAction","target":{"@type":"EntryPoint","urlTemplate":"https:\/\/bazus.com\/?s={search_term_string}"},"query-input":{"@type":"PropertyValueSpecification","valueRequired":true,"valueName":"search_term_string"}}],"inLanguage":"de"}]}},"acf":[],"_links":{"self":[{"href":"https:\/\/bazus.com\/de\/wp-json\/wp\/v2\/pages\/4245","targetHints":{"allow":["GET"]}}],"collection":[{"href":"https:\/\/bazus.com\/de\/wp-json\/wp\/v2\/pages"}],"about":[{"href":"https:\/\/bazus.com\/de\/wp-json\/wp\/v2\/types\/page"}],"author":[{"embeddable":true,"href":"https:\/\/bazus.com\/de\/wp-json\/wp\/v2\/users\/1"}],"replies":[{"embeddable":true,"href":"https:\/\/bazus.com\/de\/wp-json\/wp\/v2\/comments?post=4245"}],"version-history":[{"count":2,"href":"https:\/\/bazus.com\/de\/wp-json\/wp\/v2\/pages\/4245\/revisions"}],"predecessor-version":[{"id":4593,"href":"https:\/\/bazus.com\/de\/wp-json\/wp\/v2\/pages\/4245\/revisions\/4593"}],"up":[{"embeddable":true,"href":"https:\/\/bazus.com\/de\/wp-json\/wp\/v2\/pages\/4220"}],"wp:attachment":[{"href":"https:\/\/bazus.com\/de\/wp-json\/wp\/v2\/media?parent=4245"}],"curies":[{"name":"wp","href":"https:\/\/api.w.org\/{rel}","templated":true}]}}