{"id":4241,"date":"2019-11-22T18:43:16","date_gmt":"2019-11-22T17:43:16","guid":{"rendered":"https:\/\/bazus.com\/sektoren\/metrologia-optica-laboratorios\/"},"modified":"2020-10-29T11:11:39","modified_gmt":"2020-10-29T10:11:39","slug":"metrologie-optik-laboratorien","status":"publish","type":"page","link":"https:\/\/bazus.com\/de\/sektoren\/metrologie-optik-laboratorien\/","title":{"rendered":"Metrologie, Optik, Laboratorien"},"content":{"rendered":"<p>Derzeit m\u00fcssen alle Unternehmen sicher sein, dass die von ihren Messger\u00e4ten gelieferten Ergebnisse korrekt sind. Da diese f\u00fcr Schl\u00fcsselaktivit\u00e4ten von unz\u00e4hligen Prozessen verwendet werden, um die Qualit\u00e4t, Sicherheit von Produkten und Dienstleistungen zu gew\u00e4hrleisten und die erforderlichen Daten zur Analyse und Entscheidungsfindung zu erhalten.<\/p>\n<p>Die Messlabors der BAZUS-Kunden decken verschiedene Bereiche (Gesundheit, Chemie, Transport und Automobil, Verteidigung, Elektrizit\u00e4t, Mechanik, Optik \u2026) in einer Vielzahl von Mengen und Ausr\u00fcstungen ab. Von den \u201eklassischsten\u201c bis zu den \u201eh\u00e4ufigsten\u201c \u2013 Wiegeinstrumente, Pressen, Stromz\u00e4hler \u2013 selbst die spezifischsten oder neuartigsten \u2013 schalltote Kammern, Gasanalysatoren oder Lichtwellenleiter -, die ihre Dienstleistungen f\u00fcr alle Arten von Branchen anbietet.<\/p>\n","protected":false},"excerpt":{"rendered":"<p>Derzeit m\u00fcssen alle Unternehmen sicher sein, dass die von ihren Messger\u00e4ten gelieferten Ergebnisse korrekt sind. Da diese f\u00fcr Schl\u00fcsselaktivit\u00e4ten von unz\u00e4hligen Prozessen verwendet werden, um die Qualit\u00e4t, Sicherheit von Produkten und Dienstleistungen zu gew\u00e4hrleisten und die erforderlichen Daten zur Analyse und Entscheidungsfindung zu erhalten. Die Messlabors der BAZUS-Kunden decken verschiedene Bereiche (Gesundheit, Chemie, Transport und [&hellip;]<\/p>\n","protected":false},"author":1,"featured_media":0,"parent":4220,"menu_order":36,"comment_status":"closed","ping_status":"closed","template":"sector.php","meta":{"footnotes":""},"class_list":["post-4241","page","type-page","status-publish","hentry"],"yoast_head":"<!-- This site is optimized with the Yoast SEO plugin v27.5 - https:\/\/yoast.com\/product\/yoast-seo-wordpress\/ -->\n<title>Metrologie, Optik, Laboratorien - Bazus<\/title>\n<meta name=\"robots\" content=\"index, follow, max-snippet:-1, max-image-preview:large, max-video-preview:-1\" \/>\n<link rel=\"canonical\" href=\"https:\/\/bazus.com\/sectors\/metrology-optic-laboratories\/\" \/>\n<meta property=\"og:locale\" content=\"de_DE\" \/>\n<meta property=\"og:type\" content=\"article\" \/>\n<meta property=\"og:title\" content=\"Metrologie, Optik, Laboratorien - Bazus\" \/>\n<meta property=\"og:description\" content=\"Derzeit m\u00fcssen alle Unternehmen sicher sein, dass die von ihren Messger\u00e4ten gelieferten Ergebnisse korrekt sind. Da diese f\u00fcr Schl\u00fcsselaktivit\u00e4ten von unz\u00e4hligen Prozessen verwendet werden, um die Qualit\u00e4t, Sicherheit von Produkten und Dienstleistungen zu gew\u00e4hrleisten und die erforderlichen Daten zur Analyse und Entscheidungsfindung zu erhalten. Die Messlabors der BAZUS-Kunden decken verschiedene Bereiche (Gesundheit, Chemie, Transport und [&hellip;]\" \/>\n<meta property=\"og:url\" content=\"https:\/\/bazus.com\/sectors\/metrology-optic-laboratories\/\" \/>\n<meta property=\"og:site_name\" content=\"Bazus\" \/>\n<meta property=\"article:modified_time\" content=\"2020-10-29T10:11:39+00:00\" \/>\n<meta name=\"twitter:card\" content=\"summary_large_image\" \/>\n<meta name=\"twitter:label1\" content=\"Gesch\u00e4tzte Lesezeit\" \/>\n\t<meta name=\"twitter:data1\" content=\"1\u00a0Minute\" \/>\n<script type=\"application\/ld+json\" class=\"yoast-schema-graph\">{\"@context\":\"https:\\\/\\\/schema.org\",\"@graph\":[{\"@type\":\"WebPage\",\"@id\":\"https:\\\/\\\/bazus.com\\\/sectors\\\/metrology-optic-laboratories\\\/\",\"url\":\"https:\\\/\\\/bazus.com\\\/sectors\\\/metrology-optic-laboratories\\\/\",\"name\":\"Metrologie, Optik, Laboratorien - Bazus\",\"isPartOf\":{\"@id\":\"https:\\\/\\\/bazus.com\\\/#website\"},\"datePublished\":\"2019-11-22T17:43:16+00:00\",\"dateModified\":\"2020-10-29T10:11:39+00:00\",\"breadcrumb\":{\"@id\":\"https:\\\/\\\/bazus.com\\\/sectors\\\/metrology-optic-laboratories\\\/#breadcrumb\"},\"inLanguage\":\"de\",\"potentialAction\":[{\"@type\":\"ReadAction\",\"target\":[\"https:\\\/\\\/bazus.com\\\/sectors\\\/metrology-optic-laboratories\\\/\"]}]},{\"@type\":\"BreadcrumbList\",\"@id\":\"https:\\\/\\\/bazus.com\\\/sectors\\\/metrology-optic-laboratories\\\/#breadcrumb\",\"itemListElement\":[{\"@type\":\"ListItem\",\"position\":1,\"name\":\"Inicio\",\"item\":\"https:\\\/\\\/bazus.com\\\/de\\\/\"},{\"@type\":\"ListItem\",\"position\":2,\"name\":\"Sektoren\",\"item\":\"https:\\\/\\\/bazus.com\\\/sectors\\\/\"},{\"@type\":\"ListItem\",\"position\":3,\"name\":\"Metrologie, Optik, Laboratorien\"}]},{\"@type\":\"WebSite\",\"@id\":\"https:\\\/\\\/bazus.com\\\/#website\",\"url\":\"https:\\\/\\\/bazus.com\\\/\",\"name\":\"Bazus\",\"description\":\"Mesas de coordenadas confiables\",\"potentialAction\":[{\"@type\":\"SearchAction\",\"target\":{\"@type\":\"EntryPoint\",\"urlTemplate\":\"https:\\\/\\\/bazus.com\\\/?s={search_term_string}\"},\"query-input\":{\"@type\":\"PropertyValueSpecification\",\"valueRequired\":true,\"valueName\":\"search_term_string\"}}],\"inLanguage\":\"de\"}]}<\/script>\n<!-- \/ Yoast SEO plugin. -->","yoast_head_json":{"title":"Metrologie, Optik, Laboratorien - Bazus","robots":{"index":"index","follow":"follow","max-snippet":"max-snippet:-1","max-image-preview":"max-image-preview:large","max-video-preview":"max-video-preview:-1"},"canonical":"https:\/\/bazus.com\/sectors\/metrology-optic-laboratories\/","og_locale":"de_DE","og_type":"article","og_title":"Metrologie, Optik, Laboratorien - Bazus","og_description":"Derzeit m\u00fcssen alle Unternehmen sicher sein, dass die von ihren Messger\u00e4ten gelieferten Ergebnisse korrekt sind. Da diese f\u00fcr Schl\u00fcsselaktivit\u00e4ten von unz\u00e4hligen Prozessen verwendet werden, um die Qualit\u00e4t, Sicherheit von Produkten und Dienstleistungen zu gew\u00e4hrleisten und die erforderlichen Daten zur Analyse und Entscheidungsfindung zu erhalten. Die Messlabors der BAZUS-Kunden decken verschiedene Bereiche (Gesundheit, Chemie, Transport und [&hellip;]","og_url":"https:\/\/bazus.com\/sectors\/metrology-optic-laboratories\/","og_site_name":"Bazus","article_modified_time":"2020-10-29T10:11:39+00:00","twitter_card":"summary_large_image","twitter_misc":{"Gesch\u00e4tzte Lesezeit":"1\u00a0Minute"},"schema":{"@context":"https:\/\/schema.org","@graph":[{"@type":"WebPage","@id":"https:\/\/bazus.com\/sectors\/metrology-optic-laboratories\/","url":"https:\/\/bazus.com\/sectors\/metrology-optic-laboratories\/","name":"Metrologie, Optik, Laboratorien - Bazus","isPartOf":{"@id":"https:\/\/bazus.com\/#website"},"datePublished":"2019-11-22T17:43:16+00:00","dateModified":"2020-10-29T10:11:39+00:00","breadcrumb":{"@id":"https:\/\/bazus.com\/sectors\/metrology-optic-laboratories\/#breadcrumb"},"inLanguage":"de","potentialAction":[{"@type":"ReadAction","target":["https:\/\/bazus.com\/sectors\/metrology-optic-laboratories\/"]}]},{"@type":"BreadcrumbList","@id":"https:\/\/bazus.com\/sectors\/metrology-optic-laboratories\/#breadcrumb","itemListElement":[{"@type":"ListItem","position":1,"name":"Inicio","item":"https:\/\/bazus.com\/de\/"},{"@type":"ListItem","position":2,"name":"Sektoren","item":"https:\/\/bazus.com\/sectors\/"},{"@type":"ListItem","position":3,"name":"Metrologie, Optik, Laboratorien"}]},{"@type":"WebSite","@id":"https:\/\/bazus.com\/#website","url":"https:\/\/bazus.com\/","name":"Bazus","description":"Mesas de coordenadas confiables","potentialAction":[{"@type":"SearchAction","target":{"@type":"EntryPoint","urlTemplate":"https:\/\/bazus.com\/?s={search_term_string}"},"query-input":{"@type":"PropertyValueSpecification","valueRequired":true,"valueName":"search_term_string"}}],"inLanguage":"de"}]}},"acf":[],"_links":{"self":[{"href":"https:\/\/bazus.com\/de\/wp-json\/wp\/v2\/pages\/4241","targetHints":{"allow":["GET"]}}],"collection":[{"href":"https:\/\/bazus.com\/de\/wp-json\/wp\/v2\/pages"}],"about":[{"href":"https:\/\/bazus.com\/de\/wp-json\/wp\/v2\/types\/page"}],"author":[{"embeddable":true,"href":"https:\/\/bazus.com\/de\/wp-json\/wp\/v2\/users\/1"}],"replies":[{"embeddable":true,"href":"https:\/\/bazus.com\/de\/wp-json\/wp\/v2\/comments?post=4241"}],"version-history":[{"count":2,"href":"https:\/\/bazus.com\/de\/wp-json\/wp\/v2\/pages\/4241\/revisions"}],"predecessor-version":[{"id":4592,"href":"https:\/\/bazus.com\/de\/wp-json\/wp\/v2\/pages\/4241\/revisions\/4592"}],"up":[{"embeddable":true,"href":"https:\/\/bazus.com\/de\/wp-json\/wp\/v2\/pages\/4220"}],"wp:attachment":[{"href":"https:\/\/bazus.com\/de\/wp-json\/wp\/v2\/media?parent=4241"}],"curies":[{"name":"wp","href":"https:\/\/api.w.org\/{rel}","templated":true}]}}