{"id":4233,"date":"2019-11-22T18:43:16","date_gmt":"2019-11-22T17:43:16","guid":{"rendered":"https:\/\/bazus.com\/sektoren\/artes-graficas-tampografia\/"},"modified":"2020-10-29T11:17:23","modified_gmt":"2020-10-29T10:17:23","slug":"grafiksektor-tampographie","status":"publish","type":"page","link":"https:\/\/bazus.com\/de\/sektoren\/grafiksektor-tampographie\/","title":{"rendered":"Grafiksektor &#8211; Tampographie"},"content":{"rendered":"<p>Nach einer ersten Phase, in dem der Tampondruck auf Kleinteile oder Kleinserien beschr\u00e4nkt war, hat der Tampondruck von nur einer Nebent\u00e4tigkeit in der Produktionskette einen wichtigen Platz in der Grafik-, Automobil- und Spielzeugbranche eingenommen. Sowie in B\u00fcro- oder Werbeartikel, Getr\u00e4nkeindustrie, Haushaltsger\u00e4te ua<\/p>\n<p>Die Eigenschaften des Drucks mit Tampon (Tampondruck) sind insbesondere f\u00fcr die Verwendung und Anwendung der BAZUS-Einheiten geeignet. Da die Koordinatentische mit einer korrosionsbest\u00e4ndigen chemischen Nickelbehandlung ausgestattet sind und ihre Festigkeit und Robustheit eine Verschlechterung der Tampondruckmaschine verhindern, fuert zu einem einwandfreiem mechanischen Zustand.<\/p>\n","protected":false},"excerpt":{"rendered":"<p>Nach einer ersten Phase, in dem der Tampondruck auf Kleinteile oder Kleinserien beschr\u00e4nkt war, hat der Tampondruck von nur einer Nebent\u00e4tigkeit in der Produktionskette einen wichtigen Platz in der Grafik-, Automobil- und Spielzeugbranche eingenommen. Sowie in B\u00fcro- oder Werbeartikel, Getr\u00e4nkeindustrie, Haushaltsger\u00e4te ua Die Eigenschaften des Drucks mit Tampon (Tampondruck) sind insbesondere f\u00fcr die Verwendung und [&hellip;]<\/p>\n","protected":false},"author":1,"featured_media":0,"parent":4220,"menu_order":44,"comment_status":"closed","ping_status":"closed","template":"sector.php","meta":{"footnotes":""},"class_list":["post-4233","page","type-page","status-publish","hentry"],"yoast_head":"<!-- This site is optimized with the Yoast SEO plugin v27.5 - https:\/\/yoast.com\/product\/yoast-seo-wordpress\/ -->\n<title>Grafiksektor - Tampographie - Bazus<\/title>\n<meta name=\"robots\" content=\"index, follow, max-snippet:-1, max-image-preview:large, max-video-preview:-1\" \/>\n<link rel=\"canonical\" href=\"https:\/\/bazus.com\/sectors\/tampography-graphic-art-sector\/\" \/>\n<meta property=\"og:locale\" content=\"de_DE\" \/>\n<meta property=\"og:type\" content=\"article\" \/>\n<meta property=\"og:title\" content=\"Grafiksektor - Tampographie - Bazus\" \/>\n<meta property=\"og:description\" content=\"Nach einer ersten Phase, in dem der Tampondruck auf Kleinteile oder Kleinserien beschr\u00e4nkt war, hat der Tampondruck von nur einer Nebent\u00e4tigkeit in der Produktionskette einen wichtigen Platz in der Grafik-, Automobil- und Spielzeugbranche eingenommen. Sowie in B\u00fcro- oder Werbeartikel, Getr\u00e4nkeindustrie, Haushaltsger\u00e4te ua Die Eigenschaften des Drucks mit Tampon (Tampondruck) sind insbesondere f\u00fcr die Verwendung und [&hellip;]\" \/>\n<meta property=\"og:url\" content=\"https:\/\/bazus.com\/sectors\/tampography-graphic-art-sector\/\" \/>\n<meta property=\"og:site_name\" content=\"Bazus\" \/>\n<meta property=\"article:modified_time\" content=\"2020-10-29T10:17:23+00:00\" \/>\n<meta name=\"twitter:card\" content=\"summary_large_image\" \/>\n<script type=\"application\/ld+json\" class=\"yoast-schema-graph\">{\"@context\":\"https:\\\/\\\/schema.org\",\"@graph\":[{\"@type\":\"WebPage\",\"@id\":\"https:\\\/\\\/bazus.com\\\/sectors\\\/tampography-graphic-art-sector\\\/\",\"url\":\"https:\\\/\\\/bazus.com\\\/sectors\\\/tampography-graphic-art-sector\\\/\",\"name\":\"Grafiksektor - Tampographie - Bazus\",\"isPartOf\":{\"@id\":\"https:\\\/\\\/bazus.com\\\/#website\"},\"datePublished\":\"2019-11-22T17:43:16+00:00\",\"dateModified\":\"2020-10-29T10:17:23+00:00\",\"breadcrumb\":{\"@id\":\"https:\\\/\\\/bazus.com\\\/sectors\\\/tampography-graphic-art-sector\\\/#breadcrumb\"},\"inLanguage\":\"de\",\"potentialAction\":[{\"@type\":\"ReadAction\",\"target\":[\"https:\\\/\\\/bazus.com\\\/sectors\\\/tampography-graphic-art-sector\\\/\"]}]},{\"@type\":\"BreadcrumbList\",\"@id\":\"https:\\\/\\\/bazus.com\\\/sectors\\\/tampography-graphic-art-sector\\\/#breadcrumb\",\"itemListElement\":[{\"@type\":\"ListItem\",\"position\":1,\"name\":\"Inicio\",\"item\":\"https:\\\/\\\/bazus.com\\\/de\\\/\"},{\"@type\":\"ListItem\",\"position\":2,\"name\":\"Sektoren\",\"item\":\"https:\\\/\\\/bazus.com\\\/sectors\\\/\"},{\"@type\":\"ListItem\",\"position\":3,\"name\":\"Grafiksektor &#8211; Tampographie\"}]},{\"@type\":\"WebSite\",\"@id\":\"https:\\\/\\\/bazus.com\\\/#website\",\"url\":\"https:\\\/\\\/bazus.com\\\/\",\"name\":\"Bazus\",\"description\":\"Mesas de coordenadas confiables\",\"potentialAction\":[{\"@type\":\"SearchAction\",\"target\":{\"@type\":\"EntryPoint\",\"urlTemplate\":\"https:\\\/\\\/bazus.com\\\/?s={search_term_string}\"},\"query-input\":{\"@type\":\"PropertyValueSpecification\",\"valueRequired\":true,\"valueName\":\"search_term_string\"}}],\"inLanguage\":\"de\"}]}<\/script>\n<!-- \/ Yoast SEO plugin. -->","yoast_head_json":{"title":"Grafiksektor - Tampographie - Bazus","robots":{"index":"index","follow":"follow","max-snippet":"max-snippet:-1","max-image-preview":"max-image-preview:large","max-video-preview":"max-video-preview:-1"},"canonical":"https:\/\/bazus.com\/sectors\/tampography-graphic-art-sector\/","og_locale":"de_DE","og_type":"article","og_title":"Grafiksektor - Tampographie - Bazus","og_description":"Nach einer ersten Phase, in dem der Tampondruck auf Kleinteile oder Kleinserien beschr\u00e4nkt war, hat der Tampondruck von nur einer Nebent\u00e4tigkeit in der Produktionskette einen wichtigen Platz in der Grafik-, Automobil- und Spielzeugbranche eingenommen. Sowie in B\u00fcro- oder Werbeartikel, Getr\u00e4nkeindustrie, Haushaltsger\u00e4te ua Die Eigenschaften des Drucks mit Tampon (Tampondruck) sind insbesondere f\u00fcr die Verwendung und [&hellip;]","og_url":"https:\/\/bazus.com\/sectors\/tampography-graphic-art-sector\/","og_site_name":"Bazus","article_modified_time":"2020-10-29T10:17:23+00:00","twitter_card":"summary_large_image","schema":{"@context":"https:\/\/schema.org","@graph":[{"@type":"WebPage","@id":"https:\/\/bazus.com\/sectors\/tampography-graphic-art-sector\/","url":"https:\/\/bazus.com\/sectors\/tampography-graphic-art-sector\/","name":"Grafiksektor - Tampographie - Bazus","isPartOf":{"@id":"https:\/\/bazus.com\/#website"},"datePublished":"2019-11-22T17:43:16+00:00","dateModified":"2020-10-29T10:17:23+00:00","breadcrumb":{"@id":"https:\/\/bazus.com\/sectors\/tampography-graphic-art-sector\/#breadcrumb"},"inLanguage":"de","potentialAction":[{"@type":"ReadAction","target":["https:\/\/bazus.com\/sectors\/tampography-graphic-art-sector\/"]}]},{"@type":"BreadcrumbList","@id":"https:\/\/bazus.com\/sectors\/tampography-graphic-art-sector\/#breadcrumb","itemListElement":[{"@type":"ListItem","position":1,"name":"Inicio","item":"https:\/\/bazus.com\/de\/"},{"@type":"ListItem","position":2,"name":"Sektoren","item":"https:\/\/bazus.com\/sectors\/"},{"@type":"ListItem","position":3,"name":"Grafiksektor &#8211; Tampographie"}]},{"@type":"WebSite","@id":"https:\/\/bazus.com\/#website","url":"https:\/\/bazus.com\/","name":"Bazus","description":"Mesas de coordenadas confiables","potentialAction":[{"@type":"SearchAction","target":{"@type":"EntryPoint","urlTemplate":"https:\/\/bazus.com\/?s={search_term_string}"},"query-input":{"@type":"PropertyValueSpecification","valueRequired":true,"valueName":"search_term_string"}}],"inLanguage":"de"}]}},"acf":[],"_links":{"self":[{"href":"https:\/\/bazus.com\/de\/wp-json\/wp\/v2\/pages\/4233","targetHints":{"allow":["GET"]}}],"collection":[{"href":"https:\/\/bazus.com\/de\/wp-json\/wp\/v2\/pages"}],"about":[{"href":"https:\/\/bazus.com\/de\/wp-json\/wp\/v2\/types\/page"}],"author":[{"embeddable":true,"href":"https:\/\/bazus.com\/de\/wp-json\/wp\/v2\/users\/1"}],"replies":[{"embeddable":true,"href":"https:\/\/bazus.com\/de\/wp-json\/wp\/v2\/comments?post=4233"}],"version-history":[{"count":2,"href":"https:\/\/bazus.com\/de\/wp-json\/wp\/v2\/pages\/4233\/revisions"}],"predecessor-version":[{"id":4597,"href":"https:\/\/bazus.com\/de\/wp-json\/wp\/v2\/pages\/4233\/revisions\/4597"}],"up":[{"embeddable":true,"href":"https:\/\/bazus.com\/de\/wp-json\/wp\/v2\/pages\/4220"}],"wp:attachment":[{"href":"https:\/\/bazus.com\/de\/wp-json\/wp\/v2\/media?parent=4233"}],"curies":[{"name":"wp","href":"https:\/\/api.w.org\/{rel}","templated":true}]}}