{"id":4226,"date":"2020-10-27T12:40:26","date_gmt":"2020-10-27T11:40:26","guid":{"rendered":"https:\/\/bazus.com\/?page_id=4226"},"modified":"2020-10-29T11:19:07","modified_gmt":"2020-10-29T10:19:07","slug":"werkzeugmaschinensektor","status":"publish","type":"page","link":"https:\/\/bazus.com\/de\/sektoren\/werkzeugmaschinensektor\/","title":{"rendered":"Werkzeugmaschinensektor"},"content":{"rendered":"<p>Die Werkzeugmaschine ist die Basis der industriellen Produktion, da sie den wichtigsten Anteil eines jeden Systems der Produktion liefert, des Vertriebs, des Handels und des Verbrauchs von Waren und Dienstleistungen eines Landes produktive Mittel bietet. Unsere bekanntesten Kunden sind aus der Automobil- und Komponentensektor, Luft- und Raumfahrtindustrie, Bahn, Stromerzeugung, Ger\u00e4tehersteller, Metallzulieferer sowie der Formenbau.<\/p>\n<p>BAZUS zeichnet sich durch eine eigene Technologie aus, die auf st\u00e4ndigen Aktualis\u00a1erung des Unternehmens in den Bereichen Innovation, Forschung und Entwicklung basiert, um damit eine h\u00f6here Produktivit\u00e4t, Pr\u00e4zision, Flexibilit\u00e4t und einen Mehrwert bei linearen Bewegungen zu erzielen.<\/p>\n","protected":false},"excerpt":{"rendered":"<p>Die Werkzeugmaschine ist die Basis der industriellen Produktion, da sie den wichtigsten Anteil eines jeden Systems der Produktion liefert, des Vertriebs, des Handels und des Verbrauchs von Waren und Dienstleistungen eines Landes produktive Mittel bietet. Unsere bekanntesten Kunden sind aus der Automobil- und Komponentensektor, Luft- und Raumfahrtindustrie, Bahn, Stromerzeugung, Ger\u00e4tehersteller, Metallzulieferer sowie der Formenbau. BAZUS [&hellip;]<\/p>\n","protected":false},"author":7,"featured_media":0,"parent":4220,"menu_order":45,"comment_status":"closed","ping_status":"closed","template":"sector.php","meta":[],"yoast_head":"<!-- This site is optimized with the Yoast SEO plugin v14.6.1 - https:\/\/yoast.com\/wordpress\/plugins\/seo\/ -->\n<title>Werkzeugmaschinensektor - Bazus<\/title>\n<meta name=\"robots\" content=\"index, follow\" \/>\n<meta name=\"googlebot\" content=\"index, follow, max-snippet:-1, max-image-preview:large, max-video-preview:-1\" \/>\n<meta name=\"bingbot\" content=\"index, follow, max-snippet:-1, max-image-preview:large, max-video-preview:-1\" \/>\n<link rel=\"canonical\" href=\"https:\/\/bazus.com\/de\/sektoren\/werkzeugmaschinensektor\/\" \/>\n<meta property=\"og:locale\" content=\"de_DE\" \/>\n<meta property=\"og:type\" content=\"article\" \/>\n<meta property=\"og:title\" content=\"Werkzeugmaschinensektor - Bazus\" \/>\n<meta property=\"og:description\" content=\"Die Werkzeugmaschine ist die Basis der industriellen Produktion, da sie den wichtigsten Anteil eines jeden Systems der Produktion liefert, des Vertriebs, des Handels und des Verbrauchs von Waren und Dienstleistungen eines Landes produktive Mittel bietet. Unsere bekanntesten Kunden sind aus der Automobil- und Komponentensektor, Luft- und Raumfahrtindustrie, Bahn, Stromerzeugung, Ger\u00e4tehersteller, Metallzulieferer sowie der Formenbau. BAZUS [&hellip;]\" \/>\n<meta property=\"og:url\" content=\"https:\/\/bazus.com\/de\/sektoren\/werkzeugmaschinensektor\/\" \/>\n<meta property=\"og:site_name\" content=\"Bazus\" \/>\n<meta property=\"article:modified_time\" content=\"2020-10-29T10:19:07+00:00\" \/>\n<meta name=\"twitter:card\" content=\"summary_large_image\" \/>\n<script type=\"application\/ld+json\" class=\"yoast-schema-graph\">{\"@context\":\"https:\/\/schema.org\",\"@graph\":[{\"@type\":\"WebSite\",\"@id\":\"https:\/\/bazus.com\/de\/#website\",\"url\":\"https:\/\/bazus.com\/de\/\",\"name\":\"Bazus\",\"description\":\"Mesas de coordenadas confiables\",\"potentialAction\":[{\"@type\":\"SearchAction\",\"target\":\"https:\/\/bazus.com\/de\/?s={search_term_string}\",\"query-input\":\"required name=search_term_string\"}],\"inLanguage\":\"de\"},{\"@type\":\"WebPage\",\"@id\":\"https:\/\/bazus.com\/de\/sektoren\/werkzeugmaschinensektor\/#webpage\",\"url\":\"https:\/\/bazus.com\/de\/sektoren\/werkzeugmaschinensektor\/\",\"name\":\"Werkzeugmaschinensektor - Bazus\",\"isPartOf\":{\"@id\":\"https:\/\/bazus.com\/de\/#website\"},\"datePublished\":\"2020-10-27T11:40:26+00:00\",\"dateModified\":\"2020-10-29T10:19:07+00:00\",\"breadcrumb\":{\"@id\":\"https:\/\/bazus.com\/de\/sektoren\/werkzeugmaschinensektor\/#breadcrumb\"},\"inLanguage\":\"de\",\"potentialAction\":[{\"@type\":\"ReadAction\",\"target\":[\"https:\/\/bazus.com\/de\/sektoren\/werkzeugmaschinensektor\/\"]}]},{\"@type\":\"BreadcrumbList\",\"@id\":\"https:\/\/bazus.com\/de\/sektoren\/werkzeugmaschinensektor\/#breadcrumb\",\"itemListElement\":[{\"@type\":\"ListItem\",\"position\":1,\"item\":{\"@type\":\"WebPage\",\"@id\":\"https:\/\/bazus.com\/de\/\",\"url\":\"https:\/\/bazus.com\/de\/\",\"name\":\"Inicio\"}},{\"@type\":\"ListItem\",\"position\":2,\"item\":{\"@type\":\"WebPage\",\"@id\":\"https:\/\/bazus.com\/de\/sektoren\/\",\"url\":\"https:\/\/bazus.com\/de\/sektoren\/\",\"name\":\"Sektoren\"}},{\"@type\":\"ListItem\",\"position\":3,\"item\":{\"@type\":\"WebPage\",\"@id\":\"https:\/\/bazus.com\/de\/sektoren\/werkzeugmaschinensektor\/\",\"url\":\"https:\/\/bazus.com\/de\/sektoren\/werkzeugmaschinensektor\/\",\"name\":\"Werkzeugmaschinensektor\"}}]}]}<\/script>\n<!-- \/ Yoast SEO plugin. -->","acf":[],"_links":{"self":[{"href":"https:\/\/bazus.com\/de\/wp-json\/wp\/v2\/pages\/4226"}],"collection":[{"href":"https:\/\/bazus.com\/de\/wp-json\/wp\/v2\/pages"}],"about":[{"href":"https:\/\/bazus.com\/de\/wp-json\/wp\/v2\/types\/page"}],"author":[{"embeddable":true,"href":"https:\/\/bazus.com\/de\/wp-json\/wp\/v2\/users\/7"}],"replies":[{"embeddable":true,"href":"https:\/\/bazus.com\/de\/wp-json\/wp\/v2\/comments?post=4226"}],"version-history":[{"count":3,"href":"https:\/\/bazus.com\/de\/wp-json\/wp\/v2\/pages\/4226\/revisions"}],"predecessor-version":[{"id":4598,"href":"https:\/\/bazus.com\/de\/wp-json\/wp\/v2\/pages\/4226\/revisions\/4598"}],"up":[{"embeddable":true,"href":"https:\/\/bazus.com\/de\/wp-json\/wp\/v2\/pages\/4220"}],"wp:attachment":[{"href":"https:\/\/bazus.com\/de\/wp-json\/wp\/v2\/media?parent=4226"}],"curies":[{"name":"wp","href":"https:\/\/api.w.org\/{rel}","templated":true}]}}