{"id":4138,"date":"2019-11-22T18:43:16","date_gmt":"2019-11-22T17:43:16","guid":{"rendered":"https:\/\/bazus.com\/procesos\/"},"modified":"2020-10-30T11:23:35","modified_gmt":"2020-10-30T10:23:35","slug":"prozess","status":"publish","type":"page","link":"https:\/\/bazus.com\/de\/prozess\/","title":{"rendered":"Prozess"},"content":{"rendered":"<p>Prozesse sind grundlegende Verfahren f\u00fcr die Entwicklung einer Vielzahl von Industrieprodukten, die transformiert werden, um den Kundenanforderungen gerecht zu werden. Bazus bietet die beste Koordinatentabellenl\u00f6sung zum Fr\u00e4sen, Bearbeiten, Schleifen, Drehen, Drehen und Fr\u00e4sen vor Ort, Bohren, Schwei\u00dfen, Tampondrucken, Werkzeugieren und Gravieren.<\/p>\n","protected":false},"excerpt":{"rendered":"<p>Prozesse sind grundlegende Verfahren f\u00fcr die Entwicklung einer Vielzahl von Industrieprodukten, die transformiert werden, um den Kundenanforderungen gerecht zu werden. Bazus bietet die beste Koordinatentabellenl\u00f6sung zum Fr\u00e4sen, Bearbeiten, Schleifen, Drehen, Drehen und Fr\u00e4sen vor Ort, Bohren, Schwei\u00dfen, Tampondrucken, Werkzeugieren und Gravieren.<\/p>\n","protected":false},"author":1,"featured_media":1435,"parent":0,"menu_order":24,"comment_status":"closed","ping_status":"closed","template":"sectores.php","meta":{"footnotes":""},"class_list":["post-4138","page","type-page","status-publish","has-post-thumbnail","hentry"],"yoast_head":"<!-- This site is optimized with the Yoast SEO plugin v27.5 - https:\/\/yoast.com\/product\/yoast-seo-wordpress\/ -->\n<title>Prozess - Bazus<\/title>\n<meta name=\"robots\" content=\"index, follow, max-snippet:-1, max-image-preview:large, max-video-preview:-1\" \/>\n<link rel=\"canonical\" href=\"https:\/\/bazus.com\/processes\/\" \/>\n<meta property=\"og:locale\" content=\"de_DE\" \/>\n<meta property=\"og:type\" content=\"article\" \/>\n<meta property=\"og:title\" content=\"Prozess - Bazus\" \/>\n<meta property=\"og:description\" content=\"Prozesse sind grundlegende Verfahren f\u00fcr die Entwicklung einer Vielzahl von Industrieprodukten, die transformiert werden, um den Kundenanforderungen gerecht zu werden. Bazus bietet die beste Koordinatentabellenl\u00f6sung zum Fr\u00e4sen, Bearbeiten, Schleifen, Drehen, Drehen und Fr\u00e4sen vor Ort, Bohren, Schwei\u00dfen, Tampondrucken, Werkzeugieren und Gravieren.\" \/>\n<meta property=\"og:url\" content=\"https:\/\/bazus.com\/processes\/\" \/>\n<meta property=\"og:site_name\" content=\"Bazus\" \/>\n<meta property=\"article:modified_time\" content=\"2020-10-30T10:23:35+00:00\" \/>\n<meta property=\"og:image\" content=\"https:\/\/bazus.com\/wp-content\/uploads\/2020\/08\/Procesos.jpg\" \/>\n\t<meta property=\"og:image:width\" content=\"1920\" \/>\n\t<meta property=\"og:image:height\" content=\"1080\" \/>\n\t<meta property=\"og:image:type\" content=\"image\/jpeg\" \/>\n<meta name=\"twitter:card\" content=\"summary_large_image\" \/>\n<script type=\"application\/ld+json\" class=\"yoast-schema-graph\">{\"@context\":\"https:\\\/\\\/schema.org\",\"@graph\":[{\"@type\":\"WebPage\",\"@id\":\"https:\\\/\\\/bazus.com\\\/processes\\\/\",\"url\":\"https:\\\/\\\/bazus.com\\\/processes\\\/\",\"name\":\"Prozess - Bazus\",\"isPartOf\":{\"@id\":\"https:\\\/\\\/bazus.com\\\/#website\"},\"primaryImageOfPage\":{\"@id\":\"https:\\\/\\\/bazus.com\\\/processes\\\/#primaryimage\"},\"image\":{\"@id\":\"https:\\\/\\\/bazus.com\\\/processes\\\/#primaryimage\"},\"thumbnailUrl\":\"https:\\\/\\\/bazus.com\\\/wp-content\\\/uploads\\\/2020\\\/08\\\/Procesos.jpg\",\"datePublished\":\"2019-11-22T17:43:16+00:00\",\"dateModified\":\"2020-10-30T10:23:35+00:00\",\"breadcrumb\":{\"@id\":\"https:\\\/\\\/bazus.com\\\/processes\\\/#breadcrumb\"},\"inLanguage\":\"de\",\"potentialAction\":[{\"@type\":\"ReadAction\",\"target\":[\"https:\\\/\\\/bazus.com\\\/processes\\\/\"]}]},{\"@type\":\"ImageObject\",\"inLanguage\":\"de\",\"@id\":\"https:\\\/\\\/bazus.com\\\/processes\\\/#primaryimage\",\"url\":\"https:\\\/\\\/bazus.com\\\/wp-content\\\/uploads\\\/2020\\\/08\\\/Procesos.jpg\",\"contentUrl\":\"https:\\\/\\\/bazus.com\\\/wp-content\\\/uploads\\\/2020\\\/08\\\/Procesos.jpg\",\"width\":1920,\"height\":1080},{\"@type\":\"BreadcrumbList\",\"@id\":\"https:\\\/\\\/bazus.com\\\/processes\\\/#breadcrumb\",\"itemListElement\":[{\"@type\":\"ListItem\",\"position\":1,\"name\":\"Inicio\",\"item\":\"https:\\\/\\\/bazus.com\\\/de\\\/\"},{\"@type\":\"ListItem\",\"position\":2,\"name\":\"Prozess\"}]},{\"@type\":\"WebSite\",\"@id\":\"https:\\\/\\\/bazus.com\\\/#website\",\"url\":\"https:\\\/\\\/bazus.com\\\/\",\"name\":\"Bazus\",\"description\":\"Mesas de coordenadas confiables\",\"potentialAction\":[{\"@type\":\"SearchAction\",\"target\":{\"@type\":\"EntryPoint\",\"urlTemplate\":\"https:\\\/\\\/bazus.com\\\/?s={search_term_string}\"},\"query-input\":{\"@type\":\"PropertyValueSpecification\",\"valueRequired\":true,\"valueName\":\"search_term_string\"}}],\"inLanguage\":\"de\"}]}<\/script>\n<!-- \/ Yoast SEO plugin. -->","yoast_head_json":{"title":"Prozess - Bazus","robots":{"index":"index","follow":"follow","max-snippet":"max-snippet:-1","max-image-preview":"max-image-preview:large","max-video-preview":"max-video-preview:-1"},"canonical":"https:\/\/bazus.com\/processes\/","og_locale":"de_DE","og_type":"article","og_title":"Prozess - Bazus","og_description":"Prozesse sind grundlegende Verfahren f\u00fcr die Entwicklung einer Vielzahl von Industrieprodukten, die transformiert werden, um den Kundenanforderungen gerecht zu werden. Bazus bietet die beste Koordinatentabellenl\u00f6sung zum Fr\u00e4sen, Bearbeiten, Schleifen, Drehen, Drehen und Fr\u00e4sen vor Ort, Bohren, Schwei\u00dfen, Tampondrucken, Werkzeugieren und Gravieren.","og_url":"https:\/\/bazus.com\/processes\/","og_site_name":"Bazus","article_modified_time":"2020-10-30T10:23:35+00:00","og_image":[{"width":1920,"height":1080,"url":"https:\/\/bazus.com\/wp-content\/uploads\/2020\/08\/Procesos.jpg","type":"image\/jpeg"}],"twitter_card":"summary_large_image","schema":{"@context":"https:\/\/schema.org","@graph":[{"@type":"WebPage","@id":"https:\/\/bazus.com\/processes\/","url":"https:\/\/bazus.com\/processes\/","name":"Prozess - Bazus","isPartOf":{"@id":"https:\/\/bazus.com\/#website"},"primaryImageOfPage":{"@id":"https:\/\/bazus.com\/processes\/#primaryimage"},"image":{"@id":"https:\/\/bazus.com\/processes\/#primaryimage"},"thumbnailUrl":"https:\/\/bazus.com\/wp-content\/uploads\/2020\/08\/Procesos.jpg","datePublished":"2019-11-22T17:43:16+00:00","dateModified":"2020-10-30T10:23:35+00:00","breadcrumb":{"@id":"https:\/\/bazus.com\/processes\/#breadcrumb"},"inLanguage":"de","potentialAction":[{"@type":"ReadAction","target":["https:\/\/bazus.com\/processes\/"]}]},{"@type":"ImageObject","inLanguage":"de","@id":"https:\/\/bazus.com\/processes\/#primaryimage","url":"https:\/\/bazus.com\/wp-content\/uploads\/2020\/08\/Procesos.jpg","contentUrl":"https:\/\/bazus.com\/wp-content\/uploads\/2020\/08\/Procesos.jpg","width":1920,"height":1080},{"@type":"BreadcrumbList","@id":"https:\/\/bazus.com\/processes\/#breadcrumb","itemListElement":[{"@type":"ListItem","position":1,"name":"Inicio","item":"https:\/\/bazus.com\/de\/"},{"@type":"ListItem","position":2,"name":"Prozess"}]},{"@type":"WebSite","@id":"https:\/\/bazus.com\/#website","url":"https:\/\/bazus.com\/","name":"Bazus","description":"Mesas de coordenadas confiables","potentialAction":[{"@type":"SearchAction","target":{"@type":"EntryPoint","urlTemplate":"https:\/\/bazus.com\/?s={search_term_string}"},"query-input":{"@type":"PropertyValueSpecification","valueRequired":true,"valueName":"search_term_string"}}],"inLanguage":"de"}]}},"acf":[],"_links":{"self":[{"href":"https:\/\/bazus.com\/de\/wp-json\/wp\/v2\/pages\/4138","targetHints":{"allow":["GET"]}}],"collection":[{"href":"https:\/\/bazus.com\/de\/wp-json\/wp\/v2\/pages"}],"about":[{"href":"https:\/\/bazus.com\/de\/wp-json\/wp\/v2\/types\/page"}],"author":[{"embeddable":true,"href":"https:\/\/bazus.com\/de\/wp-json\/wp\/v2\/users\/1"}],"replies":[{"embeddable":true,"href":"https:\/\/bazus.com\/de\/wp-json\/wp\/v2\/comments?post=4138"}],"version-history":[{"count":6,"href":"https:\/\/bazus.com\/de\/wp-json\/wp\/v2\/pages\/4138\/revisions"}],"predecessor-version":[{"id":4685,"href":"https:\/\/bazus.com\/de\/wp-json\/wp\/v2\/pages\/4138\/revisions\/4685"}],"wp:featuredmedia":[{"embeddable":true,"href":"https:\/\/bazus.com\/de\/wp-json\/wp\/v2\/media\/1435"}],"wp:attachment":[{"href":"https:\/\/bazus.com\/de\/wp-json\/wp\/v2\/media?parent=4138"}],"curies":[{"name":"wp","href":"https:\/\/api.w.org\/{rel}","templated":true}]}}