{"id":4135,"date":"2019-11-22T17:05:36","date_gmt":"2019-11-22T16:05:36","guid":{"rendered":"https:\/\/bazus.com\/kinematik-cnc\/"},"modified":"2020-10-29T10:48:58","modified_gmt":"2020-10-29T09:48:58","slug":"kinematik-cnc","status":"publish","type":"page","link":"https:\/\/bazus.com\/de\/koordintatentische-cnc\/kinematik-cnc\/","title":{"rendered":"Kinematik (CNC)"},"content":{"rendered":"<p><strong>\u201cKinematik CNC\u201d<\/strong> ist ein automatisches Positionierungssystem. Es handelt sich um ein einfaches Werkzeug, aber gleichzeitig eine leistungsf\u00e4hige L\u00f6sung, indem Sie eine Reihe von ISO programmgesteuert Aufgaben ausf\u00fchren kann.<\/p>\n<p><strong>\u201cKinematik CNC\u201d <\/strong>wird mit einem Touch-Panel , das\u201dQuick Panel\u201d, gesteuert. Hier findet der Benutzer alle notwendigen Informationen, um das System in einer seiner Betriebsarten (Hand \/ Automatik \/ PC-Kommunikation) zu steueren. Das \u201cQuick Panel\u201d ist Touch-Screen zur Betriebsartenwahl ausgestattet:Tasten Start \/ Stop-Zyklus und Notstop Knopf.<\/p>\n","protected":false},"excerpt":{"rendered":"<p>\u201cKinematik CNC\u201d ist ein automatisches Positionierungssystem. Es handelt sich um ein einfaches Werkzeug, aber gleichzeitig eine leistungsf\u00e4hige L\u00f6sung, indem Sie eine Reihe von ISO programmgesteuert Aufgaben ausf\u00fchren kann. \u201cKinematik CNC\u201d wird mit einem Touch-Panel , das\u201dQuick Panel\u201d, gesteuert. Hier findet der Benutzer alle notwendigen Informationen, um das System in einer seiner Betriebsarten (Hand \/ Automatik [&hellip;]<\/p>\n","protected":false},"author":1,"featured_media":1342,"parent":4390,"menu_order":18,"comment_status":"closed","ping_status":"closed","template":"producto-kinematik.php","meta":{"footnotes":""},"class_list":["post-4135","page","type-page","status-publish","has-post-thumbnail","hentry"],"yoast_head":"<!-- This site is optimized with the Yoast SEO plugin v27.5 - https:\/\/yoast.com\/product\/yoast-seo-wordpress\/ -->\n<title>Kinematik (CNC) - Bazus<\/title>\n<meta name=\"robots\" content=\"index, follow, max-snippet:-1, max-image-preview:large, max-video-preview:-1\" \/>\n<link rel=\"canonical\" href=\"https:\/\/bazus.com\/cnc-coordinate-tables\/kinematik-cnc\/\" \/>\n<meta property=\"og:locale\" content=\"de_DE\" \/>\n<meta property=\"og:type\" content=\"article\" \/>\n<meta property=\"og:title\" content=\"Kinematik (CNC) - Bazus\" \/>\n<meta property=\"og:description\" content=\"\u201cKinematik CNC\u201d ist ein automatisches Positionierungssystem. Es handelt sich um ein einfaches Werkzeug, aber gleichzeitig eine leistungsf\u00e4hige L\u00f6sung, indem Sie eine Reihe von ISO programmgesteuert Aufgaben ausf\u00fchren kann. \u201cKinematik CNC\u201d wird mit einem Touch-Panel , das\u201dQuick Panel\u201d, gesteuert. Hier findet der Benutzer alle notwendigen Informationen, um das System in einer seiner Betriebsarten (Hand \/ Automatik [&hellip;]\" \/>\n<meta property=\"og:url\" content=\"https:\/\/bazus.com\/cnc-coordinate-tables\/kinematik-cnc\/\" \/>\n<meta property=\"og:site_name\" content=\"Bazus\" \/>\n<meta property=\"article:modified_time\" content=\"2020-10-29T09:48:58+00:00\" \/>\n<meta property=\"og:image\" content=\"https:\/\/bazus.com\/wp-content\/uploads\/2020\/08\/Kinematik_A.jpg\" \/>\n\t<meta property=\"og:image:width\" content=\"1920\" \/>\n\t<meta property=\"og:image:height\" content=\"1080\" \/>\n\t<meta property=\"og:image:type\" content=\"image\/jpeg\" \/>\n<meta name=\"twitter:card\" content=\"summary_large_image\" \/>\n<script type=\"application\/ld+json\" class=\"yoast-schema-graph\">{\"@context\":\"https:\\\/\\\/schema.org\",\"@graph\":[{\"@type\":\"WebPage\",\"@id\":\"https:\\\/\\\/bazus.com\\\/cnc-coordinate-tables\\\/kinematik-cnc\\\/\",\"url\":\"https:\\\/\\\/bazus.com\\\/cnc-coordinate-tables\\\/kinematik-cnc\\\/\",\"name\":\"Kinematik (CNC) - Bazus\",\"isPartOf\":{\"@id\":\"https:\\\/\\\/bazus.com\\\/#website\"},\"primaryImageOfPage\":{\"@id\":\"https:\\\/\\\/bazus.com\\\/cnc-coordinate-tables\\\/kinematik-cnc\\\/#primaryimage\"},\"image\":{\"@id\":\"https:\\\/\\\/bazus.com\\\/cnc-coordinate-tables\\\/kinematik-cnc\\\/#primaryimage\"},\"thumbnailUrl\":\"https:\\\/\\\/bazus.com\\\/wp-content\\\/uploads\\\/2020\\\/08\\\/Kinematik_A.jpg\",\"datePublished\":\"2019-11-22T16:05:36+00:00\",\"dateModified\":\"2020-10-29T09:48:58+00:00\",\"breadcrumb\":{\"@id\":\"https:\\\/\\\/bazus.com\\\/cnc-coordinate-tables\\\/kinematik-cnc\\\/#breadcrumb\"},\"inLanguage\":\"de\",\"potentialAction\":[{\"@type\":\"ReadAction\",\"target\":[\"https:\\\/\\\/bazus.com\\\/cnc-coordinate-tables\\\/kinematik-cnc\\\/\"]}]},{\"@type\":\"ImageObject\",\"inLanguage\":\"de\",\"@id\":\"https:\\\/\\\/bazus.com\\\/cnc-coordinate-tables\\\/kinematik-cnc\\\/#primaryimage\",\"url\":\"https:\\\/\\\/bazus.com\\\/wp-content\\\/uploads\\\/2020\\\/08\\\/Kinematik_A.jpg\",\"contentUrl\":\"https:\\\/\\\/bazus.com\\\/wp-content\\\/uploads\\\/2020\\\/08\\\/Kinematik_A.jpg\",\"width\":1920,\"height\":1080},{\"@type\":\"BreadcrumbList\",\"@id\":\"https:\\\/\\\/bazus.com\\\/cnc-coordinate-tables\\\/kinematik-cnc\\\/#breadcrumb\",\"itemListElement\":[{\"@type\":\"ListItem\",\"position\":1,\"name\":\"Inicio\",\"item\":\"https:\\\/\\\/bazus.com\\\/de\\\/\"},{\"@type\":\"ListItem\",\"position\":2,\"name\":\"Koordintatentische CNC\",\"item\":\"https:\\\/\\\/bazus.com\\\/cnc-coordinate-tables\\\/\"},{\"@type\":\"ListItem\",\"position\":3,\"name\":\"Kinematik (CNC)\"}]},{\"@type\":\"WebSite\",\"@id\":\"https:\\\/\\\/bazus.com\\\/#website\",\"url\":\"https:\\\/\\\/bazus.com\\\/\",\"name\":\"Bazus\",\"description\":\"Mesas de coordenadas confiables\",\"potentialAction\":[{\"@type\":\"SearchAction\",\"target\":{\"@type\":\"EntryPoint\",\"urlTemplate\":\"https:\\\/\\\/bazus.com\\\/?s={search_term_string}\"},\"query-input\":{\"@type\":\"PropertyValueSpecification\",\"valueRequired\":true,\"valueName\":\"search_term_string\"}}],\"inLanguage\":\"de\"}]}<\/script>\n<!-- \/ Yoast SEO plugin. -->","yoast_head_json":{"title":"Kinematik (CNC) - Bazus","robots":{"index":"index","follow":"follow","max-snippet":"max-snippet:-1","max-image-preview":"max-image-preview:large","max-video-preview":"max-video-preview:-1"},"canonical":"https:\/\/bazus.com\/cnc-coordinate-tables\/kinematik-cnc\/","og_locale":"de_DE","og_type":"article","og_title":"Kinematik (CNC) - Bazus","og_description":"\u201cKinematik CNC\u201d ist ein automatisches Positionierungssystem. Es handelt sich um ein einfaches Werkzeug, aber gleichzeitig eine leistungsf\u00e4hige L\u00f6sung, indem Sie eine Reihe von ISO programmgesteuert Aufgaben ausf\u00fchren kann. \u201cKinematik CNC\u201d wird mit einem Touch-Panel , das\u201dQuick Panel\u201d, gesteuert. Hier findet der Benutzer alle notwendigen Informationen, um das System in einer seiner Betriebsarten (Hand \/ Automatik [&hellip;]","og_url":"https:\/\/bazus.com\/cnc-coordinate-tables\/kinematik-cnc\/","og_site_name":"Bazus","article_modified_time":"2020-10-29T09:48:58+00:00","og_image":[{"width":1920,"height":1080,"url":"https:\/\/bazus.com\/wp-content\/uploads\/2020\/08\/Kinematik_A.jpg","type":"image\/jpeg"}],"twitter_card":"summary_large_image","schema":{"@context":"https:\/\/schema.org","@graph":[{"@type":"WebPage","@id":"https:\/\/bazus.com\/cnc-coordinate-tables\/kinematik-cnc\/","url":"https:\/\/bazus.com\/cnc-coordinate-tables\/kinematik-cnc\/","name":"Kinematik (CNC) - Bazus","isPartOf":{"@id":"https:\/\/bazus.com\/#website"},"primaryImageOfPage":{"@id":"https:\/\/bazus.com\/cnc-coordinate-tables\/kinematik-cnc\/#primaryimage"},"image":{"@id":"https:\/\/bazus.com\/cnc-coordinate-tables\/kinematik-cnc\/#primaryimage"},"thumbnailUrl":"https:\/\/bazus.com\/wp-content\/uploads\/2020\/08\/Kinematik_A.jpg","datePublished":"2019-11-22T16:05:36+00:00","dateModified":"2020-10-29T09:48:58+00:00","breadcrumb":{"@id":"https:\/\/bazus.com\/cnc-coordinate-tables\/kinematik-cnc\/#breadcrumb"},"inLanguage":"de","potentialAction":[{"@type":"ReadAction","target":["https:\/\/bazus.com\/cnc-coordinate-tables\/kinematik-cnc\/"]}]},{"@type":"ImageObject","inLanguage":"de","@id":"https:\/\/bazus.com\/cnc-coordinate-tables\/kinematik-cnc\/#primaryimage","url":"https:\/\/bazus.com\/wp-content\/uploads\/2020\/08\/Kinematik_A.jpg","contentUrl":"https:\/\/bazus.com\/wp-content\/uploads\/2020\/08\/Kinematik_A.jpg","width":1920,"height":1080},{"@type":"BreadcrumbList","@id":"https:\/\/bazus.com\/cnc-coordinate-tables\/kinematik-cnc\/#breadcrumb","itemListElement":[{"@type":"ListItem","position":1,"name":"Inicio","item":"https:\/\/bazus.com\/de\/"},{"@type":"ListItem","position":2,"name":"Koordintatentische CNC","item":"https:\/\/bazus.com\/cnc-coordinate-tables\/"},{"@type":"ListItem","position":3,"name":"Kinematik (CNC)"}]},{"@type":"WebSite","@id":"https:\/\/bazus.com\/#website","url":"https:\/\/bazus.com\/","name":"Bazus","description":"Mesas de coordenadas confiables","potentialAction":[{"@type":"SearchAction","target":{"@type":"EntryPoint","urlTemplate":"https:\/\/bazus.com\/?s={search_term_string}"},"query-input":{"@type":"PropertyValueSpecification","valueRequired":true,"valueName":"search_term_string"}}],"inLanguage":"de"}]}},"acf":[],"_links":{"self":[{"href":"https:\/\/bazus.com\/de\/wp-json\/wp\/v2\/pages\/4135","targetHints":{"allow":["GET"]}}],"collection":[{"href":"https:\/\/bazus.com\/de\/wp-json\/wp\/v2\/pages"}],"about":[{"href":"https:\/\/bazus.com\/de\/wp-json\/wp\/v2\/types\/page"}],"author":[{"embeddable":true,"href":"https:\/\/bazus.com\/de\/wp-json\/wp\/v2\/users\/1"}],"replies":[{"embeddable":true,"href":"https:\/\/bazus.com\/de\/wp-json\/wp\/v2\/comments?post=4135"}],"version-history":[{"count":4,"href":"https:\/\/bazus.com\/de\/wp-json\/wp\/v2\/pages\/4135\/revisions"}],"predecessor-version":[{"id":4576,"href":"https:\/\/bazus.com\/de\/wp-json\/wp\/v2\/pages\/4135\/revisions\/4576"}],"up":[{"embeddable":true,"href":"https:\/\/bazus.com\/de\/wp-json\/wp\/v2\/pages\/4390"}],"wp:featuredmedia":[{"embeddable":true,"href":"https:\/\/bazus.com\/de\/wp-json\/wp\/v2\/media\/1342"}],"wp:attachment":[{"href":"https:\/\/bazus.com\/de\/wp-json\/wp\/v2\/media?parent=4135"}],"curies":[{"name":"wp","href":"https:\/\/api.w.org\/{rel}","templated":true}]}}