{"id":4123,"date":"2020-08-20T10:43:43","date_gmt":"2020-08-20T08:43:43","guid":{"rendered":"https:\/\/bazus.com\/cn-mesa-x-para-cargas-pesadas\/"},"modified":"2021-04-30T10:28:41","modified_gmt":"2021-04-30T08:28:41","slug":"cn-tisch-x-fuer-schwere-lasten","status":"publish","type":"page","link":"https:\/\/bazus.com\/de\/koordinatentische-x\/cn-tisch-x-fuer-schwere-lasten\/","title":{"rendered":"CN TISCH X fuer schwere Lasten"},"content":{"rendered":"<p>Robuste multifunktionale Koordinatentische mit einer einzelnen X-Achse zur Anwendung als lineare Einheit.<\/p>\n<p>Die CN-Serie fuer Lineareinheiten wurde f\u00fcr Pr\u00e4zisionsarbeiten entwickelt und eignet sich optimal f\u00fcr Positionieren, vertikales,- horizontales Bohren, Schwei\u00dfen und viele andere mechanische Anwendung, bei der eine pr\u00e4zise Positionskontrolle erforderlich ist.<\/p>\n<p>Das robuste Design erm\u00f6glicht die Ausf\u00fchrung einer gro\u00dfen Anzahl von Arbeiten unter Beibehaltung der Positioniergenauigkeit und Wiederholungen aus jeder linearen Positionierung. Ein au\u00dfergew\u00f6hnlicher Koordinatentisch, der eine lange Lebensdauer garantiert.<\/p>\n<p>Alle Elemente der manuellen Koordinatentische der TP-Serie bestehen aus einer Eisenlegierung (hochwertiges stabilisiertes graues GG25-Gusseisen), was ein au\u00dfergew\u00f6hnlicher mechanischer Widerstandt verleiht.<\/p>\n","protected":false},"excerpt":{"rendered":"<p>Robuste multifunktionale Koordinatentische mit einer einzelnen X-Achse zur Anwendung als lineare Einheit. Die CN-Serie fuer Lineareinheiten wurde f\u00fcr Pr\u00e4zisionsarbeiten entwickelt und eignet sich optimal f\u00fcr Positionieren, vertikales,- horizontales Bohren, Schwei\u00dfen und viele andere mechanische Anwendung, bei der eine pr\u00e4zise Positionskontrolle erforderlich ist. Das robuste Design erm\u00f6glicht die Ausf\u00fchrung einer gro\u00dfen Anzahl von Arbeiten unter Beibehaltung [&hellip;]<\/p>\n","protected":false},"author":7,"featured_media":673,"parent":4326,"menu_order":1,"comment_status":"closed","ping_status":"closed","template":"producto.php","meta":[],"yoast_head":"<!-- This site is optimized with the Yoast SEO plugin v14.6.1 - https:\/\/yoast.com\/wordpress\/plugins\/seo\/ -->\n<title>CN TISCH X fuer schwere Lasten - Bazus<\/title>\n<meta name=\"robots\" content=\"index, follow\" \/>\n<meta name=\"googlebot\" content=\"index, follow, max-snippet:-1, max-image-preview:large, max-video-preview:-1\" \/>\n<meta name=\"bingbot\" content=\"index, follow, max-snippet:-1, max-image-preview:large, max-video-preview:-1\" \/>\n<link rel=\"canonical\" href=\"https:\/\/bazus.com\/de\/koordinatentische-x\/cn-tisch-x-fuer-schwere-lasten\/\" \/>\n<meta property=\"og:locale\" content=\"de_DE\" \/>\n<meta property=\"og:type\" content=\"article\" \/>\n<meta property=\"og:title\" content=\"CN TISCH X fuer schwere Lasten - Bazus\" \/>\n<meta property=\"og:description\" content=\"Robuste multifunktionale Koordinatentische mit einer einzelnen X-Achse zur Anwendung als lineare Einheit. Die CN-Serie fuer Lineareinheiten wurde f\u00fcr Pr\u00e4zisionsarbeiten entwickelt und eignet sich optimal f\u00fcr Positionieren, vertikales,- horizontales Bohren, Schwei\u00dfen und viele andere mechanische Anwendung, bei der eine pr\u00e4zise Positionskontrolle erforderlich ist. Das robuste Design erm\u00f6glicht die Ausf\u00fchrung einer gro\u00dfen Anzahl von Arbeiten unter Beibehaltung [&hellip;]\" \/>\n<meta property=\"og:url\" content=\"https:\/\/bazus.com\/de\/koordinatentische-x\/cn-tisch-x-fuer-schwere-lasten\/\" \/>\n<meta property=\"og:site_name\" content=\"Bazus\" \/>\n<meta property=\"article:modified_time\" content=\"2021-04-30T08:28:41+00:00\" \/>\n<meta property=\"og:image\" content=\"https:\/\/bazus.com\/wp-content\/uploads\/2020\/08\/CN-1_A.jpg\" \/>\n\t<meta property=\"og:image:width\" content=\"1920\" \/>\n\t<meta property=\"og:image:height\" content=\"1080\" \/>\n<meta name=\"twitter:card\" content=\"summary_large_image\" \/>\n<script type=\"application\/ld+json\" class=\"yoast-schema-graph\">{\"@context\":\"https:\/\/schema.org\",\"@graph\":[{\"@type\":\"WebSite\",\"@id\":\"https:\/\/bazus.com\/de\/#website\",\"url\":\"https:\/\/bazus.com\/de\/\",\"name\":\"Bazus\",\"description\":\"Mesas de coordenadas confiables\",\"potentialAction\":[{\"@type\":\"SearchAction\",\"target\":\"https:\/\/bazus.com\/de\/?s={search_term_string}\",\"query-input\":\"required name=search_term_string\"}],\"inLanguage\":\"de\"},{\"@type\":\"ImageObject\",\"@id\":\"https:\/\/bazus.com\/de\/koordinatentische-x\/cn-tisch-x-fuer-schwere-lasten\/#primaryimage\",\"inLanguage\":\"de\",\"url\":\"https:\/\/bazus.com\/wp-content\/uploads\/2020\/08\/CN-1_A.jpg\",\"width\":1920,\"height\":1080},{\"@type\":\"WebPage\",\"@id\":\"https:\/\/bazus.com\/de\/koordinatentische-x\/cn-tisch-x-fuer-schwere-lasten\/#webpage\",\"url\":\"https:\/\/bazus.com\/de\/koordinatentische-x\/cn-tisch-x-fuer-schwere-lasten\/\",\"name\":\"CN TISCH X fuer schwere Lasten - Bazus\",\"isPartOf\":{\"@id\":\"https:\/\/bazus.com\/de\/#website\"},\"primaryImageOfPage\":{\"@id\":\"https:\/\/bazus.com\/de\/koordinatentische-x\/cn-tisch-x-fuer-schwere-lasten\/#primaryimage\"},\"datePublished\":\"2020-08-20T08:43:43+00:00\",\"dateModified\":\"2021-04-30T08:28:41+00:00\",\"breadcrumb\":{\"@id\":\"https:\/\/bazus.com\/de\/koordinatentische-x\/cn-tisch-x-fuer-schwere-lasten\/#breadcrumb\"},\"inLanguage\":\"de\",\"potentialAction\":[{\"@type\":\"ReadAction\",\"target\":[\"https:\/\/bazus.com\/de\/koordinatentische-x\/cn-tisch-x-fuer-schwere-lasten\/\"]}]},{\"@type\":\"BreadcrumbList\",\"@id\":\"https:\/\/bazus.com\/de\/koordinatentische-x\/cn-tisch-x-fuer-schwere-lasten\/#breadcrumb\",\"itemListElement\":[{\"@type\":\"ListItem\",\"position\":1,\"item\":{\"@type\":\"WebPage\",\"@id\":\"https:\/\/bazus.com\/de\/\",\"url\":\"https:\/\/bazus.com\/de\/\",\"name\":\"Inicio\"}},{\"@type\":\"ListItem\",\"position\":2,\"item\":{\"@type\":\"WebPage\",\"@id\":\"https:\/\/bazus.com\/es\/mesas-coordenadas-x\/\",\"url\":\"https:\/\/bazus.com\/es\/mesas-coordenadas-x\/\",\"name\":\"Koordinatentische X\"}},{\"@type\":\"ListItem\",\"position\":3,\"item\":{\"@type\":\"WebPage\",\"@id\":\"https:\/\/bazus.com\/de\/koordinatentische-x\/cn-tisch-x-fuer-schwere-lasten\/\",\"url\":\"https:\/\/bazus.com\/de\/koordinatentische-x\/cn-tisch-x-fuer-schwere-lasten\/\",\"name\":\"CN TISCH X fuer schwere Lasten\"}}]}]}<\/script>\n<!-- \/ Yoast SEO plugin. -->","acf":[],"_links":{"self":[{"href":"https:\/\/bazus.com\/de\/wp-json\/wp\/v2\/pages\/4123"}],"collection":[{"href":"https:\/\/bazus.com\/de\/wp-json\/wp\/v2\/pages"}],"about":[{"href":"https:\/\/bazus.com\/de\/wp-json\/wp\/v2\/types\/page"}],"author":[{"embeddable":true,"href":"https:\/\/bazus.com\/de\/wp-json\/wp\/v2\/users\/7"}],"replies":[{"embeddable":true,"href":"https:\/\/bazus.com\/de\/wp-json\/wp\/v2\/comments?post=4123"}],"version-history":[{"count":6,"href":"https:\/\/bazus.com\/de\/wp-json\/wp\/v2\/pages\/4123\/revisions"}],"predecessor-version":[{"id":5113,"href":"https:\/\/bazus.com\/de\/wp-json\/wp\/v2\/pages\/4123\/revisions\/5113"}],"up":[{"embeddable":true,"href":"https:\/\/bazus.com\/de\/wp-json\/wp\/v2\/pages\/4326"}],"wp:featuredmedia":[{"embeddable":true,"href":"https:\/\/bazus.com\/de\/wp-json\/wp\/v2\/media\/673"}],"wp:attachment":[{"href":"https:\/\/bazus.com\/de\/wp-json\/wp\/v2\/media?parent=4123"}],"curies":[{"name":"wp","href":"https:\/\/api.w.org\/{rel}","templated":true}]}}