{"id":4099,"date":"2019-11-04T14:25:30","date_gmt":"2019-11-04T14:25:30","guid":{"rendered":"https:\/\/bazus.com\/contacto\/"},"modified":"2022-09-12T09:10:35","modified_gmt":"2022-09-12T07:10:35","slug":"kontakt","status":"publish","type":"page","link":"https:\/\/bazus.com\/de\/kontakt\/","title":{"rendered":"Kontakt"},"content":{"rendered":"\t\t<div data-elementor-type=\"wp-page\" data-elementor-id=\"4099\" class=\"elementor elementor-4099 elementor-21\" data-elementor-settings=\"[]\">\n\t\t\t\t\t\t<div class=\"elementor-inner\">\n\t\t\t\t\t\t\t<div class=\"elementor-section-wrap\">\n\t\t\t\t\t\t\t<section class=\"elementor-section elementor-top-section elementor-element elementor-element-9b1c51b elementor-section-boxed elementor-section-height-default elementor-section-height-default\" data-id=\"9b1c51b\" data-element_type=\"section\">\n\t\t\t\t\t\t<div class=\"elementor-container elementor-column-gap-default\">\n\t\t\t\t\t\t\t<div class=\"elementor-row\">\n\t\t\t\t\t<div class=\"elementor-column elementor-col-100 elementor-top-column elementor-element elementor-element-94438af\" data-id=\"94438af\" data-element_type=\"column\">\n\t\t\t<div class=\"elementor-column-wrap elementor-element-populated\">\n\t\t\t\t\t\t\t<div class=\"elementor-widget-wrap\">\n\t\t\t\t\t\t<div class=\"elementor-element elementor-element-37e2a14 elementor-widget elementor-widget-image\" data-id=\"37e2a14\" data-element_type=\"widget\" data-widget_type=\"image.default\">\n\t\t\t\t<div class=\"elementor-widget-container\">\n\t\t\t\t\t\t\t\t<div class=\"elementor-image\">\n\t\t\t\t\t\t\t\t\t\t\t\t<img width=\"1920\" height=\"1080\" src=\"https:\/\/bazus.com\/wp-content\/uploads\/2019\/11\/Bazus-sector.jpg\" class=\"attachment-full size-full\" alt=\"\" loading=\"lazy\" srcset=\"https:\/\/bazus.com\/wp-content\/uploads\/2019\/11\/Bazus-sector.jpg 1920w, https:\/\/bazus.com\/wp-content\/uploads\/2019\/11\/Bazus-sector-300x169.jpg 300w, https:\/\/bazus.com\/wp-content\/uploads\/2019\/11\/Bazus-sector-768x432.jpg 768w, https:\/\/bazus.com\/wp-content\/uploads\/2019\/11\/Bazus-sector-1024x576.jpg 1024w\" sizes=\"(max-width: 1920px) 100vw, 1920px\" \/>\t\t\t\t\t\t\t\t\t\t\t\t\t\t<\/div>\n\t\t\t\t\t\t<\/div>\n\t\t\t\t<\/div>\n\t\t\t\t\t\t<\/div>\n\t\t\t\t\t<\/div>\n\t\t<\/div>\n\t\t\t\t\t\t\t\t<\/div>\n\t\t\t\t\t<\/div>\n\t\t<\/section>\n\t\t\t\t<section class=\"elementor-section elementor-top-section elementor-element elementor-element-06a41fc elementor-section-boxed elementor-section-height-default elementor-section-height-default\" data-id=\"06a41fc\" data-element_type=\"section\">\n\t\t\t\t\t\t<div class=\"elementor-container elementor-column-gap-default\">\n\t\t\t\t\t\t\t<div class=\"elementor-row\">\n\t\t\t\t\t<div class=\"elementor-column elementor-col-50 elementor-top-column elementor-element elementor-element-e3b9391\" data-id=\"e3b9391\" data-element_type=\"column\">\n\t\t\t<div class=\"elementor-column-wrap elementor-element-populated\">\n\t\t\t\t\t\t\t<div class=\"elementor-widget-wrap\">\n\t\t\t\t\t\t<div class=\"elementor-element elementor-element-aa2619c elementor-widget elementor-widget-heading\" data-id=\"aa2619c\" data-element_type=\"widget\" data-widget_type=\"heading.default\">\n\t\t\t\t<div class=\"elementor-widget-container\">\n\t\t\t<h2 class=\"elementor-heading-title elementor-size-default\">Was auch immer es ist, erz\u00e4hlen Sie uns davon<\/h2>\t\t<\/div>\n\t\t\t\t<\/div>\n\t\t\t\t<div class=\"elementor-element elementor-element-60ac95c elementor-widget elementor-widget-text-editor\" data-id=\"60ac95c\" data-element_type=\"widget\" data-widget_type=\"text-editor.default\">\n\t\t\t\t<div class=\"elementor-widget-container\">\n\t\t\t\t\t\t\t\t<div class=\"elementor-text-editor elementor-clearfix\">\n\t\t\t\t<p><span style=\"font-family: verdana, sans-serif;\">Wenden Sie sich an uns, wenn Sie Informationen \u00fcber unsere Arten und Sorten, technische Hilfe oder andere Anfragen ben\u00f6tigen&#8230;<br \/>Und wenn es sich um einen Vorschlag handelt, sind Sie derjenige, der uns hilft, uns zu verbessern.<\/span><\/p>\t\t\t\t\t<\/div>\n\t\t\t\t\t\t<\/div>\n\t\t\t\t<\/div>\n\t\t\t\t<div class=\"elementor-element elementor-element-940fa0e elementor-widget elementor-widget-google_maps\" data-id=\"940fa0e\" data-element_type=\"widget\" data-widget_type=\"google_maps.default\">\n\t\t\t\t<div class=\"elementor-widget-container\">\n\t\t\t\t\t<div class=\"elementor-custom-embed\">\n\t\t\t<iframe frameborder=\"0\" scrolling=\"no\" marginheight=\"0\" marginwidth=\"0\"\n\t\t\t\t\tsrc=\"https:\/\/maps.google.com\/maps?q=Valdeolivos%2C%20s%2Fn%20E22422%20Fonz%20%28Huesca%29%20%E2%80%93%20Spain&#038;t=m&#038;z=11&#038;output=embed&#038;iwloc=near\"\n\t\t\t\t\ttitle=\"Valdeolivos, s\/n E22422 Fonz (Huesca) \u2013 Spain\"\n\t\t\t\t\taria-label=\"Valdeolivos, s\/n E22422 Fonz (Huesca) \u2013 Spain\"\n\t\t\t><\/iframe>\n\t\t<\/div>\n\t\t\t\t<\/div>\n\t\t\t\t<\/div>\n\t\t\t\t\t\t<\/div>\n\t\t\t\t\t<\/div>\n\t\t<\/div>\n\t\t\t\t<div class=\"elementor-column elementor-col-50 elementor-top-column elementor-element elementor-element-435d2ac\" data-id=\"435d2ac\" data-element_type=\"column\">\n\t\t\t<div class=\"elementor-column-wrap elementor-element-populated\">\n\t\t\t\t\t\t\t<div class=\"elementor-widget-wrap\">\n\t\t\t\t\t\t<div class=\"elementor-element elementor-element-0f8ffba elementor-widget elementor-widget-heading\" data-id=\"0f8ffba\" data-element_type=\"widget\" data-widget_type=\"heading.default\">\n\t\t\t\t<div class=\"elementor-widget-container\">\n\t\t\t<h3 class=\"elementor-heading-title elementor-size-default\">Telefonischer Kontakt<\/h3>\t\t<\/div>\n\t\t\t\t<\/div>\n\t\t\t\t<div class=\"elementor-element elementor-element-1edf246 elementor-widget elementor-widget-text-editor\" data-id=\"1edf246\" data-element_type=\"widget\" data-widget_type=\"text-editor.default\">\n\t\t\t\t<div class=\"elementor-widget-container\">\n\t\t\t\t\t\t\t\t<div class=\"elementor-text-editor elementor-clearfix\">\n\t\t\t\t<p>Telefon: (+34) 974 412 063<\/p>\t\t\t\t\t<\/div>\n\t\t\t\t\t\t<\/div>\n\t\t\t\t<\/div>\n\t\t\t\t<div class=\"elementor-element elementor-element-3c2573a elementor-widget elementor-widget-heading\" data-id=\"3c2573a\" data-element_type=\"widget\" data-widget_type=\"heading.default\">\n\t\t\t\t<div class=\"elementor-widget-container\">\n\t\t\t<h3 class=\"elementor-heading-title elementor-size-default\">Kontakt per Post<\/h3>\t\t<\/div>\n\t\t\t\t<\/div>\n\t\t\t\t<div class=\"elementor-element elementor-element-b94ae1f elementor-widget elementor-widget-formidable\" data-id=\"b94ae1f\" data-element_type=\"widget\" data-widget_type=\"formidable.default\">\n\t\t\t\t<div class=\"elementor-widget-container\">\n\t\t\t<div class=\"frm_forms  with_frm_style frm_style_estilos-formidable\" id=\"frm_form_5_container\" data-token=\"691d95940c76f9f7957ebbd23b7d5303\">\n<form enctype=\"multipart\/form-data\" method=\"post\" class=\"frm-show-form \" id=\"form_contactode\"  data-token=\"691d95940c76f9f7957ebbd23b7d5303\">\n<div class=\"frm_form_fields \">\n<fieldset>\n<legend class=\"frm_screen_reader\">Contacto DE<\/legend>\r\n\r\n<div class=\"frm_fields_container\">\n<input type=\"hidden\" name=\"frm_action\" value=\"create\" \/>\n<input type=\"hidden\" name=\"form_id\" value=\"5\" \/>\n<input type=\"hidden\" name=\"frm_hide_fields_5\" id=\"frm_hide_fields_5\" value=\"\" \/>\n<input type=\"hidden\" name=\"form_key\" value=\"contactode\" \/>\n<input type=\"hidden\" name=\"item_meta[0]\" value=\"\" \/>\n<input type=\"hidden\" id=\"frm_submit_entry_5\" name=\"frm_submit_entry_5\" value=\"4f4a38a9fa\" \/><input type=\"hidden\" name=\"_wp_http_referer\" value=\"\/de\/wp-json\/wp\/v2\/pages\/4099\" \/><div id=\"frm_field_34_container\" class=\"frm_form_field form-field  frm_required_field frm_inside_container\">\r\n    <label for=\"field_6wec742962a99cd\" id=\"field_6wec742962a99cd_label\" class=\"frm_primary_label\">Name\r\n        <span class=\"frm_required\" aria-hidden=\"true\">*<\/span>\r\n    <\/label>\r\n    <input type=\"text\" id=\"field_6wec742962a99cd\" name=\"item_meta[34]\" value=\"\"  placeholder=\"Name *\" data-reqmsg=\"Este campo no puede estar en blanco.\" aria-required=\"true\" data-invmsg=\"Texto no es v\u00e1lido\" aria-invalid=\"false\"  \/>\r\n    \r\n    \r\n<\/div>\n<div id=\"frm_field_35_container\" class=\"frm_form_field form-field  frm_required_field frm_inside_container\">\r\n    <label for=\"field_mq7tv06e15f7343\" id=\"field_mq7tv06e15f7343_label\" class=\"frm_primary_label\">Nachnamen\r\n        <span class=\"frm_required\" aria-hidden=\"true\">*<\/span>\r\n    <\/label>\r\n    <input type=\"text\" id=\"field_mq7tv06e15f7343\" name=\"item_meta[35]\" value=\"\"  placeholder=\"Nachnamen *\" data-reqmsg=\"Este campo no puede estar en blanco.\" aria-required=\"true\" data-invmsg=\"Texto no es v\u00e1lido\" aria-invalid=\"false\"  \/>\r\n    \r\n    \r\n<\/div>\n<div id=\"frm_field_36_container\" class=\"frm_form_field form-field  frm_required_field frm_inside_container\">\r\n    <label for=\"field_uyswg2b9d075634\" id=\"field_uyswg2b9d075634_label\" class=\"frm_primary_label\">Email\r\n        <span class=\"frm_required\" aria-hidden=\"true\">*<\/span>\r\n    <\/label>\r\n    <input type=\"email\" id=\"field_uyswg2b9d075634\" name=\"item_meta[36]\" value=\"\"  placeholder=\"Email *\" data-reqmsg=\"Este campo no puede estar en blanco.\" aria-required=\"true\" data-invmsg=\"Correo electr\u00f3nico no es v\u00e1lido\" aria-invalid=\"false\"  \/>\r\n    \r\n    \r\n<\/div>\n<div id=\"frm_field_37_container\" class=\"frm_form_field form-field  frm_inside_container\">\r\n    <label for=\"field_u6k5u6cacd13624\" id=\"field_u6k5u6cacd13624_label\" class=\"frm_primary_label\">Telefon\r\n        <span class=\"frm_required\" aria-hidden=\"true\"><\/span>\r\n    <\/label>\r\n    <input type=\"tel\" id=\"field_u6k5u6cacd13624\" name=\"item_meta[37]\" value=\"\"  placeholder=\"Telefon\" data-invmsg=\"Tel\u00e9fono no es v\u00e1lido\" aria-invalid=\"false\" pattern=\"((\\+\\d{1,3}(-|.| )?\\(?\\d\\)?(-| |.)?\\d{1,5})|(\\(?\\d{2,6}\\)?))(-|.| )?(\\d{3,4})(-|.| )?(\\d{4})(( x| ext)\\d{1,5}){0,1}$\"  \/>\r\n    \r\n    \r\n<\/div>\n<div id=\"frm_field_38_container\" class=\"frm_form_field form-field  frm_required_field frm_inside_container\">\r\n    <label for=\"field_1hkche4b08ad8a9\" id=\"field_1hkche4b08ad8a9_label\" class=\"frm_primary_label\">Objekt\r\n        <span class=\"frm_required\" aria-hidden=\"true\">*<\/span>\r\n    <\/label>\r\n    <input type=\"text\" id=\"field_1hkche4b08ad8a9\" name=\"item_meta[38]\" value=\"\"  placeholder=\"Objekt *\" data-reqmsg=\"Este campo no puede estar en blanco.\" aria-required=\"true\" data-invmsg=\"Texto no es v\u00e1lido\" aria-invalid=\"false\"  \/>\r\n    \r\n    \r\n<\/div>\n<div id=\"frm_field_39_container\" class=\"frm_form_field form-field  frm_required_field frm_inside_container\">\r\n    <label for=\"field_tpix69cdb9e924c\" id=\"field_tpix69cdb9e924c_label\" class=\"frm_primary_label\">Nachricht\r\n        <span class=\"frm_required\" aria-hidden=\"true\">*<\/span>\r\n    <\/label>\r\n    <textarea name=\"item_meta[39]\" id=\"field_tpix69cdb9e924c\" rows=\"5\"  placeholder=\"Nachricht *\" data-reqmsg=\"Este campo no puede estar en blanco.\" aria-required=\"true\" data-invmsg=\"Nachricht ist ung\u00fcltig\" aria-invalid=\"false\"  ><\/textarea>\r\n    \r\n    \r\n<\/div>\n<div id=\"frm_field_40_container\" class=\"frm_form_field form-field  frm_none_container\">\r\n    <label for=\"g-recaptcha-response\" id=\"field_oa6a67cbe9fc762_label\" class=\"frm_primary_label\">reCAPTCHA\r\n        <span class=\"frm_required\" aria-hidden=\"true\"><\/span>\r\n    <\/label>\r\n    <div id=\"field_oa6a67cbe9fc762\" class=\"frm-g-recaptcha\" data-sitekey=\"6Leg37IeAAAAAHbWBSeEIG96R73Ll95GF2KTQRxD\" data-size=\"normal\" data-theme=\"light\"><\/div>\r\n    \r\n    \r\n<\/div>\n<div id=\"frm_field_41_container\" class=\"frm_form_field form-field  frm_required_field frm_none_container vertical_radio\">\r\n    <div  id=\"field_ivnhz8ca0639d1a_label\" class=\"frm_primary_label\">Ich habe die Datenschutzbestimmungen gelesen und akzeptiere sie, wie im Impressum angegeben.\r\n        <span class=\"frm_required\" aria-hidden=\"true\">*<\/span>\r\n    <\/div>\r\n    <div class=\"frm_opt_container\" aria-labelledby=\"field_ivnhz8ca0639d1a_label\" role=\"group\">\t\t<div class=\"frm_checkbox\" id=\"frm_checkbox_41-0\"><label for=\"field_ivnhz8ca0639d1a-0\"><input type=\"checkbox\" name=\"item_meta[41][]\" id=\"field_ivnhz8ca0639d1a-0\" value=\"&lt;a href=&quot;https:\/\/bazus.com\/es\/declaracion-de-privacidad\/&quot; style=&quot;color: #1f7091&quot;&gt;Ich habe die Datenschutzbestimmungen gelesen und akzeptiere sie, wie im Impressum angegeben&lt;\/a&gt;\"  data-reqmsg=\"Este campo no puede estar en blanco.\" aria-required=\"true\" data-invmsg=\"Ich habe die Datenschutzbestimmungen gelesen und akzeptiere sie, wie im Impressum angegeben. ist ung\u00fcltig\" aria-invalid=\"false\"   \/> <a href=\"https:\/\/bazus.com\/es\/declaracion-de-privacidad\/\">Ich habe die Datenschutzbestimmungen gelesen und akzeptiere sie, wie im Impressum angegeben<\/a><\/label><\/div>\n<\/div>\r\n    \r\n    \r\n<\/div>\n<div id=\"frm_field_42_container\" class=\"frm_form_field form-field  frm_required_field frm_none_container vertical_radio\">\r\n    <div  id=\"field_bij7k154ca260f4_label\" class=\"frm_primary_label\">Ich genehmige die \u00dcbermittlung von Informationen\r\n        <span class=\"frm_required\" aria-hidden=\"true\">*<\/span>\r\n    <\/div>\r\n    <div class=\"frm_opt_container\" aria-labelledby=\"field_bij7k154ca260f4_label\" role=\"group\">\t\t<div class=\"frm_checkbox\" id=\"frm_checkbox_42-0\"><label for=\"field_bij7k154ca260f4-0\"><input type=\"checkbox\" name=\"item_meta[42][]\" id=\"field_bij7k154ca260f4-0\" value=\"Ich genehmige die \u00dcbermittlung von Informationen\"  data-reqmsg=\"Este campo no puede estar en blanco.\" aria-required=\"true\" data-invmsg=\"Ich genehmige die \u00dcbermittlung von Informationen ist ung\u00fcltig\" aria-invalid=\"false\"   \/> Ich genehmige die \u00dcbermittlung von Informationen<\/label><\/div>\n<\/div>\r\n    \r\n    \r\n<\/div>\n\t<input type=\"hidden\" name=\"item_key\" value=\"\" \/>\n\t\t\t\t<div class=\"frm_verify\" >\n\t\t\t\t<label for=\"frm_email_5\">\n\t\t\t\t\tFalls Du menschlich bist, lasse dieses Feld leer.\t\t\t\t<\/label>\n\t\t\t\t<input type=\"email\" class=\"frm_verify\" id=\"frm_email_5\" name=\"frm_verify\" value=\"\"  \/>\n\t\t\t<\/div>\n\t\t<div class=\"frm_submit\">\r\n\r\n<button class=\"frm_button_submit\" type=\"submit\"  >Senden<\/button>\r\n\r\n<\/div><\/div>\n<\/fieldset>\n<\/div>\n<\/form>\n<\/div>\n\t\t<\/div>\n\t\t\t\t<\/div>\n\t\t\t\t\t\t<\/div>\n\t\t\t\t\t<\/div>\n\t\t<\/div>\n\t\t\t\t\t\t\t\t<\/div>\n\t\t\t\t\t<\/div>\n\t\t<\/section>\n\t\t\t\t<section class=\"elementor-section elementor-top-section elementor-element elementor-element-cdef6d1 elementor-section-boxed elementor-section-height-default elementor-section-height-default\" data-id=\"cdef6d1\" data-element_type=\"section\">\n\t\t\t\t\t\t<div class=\"elementor-container elementor-column-gap-default\">\n\t\t\t\t\t\t\t<div class=\"elementor-row\">\n\t\t\t\t\t<div class=\"elementor-column elementor-col-100 elementor-top-column elementor-element elementor-element-2dc5ecc\" data-id=\"2dc5ecc\" data-element_type=\"column\">\n\t\t\t<div class=\"elementor-column-wrap\">\n\t\t\t\t\t\t\t<div class=\"elementor-widget-wrap\">\n\t\t\t\t\t\t\t\t<\/div>\n\t\t\t\t\t<\/div>\n\t\t<\/div>\n\t\t\t\t\t\t\t\t<\/div>\n\t\t\t\t\t<\/div>\n\t\t<\/section>\n\t\t\t\t\t\t<\/div>\n\t\t\t\t\t\t<\/div>\n\t\t\t\t\t<\/div>\n\t\t","protected":false},"excerpt":{"rendered":"<p>Was auch immer es ist, erz\u00e4hlen Sie uns davon Wenden Sie sich an uns, wenn Sie Informationen \u00fcber unsere Arten und Sorten, technische Hilfe oder andere Anfragen ben\u00f6tigen&#8230;Und wenn es sich um einen Vorschlag handelt, sind Sie derjenige, der uns hilft, uns zu verbessern. Telefonischer Kontakt Telefon: (+34) 974 412 063 Kontakt per Post Contacto [&hellip;]<\/p>\n","protected":false},"author":1,"featured_media":0,"parent":0,"menu_order":0,"comment_status":"closed","ping_status":"closed","template":"","meta":[],"yoast_head":"<!-- This site is optimized with the Yoast SEO plugin v14.6.1 - https:\/\/yoast.com\/wordpress\/plugins\/seo\/ -->\n<title>Kontakt - Bazus<\/title>\n<meta name=\"robots\" content=\"index, follow\" \/>\n<meta name=\"googlebot\" content=\"index, follow, max-snippet:-1, max-image-preview:large, max-video-preview:-1\" \/>\n<meta name=\"bingbot\" content=\"index, follow, max-snippet:-1, max-image-preview:large, max-video-preview:-1\" \/>\n<link rel=\"canonical\" href=\"https:\/\/bazus.com\/de\/kontakt\/\" \/>\n<meta property=\"og:locale\" content=\"de_DE\" \/>\n<meta property=\"og:type\" content=\"article\" \/>\n<meta property=\"og:title\" content=\"Kontakt - Bazus\" \/>\n<meta property=\"og:description\" content=\"Was auch immer es ist, erz\u00e4hlen Sie uns davon Wenden Sie sich an uns, wenn Sie Informationen \u00fcber unsere Arten und Sorten, technische Hilfe oder andere Anfragen ben\u00f6tigen&#8230;Und wenn es sich um einen Vorschlag handelt, sind Sie derjenige, der uns hilft, uns zu verbessern. Telefonischer Kontakt Telefon: (+34) 974 412 063 Kontakt per Post Contacto [&hellip;]\" \/>\n<meta property=\"og:url\" content=\"https:\/\/bazus.com\/de\/kontakt\/\" \/>\n<meta property=\"og:site_name\" content=\"Bazus\" \/>\n<meta property=\"article:author\" content=\"https:\/\/www.facebook.com\/kmdevs\/\" \/>\n<meta property=\"article:modified_time\" content=\"2022-09-12T07:10:35+00:00\" \/>\n<meta property=\"og:image\" content=\"https:\/\/bazus.com\/wp-content\/uploads\/2019\/11\/Bazus-sector.jpg\" \/>\n<meta name=\"twitter:card\" content=\"summary_large_image\" \/>\n<meta name=\"twitter:creator\" content=\"@km_devs\" \/>\n<script type=\"application\/ld+json\" class=\"yoast-schema-graph\">{\"@context\":\"https:\/\/schema.org\",\"@graph\":[{\"@type\":\"WebSite\",\"@id\":\"https:\/\/bazus.com\/de\/#website\",\"url\":\"https:\/\/bazus.com\/de\/\",\"name\":\"Bazus\",\"description\":\"Mesas de coordenadas confiables\",\"potentialAction\":[{\"@type\":\"SearchAction\",\"target\":\"https:\/\/bazus.com\/de\/?s={search_term_string}\",\"query-input\":\"required name=search_term_string\"}],\"inLanguage\":\"de\"},{\"@type\":\"ImageObject\",\"@id\":\"https:\/\/bazus.com\/de\/kontakt\/#primaryimage\",\"inLanguage\":\"de\",\"url\":\"https:\/\/bazus.com\/wp-content\/uploads\/2019\/11\/Bazus-sector.jpg\",\"width\":1920,\"height\":1080},{\"@type\":\"WebPage\",\"@id\":\"https:\/\/bazus.com\/de\/kontakt\/#webpage\",\"url\":\"https:\/\/bazus.com\/de\/kontakt\/\",\"name\":\"Kontakt - Bazus\",\"isPartOf\":{\"@id\":\"https:\/\/bazus.com\/de\/#website\"},\"primaryImageOfPage\":{\"@id\":\"https:\/\/bazus.com\/de\/kontakt\/#primaryimage\"},\"datePublished\":\"2019-11-04T14:25:30+00:00\",\"dateModified\":\"2022-09-12T07:10:35+00:00\",\"breadcrumb\":{\"@id\":\"https:\/\/bazus.com\/de\/kontakt\/#breadcrumb\"},\"inLanguage\":\"de\",\"potentialAction\":[{\"@type\":\"ReadAction\",\"target\":[\"https:\/\/bazus.com\/de\/kontakt\/\"]}]},{\"@type\":\"BreadcrumbList\",\"@id\":\"https:\/\/bazus.com\/de\/kontakt\/#breadcrumb\",\"itemListElement\":[{\"@type\":\"ListItem\",\"position\":1,\"item\":{\"@type\":\"WebPage\",\"@id\":\"https:\/\/bazus.com\/de\/\",\"url\":\"https:\/\/bazus.com\/de\/\",\"name\":\"Inicio\"}},{\"@type\":\"ListItem\",\"position\":2,\"item\":{\"@type\":\"WebPage\",\"@id\":\"https:\/\/bazus.com\/de\/kontakt\/\",\"url\":\"https:\/\/bazus.com\/de\/kontakt\/\",\"name\":\"Kontakt\"}}]}]}<\/script>\n<!-- \/ Yoast SEO plugin. -->","acf":[],"_links":{"self":[{"href":"https:\/\/bazus.com\/de\/wp-json\/wp\/v2\/pages\/4099"}],"collection":[{"href":"https:\/\/bazus.com\/de\/wp-json\/wp\/v2\/pages"}],"about":[{"href":"https:\/\/bazus.com\/de\/wp-json\/wp\/v2\/types\/page"}],"author":[{"embeddable":true,"href":"https:\/\/bazus.com\/de\/wp-json\/wp\/v2\/users\/1"}],"replies":[{"embeddable":true,"href":"https:\/\/bazus.com\/de\/wp-json\/wp\/v2\/comments?post=4099"}],"version-history":[{"count":7,"href":"https:\/\/bazus.com\/de\/wp-json\/wp\/v2\/pages\/4099\/revisions"}],"predecessor-version":[{"id":5218,"href":"https:\/\/bazus.com\/de\/wp-json\/wp\/v2\/pages\/4099\/revisions\/5218"}],"wp:attachment":[{"href":"https:\/\/bazus.com\/de\/wp-json\/wp\/v2\/media?parent=4099"}],"curies":[{"name":"wp","href":"https:\/\/api.w.org\/{rel}","templated":true}]}}